{"id":1931,"date":"2016-05-09T15:41:52","date_gmt":"2016-05-09T15:41:52","guid":{"rendered":"https:\/\/webs.uab.cat\/incasi\/el-proyecto\/"},"modified":"2022-12-19T19:16:47","modified_gmt":"2022-12-19T19:16:47","slug":"el-proyecto","status":"publish","type":"page","link":"https:\/\/webs.uab.cat\/incasi1\/el-proyecto\/","title":{"rendered":"El proyecto"},"content":{"rendered":"\n<p>El proyecto de la red INCASI se inscribe en el programa de investigaci\u00f3n e innovaci\u00f3n <a href=\"https:\/\/ec.europa.eu\/programmes\/horizon2020\/en\/what-horizon-2020\">Horizon 2020<\/a> de la Comisi\u00f3n Europea, en la secci\u00f3n de <a href=\"https:\/\/ec.europa.eu\/programmes\/horizon2020\/en\/h2020-section\/excellent-science\">Excellent Sciences<\/a>, destinada a mejorar y consolidar el espacio europeo de investigaci\u00f3n.<\/p>\n\n\n\n<p>Este pilar del programa Horizon 2020 define cuatro objetivos. El proyecto INCASI se incluye en el que se dirige a fomentar la movilidad transnacional, intersectorial e interdisciplinaria de investigadores\/as predoctorales y posdoctorales a trav\u00e9s de las <a href=\"https:\/\/ec.europa.eu\/programmes\/horizon2020\/node\/8\">Marie Sk\u0142odowska-Curie Actions<\/a> (MSCA). Se trata de crear as\u00ed alianzas estrat\u00e9gicas entre centros de investigaci\u00f3n reconocidos.<\/p>\n\n\n\n<p>De forma espec\u00edfica nuestro proyecto se basa en la cooperaci\u00f3n internacional, entre Europa y Am\u00e9rica Latina, a trav\u00e9s del intercambio de personal de investigaci\u00f3n e innovaci\u00f3n (<a href=\"http:\/\/ec.europa.eu\/research\/mariecurieactions\/about-msca\/actions\/rise\/index_en.htm\">Research and Innovation Staff Exchange<\/a>, RISE) de las 19 universidades que integran la red.<\/p>\n\n\n\n<p>Con la red INCASI se proyecta establecer las bases conceptuales y metodol\u00f3gicas para, por un lado, el desarrollo de un<strong> programa de investigaci\u00f3n<\/strong> comparativa internacional a m\u00e1s largo plazo, y, por otro, dise\u00f1ar un<strong> programa de estudios de postgrado internacional<\/strong> que analice las desigualdades sociales en una perspectiva comparada.<\/p>\n\n\n\n<p>El contenido del proyecto INCASI se presenta en cuatro apartados: <a href=\"http:\/\/incasi.uab.cat\/es\/node\/54\">Objetivos<\/a>, <a href=\"http:\/\/incasi.uab.cat\/es\/node\/2\">Etapas<\/a>, <a href=\"http:\/\/incasi.uab.cat\/es\/node\/51\">Organigrama<\/a> y <a href=\"http:\/\/incasi.uab.cat\/es\/node\/50\">Grupos de Investigaci\u00f3n Tem\u00e1ticos<\/a><\/p>\n\n\n\n<figure class=\"wp-block-image\"><img loading=\"lazy\" decoding=\"async\" width=\"1200\" height=\"583\" src=\"https:\/\/webs.uab.cat\/incasi\/wp-content\/uploads\/sites\/308\/2016\/05\/H2020-Web.png\" alt=\"H2020-Web.png\" class=\"wp-image-1929\" srcset=\"https:\/\/webs.uab.cat\/incasi1\/wp-content\/uploads\/sites\/308\/2016\/05\/H2020-Web.png 1200w, https:\/\/webs.uab.cat\/incasi1\/wp-content\/uploads\/sites\/308\/2016\/05\/H2020-Web-300x146.png 300w, https:\/\/webs.uab.cat\/incasi1\/wp-content\/uploads\/sites\/308\/2016\/05\/H2020-Web-1024x497.png 1024w, https:\/\/webs.uab.cat\/incasi1\/wp-content\/uploads\/sites\/308\/2016\/05\/H2020-Web-768x373.png 768w\" sizes=\"auto, (max-width: 1200px) 100vw, 1200px\" \/><\/figure>\n\n\n\n<p><\/p>\n\n\n\n<p>\u200b<\/p>\n","protected":false},"excerpt":{"rendered":"<p>El proyecto de la red INCASI se inscribe en el programa de investigaci\u00f3n e innovaci\u00f3n Horizon 2020 de la Comisi\u00f3n Europea, en la secci\u00f3n de Excellent Sciences, destinada a mejorar y consolidar el espacio europeo de investigaci\u00f3n. Este pilar del programa Horizon 2020 define cuatro objetivos. El proyecto INCASI se incluye en el que se [&hellip;]<\/p>\n","protected":false},"author":44,"featured_media":0,"parent":0,"menu_order":0,"comment_status":"closed","ping_status":"closed","template":"","meta":{"footnotes":""},"class_list":["post-1931","page","type-page","status-publish","hentry"],"_links":{"self":[{"href":"https:\/\/webs.uab.cat\/incasi1\/wp-json\/wp\/v2\/pages\/1931","targetHints":{"allow":["GET"]}}],"collection":[{"href":"https:\/\/webs.uab.cat\/incasi1\/wp-json\/wp\/v2\/pages"}],"about":[{"href":"https:\/\/webs.uab.cat\/incasi1\/wp-json\/wp\/v2\/types\/page"}],"author":[{"embeddable":true,"href":"https:\/\/webs.uab.cat\/incasi1\/wp-json\/wp\/v2\/users\/44"}],"replies":[{"embeddable":true,"href":"https:\/\/webs.uab.cat\/incasi1\/wp-json\/wp\/v2\/comments?post=1931"}],"version-history":[{"count":1,"href":"https:\/\/webs.uab.cat\/incasi1\/wp-json\/wp\/v2\/pages\/1931\/revisions"}],"predecessor-version":[{"id":5798,"href":"https:\/\/webs.uab.cat\/incasi1\/wp-json\/wp\/v2\/pages\/1931\/revisions\/5798"}],"wp:attachment":[{"href":"https:\/\/webs.uab.cat\/incasi1\/wp-json\/wp\/v2\/media?parent=1931"}],"curies":[{"name":"wp","href":"https:\/\/api.w.org\/{rel}","templated":true}]}}