{"id":1940,"date":"2016-05-22T00:55:28","date_gmt":"2016-05-22T00:55:28","guid":{"rendered":"https:\/\/webs.uab.cat\/incasi\/objetivos\/"},"modified":"2016-05-22T00:55:28","modified_gmt":"2016-05-22T00:55:28","slug":"objetivos","status":"publish","type":"page","link":"https:\/\/webs.uab.cat\/incasi1\/objetivos\/","title":{"rendered":"Objetivos"},"content":{"rendered":"<p class=\"rtejustify\">El objetivo de INCASI es crear y consolidar una red de investigaci\u00f3n y de formaci\u00f3n de postgrado entre Europa y Am\u00e9rica Latina en relaci\u00f3n al an\u00e1lisis de las desigualdades sociales en una perspectiva comparada y derivar elementos de reflexi\u00f3n, de innovaci\u00f3n social y recomendaciones para las pol\u00edticas sociales.<\/p>\n<p class=\"rtejustify\">El proyecto permitir\u00e1 la movilidad de personal investigador predoctoral y postdoctoral con el objetivo de que los intercambios generen un consorcio de centros de investigaci\u00f3n de las universidades. Inicialmente la red se constituye con 10 universidades europeas y 9 latinoamericanas, la integran m\u00e1s de 130 investigadores\/as y es liderada por la Universidad Aut\u00f3noma de Barcelona a trav\u00e9s del Instituto de Estudios del Trabajo (IET), sede del proyecto, y el Grupo de Investigaci\u00f3n en Educaci\u00f3n y Trabajo (GRET).<\/p>\n<p class=\"rtejustify\">De forma espec\u00edfica el proyecto que lleva por t\u00edtulo <em>Tendencias globales en las desigualdades sociales en Europa y Am\u00e9rica Latina explorando v\u00edas innovadoras para reducirlas a trav\u00e9s de la investigaci\u00f3n de trayectorias educativas, ocupacionales y de vida para afrontar la incertidumbre<\/em> se desarrolla estableciendo 8 objetivos principales:<\/p>\n<ol>\n<li>Desarrollar un <strong>marco general de colaboraci\u00f3n <\/strong>para la creaci\u00f3n y consolidaci\u00f3n de una red de investigaci\u00f3n y formaci\u00f3n entre centros de investigaci\u00f3n de las universidades de Europa y Am\u00e9rica Latina.<\/li>\n<li><strong>Analizar las trayectorias<\/strong> que los ciudadanos han seguido en el mercado de trabajo, identificando sus resultados en t\u00e9rminos de movilidad y la desigualdad social. Con este conocimiento, el objetivo es desarrollar un modelo que explique estas trayectorias en t\u00e9rminos <strong>comparativos <\/strong>entre Am\u00e9rica Latina y Europa.<\/li>\n<li>Identificar y comprender las diferentes <strong>estrategias <\/strong>que se desarrollan y c\u00f3mo se han movilizado recursos y capacidades para identificar, clasificar y comparar los patrones de comportamiento social adoptados para hacer frente a las incertidumbres en cada regi\u00f3n.<\/li>\n<li>Estudiar espec\u00edficamente estas trayectorias y estrategias mediante el an\u00e1lisis de la relaci\u00f3n entre el trabajo, la formaci\u00f3n y el empleo, y la conexi\u00f3n entre las <strong>trayectorias de vida <\/strong>de los ciudadanos, incluyendo las esferas productiva y reproductiva.<\/li>\n<li>Examinar las<strong> pol\u00edticas sociales<\/strong> que han tratado de abordar las desigualdades en distintos \u00e1mbitos, centrando el inter\u00e9s en los pa\u00edses participantes y m\u00e1s en general abordadas en un contexto comparativo entre Europa y Am\u00e9rica Latina.<\/li>\n<li>Desarrollar modelos de an\u00e1lisis macro y micro y metodolog\u00edas comparativas adoptando perspectivas din\u00e1micas y longitudinales. Se adoptar\u00e1 un enfoque de <strong>m\u00e9todos mixtos <\/strong>combinando t\u00e9cnicas cualitativas y cuantitativas<\/li>\n<li>Extraer conclusiones pr\u00e1cticas que ayuden a fundamentar el dise\u00f1o de <strong>pol\u00edticas p\u00fablicas <\/strong>innovadoras destinadas a hacer frente a las situaciones de desigualdad social, en particular en relaci\u00f3n con el empleo y las pol\u00edticas educativas.<\/li>\n<li>Proyectar la red INCASI estableciendo las bases conceptuales y metodol\u00f3gicas para, por un lado, el desarrollo de un programa de comparativa internacional a m\u00e1s largo plazo, y, por otro, dise\u00f1ar un programa de <strong>m\u00e1ster internacional <\/strong>que analice las desigualdades sociales en una perspectiva comparada.<\/li>\n<\/ol>\n","protected":false},"excerpt":{"rendered":"<p>El objetivo de INCASI es crear y consolidar una red de investigaci\u00f3n y de formaci\u00f3n de postgrado entre Europa y Am\u00e9rica Latina en relaci\u00f3n al an\u00e1lisis de las desigualdades sociales en una perspectiva comparada y derivar elementos de reflexi\u00f3n, de innovaci\u00f3n social y recomendaciones para las pol\u00edticas sociales. El proyecto permitir\u00e1 la movilidad de personal [&hellip;]<\/p>\n","protected":false},"author":44,"featured_media":0,"parent":0,"menu_order":0,"comment_status":"closed","ping_status":"closed","template":"","meta":{"footnotes":""},"class_list":["post-1940","page","type-page","status-publish","hentry"],"_links":{"self":[{"href":"https:\/\/webs.uab.cat\/incasi1\/wp-json\/wp\/v2\/pages\/1940","targetHints":{"allow":["GET"]}}],"collection":[{"href":"https:\/\/webs.uab.cat\/incasi1\/wp-json\/wp\/v2\/pages"}],"about":[{"href":"https:\/\/webs.uab.cat\/incasi1\/wp-json\/wp\/v2\/types\/page"}],"author":[{"embeddable":true,"href":"https:\/\/webs.uab.cat\/incasi1\/wp-json\/wp\/v2\/users\/44"}],"replies":[{"embeddable":true,"href":"https:\/\/webs.uab.cat\/incasi1\/wp-json\/wp\/v2\/comments?post=1940"}],"version-history":[{"count":0,"href":"https:\/\/webs.uab.cat\/incasi1\/wp-json\/wp\/v2\/pages\/1940\/revisions"}],"wp:attachment":[{"href":"https:\/\/webs.uab.cat\/incasi1\/wp-json\/wp\/v2\/media?parent=1940"}],"curies":[{"name":"wp","href":"https:\/\/api.w.org\/{rel}","templated":true}]}}