{"id":1941,"date":"2016-05-22T01:12:48","date_gmt":"2016-05-22T01:12:48","guid":{"rendered":"https:\/\/webs.uab.cat\/incasi\/actividades\/"},"modified":"2016-05-22T01:12:48","modified_gmt":"2016-05-22T01:12:48","slug":"actividades","status":"publish","type":"page","link":"https:\/\/webs.uab.cat\/incasi1\/actividades\/","title":{"rendered":"Actividades"},"content":{"rendered":"<p class=\"rtejustify\">Las actividades de la Red INCASI en el contexto del proyecto RISE se centran en el intercambio de investigadores\/as a trav\u00e9s de la realizaci\u00f3n de estancias de investigaci\u00f3n (<em>secondments<\/em>) en los centros de investigaci\u00f3n de las universidades latinoamericanas y europeas.<\/p>\n<p class=\"rtejustify\">Los secondments se acompa\u00f1an de otras actividades de la red para desarrollar y gestionar el proyecto:<\/p>\n<ul>\n<li class=\"rtejustify\">Workshops locales, en Europa y en Am\u00e9rica Latina<\/li>\n<li class=\"rtejustify\">Global Meetings de toda la red<\/li>\n<li class=\"rtejustify\">Formaci\u00f3n: se imparte la Diplomatura de Postgrado de&nbsp;<strong>Metodolog\u00eda para el an\u00e1lisis de las desigualdades sociales<\/strong>&nbsp;(MADES)<\/li>\n<li class=\"rtejustify\">Otras actividades de investigaci\u00f3n: participaci\u00f3n en congresos, seminarios, publicaciones, etc.<\/li>\n<\/ul>\n","protected":false},"excerpt":{"rendered":"<p>Las actividades de la Red INCASI en el contexto del proyecto RISE se centran en el intercambio de investigadores\/as a trav\u00e9s de la realizaci\u00f3n de estancias de investigaci\u00f3n (secondments) en los centros de investigaci\u00f3n de las universidades latinoamericanas y europeas. Los secondments se acompa\u00f1an de otras actividades de la red para desarrollar y gestionar el [&hellip;]<\/p>\n","protected":false},"author":44,"featured_media":0,"parent":0,"menu_order":0,"comment_status":"closed","ping_status":"closed","template":"","meta":{"footnotes":""},"class_list":["post-1941","page","type-page","status-publish","hentry"],"_links":{"self":[{"href":"https:\/\/webs.uab.cat\/incasi1\/wp-json\/wp\/v2\/pages\/1941","targetHints":{"allow":["GET"]}}],"collection":[{"href":"https:\/\/webs.uab.cat\/incasi1\/wp-json\/wp\/v2\/pages"}],"about":[{"href":"https:\/\/webs.uab.cat\/incasi1\/wp-json\/wp\/v2\/types\/page"}],"author":[{"embeddable":true,"href":"https:\/\/webs.uab.cat\/incasi1\/wp-json\/wp\/v2\/users\/44"}],"replies":[{"embeddable":true,"href":"https:\/\/webs.uab.cat\/incasi1\/wp-json\/wp\/v2\/comments?post=1941"}],"version-history":[{"count":0,"href":"https:\/\/webs.uab.cat\/incasi1\/wp-json\/wp\/v2\/pages\/1941\/revisions"}],"wp:attachment":[{"href":"https:\/\/webs.uab.cat\/incasi1\/wp-json\/wp\/v2\/media?parent=1941"}],"curies":[{"name":"wp","href":"https:\/\/api.w.org\/{rel}","templated":true}]}}