{"id":1946,"date":"2016-05-22T01:16:08","date_gmt":"2016-05-22T01:16:08","guid":{"rendered":"https:\/\/webs.uab.cat\/incasi\/global-meetings\/"},"modified":"2016-05-22T01:16:08","modified_gmt":"2016-05-22T01:16:08","slug":"global-meetings","status":"publish","type":"page","link":"https:\/\/webs.uab.cat\/incasi1\/global-meetings\/","title":{"rendered":"Global meetings"},"content":{"rendered":"<p class=\"rtejustify\">Con una periodicidad anual se organizan reuniones conjuntas con todos los miembros de las organizaciones participantes para el intercambio, el debate y la construcci\u00f3n de las propuestas de investigaci\u00f3n, formaci\u00f3n e innovaci\u00f3n, de acuerdo con cada uno de los paquetes de trabajo del proyecto (Work Packages): compilaci\u00f3n, construcci\u00f3n, innovaci\u00f3n y proyecci\u00f3n.<\/p>\n<p class=\"rtejustify\">Se trata de espacios de trabajo, reflexi\u00f3n y divulgaci\u00f3n en relaci\u00f3n a los ejes tem\u00e1ticos del proyecto y de los grupos tem\u00e1ticos de investigaci\u00f3n. Son encuentros abiertos tambi\u00e9n a la participaci\u00f3n de otros investigadores\/as as\u00ed como de actores y agentes relevantes para el tercer sector, medios de comunicaci\u00f3n, responsables gubernamentales y de la administraci\u00f3n p\u00fablica.<\/p>\n<ul>\n<li class=\"rtejustify\"><strong>Primer Global Meeting: Barcelona, 1, 2,&nbsp;3 y 4&nbsp;de marzo de 2017<\/strong><\/li>\n<\/ul>\n<p><img loading=\"lazy\" decoding=\"async\" alt=\"\" height=\"464\" src=\"http:\/\/incasi.uab.cat\/sites\/incasi.uab.cat\/files\/IMG_20170301_134844.jpg\" width=\"620\" \/><\/p>\n<ul>\n<li><strong>Segundo Global Meeting: Barcelona, 28 de febrero, 1, 2 y&nbsp;3&nbsp;de marzo de 2018\u200b<\/strong><\/li>\n<\/ul>\n<p><img loading=\"lazy\" decoding=\"async\" alt=\"\" height=\"410\" src=\"http:\/\/incasi.uab.cat\/sites\/incasi.uab.cat\/files\/Foto%20Global%20Meeting%202.jpg\" width=\"627\" \/><\/p>\n<ul>\n<li><strong>Tercer Global Meeting: Montevideo, 17, 18 y 19 de diciembre de 2018<\/strong><\/li>\n<\/ul>\n<p><img loading=\"lazy\" decoding=\"async\" alt=\"\" height=\"351\" src=\"http:\/\/incasi.uab.cat\/sites\/incasi.uab.cat\/files\/Diapositiva3.JPG\" width=\"624\" \/><\/p>\n<ul>\n<li><strong>Cuarto Global Meeting: Barcelona, 20 &#8211; 23 de noviembre de 2019<\/strong><\/li>\n<\/ul>\n<p><img loading=\"lazy\" decoding=\"async\" alt=\"\" height=\"348\" src=\"http:\/\/incasi.uab.cat\/sites\/incasi.uab.cat\/files\/foto%20oficial.png\" width=\"619\" \/><\/p>\n","protected":false},"excerpt":{"rendered":"<p>Con una periodicidad anual se organizan reuniones conjuntas con todos los miembros de las organizaciones participantes para el intercambio, el debate y la construcci\u00f3n de las propuestas de investigaci\u00f3n, formaci\u00f3n e innovaci\u00f3n, de acuerdo con cada uno de los paquetes de trabajo del proyecto (Work Packages): compilaci\u00f3n, construcci\u00f3n, innovaci\u00f3n y proyecci\u00f3n. Se trata de espacios [&hellip;]<\/p>\n","protected":false},"author":44,"featured_media":0,"parent":0,"menu_order":0,"comment_status":"closed","ping_status":"closed","template":"","meta":{"footnotes":""},"class_list":["post-1946","page","type-page","status-publish","hentry"],"_links":{"self":[{"href":"https:\/\/webs.uab.cat\/incasi1\/wp-json\/wp\/v2\/pages\/1946","targetHints":{"allow":["GET"]}}],"collection":[{"href":"https:\/\/webs.uab.cat\/incasi1\/wp-json\/wp\/v2\/pages"}],"about":[{"href":"https:\/\/webs.uab.cat\/incasi1\/wp-json\/wp\/v2\/types\/page"}],"author":[{"embeddable":true,"href":"https:\/\/webs.uab.cat\/incasi1\/wp-json\/wp\/v2\/users\/44"}],"replies":[{"embeddable":true,"href":"https:\/\/webs.uab.cat\/incasi1\/wp-json\/wp\/v2\/comments?post=1946"}],"version-history":[{"count":0,"href":"https:\/\/webs.uab.cat\/incasi1\/wp-json\/wp\/v2\/pages\/1946\/revisions"}],"wp:attachment":[{"href":"https:\/\/webs.uab.cat\/incasi1\/wp-json\/wp\/v2\/media?parent=1946"}],"curies":[{"name":"wp","href":"https:\/\/api.w.org\/{rel}","templated":true}]}}