{"id":1957,"date":"2016-06-03T23:52:48","date_gmt":"2016-06-03T23:52:48","guid":{"rendered":"https:\/\/webs.uab.cat\/incasi\/publicaciones\/"},"modified":"2016-06-03T23:52:48","modified_gmt":"2016-06-03T23:52:48","slug":"publicaciones","status":"publish","type":"page","link":"https:\/\/webs.uab.cat\/incasi1\/publicaciones\/","title":{"rendered":"Publicaciones"},"content":{"rendered":"<p class=\"rtejustify\">En este espacio se recogen las&nbsp;<a href=\"https:\/\/www.openaire.eu\/search\/project?projectId=corda__h2020::3f61ff1b078b0f7b3145c34a902acec9\">publicaciones de la red INCASI<\/a> divididas en dos apartados principales:<\/p>\n<ul>\n<li class=\"rtejustify\">Las que corresponden a los trabajos acad\u00e9micos y de difusi\u00f3n compilados como&nbsp;background del proyecto.<\/li>\n<li class=\"rtejustify\">Las publicaciones derivadas del proyecto: informes, working papers, art\u00edculos, libros, cap\u00edtulos de libro, etc. que siempre ser\u00e1n de acceso libre.<\/li>\n<\/ul>\n<p class=\"rtejustify\">La recopilaci\u00f3n de estas publicaciones ir\u00e1 apareciendo a lo largo del proyecto y se incluir\u00e1n espec\u00edficamente en la plataforma <a href=\"http:\/\/openaire.eu\">OpenAIRE<\/a>, una iniciativa de la Comisi\u00f3n Europea y de Horizon 2020 para fomentar el acceso abierto a repositorios de documentaci\u00f3n.<\/p>\n<p class=\"rtejustify\">Para buscar un autor concreto o una palabra clave se puede utilizar el <a href=\"https:\/\/www.openaire.eu\/search\/find?keyword=\">buscador de Open AIRE<\/a>.<\/p>\n<p><script type=\"text\/javascript\">\n                       <!--\n                       document.write('\n\n<div id=\"oa_widget\"><\/div>\n\n');\n                       document.write('<script type=\"text\/javascript\" src=\"https:\/\/www.openaire.eu\/index.php?option=com_openaire&view=widget&format=raw&projectId=corda__h2020::3f61ff1b078b0f7b3145c34a902acec9\"><\/script>');\n                       --><br \/>\n                       <\/script><\/p>\n<div>\n<p>&nbsp;<\/p>\n<\/div>\n","protected":false},"excerpt":{"rendered":"<p>En este espacio se recogen las&nbsp;publicaciones de la red INCASI divididas en dos apartados principales: Las que corresponden a los trabajos acad\u00e9micos y de difusi\u00f3n compilados como&nbsp;background del proyecto. Las publicaciones derivadas del proyecto: informes, working papers, art\u00edculos, libros, cap\u00edtulos de libro, etc. que siempre ser\u00e1n de acceso libre. La recopilaci\u00f3n de estas publicaciones ir\u00e1 [&hellip;]<\/p>\n","protected":false},"author":44,"featured_media":0,"parent":0,"menu_order":0,"comment_status":"closed","ping_status":"closed","template":"","meta":{"footnotes":""},"class_list":["post-1957","page","type-page","status-publish","hentry"],"_links":{"self":[{"href":"https:\/\/webs.uab.cat\/incasi1\/wp-json\/wp\/v2\/pages\/1957","targetHints":{"allow":["GET"]}}],"collection":[{"href":"https:\/\/webs.uab.cat\/incasi1\/wp-json\/wp\/v2\/pages"}],"about":[{"href":"https:\/\/webs.uab.cat\/incasi1\/wp-json\/wp\/v2\/types\/page"}],"author":[{"embeddable":true,"href":"https:\/\/webs.uab.cat\/incasi1\/wp-json\/wp\/v2\/users\/44"}],"replies":[{"embeddable":true,"href":"https:\/\/webs.uab.cat\/incasi1\/wp-json\/wp\/v2\/comments?post=1957"}],"version-history":[{"count":0,"href":"https:\/\/webs.uab.cat\/incasi1\/wp-json\/wp\/v2\/pages\/1957\/revisions"}],"wp:attachment":[{"href":"https:\/\/webs.uab.cat\/incasi1\/wp-json\/wp\/v2\/media?parent=1957"}],"curies":[{"name":"wp","href":"https:\/\/api.w.org\/{rel}","templated":true}]}}