{"id":1983,"date":"2016-12-16T10:05:39","date_gmt":"2016-12-16T10:05:39","guid":{"rendered":"https:\/\/webs.uab.cat\/incasi\/otros-enlaces\/"},"modified":"2016-12-16T10:05:39","modified_gmt":"2016-12-16T10:05:39","slug":"otros-enlaces","status":"publish","type":"page","link":"https:\/\/webs.uab.cat\/incasi1\/otros-enlaces\/","title":{"rendered":"Otros Enlaces"},"content":{"rendered":"<p><strong>Instituciones<\/strong><\/p>\n<p><a href=\"https:\/\/ec.europa.eu\/programmes\/horizon2020\/\" target=\"_blank\" rel=\"noopener\">Horizon 2020<\/a><br \/>\n<a href=\"http:\/\/agaur.gencat.cat\/ca\/detalls\/noticia\/Resultats-de-la-participacio-de-Catalunya-a-Horizon-2020\">Resultados de la participaci\u00f3n de Catalu\u00f1a en Horizonte 2020<\/a><br \/>\n<a href=\"http:\/\/cordis.europa.eu\/project\/rcn\/200034_en.html\" target=\"_blank\" rel=\"noopener\">CORDIS<\/a>: Community Research and Development Information Service<br \/>\n<a href=\"https:\/\/www.youtube.com\/watch?v=BBXfWghYQnc&amp;feature=youtu.be\">Universitat Aut\u00f2noma de Barcelona<\/a>: INCASI sobre l&#8217;Acc\u00e9s Obert<br \/>\n<a href=\"https:\/\/ddd.uab.cat\/record\/199255?ln=ca\">Universitat Aut\u00f2noma de Barcelona &#8211; CDE<\/a>: Relaciones Uni\u00f3n Europea &#8211; Am\u00e9rica Latina<br \/>\n<a href=\"https:\/\/euraxess.ec.europa.eu\/worldwide\/brazil\">Euraxess en Am\u00e9rica Latina y el Caribe (LAC):<\/a>&nbsp;Red gratuita de informaci\u00f3n y networking<\/p>\n<p><strong>Desigualdad<\/strong><\/p>\n<p><a href=\"http:\/\/www.ub.edu\/rimda\/content\/formas-innovadoras-para-contrarrestar-las-desigualdades-sociales-fincodes\">FINCODES<\/a>: Formas innovadoras para contrarrestar las desigualdades sociales. Proyecto de innovaci\u00f3n docente (Universitat de Barcelona). Investigadoras principales: Sandra Fachelli y Antonia Collado.<br \/>\nP\u00e1ginas webs ganadoras de los grupos de estudiantes de Sociolog\u00eda de la asignatura Gesti\u00f3 y Administraci\u00f3 P\u00fablica (Facultat de Dret, Universitat de Barcelona), curso 2017-2018:<\/p>\n<p>Grupo B: <a href=\"https:\/\/socializacionenlaprimerainfancia.wordpress.com\">https:\/\/socializacionenlaprimerainfancia.wordpress.com<\/a><\/p>\n<p>Grupo D: <a href=\"https:\/\/desigualdadessocialesmigracionyespacio.wordpress.com\/\">https:\/\/desigualdadessocialesmigracionyespacio.wordpress.com\/<\/a><\/p>\n<p>Grupo S: <a href=\"https:\/\/grupossociologia20172018.wordpress.com\/\">https:\/\/grupossociologia20172018.wordpress.com\/<\/a> &nbsp;<\/p>\n<p><a href=\"https:\/\/desigualdadsite.wordpress.com\/\" target=\"_blank\" rel=\"noopener\">DesiguaALdad<\/a>: Un espacio acad\u00e9mico de reflexi\u00f3n sobre la desigualdad social en Am\u00e9rica Latina<br \/>\n<a href=\"http:\/\/www.relats.org\/\" target=\"_blank\" rel=\"noopener\">RELATS<\/a>: Red Euro-Latinoamericana de An\u00e1lisis sobre Trabajo y Sindicalismo<\/p>\n<p><strong>Congresos y Seminarios<\/strong><\/p>\n<p><a href=\"https:\/\/forms.gle\/Ses4hDquxbrAVwF69\">Webinar UCA: Compromiso social universitario frente a los desaf\u00edos del Covid-19<\/a>, 6 de julio de 2020.<br \/>\n<a href=\"https:\/\/cuidadosygenero.colmex.mx\/\">Segundo Congreso Latinoamericano de Estudios de G\u00e9nero y Cuidados.&nbsp;Miradas Latinoamericanas al Cuidado<\/a>,&nbsp;del&nbsp;18&nbsp;al 20 de mayo de 2020, en El Colegio de M\u00e9xico, Ciudad de M\u00e9xico, M\u00e9xico.<br \/>\n<a href=\"https:\/\/www.youtube.com\/watch?v=Gn0xvR-upJc&amp;feature=youtu.be\">Webinar UBA &amp; UCA: Trabajo e ingresos en tiempos de pandemia. Reflexiones sobre la actualidad y el futuro posible<\/a>, 24 de abril de 2020, v\u00eda Zoom.<br \/>\n<a href=\"https:\/\/www.iv-rise.una.ac.cr\/index.php\/es\/\">IV Reuni\u00f3n Iberoamericana de Socioeconom\u00eda<\/a>, del 20 al 22 de noviembre de 2019, Heredia, Costa Rica.&nbsp;<br \/>\n<a href=\"https:\/\/www.iis.unam.mx\/wp-content\/uploads\/2018\/10\/convocatoria_xpics.pdf\">X Premio Iberoamericano en Ciencias Sociales<\/a>, 31 de mayo, 2019, M\u00e9xico.<br \/>\n<a href=\"http:\/\/sociologia-alas.org\/wp-content\/uploads\/Convocatoria-V-Seminario-Internacional-Desigualdad-y-Movilidad-Social-en-Am%C3%A9rica-Latina-1.pdf\">V Seminario Internacional Desigualdad y Movilidad Social en Am\u00e9rica Latina<\/a>, del 6 al 8 de mayo de 2019, Santiago de Chile.<br \/>\n<a href=\"https:\/\/www.clacso.org.ar\/conferencia2018\/index.php\">8\u00ba&nbsp;Conferencia Latinoamericana y Caribe\u00f1a de Ciencias Sociales<\/a>, del 19 al 23 de noviembre de 2018, Buenos Aires, Argentina.<br \/>\n<a href=\"https:\/\/www.clacso.org.ar\/conferencia2018\/index.php\">26\u00ba Asamblea General de CLACSO<\/a>, 17 y 18 de noviembre de 2018, Buenos Aires, Argentina.<br \/>\n<a href=\"http:\/\/www.coes-conference.cl\/convocatoria-2018\/\">COES Conference: \u00abConcentraciones\u00bb<\/a>, del 14 al 16 de noviembre de 2018, Santiago, Chile.<br \/>\n<a href=\"http:\/\/78493.track.dattanet.com\/campaign\/htmlversion?AdministratorID=78493&amp;CampaignID=49&amp;StatisticID=43&amp;MemberID=14243&amp;s=9a2b1001c27861a9a18b00a4a3d5ced9&amp;isDemo=0\">Primer Congreso Latinoamericano de Estudios de G\u00e9nero y Cuidado: \u00abMiradas latinoamericanas al cuidado\u00bb<\/a>,&nbsp;5, 6 y 7 de noviembre de 2018,&nbsp;Montevideo.<br \/>\n<a href=\"https:\/\/sites.google.com\/view\/esa-rn-21-2018\">ESA RN 21 midterm conference on Potentials and Limits of Quantitative Research in the Social Sciences<\/a>, 6 de octubre de 2018, Cracovia, Polonia.<br \/>\n<a href=\"https:\/\/www.europeansociology.org\/research-networks\/rn27-regional-network-southern-european-societies\">ESA\/RN27 MID-TERM CONFERENCE 2018&nbsp;on&nbsp;SOCIAL STRUCTURES, CULTURE AND INSTITUTIONS IN SOUTHERN EUROPEAN SOCIETIES<\/a>, del 4 al 6 de octubre de 2018, Catania, Italia.<br \/>\n<a href=\"http:\/\/centrocedep.com.ar\/jornadas-simel-2018-mar-del-plata\/\">V Jornadas sobre Estudios Regionales y Mercado de Trabajo<\/a>, 20 y 21 de septiembre de 2018, Mar del Plata, Argentina.<br \/>\n<a href=\"http:\/\/www.derecho.uba.ar\/institucional\/deinteres\/2018\/xix-congreso-nacional-y-ix-latinoamericano-de-sociologia-juridica-la-sociologia-juridica-frente-a-los-proceso-de-reforma-en-america-latina\">XIX Congreso Nacional y IX Latinoamericano de Sociolog\u00eda Jur\u00eddica: \u00abLa sociolog\u00eda jur\u00eddica frente a los proceso de reforma en Am\u00e9rica Latina\u00bb<\/a>,&nbsp;5, 6 y 7 de septiembre de 2018, Facultad de Derecho (UBA), Buenos Aires, Argentina.<br \/>\n<a href=\"http:\/\/www.isa-sociology.org\/en\/conferences\/world-congress\/toronto-2018\/\">International Sociological Association (ISA)&nbsp;2018<\/a>, del 15 al 21 de julio de 2018, Toronto, Canad\u00e1.<br \/>\n<a href=\"http:\/\/ica2018.es\/movimientos-sociales\/\">56\u00b0&nbsp;Congreso Internacional de Americanistas<\/a>: \u00abMovimientos sociales, partidos pol\u00edticos y Estado en Am\u00e9rica Latina\u00bb, del 15 al 20 de julio de 2018, Salamanca, Espa\u00f1a.<br \/>\n<a href=\"http:\/\/www.nasp.eu\/training\/other-training-activities\/spring-summer-schools\/respos-summer-school-2018.html\">Research&nbsp;Strategies in&nbsp;Policy&nbsp;Studies (ReSPoS) Summer School 2018 &#8211; 6th edition<\/a>, del 25 al 29 de junio de 2018, Mil\u00e1n.<br \/>\n<a href=\"http:\/\/congres2018.coleconomistes.cat\/\">3r Congr\u00e9s d\u2019Economia i Empresa de Catalunya<\/a>, 17 de mayo de 2018, Barcelona.<br \/>\n<a href=\"http:\/\/www.alas2017.com\/\">XXXI Congreso ALAS<\/a>:&nbsp;\u201cLas encrucijadas abiertas de Am\u00e9rica Latina. La sociolog\u00eda en tiempos de cambio\u00bb, 3 \u2013 8 de diciembre de 2017, Uruguay.<br \/>\n<a href=\"http:\/\/www.ceil-conicet.gov.ar\/2017\/08\/convocatoria-taller-internacional-ciencia-de-la-sustentabilidad-pobreza-y-desarrollo-en-el-siglo-xxi\/\">Taller Internacional: \u00abCiencia de la sustentabilidad, pobreza y desarrollo en el siglo XXI\u00bb<\/a>: del 29 de noviembre al 1 de diciembre del&nbsp;2017,&nbsp;Buenos Aires, Argentina.<br \/>\n<a href=\"http:\/\/www.ub.edu\/web\/ub\/es\/menu_eines\/agenda\/2017\/11\/22_1.html\">Seminario Internacional de la Red GENCPOLIS:&nbsp;IV Jornadas de Investigaci\u00f3n Feminista del IIEDG<\/a>, del 22 al 24 de noviembre de 2017, Barcelona, Espa\u00f1a.<br \/>\n<a href=\"https:\/\/afinbarcelona.wordpress.com\/\">X AFIN International Conference<\/a>: \u00abReproductive Politics, Rights, and Desires\u00bb, del 2 al 4 de noviembre de 2017, Barcelona, Espa\u00f1a.<br \/>\n<a href=\"http:\/\/medicusmundigipuzkoa.eus\/04-encuentros-impacto-de-los-fundamentalismos-politicos-economicos-religiosos-y-culturales-en-los-derechos-sexuales-y-derechos-reproductivos\/\">IV Encuentros<\/a>: \u201cImpacto de los fundamentalismos pol\u00edticos, econ\u00f3micos, religiosos y culturales en los derechos sexuales y derechos reproductivos\u201d,&nbsp;19 y 20 de octubre de 2017, Donostia, San Sebasti\u00e1n, Espa\u00f1a.<br \/>\n<a href=\"http:\/\/eventos.uhu.es\/12455\/detail\/iv-congreso-internacional-conmemorativo-del-descubrimiento-de-america.html\">IV&nbsp;Congreso&nbsp;Internacional Conmemorativo del Descubrimiento de&nbsp;Am\u00e9rica<\/a>:&nbsp;6, 7 y&nbsp;8 de&nbsp;octubre de 2017,&nbsp;San Juan del Puerto y Moguer, Lugares Colombinos, Huelva, Espa\u00f1a.<br \/>\n<a href=\"http:\/\/politicaedisuguaglianze.unical.it\/images\/documenti\/programma_definitivo.pdf\">Convegno di met\u00e0 mandato &#8211; AIS Sezione di Sociologia Politica: Politica e Disuguaglianze<\/a>;&nbsp;5-6 ottobre 2017,&nbsp;Universit\u00e0 della Calabria, Dipartimento di Scienze Politiche e Sociali, Italia.<br \/>\n<a href=\"http:\/\/fes-sociologia.com\/desigualdad-y-estratificacion-social\/comites\/6\/\">Comit\u00e9 CI-6 (Desigualdad y Estratificaci\u00f3n Social) de la Federaci\u00f3n Espa\u00f1ola de Sociolog\u00eda<\/a>:&nbsp;10 y 11 de julio de 2017, Universidad de La Laguna, Tenerife, Espa\u00f1a.<br \/>\n<a href=\"http:\/\/www.sciencespo.fr\/osc\/fr\/news-fr\">Seminario&nbsp;\u201cSocial Classes in contemporary Societies: Issues and Challenges\u201d<\/a>:&nbsp;29 y 30 de Junio del 2017, Sciences Po-Par\u00eds.&nbsp;<br \/>\n<a href=\"http:\/\/www.socialstudies.org.uk\/Events\/Conferences\/23675\/The-5th-LCSS-PhD-Methodology-Conference\">5<sup>th<\/sup>&nbsp;LCSS PhD Methodology Conference<\/a>:&nbsp;15 de Junio del&nbsp;2017,&nbsp;University&nbsp;of&nbsp;Westminster, London, UK.<br \/>\n<a href=\"http:\/\/www.fahce.unlp.edu.ar\/idihcs\/areas\/cimecs\/eventos\/sobre-desigualdad-y-movilidad-social-en-america-latina\">IV Seminario Internacional&nbsp;Desigualdad y Movilidad Social en Am\u00e9rica Latina<\/a>:&nbsp;31 de mayo y 1\u00ba y 2\u00ba de junio de 2017, Facultad de Humanidades y Ciencias de la Educaci\u00f3n, Universidad Nacional de La Plata.<\/p>\n<p><strong>Formaci\u00f3n de Postgrado<\/strong><\/p>\n<p><a href=\"https:\/\/www.udg.edu\/ca\/Portals\/54\/Joventut_Societat\/mijs%20CAST2.pdf\">M\u00e1ster interuniversitario Juventud y Sociedad<\/a><\/p>\n<p><strong>Otros enlaces<\/strong><\/p>\n<p><a href=\"https:\/\/alh.usal.es\/\">Revista Am\u00e9rica Latina Hoy, Universidad de Salamanca<\/a><\/p>\n<p>&nbsp;<\/p>\n<h6>&nbsp;<\/h6>\n","protected":false},"excerpt":{"rendered":"<p>Instituciones Horizon 2020 Resultados de la participaci\u00f3n de Catalu\u00f1a en Horizonte 2020 CORDIS: Community Research and Development Information Service Universitat Aut\u00f2noma de Barcelona: INCASI sobre l&#8217;Acc\u00e9s Obert Universitat Aut\u00f2noma de Barcelona &#8211; CDE: Relaciones Uni\u00f3n Europea &#8211; Am\u00e9rica Latina Euraxess en Am\u00e9rica Latina y el Caribe (LAC):&nbsp;Red gratuita de informaci\u00f3n y networking Desigualdad FINCODES: Formas [&hellip;]<\/p>\n","protected":false},"author":44,"featured_media":0,"parent":0,"menu_order":0,"comment_status":"closed","ping_status":"closed","template":"","meta":{"footnotes":""},"class_list":["post-1983","page","type-page","status-publish","hentry"],"_links":{"self":[{"href":"https:\/\/webs.uab.cat\/incasi1\/wp-json\/wp\/v2\/pages\/1983","targetHints":{"allow":["GET"]}}],"collection":[{"href":"https:\/\/webs.uab.cat\/incasi1\/wp-json\/wp\/v2\/pages"}],"about":[{"href":"https:\/\/webs.uab.cat\/incasi1\/wp-json\/wp\/v2\/types\/page"}],"author":[{"embeddable":true,"href":"https:\/\/webs.uab.cat\/incasi1\/wp-json\/wp\/v2\/users\/44"}],"replies":[{"embeddable":true,"href":"https:\/\/webs.uab.cat\/incasi1\/wp-json\/wp\/v2\/comments?post=1983"}],"version-history":[{"count":0,"href":"https:\/\/webs.uab.cat\/incasi1\/wp-json\/wp\/v2\/pages\/1983\/revisions"}],"wp:attachment":[{"href":"https:\/\/webs.uab.cat\/incasi1\/wp-json\/wp\/v2\/media?parent=1983"}],"curies":[{"name":"wp","href":"https:\/\/api.w.org\/{rel}","templated":true}]}}