{"id":2002,"date":"2017-01-23T12:55:23","date_gmt":"2017-01-23T12:55:23","guid":{"rendered":"https:\/\/webs.uab.cat\/incasi\/otros-recursos\/"},"modified":"2017-01-23T12:55:23","modified_gmt":"2017-01-23T12:55:23","slug":"otros-recursos","status":"publish","type":"page","link":"https:\/\/webs.uab.cat\/incasi1\/otros-recursos\/","title":{"rendered":"Otros recursos"},"content":{"rendered":"<ul>\n<li class=\"rtejustify\"><a href=\"#ccsg\">Cross-cultural Survey Guidelines (CCSG)<\/a><\/li>\n<li class=\"rtejustify\"><a href=\"#resources\">Resources for Methods in Evaluation and Social Researc<\/a>h<\/li>\n<\/ul>\n<p class=\"rtejustify\"><a href=\"http:\/\/ccsg.isr.umich.edu\/index.php\/resources\"><strong>Cross-cultural Survey Guidelines<\/strong><\/a><a href=\"http:\/\/ccsg.isr.umich.edu\/index.php\/resources\"><strong> (CCSG)<\/strong><\/a><\/p>\n<p class=\"rtejustify\">El objetivo de la Iniciativa de Directrices de Dise\u00f1o e Implementaci\u00f3n de Encuestas Comparadas (CSDI) fue desarrollar y promover directrices internacionalmente reconocidas que destaquen las mejores pr\u00e1cticas para la realizaci\u00f3n de investigaciones comparativas entre culturas y pa\u00edses. El p\u00fablico objetivo son los investigadores y los profesionales de la encuesta que planean o participan en la investigaci\u00f3n de 3MC. Sin embargo, creemos que las Directrices tambi\u00e9n podr\u00edan beneficiar a los investigadores y encuestadores que participan en las encuestas de un solo pa\u00eds.<\/p>\n<p class=\"rtejustify\"><strong><a href=\"http:\/\/gsociology.icaap.org\/methods\" id=\"resources\" name=\"resources\">Resources for Methods in Evaluation and Social Research<\/a><\/strong><\/p>\n<p class=\"rtejustify\">Esta p\u00e1gina enumera recursos gratuitos para la Evaluaci\u00f3n de Programas y M\u00e9todos de Investigaci\u00f3n Social. El enfoque se centra en \u00abc\u00f3mo hacer\u00bb la evaluaci\u00f3n de programas y la investigaci\u00f3n social: encuestas, grupos focales, muestreo, entrevistas y otros m\u00e9todos.<\/p>\n<p class=\"rtejustify\">La p\u00e1gina contiene enlaces e informaci\u00f3n sobre pr\u00e1cticas de protecci\u00f3n de la investigaci\u00f3n humana, c\u00f3digos y directrices de investigaci\u00f3n, derechos del p\u00fablico, est\u00e1ndares profesionales y \u00e9tica y otros relacionados con la protecci\u00f3n.<\/p>\n","protected":false},"excerpt":{"rendered":"<p>Cross-cultural Survey Guidelines (CCSG) Resources for Methods in Evaluation and Social Research Cross-cultural Survey Guidelines (CCSG) El objetivo de la Iniciativa de Directrices de Dise\u00f1o e Implementaci\u00f3n de Encuestas Comparadas (CSDI) fue desarrollar y promover directrices internacionalmente reconocidas que destaquen las mejores pr\u00e1cticas para la realizaci\u00f3n de investigaciones comparativas entre culturas y pa\u00edses. El p\u00fablico [&hellip;]<\/p>\n","protected":false},"author":44,"featured_media":0,"parent":0,"menu_order":0,"comment_status":"closed","ping_status":"closed","template":"","meta":{"footnotes":""},"class_list":["post-2002","page","type-page","status-publish","hentry"],"_links":{"self":[{"href":"https:\/\/webs.uab.cat\/incasi1\/wp-json\/wp\/v2\/pages\/2002","targetHints":{"allow":["GET"]}}],"collection":[{"href":"https:\/\/webs.uab.cat\/incasi1\/wp-json\/wp\/v2\/pages"}],"about":[{"href":"https:\/\/webs.uab.cat\/incasi1\/wp-json\/wp\/v2\/types\/page"}],"author":[{"embeddable":true,"href":"https:\/\/webs.uab.cat\/incasi1\/wp-json\/wp\/v2\/users\/44"}],"replies":[{"embeddable":true,"href":"https:\/\/webs.uab.cat\/incasi1\/wp-json\/wp\/v2\/comments?post=2002"}],"version-history":[{"count":0,"href":"https:\/\/webs.uab.cat\/incasi1\/wp-json\/wp\/v2\/pages\/2002\/revisions"}],"wp:attachment":[{"href":"https:\/\/webs.uab.cat\/incasi1\/wp-json\/wp\/v2\/media?parent=2002"}],"curies":[{"name":"wp","href":"https:\/\/api.w.org\/{rel}","templated":true}]}}