{"id":2020,"date":"2017-06-27T12:09:11","date_gmt":"2017-06-27T12:09:11","guid":{"rendered":"https:\/\/webs.uab.cat\/incasi\/prensa\/"},"modified":"2017-06-27T12:09:11","modified_gmt":"2017-06-27T12:09:11","slug":"prensa","status":"publish","type":"page","link":"https:\/\/webs.uab.cat\/incasi1\/prensa\/","title":{"rendered":"Prensa"},"content":{"rendered":"<p><strong>La Red INCASI en CORDIS<\/strong><\/p>\n<p><a href=\"https:\/\/cordis.europa.eu\/article\/id\/411761-the-european-research-project-incasi-holds-its-final-global-meeting-and-celebrates-the-99-exe\">The European research project INCASI holds its final Global Meeting and celebrates the 99% execution of secondments.<\/a>&nbsp;&#8211; CORDIS &#8211; 13 diciembre 2019<br \/>\n<a href=\"https:\/\/cordis.europa.eu\/article\/id\/406990-the-european-research-project-incasi-international-network-for-comparative-analysis-of-social\">The European research project INCASI (International Network for Comparative Analysis of Social Inequalities) holds its fourth Workshop in Europe<\/a>&nbsp;&#8211; CORDIS &#8211; 13 diciembre 2019<br \/>\n<a href=\"https:\/\/cordis.europa.eu\/article\/id\/406967-the-european-research-project-incasi-international-network-for-comparative-analysis-of-social\">The European research project INCASI (International Network for Comparative Analysis of Social Inequalities) holds its third Global Meeting<\/a>&nbsp;&#8211; CORDIS &#8211; 13 diciembre 2019<br \/>\n<a href=\"https:\/\/cordis.europa.eu\/news\/rcn\/129979_en.html?WT.mc_id=email-Notification\">INCASI (International Network for Comparative Analysis of Social Inequalities) has participated in XIX ISA World Congress of Sociology<\/a>&nbsp;&#8211; CORDIS &#8211; 30 de octubre de 2018<br \/>\n\u200b<a href=\"https:\/\/cordis.europa.eu\/result\/rcn\/226933_en.html\">Periodic Reporting for period 1 &#8211; INCASI (Global trends in social inequalities in Europe and Latin America and exploring innovative ways to reduce them through life, occupational and educational trajectories research to face uncertainty)<\/a> &#8211;&nbsp; CORDIS &#8211; 26 de abril de 2018<br \/>\n<a href=\"https:\/\/cordis.europa.eu\/news\/rcn\/129027_en.html?WT.mc_id=email-Notification\">The European research project INCASI (International Network for Comparative Analysis of Social Inequalities) holds its second Global Meeting<\/a>&nbsp;&#8211; CORDIS &#8211; 22 de marzo de 2018<br \/>\n<a href=\"http:\/\/cordis.europa.eu\/news\/rcn\/141615_en.html?WT.mc_id=email-Notification\">The European Research Project INCASI&nbsp;holds its second Workshop in Europe<\/a>&nbsp;&#8211; CORDIS &#8211; 4 de septiembre de 2017<br \/>\n<a href=\"http:\/\/cordis.europa.eu\/news\/rcn\/141422_en.html\">The European Research Project INCASI holds its second Workshop in Latin America<\/a>&nbsp;&#8211; CORDIS &#8211; 20 de junio de 2017<\/p>\n<p><strong>Impacto en prensa de la Red INCASI&nbsp;<\/strong><\/p>\n<p>Anna Estany:&nbsp;<a href=\"https:\/\/elpais.com\/opinion\/2020-06-11\/epidemiologia-social-y-movimiento-antivacunas.html\">Epidemiologia social y movimiento antivacunas<\/a>&nbsp;&#8211; El Pa\u00eds &#8211; 12 de junio de 2020.<br \/>\nJos\u00e9 Saturnino:&nbsp;<a href=\"https:\/\/cadenaser.com\/programa\/2020\/06\/10\/hoy_por_hoy\/1591770513_580971.html\">El regreso de los alumnos a las aulas: \u00abBajo la palabra educaci\u00f3n se esconden realidades heterog\u00e9neas\u00bb<\/a>&nbsp;&#8211; Cadena Ser &#8211; 10 de junio de&nbsp;2020.<br \/>\nAnna Estany:&nbsp;<a href=\"https:\/\/www.cuartopoder.es\/sociedad\/2020\/04\/21\/anna-estany-los-virus-no-entienden-de-clases-sociales-pero-las-politicas-sanitarias-si\/\">\u201cLos virus no entienden de clases sociales, pero las pol\u00edticas sanitarias s\u00ed\u201d<\/a>&nbsp;&#8211; Cuarto Poder &#8211; 21 de abril de 2020<br \/>\nJos\u00e9 Saturnino:&nbsp;<a href=\"https:\/\/cadenaser.com\/programa\/2020\/03\/25\/hoy_por_hoy\/1585130720_105096.amp.html?__twitter_impression=true\">La docencia virtual saca a la luz la brecha digital en Espa\u00f1a<\/a>&nbsp;&#8211; Cadena Ser &#8211; 25 de marzo&nbsp;2020<br \/>\nJos\u00e9 Saturnino:&nbsp;<a href=\"https:\/\/www.youtube.com\/watch?v=5d7L67-SAv4&amp;feature=youtu.be\">DESPIERTOS 05 &#8211; Educando en clases<\/a>&nbsp;&#8211; Despiertos TV, Youtube &#8211; 11 de marzo de 2020<br \/>\nJos\u00e9 Saturnino:&nbsp;<a href=\"https:\/\/elpais.com\/sociedad\/2019\/12\/03\/actualidad\/1575411212_684392.html\">Estancamiento a la baja<\/a>&nbsp;&#8211; El Pa\u00eds &#8211; 04 de diciembre de 2019<br \/>\nKynsilehto, Anitta (2019) \u201dChile: Metrolipun hinnankorotuksesta uuteen yhteiskuntasopimukseen?\u201d (Chile: From the rise of the price of the metro ticket to a new social contract?), <em>Politiikasta.fi<\/em>, 13.11.2019, <a href=\"https:\/\/politiikasta.fi\/chile-metrolipun-hinnankorotuksesta-uuteen-yhteiskuntasopimukseen\/\" id=\"LPlnk516480\">https:\/\/politiikasta.fi\/chile-metrolipun-hinnankorotuksesta-uuteen-yhteiskuntasopimukseen\/<\/a><br \/>\nJorge Rojas:&nbsp;<a href=\"https:\/\/m.elmostrador.cl\/noticias\/opinion\/columnas\/2019\/11\/02\/urgencia-de-lo-social-contra-la-desigualdad-abismal\/\">Urgencia de lo social contra la desigualdad abismal<\/a>&nbsp;&#8211; El Mostrador &#8211; 02 de noviembre de 2019<br \/>\nJos\u00e9 Saturnino: <a href=\"https:\/\/www.eldiario.es\/zonacritica\/crisis-educacion_6_924667556.html\">La crisis y la educaci\u00f3n<\/a> &#8211; El Diario, Zona Cr\u00edtica &#8211; 02 de agosto de 2019<br \/>\nJos\u00e9 Saturnino:&nbsp;<a href=\"https:\/\/www.ivoox.com\/sobrecualificacion-o-infraempleo-audios-mp3_rf_38784673_1.html\">\u00bfSobrecualificaci\u00f3n o infraempleo?<\/a>&nbsp;&#8211; IVOOX, Radio ECCA &#8211; 22 de julio de&nbsp;2019<br \/>\nJos\u00e9 Saturnino: <a href=\"https:\/\/play.cadenaser.com\/audio\/cadenaser_hora25_20190515_210000_220000\/\">La equidad en la educaci\u00f3n<\/a>&nbsp;&#8211; Hora 25, cadena SER &#8211; 15 de mayo de 2019<br \/>\nJos\u00e9 Saturnino:&nbsp;<a href=\"http:\/\/www.parcan.es\/video\/grabacion\/10310\/#1149\">Subcomisi\u00f3n sobre la situaci\u00f3n de la infancia en Canarias<\/a>&nbsp;&#8211; Parlamento de Canarias &#8211; 28 de febrero de&nbsp;2019<br \/>\nJos\u00e9 Saturnino: <a href=\"https:\/\/play.cadenaser.com\/audio\/001RD010000005365369\/?fbclid=IwAR23RqyMmFZvl7BcmgtZMRIRPGuHrfsznTJfB_MEKs7OUNt7M27NeHTujqE\">La Familia<\/a>&nbsp;&#8211; Hora 25, Cadena SER &#8211; 14 de enero de 2019<br \/>\nJos\u00e9 Saturnino:&nbsp;<a href=\"https:\/\/elpais.com\/sociedad\/2018\/09\/10\/actualidad\/1536603590_485026.html\">La brecha educativa en Espa\u00f1a se perpet\u00faa de padres a hijos<\/a>&nbsp;&#8211; El Pa\u00eds &#8211; 12 de septiembre de 2018<br \/>\nJos\u00e9 Saturnino:&nbsp;<a href=\"http:\/\/www.elmundo.es\/espana\/2018\/08\/21\/5b7b1f33e5fdea731e8b463b.html\">Un sistema educativo paralizado que clama por un cambio<\/a>&nbsp;&#8211;&nbsp;El Mundo, 21 de agosto de 2018<br \/>\nJos\u00e9 Saturnino:&nbsp;<a href=\"https:\/\/elpais.com\/ccaa\/2018\/08\/19\/madrid\/1534672817_155373.html\">Los alumnos repetidores caen a su nivel m\u00e1s bajo en la Comunidad de Madrid, pero a\u00fan son el 30%<\/a>&nbsp;&#8211;&nbsp;El Pa\u00eds &#8211;&nbsp;19 de agosto de 2018<br \/>\nJos\u00e9 Saturnino:&nbsp;<a href=\"https:\/\/www.ivoox.com\/27772933\">Pobreza y desigualdad social<\/a>&nbsp;&#8211; Radio ECCA, Canarias &#8211;&nbsp;13 de agosto de 2018<br \/>\n<a href=\"http:\/\/www.udec.cl\/panoramaweb2016\/?q=node\/17381\">\u00abInvestigadora present\u00f3 estudio sobre trabajo informal y desigualdad en salud\u00bb<\/a> &#8211; Panorama UDEC &#8211;&nbsp;31 de julio de 2018<br \/>\n<a href=\"http:\/\/incasi.uab.cat\/es\/node\/1537\">Gabriela Rubilar presenta los resultados de su investigaci\u00f3n en la iniciativa \u00ab1000 cient\u00edficos para 1000 aulas\u00bb<\/a>&nbsp;&#8211; 7 de junio de 2018<br \/>\nJos\u00e9 Saturnino: <a href=\"http:\/\/www.te-feccoo.es\/2018\/05\/04\/hacen-falta-menos-leyes-y-mas-politicas-educativas-efectivas\/\">\u00abHacen falta menos leyes y m\u00e1s pol\u00edticas educativas efectivas\u00bb<\/a> &#8211; Entrevista en la revista T.E. CCOO Esnse\u00f1anza &#8211; 4 de mayo de 2018<br \/>\nElisabet Almeda:&nbsp;<a href=\"https:\/\/www.youtube.com\/watch?v=S0PUsGOr3ZM\">Debates actuales: Movimiento feminista<\/a> &#8211;&nbsp;19&nbsp;de abril de 2018<br \/>\nElisabet Almeda:&nbsp;<a href=\"http:\/\/www.unvm.edu.ar\/noticia\/20180416\/investigan-situacion-mujeres-presas-desde-metodologias-feministas\">Investigan la situaci\u00f3n de mujeres presas desde metodolog\u00edas feministas<\/a>&nbsp;&#8211; 16 de abril de 2018<br \/>\n<a href=\"http:\/\/www.isa-sociology.org\/uploads\/files\/rc55newsletter_3_2017.pdf\">The INCASI (International Network for Comparative Analysis of Social Inequalities) will participate in XIX ISA World Congress of Sociology<\/a>&nbsp;&#8211; RC55 Newsletter.&nbsp;Social Indicator matters, International Sociological Association (ISA) &#8211; Diciembre de 2017<br \/>\n<a href=\"https:\/\/politica.elpais.com\/politica\/2017\/12\/04\/actualidad\/1512402729_417492.html\">Uno de cada cinco alumnos espa\u00f1oles de nueve a\u00f1os se siente inseguro al leer<\/a> &#8211; Intervenci\u00f3n de Jos\u00e9 Saturnino &#8211; El Pa\u00eds &#8211; 5 de diciembre de 2017<br \/>\nJos\u00e9 Saturnino: <a href=\"http:\/\/www.eldiario.es\/zonacritica\/esfuerzo-talento-ideologia_6_715038504.html\">El esfuerzo y el talento como ideolog\u00eda<\/a> &#8211; eldiario.es &#8211; 4 de diciembre de 2017<br \/>\nJos\u00e9 Saturnino: <a href=\"https:\/\/radiocut.fm\/audiocut\/pruebas-estandarizadas-en-el-sistema-educativo-1o-parte\/#f=search&amp;l=result\">Pruebas estandarizadas en el sistema educativo<\/a>&nbsp;\u2013 Radio Gr\u00e1fica \u2013 8 de noviembre de 2017<br \/>\nJos\u00e9 Saturnino:&nbsp;<a href=\"https:\/\/elpais.com\/elpais\/2017\/09\/08\/opinion\/1504861002_389958.html\">La equidad educativa<\/a>&nbsp;&#8211; El Pa\u00eds &#8211; 8 de noviembre de 2017<br \/>\nVictoria Matozo \u2013 <a href=\"http:\/\/fido.palermo.edu\/servicios_dyc\/publicacionesdc\/vista\/detalle_articulo.php?id_libro=649&amp;id_articulo=13554\">Reflexiones sobre el rol docente en el uso de TIC<\/a>&nbsp;&#8211; Reflexi\u00f3n Acad\u00e9mica &#8211; &nbsp;Noviembre de 2017<br \/>\nManuel \u00c1ngel R\u00edo:&nbsp;<a href=\"http:\/\/www.uc.cl\/es\/la-universidad\/noticias\/29496-crisis-en-la-reforma-de-educacion-espanola-es-abordada-por-academico-de-la-u-de-sevilla\">Crisis en la reforma de educaci\u00f3n espa\u00f1ola es abordada por acad\u00e9mico de la U. de Sevilla<\/a>&nbsp;&#8211; 12 de octubre de 2017<br \/>\nJos\u00e9 Saturnino: <a href=\"http:\/\/eldiariodelaeducacion.com\/blog\/2017\/09\/27\/al-alumnado-que-mas-beneficia-un-profesorado-atento-las-dificultades-es-al-de-las-clases-populares\/\">\u201cAl alumnado que m\u00e1s beneficia un profesorado atento a las dificultades es al de las clases populares\u201d<\/a> \u2013 Entrevista en el diario de la educaci\u00f3n \u2013 29 de septiembre de 2017<br \/>\nManuel \u00c1ngel R\u00edo:&nbsp;<a href=\"http:\/\/trabajosocial.uc.cl\/com-sh404sef\/com-sh404sef-404-req-manager\/noticias\/211-academico-de-la-universidad-de-sevilla-visita-etsuc\">Acad\u00e9mico de la Universidad de Sevilla visita ETSUC<\/a>&nbsp;&#8211; 10 de agosto del 2017<br \/>\nJos\u00e9 Saturnino: <a href=\"http:\/\/www.congreso.es\/portal\/page\/portal\/Congreso\/Congreso\/Iniciativas?_piref73_2148295_73_1335437_1335437.next_page=\/wc\/servidorCGI&amp;CMD=VERLST&amp;BASE=IW12&amp;FMT=INITXDSS.fmt&amp;DOCS=1-1&amp;DOCORDER=FIFO&amp;QUERY=%28219%2F000682*.NDOC.%29\">Comisi\u00f3n de Educaci\u00f3n y Deporte del Congreso de los Diputados; Comparecencia<strong>&nbsp;<\/strong>para informar en relaci\u00f3n con la elaboraci\u00f3n de un gran Pacto de Estado Social y Pol\u00edtico por la Educaci\u00f3n.<\/a> &#8211; 21 de junio del 2017<br \/>\nEmmanuelle Barozet: <a href=\"http:\/\/ciperchile.cl\/2017\/06\/09\/elecciones-2017-quien-representa-mejor-a-la-clase-media\/\">\u201cElecciones 2017: \u00bfQui\u00e9n representa mejor a la clase media?\u201d<\/a>&nbsp;&#8211; 9 de junio de 2017<br \/>\nSandra Fachelli et al.: <a href=\"https:\/\/www.eldestapeweb.com\/la-plata\/investigadores-debatiran-desigualdad-y-movilidad-social-america-latina-n29409\">IV Seminario internacional sobre \u00abDesigualdad y movilidad social en Am\u00e9rica Latina\u00bb<\/a>. &#8211; Universidad de Buenos Aires &#8211; 31 de mayo de 2017<br \/>\nEmmanuelle Barozet: <a href=\"http:\/\/ciperchile.cl\/2017\/05\/17\/serie-sobre-clase-media-4-entre-la-meritocracia-y-el-pituto\/\">\u201cEntre la meritocracia y el pituto\u201d<\/a>&nbsp;&#8211; 17de mayo de 2017<br \/>\nEmmanuelle Barozet: <a href=\"http:\/\/ciperchile.cl\/2017\/05\/04\/serie-sobre-la-clase-media-chilena-3-educacion-superior-la-obsesion-por-un-espejismo\/\">\u201cEducaci\u00f3n superior, la obsesi\u00f3n por un espejismo\u201d<\/a>&nbsp;&#8211; 4 de mayo de 2017<br \/>\nEmmanuelle Barozet: <a href=\"http:\/\/ciperchile.cl\/2017\/04\/13\/66957\/\">\u201cEse gran miedo a resbalar\u201d<\/a>&nbsp;&#8211;&nbsp;13 de abril de 2017<br \/>\nEmmanuelle Barozet:&nbsp;<a href=\"http:\/\/ciperchile.cl\/2017\/04\/10\/es-usted-de-clase-media-probablemente-no\/\">\u201c\u00bfEs usted de clase media? Probablemente no\u201d<\/a>&nbsp;&#8211; 10 de abril de 2017<br \/>\nBerenice Rubio: <a href=\"http:\/\/web.eldia.es\/sociedad\/2017-03-19\/4-modelo-FP-espanol-ejemplo-exportar-Argentina.htm\">\u00abEl modelo de FP espa\u00f1ol, un ejemplo para exportar a Argentina\u00bb<\/a> &#8211; El D\u00eda &#8211; 19 de marzo de 2017<br \/>\n<a href=\"https:\/\/www.ull.es\/viewcontent\/centrosestudios\/cedesog\/2805012\/es\">Ciclo de Seminarios Abiertos CEDESOG (I): Jornada de apertura con Berenice Rubio<\/a>&nbsp;&#8211; 9 de marzo de 2017<br \/>\n<a href=\"http:\/\/coes.cl\/blog\/coes-participa-reunion-global-la-red-incasi-financiada-la-union-europea-barcelona\/\">COES participa en reuni\u00f3n global de la red INCASI financiada por la Uni\u00f3n Europea en Barcelona<\/a> &#8211; 6 de marzo de 2017<br \/>\n<a href=\"https:\/\/www.lavozdegalicia.es\/noticia\/carballo\/carballo\/2017\/01\/29\/uruguay-carballo\/0003_201701C29C11999.htm\">Uruguay, desde Carballo<\/a> &#8211; La Voz de Galicia &#8211; 29 de enero de 2017.<br \/>\nRafael Rey:&nbsp;<a href=\"http:\/\/www.lavozdegalicia.es\/noticia\/carballo\/carballo\/2017\/01\/27\/uruguay-galicia-hemos-estado-siempre-hermanados\/0003_201701C27C12991.htm\">\u00abUruguay y Galicia hemos estado siempre muy hermanados\u00bb<\/a> &#8211; La voz de Galicia &#8211;&nbsp;27 de enero de 2017<br \/>\n<a href=\"https:\/\/emigracion.xunta.gal\/es\/actualidad\/agenda\/conferencia-uruguay-actual-la-sociologia-carballo\">Conferencia \u00abEl Uruguay actual desde la Sociolog\u00eda\u00bb, en Carballo<\/a> &#8211; Xunta de Galicia &#8211; 27 de enero de 2017<br \/>\nDaniel Ozarow: <a href=\"http:\/\/www.telesurtv.net\/english\/opinion\/Groundhog-Day-Looms-in-Argentina-as-the-IMF-Returns-20160917-0019.html\">\u00abGroundhog Day looms in Argentina as the IMF returns\u00bb<\/a> &#8211;&nbsp;TeleSur &#8211; 18&nbsp;de diciembre de 2016<br \/>\nDaniel Ozarow:&nbsp;<a href=\"https:\/\/www.cynthiagarcia.com.ar\/el-acuerdo-sobre-malvinas-me-parece-un-fracaso-dan-ozarow-investigador-britanico\/\">\u201cEl Acuerdo sobre las Malvinas me parece un Fracaso\u00bb<\/a> &#8211;&nbsp;La Garcia &#8211; 1 de octubre de 2016<br \/>\nDaniel Ozarow: <a href=\"http:\/\/www.buenosairesherald.com\/article\/222008\/your-view\">\u00abAnglo-Argentine protest against IMF mission in London\u00bb<\/a> &#8211;&nbsp;Buenos Aires Herald &#8211; 24 de septiembre de 2016<br \/>\nDaniel Ozarow: <a href=\"http:\/\/jubileedebt.org.uk\/blog\/groundhog-day-looms-argentina-imf-returns\">\u00abGroundhog Day looms in Argentina as the IMF returns\u00bb<\/a> &#8211;&nbsp;Jubilee Debt Campaign &#8211; 12&nbsp;de septiembre de 2016<br \/>\nDaniel Ozarow: <a href=\"https:\/\/theconversation.com\/lessons-from-argentina-for-europes-newly-impoverished-middle-class-64465\">\u00abLessons from Argentina for Europe\u2019s newly-impoverished middle class\u00bb<\/a> &#8211;&nbsp;The Conversation &#8211; 9 de septiembre de 2016<br \/>\nHeather Jeffrey: <a href=\"http:\/\/www.huffingtonpost.co.uk\/heather-jeffrey\/argentina-marches-for-ni-_b_10319712.html\">\u00abArgentina Marches for Ni Una Menos\u00bb<\/a> &#8211;&nbsp;The Huffington Post &#8211; 7 de junio de 2016<br \/>\n<a href=\"https:\/\/www.youtube.com\/watch?v=MHwdLKJ-UA0\">Entrevista a Pedro L\u00f3pez-Rold\u00e1n, IP de la red INCASI, en C\u00f3rdoba (Argentina)<\/a> &#8211; 31 de marzo de 2016<\/p>\n","protected":false},"excerpt":{"rendered":"<p>La Red INCASI en CORDIS The European research project INCASI holds its final Global Meeting and celebrates the 99% execution of secondments.&nbsp;&#8211; CORDIS &#8211; 13 diciembre 2019 The European research project INCASI (International Network for Comparative Analysis of Social Inequalities) holds its fourth Workshop in Europe&nbsp;&#8211; CORDIS &#8211; 13 diciembre 2019 The European research project [&hellip;]<\/p>\n","protected":false},"author":44,"featured_media":0,"parent":0,"menu_order":0,"comment_status":"closed","ping_status":"closed","template":"","meta":{"footnotes":""},"class_list":["post-2020","page","type-page","status-publish","hentry"],"_links":{"self":[{"href":"https:\/\/webs.uab.cat\/incasi1\/wp-json\/wp\/v2\/pages\/2020","targetHints":{"allow":["GET"]}}],"collection":[{"href":"https:\/\/webs.uab.cat\/incasi1\/wp-json\/wp\/v2\/pages"}],"about":[{"href":"https:\/\/webs.uab.cat\/incasi1\/wp-json\/wp\/v2\/types\/page"}],"author":[{"embeddable":true,"href":"https:\/\/webs.uab.cat\/incasi1\/wp-json\/wp\/v2\/users\/44"}],"replies":[{"embeddable":true,"href":"https:\/\/webs.uab.cat\/incasi1\/wp-json\/wp\/v2\/comments?post=2020"}],"version-history":[{"count":0,"href":"https:\/\/webs.uab.cat\/incasi1\/wp-json\/wp\/v2\/pages\/2020\/revisions"}],"wp:attachment":[{"href":"https:\/\/webs.uab.cat\/incasi1\/wp-json\/wp\/v2\/media?parent=2020"}],"curies":[{"name":"wp","href":"https:\/\/api.w.org\/{rel}","templated":true}]}}