{"id":2024,"date":"2017-10-31T16:55:07","date_gmt":"2017-10-31T16:55:07","guid":{"rendered":"https:\/\/webs.uab.cat\/incasi\/incasi-production\/"},"modified":"2017-10-31T16:55:07","modified_gmt":"2017-10-31T16:55:07","slug":"incasi-production","status":"publish","type":"page","link":"https:\/\/webs.uab.cat\/incasi1\/incasi-production\/","title":{"rendered":"INCASI Production"},"content":{"rendered":"<p>En el siguiente enlace se encuentran las <strong><a href=\"https:\/\/ddd.uab.cat\/search?ln=ca&amp;p=Production+of+INCASI+Project+H2020-MSCA-RISE-2015+GA+691004&amp;f=500__a&amp;action_search=Cerca&amp;c=Dip%C3%B2sit+Digital+de+Documents+de+la+UAB&amp;sf=&amp;so=d&amp;rm=&amp;rg=25&amp;sc=0&amp;of=hb\">publicaciones derivadas del proyecto<\/a><\/strong>: informes, working papers, art\u00edculos, libros, cap\u00edtulos de libro, etc. que siempre ser\u00e1n de acceso libre.<\/p>\n","protected":false},"excerpt":{"rendered":"<p>En el siguiente enlace se encuentran las publicaciones derivadas del proyecto: informes, working papers, art\u00edculos, libros, cap\u00edtulos de libro, etc. que siempre ser\u00e1n de acceso libre.<\/p>\n","protected":false},"author":44,"featured_media":0,"parent":0,"menu_order":0,"comment_status":"closed","ping_status":"closed","template":"","meta":{"footnotes":""},"class_list":["post-2024","page","type-page","status-publish","hentry"],"_links":{"self":[{"href":"https:\/\/webs.uab.cat\/incasi1\/wp-json\/wp\/v2\/pages\/2024","targetHints":{"allow":["GET"]}}],"collection":[{"href":"https:\/\/webs.uab.cat\/incasi1\/wp-json\/wp\/v2\/pages"}],"about":[{"href":"https:\/\/webs.uab.cat\/incasi1\/wp-json\/wp\/v2\/types\/page"}],"author":[{"embeddable":true,"href":"https:\/\/webs.uab.cat\/incasi1\/wp-json\/wp\/v2\/users\/44"}],"replies":[{"embeddable":true,"href":"https:\/\/webs.uab.cat\/incasi1\/wp-json\/wp\/v2\/comments?post=2024"}],"version-history":[{"count":1,"href":"https:\/\/webs.uab.cat\/incasi1\/wp-json\/wp\/v2\/pages\/2024\/revisions"}],"predecessor-version":[{"id":6099,"href":"https:\/\/webs.uab.cat\/incasi1\/wp-json\/wp\/v2\/pages\/2024\/revisions\/6099"}],"wp:attachment":[{"href":"https:\/\/webs.uab.cat\/incasi1\/wp-json\/wp\/v2\/media?parent=2024"}],"curies":[{"name":"wp","href":"https:\/\/api.w.org\/{rel}","templated":true}]}}