{"id":112,"date":"2009-05-25T13:07:54","date_gmt":"2009-05-25T13:07:54","guid":{"rendered":"https:\/\/webs.uab.cat\/incers\/inicio\/"},"modified":"2023-03-10T07:12:37","modified_gmt":"2023-03-10T07:12:37","slug":"inicio","status":"publish","type":"page","link":"https:\/\/webs.uab.cat\/incers\/es\/","title":{"rendered":"Inicio"},"content":{"rendered":"\n<p class=\"has-accent-background-color has-background\">The Group activity is oriented to analyse the economic aspects of Renewable Energies alternatives for power generation, and to contribute to the deployment of the market for decentralised (distributed) applications of them; mainly solar-power solutions. The overall aim of that is to contribute to the objective of increasing the share of renewable energies in the total power consumption at European level.<\/p>\n\n\n\n<p>INCERS es un Grupo de Investigaci\u00f3n de la UAB, trabajando en: <em>Economia de las Energ\u00edas Renovables<\/em> -especialmente en evaluaci\u00f3n de la competitividad de tecnolog\u00edas innovadoras de base solar para generaci\u00f3n el\u00e9ctrica-, y en el <em>Desarrollo del Mercado de estos sistemas<\/em>. En este sentido estamos orientados a participar o promover proyectos internacionales interdisciplinarios -technico &amp; economicos- dirigidos a contribuir a tal desarrollo del mercado -considerando tanto el lado de la demanda como el de la oferta.<\/p>\n\n\n\n<p>Estamos en la Facultat d&#8217;Economia i Empresa, Departamento de Empresa, de la UAB.<\/p>\n","protected":false},"excerpt":{"rendered":"<p>The Group activity is oriented to analyse the economic aspects of Renewable Energies alternatives for power generation, and to contribute to the deployment of the market for decentralised (distributed) applications of them; mainly solar-power solutions. The overall aim of that is to contribute to the objective of increasing the share of renewable energies in the [&hellip;]<\/p>\n","protected":false},"author":20,"featured_media":0,"parent":0,"menu_order":0,"comment_status":"closed","ping_status":"closed","template":"","meta":{"footnotes":""},"class_list":["post-112","page","type-page","status-publish","hentry"],"_links":{"self":[{"href":"https:\/\/webs.uab.cat\/incers\/es\/wp-json\/wp\/v2\/pages\/112","targetHints":{"allow":["GET"]}}],"collection":[{"href":"https:\/\/webs.uab.cat\/incers\/es\/wp-json\/wp\/v2\/pages"}],"about":[{"href":"https:\/\/webs.uab.cat\/incers\/es\/wp-json\/wp\/v2\/types\/page"}],"author":[{"embeddable":true,"href":"https:\/\/webs.uab.cat\/incers\/es\/wp-json\/wp\/v2\/users\/20"}],"replies":[{"embeddable":true,"href":"https:\/\/webs.uab.cat\/incers\/es\/wp-json\/wp\/v2\/comments?post=112"}],"version-history":[{"count":1,"href":"https:\/\/webs.uab.cat\/incers\/es\/wp-json\/wp\/v2\/pages\/112\/revisions"}],"predecessor-version":[{"id":256,"href":"https:\/\/webs.uab.cat\/incers\/es\/wp-json\/wp\/v2\/pages\/112\/revisions\/256"}],"wp:attachment":[{"href":"https:\/\/webs.uab.cat\/incers\/es\/wp-json\/wp\/v2\/media?parent=112"}],"curies":[{"name":"wp","href":"https:\/\/api.w.org\/{rel}","templated":true}]}}