{"id":132,"date":"2014-03-30T23:17:33","date_gmt":"2014-03-30T23:17:33","guid":{"rendered":"https:\/\/webs.uab.cat\/incers\/didsolit-projecte\/"},"modified":"2023-03-10T07:17:32","modified_gmt":"2023-03-10T07:17:32","slug":"didsolit-projecte","status":"publish","type":"page","link":"https:\/\/webs.uab.cat\/incers\/didsolit-projecte\/","title":{"rendered":"Projecte DIDSOLIT"},"content":{"rendered":"\n<figure class=\"wp-block-image\"><img decoding=\"async\" src=\"https:\/\/webs.uab.cat\/incers\/wp-content\/uploads\/sites\/383\/2013\/01\/didsoliteurope_transparent_back_big.png\" alt=\"\" class=\"wp-image-126\"\/><\/figure>\n\n\n\n<p class=\"has-accent-background-color has-background\"><strong>Development and Implementation of Decentralised<\/strong><strong> Solar-energy-related Innovative Technologies for Public Buildings, in the Mediterranean Basin countries.<\/strong><\/p>\n\n\n\n<p>DIDSOLIT_PB \u00e9s un projecte estrat\u00e8gic finan\u00e7at per la UE, dintre del Programa <strong>ENPI-CBCMED<\/strong> (European Neighborhood Initiative &#8211; Cross Border Cooperaton in the Mediterranean Basin Regions). Va ser aprovat en la seva convocat\u00f2ria de Projectes Estrat\u00e8gics 2011, dintre de la seva Prioritat 2 (&#8220;Promotion of environment sustainability ..&#8221;), Mesura &#8220;Solar Energy&#8221;.<\/p>\n\n\n\n<p>S&#8217;ha desenvolupat al llarg del periode 13-12-2012 a 12-03-2016;&nbsp; \u00e9s a dir, 39 mesos.<\/p>\n\n\n\n<p>Aquest projecte interdisciplinari s&#8217;ha adre\u00e7at a promoure i aplicar tecnologies innovadores i la transfer\u00e8ncia de coneixements en el camp de la generaci\u00f3 descentralitzada (distribuida) d&#8217;electricitat de font solar, d&#8217;escala reduida que poden ser integrats en edificis o depend\u00e8ncies p\u00fabliques . El projecte va ser planificat posant l&#8217;\u00e8mfasi en la col\u00b7laboraci\u00f3 publico-privada transfronterera ( amb especial atenci\u00f3 a les PIMEs), amb la participaci\u00f3 i cooperaci\u00f3 d&#8217;entitats d&#8217;Espanya , Gr\u00e8cia , Egipte i Jord\u00e0nia .<\/p>\n\n\n\n<p>&nbsp;El projecte ha estat enfocat a les tecnologies solars innovadores (no basades en els moduls estandards, que 1) estan disponibles al mercat, o be en una etapa de desplegament pre-comercial , i 2 ) per a les quals les condicions de clima c\u00e0lid (com els habituals a les regions de la conca mediterr\u00e0nia) no sigui un inconvenient pel que fa al rendiment energ\u00e8ic de la instal.laci\u00f3 -com si que passa en alguna mesura respecte als m\u00f2duls fotovoltaics est\u00e0ndard- sin\u00f3 m\u00e9s aviat un avantatge.<\/p>\n\n\n\n<p><u>Ells socis d&#8217;aquests Projecte s\u00f3n<\/u>:<\/p>\n\n\n\n<ul class=\"wp-block-list\"><li>Univrsitat Aut\u00f2noma de Barcelona<strong>, UAB , INCERS <\/strong>Research Group<strong> ( l\u00edder) , Espanya<\/strong><\/li><li>Institute for Innovation and Sustainable Development<strong>, AEIPLOUS , Gr\u00e8cia<\/strong><\/li><li>Egyptian Association for Energy and Environment<strong>, EAEE , Egipte<\/strong><\/li><li>Balqa Aplied University,<strong> BAU , Jord\u00e0nia<\/strong><\/li><li>University of Alexandria<strong>, AU , Egipte<\/strong><\/li><li>Mediterranean Agron\u00f2mic Institute of Chania<strong>, MAICh , Gr\u00e8cia<\/strong><\/li><li>Eco-System Europa, SL<strong>, ESE , Espanya<\/strong><\/li><\/ul>\n\n\n\n<p>&nbsp;Els informes finals amb els resultats, realitzacions i conlcusions del projecte estan p\u00fablicament disponibles a la p\u00e0gina web del projecte : <a href=\"http:\/\/www.didsolit.eu\/\">didsolit.eu<\/a><\/p>\n","protected":false},"excerpt":{"rendered":"<p>Development and Implementation of Decentralised Solar-energy-related Innovative Technologies for Public Buildings, in the Mediterranean Basin countries. DIDSOLIT_PB \u00e9s un projecte estrat\u00e8gic finan\u00e7at per la UE, dintre del Programa ENPI-CBCMED (European Neighborhood Initiative &#8211; Cross Border Cooperaton in the Mediterranean Basin Regions). Va ser aprovat en la seva convocat\u00f2ria de Projectes Estrat\u00e8gics 2011, dintre de la [&hellip;]<\/p>\n","protected":false},"author":20,"featured_media":0,"parent":0,"menu_order":0,"comment_status":"closed","ping_status":"closed","template":"","meta":{"footnotes":""},"class_list":["post-132","page","type-page","status-publish","hentry"],"_links":{"self":[{"href":"https:\/\/webs.uab.cat\/incers\/wp-json\/wp\/v2\/pages\/132","targetHints":{"allow":["GET"]}}],"collection":[{"href":"https:\/\/webs.uab.cat\/incers\/wp-json\/wp\/v2\/pages"}],"about":[{"href":"https:\/\/webs.uab.cat\/incers\/wp-json\/wp\/v2\/types\/page"}],"author":[{"embeddable":true,"href":"https:\/\/webs.uab.cat\/incers\/wp-json\/wp\/v2\/users\/20"}],"replies":[{"embeddable":true,"href":"https:\/\/webs.uab.cat\/incers\/wp-json\/wp\/v2\/comments?post=132"}],"version-history":[{"count":1,"href":"https:\/\/webs.uab.cat\/incers\/wp-json\/wp\/v2\/pages\/132\/revisions"}],"predecessor-version":[{"id":245,"href":"https:\/\/webs.uab.cat\/incers\/wp-json\/wp\/v2\/pages\/132\/revisions\/245"}],"wp:attachment":[{"href":"https:\/\/webs.uab.cat\/incers\/wp-json\/wp\/v2\/media?parent=132"}],"curies":[{"name":"wp","href":"https:\/\/api.w.org\/{rel}","templated":true}]}}