{"id":98,"date":"2009-05-25T13:07:54","date_gmt":"2009-05-25T13:07:54","guid":{"rendered":"https:\/\/webs.uab.cat\/incers\/inici\/"},"modified":"2023-03-10T06:50:33","modified_gmt":"2023-03-10T06:50:33","slug":"inici","status":"publish","type":"page","link":"https:\/\/webs.uab.cat\/incers\/","title":{"rendered":"Inici"},"content":{"rendered":"\n<p class=\"has-accent-background-color has-background\">The Group activity is oriented to analyse the economic aspects of Renewable Energies alternatives for power generation, and to contribute to the deployment of the market for decentralised (distributed) applications of them; mainly solar-power solutions. The overall aim of that is to contribute to the objective of increasing the share of renewable energies in the total power consumption at European level.<\/p>\n\n\n\n<p>INCERS \u00e9s un Grup de Recerca interdisciplinari de la UAB, treballant en: Economia de les Energies Renovables -especialment en l&#8217;avaluaci\u00f3 de la competitivitat de tecnologies innovadores per a la generaci\u00f3 distribu\u00efda d&#8217;electricitat de font solar-, i en el Desenvolupament del Mercat d&#8217;aquestes solucions de generaci\u00f3 distribu\u00efda. En aquest sentit estem orientats a participar o promoure projectes interdisciplinaris -equip technic &amp; economic- internacionals adre\u00e7ats a contribuir a aquests desenvolupament del mercat, atenent tant al costat de la demanda com al de la oferta.<\/p>\n\n\n\n<p>Estem a la Facultat d&#8217;Economia i Empresa, Departament d&#8217;Economia de l&#8217;Empresa, de la UAB<\/p>\n","protected":false},"excerpt":{"rendered":"<p>The Group activity is oriented to analyse the economic aspects of Renewable Energies alternatives for power generation, and to contribute to the deployment of the market for decentralised (distributed) applications of them; mainly solar-power solutions. The overall aim of that is to contribute to the objective of increasing the share of renewable energies in the [&hellip;]<\/p>\n","protected":false},"author":20,"featured_media":0,"parent":0,"menu_order":0,"comment_status":"closed","ping_status":"closed","template":"","meta":{"footnotes":""},"class_list":["post-98","page","type-page","status-publish","hentry"],"_links":{"self":[{"href":"https:\/\/webs.uab.cat\/incers\/wp-json\/wp\/v2\/pages\/98","targetHints":{"allow":["GET"]}}],"collection":[{"href":"https:\/\/webs.uab.cat\/incers\/wp-json\/wp\/v2\/pages"}],"about":[{"href":"https:\/\/webs.uab.cat\/incers\/wp-json\/wp\/v2\/types\/page"}],"author":[{"embeddable":true,"href":"https:\/\/webs.uab.cat\/incers\/wp-json\/wp\/v2\/users\/20"}],"replies":[{"embeddable":true,"href":"https:\/\/webs.uab.cat\/incers\/wp-json\/wp\/v2\/comments?post=98"}],"version-history":[{"count":1,"href":"https:\/\/webs.uab.cat\/incers\/wp-json\/wp\/v2\/pages\/98\/revisions"}],"predecessor-version":[{"id":241,"href":"https:\/\/webs.uab.cat\/incers\/wp-json\/wp\/v2\/pages\/98\/revisions\/241"}],"wp:attachment":[{"href":"https:\/\/webs.uab.cat\/incers\/wp-json\/wp\/v2\/media?parent=98"}],"curies":[{"name":"wp","href":"https:\/\/api.w.org\/{rel}","templated":true}]}}