{"id":39,"date":"2009-05-25T13:22:03","date_gmt":"2009-05-25T13:22:03","guid":{"rendered":"https:\/\/webs.uab.cat\/inmix\/proyectos-rd\/"},"modified":"2010-01-21T13:49:03","modified_gmt":"2010-01-21T13:49:03","slug":"proyectos-rd","status":"publish","type":"page","link":"https:\/\/webs.uab.cat\/inmix\/es\/proyectos-rd\/","title":{"rendered":"Proyectos R+D"},"content":{"rendered":"<p><strong>Proyectos en curso:<\/strong><\/p>\n<p>T\u00edtulo del proyecto:&nbsp;Din\u00e1micas de mixticidad en poblaci\u00f3n gitana de Catalu\u00f1a: relaciones inter\u00e9tnicas, aculturaci\u00f3n y procesos de inclusi\u00f3n y exclusi\u00f3n social (GITMIX) &#8211;&nbsp;PID2020-116966RB-I00<br \/>\nEntidad financiadora:&nbsp;Ministerio de Ciencia, Innovaci\u00f3n y Universidades, Programa Estatal de Investigaci\u00f3n, Desarrollo e Innovaci\u00f3n Orientada a los Retos de la Sociedad, I+D+i, 2020<br \/>\nDuraci\u00f3n: &nbsp;01\/09\/2021 \u2013 31\/08\/2025 &nbsp; &nbsp; &nbsp; &nbsp;<br \/>\nCuant\u00eda:&nbsp;59.653 \u20ac<br \/>\nN\u00famero de investigadores participantes:&nbsp;11<br \/>\nInvestigador Principal: Dan Rodr\u00edguez Garc\u00eda<\/p>\n<p>T\u00edtulo del proyecto:&nbsp;Parejas mixtas entre poblaci\u00f3n gitana y no-gitana: una aproximaci\u00f3n te\u00f3rica con prospecci\u00f3n etnogr\u00e1fica en el \u00c1rea Metropolitana de Barcelona<br \/>\nEntidad financiadora:&nbsp;C\u00e1tedra de Cultura Gitana de la Universidad de Alicante, BOUA 2\/10\/2020<br \/>\nDuraci\u00f3n: &nbsp;2020-2022 &nbsp; &nbsp; &nbsp; &nbsp;<br \/>\nCuant\u00eda:&nbsp;14.000 \u20ac<br \/>\nN\u00famero de investigadores participantes: &nbsp;8<br \/>\nInvestigador Principal: Dan Rodr\u00edguez Garc\u00eda<\/p>\n<p><strong>Proyectos finalizados:<\/strong><\/p>\n<p>T\u00edtulo del proyecto: Sociabilidad y procesos identitarios de hijos\/as de uniones mixtas: la mixticidad, entre la inclusi\u00f3n y la constricci\u00f3n social \u2013 MIXED_YOUTH (CSO2015-63962-R)<br \/>\nEntidad financiadora: Ministerio de Econom\u00eda y Competitividad, Programa Estatal de Investigaci\u00f3n, Desarrollo e Innovaci\u00f3n Orientada a los Retos de la Sociedad, I+D+i 2013-2016.<br \/>\nDuraci\u00f3n:&nbsp; desde 2016&nbsp; hasta: 2020 &nbsp; &nbsp; &nbsp; &nbsp; &nbsp; &nbsp; &nbsp;<br \/>\nCuant\u00eda: 54.000 \u20ac<br \/>\nN\u00famero de investigadores participantes:&nbsp; 12<br \/>\nInvestigador Principal: Dan Rodr\u00edguez Garc\u00eda<br \/>\n&nbsp;<br \/>\nT\u00edtulo del proyecto: J\u00f3venes en familias mixtas y religi\u00f3n: din\u00e1micas de identidad y mixticidad religiosa en Catalu\u00f1a. Ref. 2015RELIG00025<br \/>\nEntidad financiadora:&nbsp; Ajuts a projectes de recerca en l\u2019\u00e0mbit de la diversitat religiosa (RELIG 2015), Ag\u00e8ncia de Gesti\u00f3 d\u2019Ajuts Universitaris i Recerca (AGAUR), Departament de Governaci\u00f3 i Relacions Institucionals, Generalitat de Catalunya.<br \/>\nDuraci\u00f3n:&nbsp; desde 03-12-2015&nbsp; hasta: 03-03-2017 &nbsp; &nbsp; &nbsp; &nbsp; &nbsp; &nbsp; &nbsp; &nbsp;<br \/>\nCuant\u00eda: 7.142,86 \u20ac<br \/>\nN\u00famero de investigadores participantes:&nbsp; 4<br \/>\nInvestigador Principal: Dan Rodr\u00edguez Garc\u00eda<br \/>\n&nbsp;<br \/>\nT\u00edtulo del contrato\/proyecto: Ni\u00f1os y j\u00f3venes de parejas bi-nacionales en Catalu\u00f1a: entre la elecci\u00f3n y la constricci\u00f3n identitaria<br \/>\nEntidad financiadora: Institut d\u2019Estudis Catalans (IEC)<br \/>\nDuraci\u00f3n:&nbsp; desde: 01-01-2015&nbsp;&nbsp; hasta: 01-01-2016<br \/>\nCuant\u00eda: 3.800 \u20ac<br \/>\nN\u00famero de investigadores participantes: 4<br \/>\nInvestigador Principal: Dan Rodr\u00edguez-Garc\u00eda y&nbsp;Miguel Solana Solana<br \/>\n&nbsp;<br \/>\nT\u00edtulo del proyecto: Inmigraci\u00f3n y Uniones Mixtas: Etnicidad e Integraci\u00f3n Social \u2013 INMIX (CSO2011-23242)<br \/>\nEntidad financiadora: MICINN (Ministerio de Ciencia e Innovaci\u00f3n), Plan Nacional de I+D+i Excelencia 2011-14.<br \/>\nDuraci\u00f3n:&nbsp; desde: 01-01-2012&nbsp; hasta: 31-09-2015 &nbsp; &nbsp; &nbsp; &nbsp; &nbsp; &nbsp; &nbsp;&nbsp;<br \/>\nCuant\u00eda: 24.200 \u20ac<br \/>\nN\u00famero de investigadores participantes: 6<br \/>\nInvestigador Principal: Dan Rodr\u00edguez Garc\u00eda<br \/>\n&nbsp;<br \/>\nT\u00edtulo del contrato\/proyecto: Identidad y din\u00e1micas de interculturalidad de j\u00f3venes en familias bi-nacionales en Catalu\u00f1a: un aspecto clave para la cohesi\u00f3n social<br \/>\nEntidad financiadora: Institut d\u2019Estudis Catalans (IEC)<br \/>\nDuraci\u00f3n:&nbsp; desde: 01-01-2014&nbsp;&nbsp; hasta: 01-01-2015<br \/>\nCuant\u00eda: 3.000 \u20ac<br \/>\nN\u00famero de investigadores participantes: 4<br \/>\nInvestigador Principal: Dan Rodr\u00edguez-Garc\u00eda y&nbsp;\u00c0ngels Pascual de Sans<br \/>\n&nbsp;<br \/>\nT\u00edtulo del proyecto:E Pluribus Unum<em>: Inmigraci\u00f3n, Mestizaje y Cohesi\u00f3n Social &#8211; UAB Aposta 2011, \u00e1mbito: Progreso social y cultural (APOSTA2011-07)<\/em><br \/>\nEntidad financiadora:Universitat Aut\u00f2noma de Barcelona<em> (convocatoria Aposta 2011), Obra Social \u00abLa Caixa\u00bb, Freixenet, Novartis, AB-Biotics, y RBA Editores<\/em><br \/>\nDuraci\u00f3n: desde: 01-01-2012&nbsp;&nbsp; hasta: 31-09-2014 &nbsp; &nbsp; &nbsp; &nbsp; &nbsp; &nbsp; &nbsp;&nbsp;<br \/>\nCuant\u00eda: 24.782 \u20ac<br \/>\nN\u00famero de investigadores participantes: 3<br \/>\nInvestigador Principal: Dan Rodr\u00edguez Garc\u00eda<\/p>\n<p>T\u00edtulo del proyecto: Dynamics of Hybridity and Segregation and Immigrant Structural Incorporation in Toronto from a Comparative Perspective: Canada\/Spain &#8211; Refs. 2003BEAI00141, 2004BE00020<br \/>\nEntidad financiadora: AGAUR, Generalitat de Catalunya.&nbsp;<br \/>\nDuraci\u00f3n:&nbsp; desde: 15-02-2004&nbsp;&nbsp; hasta: 15-02-2005 &nbsp; &nbsp; &nbsp; &nbsp; &nbsp; &nbsp; &nbsp;<br \/>\nN\u00famero de investigadores participantes: 1<br \/>\nInvestigador Principal: Dan Rodr\u00edguez Garc\u00eda<\/p>\n","protected":false},"excerpt":{"rendered":"<p>Proyectos en curso: T\u00edtulo del proyecto:&nbsp;Din\u00e1micas de mixticidad en poblaci\u00f3n gitana de Catalu\u00f1a: relaciones inter\u00e9tnicas, aculturaci\u00f3n y procesos de inclusi\u00f3n y exclusi\u00f3n social (GITMIX) &#8211;&nbsp;PID2020-116966RB-I00 Entidad financiadora:&nbsp;Ministerio de Ciencia, Innovaci\u00f3n y Universidades, Programa Estatal de Investigaci\u00f3n, Desarrollo e Innovaci\u00f3n Orientada a los Retos de la Sociedad, I+D+i, 2020 Duraci\u00f3n: &nbsp;01\/09\/2021 \u2013 31\/08\/2025 &nbsp; &nbsp; &nbsp; [&hellip;]<\/p>\n","protected":false},"author":20,"featured_media":0,"parent":0,"menu_order":0,"comment_status":"closed","ping_status":"closed","template":"","meta":{"footnotes":""},"class_list":["post-39","page","type-page","status-publish","hentry"],"_links":{"self":[{"href":"https:\/\/webs.uab.cat\/inmix\/es\/wp-json\/wp\/v2\/pages\/39","targetHints":{"allow":["GET"]}}],"collection":[{"href":"https:\/\/webs.uab.cat\/inmix\/es\/wp-json\/wp\/v2\/pages"}],"about":[{"href":"https:\/\/webs.uab.cat\/inmix\/es\/wp-json\/wp\/v2\/types\/page"}],"author":[{"embeddable":true,"href":"https:\/\/webs.uab.cat\/inmix\/es\/wp-json\/wp\/v2\/users\/20"}],"replies":[{"embeddable":true,"href":"https:\/\/webs.uab.cat\/inmix\/es\/wp-json\/wp\/v2\/comments?post=39"}],"version-history":[{"count":0,"href":"https:\/\/webs.uab.cat\/inmix\/es\/wp-json\/wp\/v2\/pages\/39\/revisions"}],"wp:attachment":[{"href":"https:\/\/webs.uab.cat\/inmix\/es\/wp-json\/wp\/v2\/media?parent=39"}],"curies":[{"name":"wp","href":"https:\/\/api.w.org\/{rel}","templated":true}]}}