{"id":54,"date":"2013-02-05T13:08:40","date_gmt":"2013-02-05T13:08:40","guid":{"rendered":"https:\/\/webs.uab.cat\/inmix\/equip\/"},"modified":"2023-01-30T18:52:16","modified_gmt":"2023-01-30T18:52:16","slug":"equip","status":"publish","type":"page","link":"https:\/\/webs.uab.cat\/inmix\/equip\/","title":{"rendered":"Equip"},"content":{"rendered":"\n<h2 class=\"wp-block-heading\"><strong>Members UAB<\/strong><\/h2>\n\n\n\n<p><a href=\"https:\/\/webs.uab.cat\/dan\/\">Dan Rodr\u00edguez-Garc\u00eda<\/a> \u00a0(Director. Associate Professor,\u00a0Department\u00a0of Social and Cultural Anthropology,\u00a0UAB)<\/p>\n\n\n\n<p>Miguel Solana Solana &nbsp;(Associate Professor,&nbsp;Department of Geography,&nbsp;UAB)<\/p>\n\n\n\n<p>Anna Ortiz Guitart &nbsp;(Associate Professor,&nbsp;Department of Geography,&nbsp;UAB)<\/p>\n\n\n\n<p>Silvia \u00c1lvarez Libten&nbsp;(Associate Professor,&nbsp;Department&nbsp;of Social and Cultural Anthropology,&nbsp;UAB)<\/p>\n\n\n\n<p>Beatriz Ballest\u00edn Gonz\u00e1lez &nbsp;(Lecturer,&nbsp;Department&nbsp;of Social and Cultural Anthropology,&nbsp;UAB)<\/p>\n\n\n\n<p>Cristina Rodr\u00edguez Reche&nbsp;&nbsp;(Postdoctoral&nbsp;Research Staff Training Fellowship,&nbsp;Spanish Ministry of Science,&nbsp;Innovation and Universities, Ref. BES-2016-076851,&nbsp;Department&nbsp;of Social and Cultural Anthropology, UAB)<\/p>\n\n\n\n<p>Teresa Habimana Jordana&nbsp;&nbsp;(FI-DGR Research Staff Training Fellowship,&nbsp;Catalan Government, Ref. 2018 FI_B 00605,&nbsp;Department&nbsp;of Social and Cultural Anthropology, UAB)<\/p>\n\n\n\n<p>Victor Navarro Izquierdo&nbsp;(FPU&nbsp;Research Staff Training Fellowship,&nbsp;Spanish Ministry of Universities, Ref. FPU20\/01875,&nbsp;Department&nbsp;of Social and Cultural Anthropology, UAB)<\/p>\n\n\n\n<p>Yolanda C\u00e1ceres Flores&nbsp;&nbsp;(PhD&nbsp;Candidate,&nbsp;Department&nbsp;of Social and Cultural Anthropology, UAB)<\/p>\n\n\n\n<p>Thais El Azzaoui Vargas &nbsp;(PhD&nbsp;Candidate,&nbsp;Department&nbsp;of Social and Cultural Anthropology, UAB)<\/p>\n\n\n\n<p>Tom\u00e1s E. Rojas&nbsp;Valenzuela&nbsp;&nbsp;(PhD&nbsp;Candidate,&nbsp;Department&nbsp;of Geography, UAB)<\/p>\n\n\n\n<h2 class=\"wp-block-heading\"><strong>External collaborators<\/strong><\/h2>\n\n\n\n<p>Richard Alba &nbsp;(CUNY Graduate Center, USA)<\/p>\n\n\n\n<p>Erica Chito Childs &nbsp;(CUNY Graduate Center, USA)<\/p>\n\n\n\n<p>Paul Spickard (University of California, Santa Barbara, USA)<\/p>\n\n\n\n<p>Monica&nbsp;Boyd &nbsp;(University&nbsp;of Toronto, Canada)<\/p>\n\n\n\n<p>Jeffrey G. Reitz &nbsp;(University&nbsp;of Toronto, Canada)<\/p>\n\n\n\n<p>Josiane Le Gall&nbsp;(Universit\u00e9 de Montr\u00e9al, Canada)<\/p>\n\n\n\n<p>Miri&nbsp;Song &nbsp;(University&nbsp;of Kent, United Kingdom)<\/p>\n\n\n\n<p>Rebecca Chiyoko King O&#8217;Riain &nbsp;(University of Maynooth, Irleland)<\/p>\n\n\n\n<p>Beate Collet &nbsp;(Universit\u00e9&nbsp;Paris-Sorbonne, France)<\/p>\n\n\n\n<p>Catherine Therrien&nbsp;(Al Akhawayn University, Morocco)<\/p>\n\n\n\n<p>Rosa Aparicio G\u00f3mez &nbsp;(Instituto Universitario Jos\u00e9 Ortega y Gasset, Spain)<\/p>\n\n\n\n<p>Miranda J. Lubbers&nbsp; (Autonomous University of Barcelona,&nbsp;, Spain)<\/p>\n\n\n\n<p>Ver\u00f3nica&nbsp;de&nbsp;Miguel Luken &nbsp;(University of Malaga, Spain)<\/p>\n\n\n\n<p>Zenia Hellgren &nbsp;(Universitat Pompeu Fabra)<\/p>\n\n\n\n<h2 class=\"wp-block-heading\"><strong>P<\/strong>revious members <\/h2>\n\n\n\n<p>Nele Hansen &nbsp;(PhD in&nbsp;Social and Cultural Anthropology)<\/p>\n\n\n\n<p>Adriana Jarr\u00edn Mor\u00e1n &nbsp;(PhD in&nbsp;Social and Cultural Anthropology)<\/p>\n\n\n\n<p>Andrea Peque\u00f1o Bueno &nbsp;(PhD in&nbsp;Social and Cultural Anthropology)<\/p>\n\n\n\n<p>Nora Salas Seoane &nbsp;(MA in&nbsp;Social Anthropology, Brunel University)<\/p>\n","protected":false},"excerpt":{"rendered":"<p>Members UAB Dan Rodr\u00edguez-Garc\u00eda \u00a0(Director. Associate Professor,\u00a0Department\u00a0of Social and Cultural Anthropology,\u00a0UAB) Miguel Solana Solana &nbsp;(Associate Professor,&nbsp;Department of Geography,&nbsp;UAB) Anna Ortiz Guitart &nbsp;(Associate Professor,&nbsp;Department of Geography,&nbsp;UAB) Silvia \u00c1lvarez Libten&nbsp;(Associate Professor,&nbsp;Department&nbsp;of Social and Cultural Anthropology,&nbsp;UAB) Beatriz Ballest\u00edn Gonz\u00e1lez &nbsp;(Lecturer,&nbsp;Department&nbsp;of Social and Cultural Anthropology,&nbsp;UAB) Cristina Rodr\u00edguez Reche&nbsp;&nbsp;(Postdoctoral&nbsp;Research Staff Training Fellowship,&nbsp;Spanish Ministry of Science,&nbsp;Innovation and Universities, Ref. BES-2016-076851,&nbsp;Department&nbsp;of Social [&hellip;]<\/p>\n","protected":false},"author":20,"featured_media":0,"parent":0,"menu_order":0,"comment_status":"closed","ping_status":"closed","template":"","meta":{"footnotes":""},"class_list":["post-54","page","type-page","status-publish","hentry"],"_links":{"self":[{"href":"https:\/\/webs.uab.cat\/inmix\/wp-json\/wp\/v2\/pages\/54","targetHints":{"allow":["GET"]}}],"collection":[{"href":"https:\/\/webs.uab.cat\/inmix\/wp-json\/wp\/v2\/pages"}],"about":[{"href":"https:\/\/webs.uab.cat\/inmix\/wp-json\/wp\/v2\/types\/page"}],"author":[{"embeddable":true,"href":"https:\/\/webs.uab.cat\/inmix\/wp-json\/wp\/v2\/users\/20"}],"replies":[{"embeddable":true,"href":"https:\/\/webs.uab.cat\/inmix\/wp-json\/wp\/v2\/comments?post=54"}],"version-history":[{"count":2,"href":"https:\/\/webs.uab.cat\/inmix\/wp-json\/wp\/v2\/pages\/54\/revisions"}],"predecessor-version":[{"id":247,"href":"https:\/\/webs.uab.cat\/inmix\/wp-json\/wp\/v2\/pages\/54\/revisions\/247"}],"wp:attachment":[{"href":"https:\/\/webs.uab.cat\/inmix\/wp-json\/wp\/v2\/media?parent=54"}],"curies":[{"name":"wp","href":"https:\/\/api.w.org\/{rel}","templated":true}]}}