{"id":9,"date":"2009-05-25T13:07:54","date_gmt":"2009-05-25T13:07:54","guid":{"rendered":"https:\/\/webs.uab.cat\/inmix\/inici\/"},"modified":"2026-04-07T10:29:03","modified_gmt":"2026-04-07T10:29:03","slug":"inici","status":"publish","type":"page","link":"https:\/\/webs.uab.cat\/inmix\/","title":{"rendered":""},"content":{"rendered":"\n<p class=\"has-accent-background-color has-background\">Welcome to the website of the INMIX-Research Group on Immigration, Mixedness, and Social Cohesion, officially recognized as a Consolidated Research Group (2021SGR-00181) by the Agency for Management of University and Research Grants (AGAUR), Catalan Government.<\/p>\n\n\n\n<p>Email: \u00a0gr.inmix@uab.cat<\/p>\n\n\n\n<p>Website INMIX Lab:&nbsp;<a href=\"https:\/\/www.researchgate.net\/lab\/INMIX-Lab-Dan-Rodriguez-Garcia\">https:\/\/www.researchgate.net\/lab\/INMIX-Lab-Dan-Rodriguez-Garcia<\/a><\/p>\n\n\n\n<p class=\"has-text-align-center has-larger-font-size\"><strong>Programa Provisional Simposi Internacional Antropologia i Sociologia de les Elits<\/strong><\/p>\n\n\n<div class=\"wp-block-image\">\n<figure class=\"aligncenter size-full is-resized\"><img loading=\"lazy\" decoding=\"async\" width=\"492\" height=\"490\" src=\"https:\/\/webs.uab.cat\/inmix\/wp-content\/uploads\/sites\/59\/2026\/04\/image.png\" alt=\"\" class=\"wp-image-421\" style=\"width:169px;height:auto\" srcset=\"https:\/\/webs.uab.cat\/inmix\/wp-content\/uploads\/sites\/59\/2026\/04\/image.png 492w, https:\/\/webs.uab.cat\/inmix\/wp-content\/uploads\/sites\/59\/2026\/04\/image-300x300.png 300w, https:\/\/webs.uab.cat\/inmix\/wp-content\/uploads\/sites\/59\/2026\/04\/image-150x150.png 150w\" sizes=\"auto, (max-width: 492px) 100vw, 492px\" \/><\/figure>\n<\/div>\n\n\n<p class=\"has-normal-font-size\">Ja est\u00e0 disponible el programa provisional del Simposi Internacional<\/p>\n\n\n\n<p class=\"has-normal-font-size\">Per descarregar el Programa, pots fer clic <a href=\"https:\/\/drive.google.com\/file\/d\/15R7hL7-MXu7hyCfJkeKpzq1khS_cWtiy\/view?usp=sharing\">aqu\u00ed<\/a><\/p>\n\n\n\n<p class=\"has-small-font-size\">You can dowload the programe <a href=\"https:\/\/drive.google.com\/file\/d\/15R7hL7-MXu7hyCfJkeKpzq1khS_cWtiy\/view?usp=sharing\">here<\/a><\/p>\n\n\n<div class=\"wp-block-image\">\n<figure class=\"aligncenter size-full is-resized\"><img loading=\"lazy\" decoding=\"async\" width=\"302\" height=\"301\" src=\"https:\/\/webs.uab.cat\/inmix\/wp-content\/uploads\/sites\/59\/2026\/04\/image-1.png\" alt=\"\" class=\"wp-image-427\" style=\"width:154px;height:auto\" srcset=\"https:\/\/webs.uab.cat\/inmix\/wp-content\/uploads\/sites\/59\/2026\/04\/image-1.png 302w, https:\/\/webs.uab.cat\/inmix\/wp-content\/uploads\/sites\/59\/2026\/04\/image-1-300x300.png 300w, https:\/\/webs.uab.cat\/inmix\/wp-content\/uploads\/sites\/59\/2026\/04\/image-1-150x150.png 150w\" sizes=\"auto, (max-width: 302px) 100vw, 302px\" \/><\/figure>\n<\/div>\n\n\n<p class=\"has-normal-font-size\">Per fer la inscripci\u00f3 com a assistent a l&#8217;esdeveniment, pots fer clic <a href=\"https:\/\/docs.google.com\/forms\/d\/e\/1FAIpQLScCKmQ32maw-NWGP_8Wgnw8_W2UMEAfmAPvse8HR-0sP77zOA\/viewform?usp=header\">aqu\u00ed<\/a><\/p>\n\n\n\n<p class=\"has-small-font-size\">You can do the inscription <a href=\"https:\/\/docs.google.com\/forms\/d\/e\/1FAIpQLScCKmQ32maw-NWGP_8Wgnw8_W2UMEAfmAPvse8HR-0sP77zOA\/viewform?usp=header\">here<\/a><\/p>\n\n\n<div class=\"wp-block-image\">\n<figure class=\"aligncenter size-full is-resized\"><img loading=\"lazy\" decoding=\"async\" width=\"283\" height=\"283\" src=\"https:\/\/webs.uab.cat\/inmix\/wp-content\/uploads\/sites\/59\/2026\/04\/image-2.png\" alt=\"\" class=\"wp-image-430\" style=\"width:145px;height:auto\" srcset=\"https:\/\/webs.uab.cat\/inmix\/wp-content\/uploads\/sites\/59\/2026\/04\/image-2.png 283w, https:\/\/webs.uab.cat\/inmix\/wp-content\/uploads\/sites\/59\/2026\/04\/image-2-150x150.png 150w\" sizes=\"auto, (max-width: 283px) 100vw, 283px\" \/><\/figure>\n<\/div>\n\n\n<p class=\"has-text-align-center\">&#8212;&#8212;&#8212;&#8212;&#8212;&#8212;&#8212;&#8212;&#8212;&#8212;&#8212;&#8212;&#8212;&#8212;&#8212;&#8212;<\/p>\n\n\n\n<p><strong>NEWS!!<\/strong><\/p>\n\n\n\n<p class=\"has-text-align-center has-larger-font-size\"><strong>Jornada:&nbsp;\u2018Catalunya Barreja. Diversitat, mestissatge i cohesi\u00f3 social\u2019<\/strong><br><\/p>\n\n\n\n<p>Benvolguts\/des,&nbsp;<\/p>\n\n\n\n<p>Ens plau convidar-vos a la&nbsp;<strong>Jornada:&nbsp;\u2018<em>Catalunya Barreja. Diversitat, mestissatge i cohesi\u00f3 social\u2019<\/em><\/strong>, que tindr\u00e0 lloc&nbsp;el proper&nbsp;<strong>17 de desembre<\/strong>, de&nbsp;<strong>10:00h. a 14:00h<\/strong>. a&nbsp;l\u2019<strong>Espai \u00c0gora&nbsp;<\/strong>del&nbsp;<strong>Museu d\u2019Hist\u00f2ria de Catalunya<\/strong>&nbsp;(Vegeu&nbsp;el Programa adjunt).<\/p>\n\n\n\n<p>Es tracta d\u2019una jornada de transfer\u00e8ncia organitzada Grup de Recerca Consolidat INMIX &#8211; Immigraci\u00f3, Mestissatge i Cohesi\u00f3 social (Departament d\u2019Antropologia social i cultural de la UAB), i amb la col\u00b7laboraci\u00f3 de diferents entitats i organismes de l\u2019administraci\u00f3, per parlar de la realitat de la immigraci\u00f3, les minories, la diversitat i el mestissatge&nbsp;a Catalunya, en clau proactiva de cohesi\u00f3 social, per tal de generar una narrativa positiva que ajudi a fer de contrap\u00e8s al discurs reaccionari d&#8217;extrema dreta, xen\u00f2fob i racista, que est\u00e0 en perill\u00f3s augment a tota Europa.&nbsp;<\/p>\n\n\n\n<p>La Jornada inclou tant una visi\u00f3 acad\u00e8mica (amb una pon\u00e8ncia inaugural), com pol\u00edtica i t\u00e8cnica (amb representants de l\u2019administraci\u00f3 i entitats) i tamb\u00e9 vivencial (amb una taula-conversatori obert).&nbsp;<\/p>\n\n\n\n<p>L\u2019assist\u00e8ncia es pot confirmar a trav\u00e9s d\u2019aquest enlla\u00e7:&nbsp;<a rel=\"noreferrer noopener\" target=\"_blank\" href=\"https:\/\/forms.gle\/AxAJNXRxXbFThbj9A\">https:\/\/forms.gle\/AxAJNXRxXbFThbj9A<\/a>&nbsp;&nbsp;o del&nbsp;QR que apareix al programa.<\/p>\n\n\n\n<p>Us hi esperem!<\/p>\n\n\n<div class=\"wp-block-image\">\n<figure class=\"aligncenter size-full\"><a href=\"https:\/\/webs.uab.cat\/inmix\/wp-content\/uploads\/sites\/59\/2025\/12\/Jornada-Catalunya-Barreja_FINAL.pdf\"><img loading=\"lazy\" decoding=\"async\" width=\"315\" height=\"460\" src=\"https:\/\/webs.uab.cat\/inmix\/wp-content\/uploads\/sites\/59\/2025\/12\/programa_mess.jpg\" alt=\"\" class=\"wp-image-395\" srcset=\"https:\/\/webs.uab.cat\/inmix\/wp-content\/uploads\/sites\/59\/2025\/12\/programa_mess.jpg 315w, https:\/\/webs.uab.cat\/inmix\/wp-content\/uploads\/sites\/59\/2025\/12\/programa_mess-205x300.jpg 205w\" sizes=\"auto, (max-width: 315px) 100vw, 315px\" \/><\/a><\/figure>\n<\/div>\n\n\n<p class=\"has-text-align-center\">&#8212;&#8212;&#8212;&#8212;&#8212;&#8212;&#8212;&#8212;&#8212;&#8212;&#8212;&#8212;&#8212;&#8212;&#8212;&#8212;<\/p>\n\n\n\n<p><\/p>\n\n\n\n<p class=\"has-text-align-center\"><strong>Call for Papers Symposium Anthropology and Sociology of Elites<\/strong><\/p>\n\n\n\n<p class=\"has-text-align-center\"><em>Deadline Abstracts: January &#8211; 15 &#8211; 2026<\/em><\/p>\n\n\n<div class=\"wp-block-image\">\n<figure class=\"aligncenter size-full is-resized\"><a href=\"https:\/\/webs.uab.cat\/inmix\/en\/call-for-papers-simposium-of-anthropology-and-sociology-of-the-elites\/\"><img loading=\"lazy\" decoding=\"async\" width=\"542\" height=\"539\" src=\"https:\/\/webs.uab.cat\/inmix\/wp-content\/uploads\/sites\/59\/2025\/09\/Logo_simposio.jpeg\" alt=\"\" class=\"wp-image-333\" style=\"width:202px;height:auto\" srcset=\"https:\/\/webs.uab.cat\/inmix\/wp-content\/uploads\/sites\/59\/2025\/09\/Logo_simposio.jpeg 542w, https:\/\/webs.uab.cat\/inmix\/wp-content\/uploads\/sites\/59\/2025\/09\/Logo_simposio-300x298.jpeg 300w, https:\/\/webs.uab.cat\/inmix\/wp-content\/uploads\/sites\/59\/2025\/09\/Logo_simposio-150x150.jpeg 150w\" sizes=\"auto, (max-width: 542px) 100vw, 542px\" \/><\/a><\/figure>\n<\/div>\n\n\n<p class=\"has-text-align-center\"><a href=\"https:\/\/webs.uab.cat\/inmix\/en\/call-for-papers-simposium-of-anthropology-and-sociology-of-the-elites\/\">More Information <\/a><\/p>\n\n\n\n<p><strong>DOCUMENTARY<\/strong><\/p>\n\n\n\n<p>\u00a1Release of the&nbsp;documentary&nbsp;<strong><a href=\"https:\/\/youtu.be\/RYHKCaERcFs\"><em>MIXED VOICES \/ VOCES MIXTAS<\/em><\/a><\/strong>&nbsp;!<\/p>\n\n\n\n<figure class=\"wp-block-embed is-type-video is-provider-youtube wp-block-embed-youtube wp-embed-aspect-16-9 wp-has-aspect-ratio\"><div class=\"wp-block-embed__wrapper\">\n<iframe loading=\"lazy\" title=\"MIXED VOICES  \/  VOCES MIXTAS\" width=\"580\" height=\"326\" src=\"https:\/\/www.youtube.com\/embed\/RYHKCaERcFs?feature=oembed\" frameborder=\"0\" allow=\"accelerometer; autoplay; clipboard-write; encrypted-media; gyroscope; picture-in-picture; web-share\" referrerpolicy=\"strict-origin-when-cross-origin\" allowfullscreen><\/iframe>\n<\/div><\/figure>\n\n\n\n<p>Youtube Link:&nbsp;&nbsp;<strong>https:\/\/youtu.be\/RYHKCaERcFs<\/strong><\/p>\n\n\n\n<p>This topical short documentary,&nbsp;produced by the INMIX-UAB (Research Group on Immigration, Mixedness, and Social Cohesion),&nbsp;features interviews with multiethnic and multiracial youth living in Catalonia, Spain, who talk about their mixed heritage and its meaning for them, their identity and sense of belonging, and their experiences of discrimination and agency. Through these narratives,&nbsp;<em>MIXED VOICES<\/em>&nbsp;reveals that the positive, empowering experiences of mixedness\u2014a growing reality in Spain as well as across the globe\u2014can coexist with&nbsp;negative stereotypes and prejudices and the continued stigmatization and discrimination of&nbsp;racialized groups, who are more constrained in their identity options. In this way, the documentary highlights the socially transformative aspects of mixedness while alerting us to persistent social divisions that hinder social inclusion and cohesion.&nbsp;<\/p>\n\n\n\n<p>For more information about the documentary, click on \u201cShow more\u201d under the Youtube video screen.<\/p>\n","protected":false},"excerpt":{"rendered":"<p>Welcome to the website of the INMIX-Research Group on Immigration, Mixedness, and Social Cohesion, officially recognized as a Consolidated Research Group (2021SGR-00181) by the Agency for Management of University and Research Grants (AGAUR), Catalan Government. Email: \u00a0gr.inmix@uab.cat Website INMIX Lab:&nbsp;https:\/\/www.researchgate.net\/lab\/INMIX-Lab-Dan-Rodriguez-Garcia Programa Provisional Simposi Internacional Antropologia i Sociologia de les Elits Ja est\u00e0 disponible el programa [&hellip;]<\/p>\n","protected":false},"author":20,"featured_media":0,"parent":0,"menu_order":0,"comment_status":"closed","ping_status":"closed","template":"","meta":{"footnotes":""},"class_list":["post-9","page","type-page","status-publish","hentry"],"_links":{"self":[{"href":"https:\/\/webs.uab.cat\/inmix\/wp-json\/wp\/v2\/pages\/9","targetHints":{"allow":["GET"]}}],"collection":[{"href":"https:\/\/webs.uab.cat\/inmix\/wp-json\/wp\/v2\/pages"}],"about":[{"href":"https:\/\/webs.uab.cat\/inmix\/wp-json\/wp\/v2\/types\/page"}],"author":[{"embeddable":true,"href":"https:\/\/webs.uab.cat\/inmix\/wp-json\/wp\/v2\/users\/20"}],"replies":[{"embeddable":true,"href":"https:\/\/webs.uab.cat\/inmix\/wp-json\/wp\/v2\/comments?post=9"}],"version-history":[{"count":25,"href":"https:\/\/webs.uab.cat\/inmix\/wp-json\/wp\/v2\/pages\/9\/revisions"}],"predecessor-version":[{"id":434,"href":"https:\/\/webs.uab.cat\/inmix\/wp-json\/wp\/v2\/pages\/9\/revisions\/434"}],"wp:attachment":[{"href":"https:\/\/webs.uab.cat\/inmix\/wp-json\/wp\/v2\/media?parent=9"}],"curies":[{"name":"wp","href":"https:\/\/api.w.org\/{rel}","templated":true}]}}