{"id":60,"date":"2013-03-19T18:02:52","date_gmt":"2013-03-19T18:02:52","guid":{"rendered":"https:\/\/webs.uab.cat\/institucionsmites\/inici-0\/"},"modified":"2022-07-22T07:53:59","modified_gmt":"2022-07-22T07:53:59","slug":"inici-0","status":"publish","type":"page","link":"https:\/\/webs.uab.cat\/institucionsmites\/","title":{"rendered":"Inici"},"content":{"rendered":"\n<h2 class=\"wp-block-heading\"><strong>Institucions i mites a la Gr\u00e8cia antiga: estudi diacr\u00f2nic a partir de les fonts gregues<\/strong><\/h2>\n\n\n\n<p>La tasca investigadora del Grup abra\u00e7a un ampli marc cronol\u00f2gic: de les darreries del II mil\u00b7lenni aC als primers segles de la nostra era. Aquesta amplitud respon a les especialitzacions dels seus components, en qu\u00e8 conflueixen especialistes en fonts gregues del II mil\u00b7lenni aC, estudiosos de les primeres etapes de les institucions gregues i estudiosos de les primeres formalitzacions liter\u00e0ries del mite, i estudiosos de les recopilacions de mites, que conformen la llarga tradici\u00f3 de mit\u00f2grafs.<\/p>\n\n\n\n<p>Aquestes especialitzacions, que garanteixen el rigor de la recerca, es tradueixen en una articulaci\u00f3 en tres subgrups. Els resultats obtinguts seran integrats en un conjunt: an\u00e0lisi de testimonis, literaris i epigr\u00e0fics, que permetin reconstruir l\u2019evoluci\u00f3 de les institucions religioses, pol\u00edtiques, jur\u00eddiques de l\u2019Antiguitat grega, subratllant la riquesa de la tradici\u00f3 m\u00edtica, en qu\u00e8 els enfocaments d\u2019un mite es relacionen amb els aspectes institucionals del moment hist\u00f2ric en qu\u00e8 es donen.&nbsp;&nbsp;<\/p>\n","protected":false},"excerpt":{"rendered":"<p>Institucions i mites a la Gr\u00e8cia antiga: estudi diacr\u00f2nic a partir de les fonts gregues La tasca investigadora del Grup abra\u00e7a un ampli marc cronol\u00f2gic: de les darreries del II mil\u00b7lenni aC als primers segles de la nostra era. Aquesta amplitud respon a les especialitzacions dels seus components, en qu\u00e8 conflueixen especialistes en fonts gregues [&hellip;]<\/p>\n","protected":false},"author":20,"featured_media":0,"parent":0,"menu_order":0,"comment_status":"closed","ping_status":"closed","template":"","meta":{"footnotes":""},"class_list":["post-60","page","type-page","status-publish","hentry"],"_links":{"self":[{"href":"https:\/\/webs.uab.cat\/institucionsmites\/wp-json\/wp\/v2\/pages\/60","targetHints":{"allow":["GET"]}}],"collection":[{"href":"https:\/\/webs.uab.cat\/institucionsmites\/wp-json\/wp\/v2\/pages"}],"about":[{"href":"https:\/\/webs.uab.cat\/institucionsmites\/wp-json\/wp\/v2\/types\/page"}],"author":[{"embeddable":true,"href":"https:\/\/webs.uab.cat\/institucionsmites\/wp-json\/wp\/v2\/users\/20"}],"replies":[{"embeddable":true,"href":"https:\/\/webs.uab.cat\/institucionsmites\/wp-json\/wp\/v2\/comments?post=60"}],"version-history":[{"count":1,"href":"https:\/\/webs.uab.cat\/institucionsmites\/wp-json\/wp\/v2\/pages\/60\/revisions"}],"predecessor-version":[{"id":92,"href":"https:\/\/webs.uab.cat\/institucionsmites\/wp-json\/wp\/v2\/pages\/60\/revisions\/92"}],"wp:attachment":[{"href":"https:\/\/webs.uab.cat\/institucionsmites\/wp-json\/wp\/v2\/media?parent=60"}],"curies":[{"name":"wp","href":"https:\/\/api.w.org\/{rel}","templated":true}]}}