{"id":64,"date":"2013-03-19T18:05:03","date_gmt":"2013-03-19T18:05:03","guid":{"rendered":"https:\/\/webs.uab.cat\/institucionsmites\/colloqui-terra-territori-i-poblacio-lantiga-grecia\/"},"modified":"2022-07-23T22:06:46","modified_gmt":"2022-07-23T22:06:46","slug":"colloqui-terra-territori-i-poblacio-lantiga-grecia","status":"publish","type":"page","link":"https:\/\/webs.uab.cat\/institucionsmites\/colloqui-terra-territori-i-poblacio-lantiga-grecia\/","title":{"rendered":"Col.loqui: Terra, territori i poblaci\u00f3 a l&#8217;antiga Gr\u00e8cia"},"content":{"rendered":"\n<p><strong>&nbsp;Primera circular \/ Call for papers<br><\/strong><\/p>\n\n\n\n<blockquote class=\"wp-block-quote is-layout-flow wp-block-quote-is-layout-flow\"><p><strong>1a circular<br>Tierra, territorio y poblaci\u00f3n en la Grecia antigua: aspectos institucionales y m\u00edticos<br>Coloquio Internacional<br>Bellaterra (Barcelona), 23, 24 y 25 de octubre de 2013<\/strong><\/p><\/blockquote>\n\n\n\n<p><strong>&nbsp;<\/strong>Con este Coloquio culmina la labor investigadora llevada a cabo durante los \u00faltimos cinco a\u00f1os por el Grupo de Investigaci\u00f3n del \u00c1rea de Filolog\u00eda Griega del Departament de Ci\u00e8ncies de l\u2019Antiguitat i de l\u2019Edat Mitjana de la UAB, financiado por la Ag\u00e8ncia de Gesti\u00f3 d&#8217;Ajuts Universitaris i de Recerca (AGAUR) de la Generalitat de Catalunya, y que lleva por t\u00edtulo: \u201cInstituciones y mitos en la Grecia antigua: Estudio diacr\u00f3nico a partir de las fuentes griegas&#8221;.<\/p>\n\n\n\n<p>En este Grupo confluyen estudiosos del desarrollo de las instituciones en el mundo griego desde sus primeras manifestaciones documentadas (las inscripciones mic\u00e9nicas del II milenio a. C.), instituciones que tienen en las primeras formalizaciones literarias del mito una fuente indirecta muy valiosa, y especialistas en recopilaci\u00f3n, adaptaci\u00f3n y estructuraci\u00f3n de los temas m\u00edticos desde los primeros testimonios literarios hasta la Antig\u00fcedad tard\u00eda, con los llamados \u2018mit\u00f3grafos\u2019.<\/p>\n\n\n\n<p>En el Coloquio que presentamos hemos priorizado, entre los diferentes aspectos institucionales y m\u00edticos, el estudio de fuentes escritas relativas a: a) la tierra como fuente de recursos vitales para la comunidad humana; b) el territorio entendido como tierra delimitada pre-pol\u00edtica y\/o pol\u00edticamente; c) los grupos de poblaci\u00f3n que conforman una comunidad determinada, y su movilidad. Las fuentes escritas sobre las relaciones entre tierra, territorio y poblaci\u00f3n en la Grecia antigua comprenden un per\u00edodo cronol\u00f3gico amplio, que se extiende desde los primeros testimonios del II milenio a. C. hasta la Antig\u00fcedad tard\u00eda. En este marco tem\u00e1tico ser\u00e1n bienvenidas las aportaciones que traten los aspectos siguientes:<\/p>\n\n\n\n<p>1) Relaciones entre poblaciones en el II y en el I milenio a. C.<br>2) Regulaci\u00f3n legal de las relaciones con el exterior. La condici\u00f3n de &#8216;extranjero&#8217;.<br>3) V\u00ednculos culturales y comerciales.<br>4) Ocupaci\u00f3n y producci\u00f3n de la tierra: colonizaci\u00f3n, fundaci\u00f3n de ciudades y distribuci\u00f3n de tierras. Diferentes grados de acceso a la posesi\u00f3n de la tierra.<br>5) Movimientos migratorios.<br>6) Relaciones entre los santuarios y su entorno topogr\u00e1fico.<\/p>\n\n\n\n<p>Las ponencias ir\u00e1n a cargo de: Deborah Boedeker (Brown University), Esteban Calder\u00f3n (Universidad de Murcia), Madalina Dana (Universit\u00e9 de Paris 1 Panth\u00e9on-Sorbonne), Marc Domingo (Princeton University), Marie-Louise Nosch (University of Copenhagen), Julien Zurbach (\u00c9cole normale sup\u00e9rieure, Paris).<\/p>\n\n\n\n<p>Se admitir\u00e1n contribuciones en formato de comunicaci\u00f3n y p\u00f3ster en catal\u00e1n, castellano, ingl\u00e9s, franc\u00e9s, alem\u00e1n e italiano. Plazo de presentaci\u00f3n de contribuciones: Debe enviarse el t\u00edtulo y un resumen de 250 palabras a cualquiera de los miembros del Comit\u00e9 organizador antes del 20 de septiembre de 2013. Las comunicaciones que sean aceptadas por el Comit\u00e9 cient\u00edfico tendr\u00e1n una duraci\u00f3n m\u00e1xima de 20\u00b4para su exposici\u00f3n oral. Est\u00e1 prevista la publicaci\u00f3n de las ponencias y comunicaciones presentadas en este Coloquio. Para el dise\u00f1o de los p\u00f3sters se puede descargar la <a href=\"https:\/\/webs.uab.cat\/institucionsmites\/wp-content\/uploads\/sites\/58\/2016\/11\/Guidelines_Posters_Colloq_SGR.pdf\" data-type=\"attachment\" data-id=\"65\">gu\u00eda aqu\u00ed<\/a>.\u00a0<\/p>\n\n\n\n<p><strong><a href=\"https:\/\/webs.uab.cat\/institucionsmites\/wp-content\/uploads\/sites\/58\/2016\/11\/Programa_Coll_SGR.pdf\" data-type=\"attachment\" data-id=\"69\" target=\"_blank\" rel=\"noreferrer noopener\"><span style=\"text-decoration: underline;\">PROGRAMA DE LAS SESIONES<\/span><\/a><\/strong><\/p>\n\n\n\n<p><a href=\"http:\/\/www.reunionsciencia.eventszone.net\/myCongress5\/form.php?thisFormCongress=greciaantiga&amp;thisFormLanguage=es\" target=\"_blank\" rel=\"noopener\"><strong>INSCRIPCI\u00d3N ONLINE<\/strong> <\/a><\/p>\n\n\n\n<p>Comit\u00e9 organizador: M. Oller (<a href=\"mailto:marta.oller@uab.cat\">marta.oller@uab.cat<\/a>), J.P\u00e0mias (<a href=\"mailto:jordi.pamias@uab.cat\">jordi.pamias@uab.cat<\/a>), C. Varias (<a href=\"mailto:carlos.varias@uab.cat\">carlos.varias@uab.cat<\/a>)<br>Comit\u00e9 cient\u00edfico: F. Aura, A. Bernab\u00e9, J. Cors, F. Cuartero, L. Dubois, J. L. Garc\u00eda Ram\u00f3n, J. L. Melena, M. Oller, J. P\u00e0mias, R. A. Santiago, C. Varias<\/p>\n\n\n\n<p>Para <strong>alojamiento<\/strong>, el Campus de la UAB pone a disposici\u00f3n de los participantes habitaciones en el Hotel Campus, a escasa distancia a pie de la sede del Coloquio: <a href=\"https:\/\/webs.uab.cat\/institucionsmites\/wp-content\/uploads\/sites\/58\/2016\/11\/Accomodation-Guide.pdf\" data-type=\"attachment\" data-id=\"66\" target=\"_blank\" rel=\"noreferrer noopener\"><span style=\"text-decoration: underline;\"><strong>Gu\u00eda para alojamiento<\/strong><\/span><\/a> \/ <a href=\"https:\/\/webs.uab.cat\/institucionsmites\/wp-content\/uploads\/sites\/58\/2016\/11\/ACCOMMODATION-BOOKING-FORM_HOTEL-CAMPUS_CODES-2014.pdf\" data-type=\"attachment\" data-id=\"67\" target=\"_blank\" rel=\"noreferrer noopener\"><span style=\"text-decoration: underline;\"><strong>Reserva<\/strong><\/span><\/a><\/p>\n\n\n\n<blockquote class=\"wp-block-quote is-layout-flow wp-block-quote-is-layout-flow\"><p><strong>Call for papers <br><strong>Land, Territory and Population in Ancient Greece: Institutional and Mythical Aspects <strong><br>International Conference <br><strong>Bellaterra (Barcelona), 23 &#8211; 25 Oct. 2013<\/strong><\/strong><\/strong><\/strong><\/p><\/blockquote>\n\n\n\n<p>This conference culminates the research conducted over the last five years by the Greek Philology Research Team of the Department of Antiquity and Middle Ages at the Universitat Aut\u00f2noma de Barcelona. The Research Project is funded by the Generalitat de Catalunya (Government of Catalonia) and bears the title \u201cInstitutions and Myths in Ancient Greece: a diachronic study from the Greek sources\u201d.<\/p>\n\n\n\n<p>This Team assembles, on the one hand, scholars devoted to the study of the development of institutions in the Greek world from the earliest extant evidence (the II Millenium BC Mycenaean inscriptions), institutions which find an extremely valuable indirect source in myth; and, on the other hand, researchers focusing on the compilation, adaptation and structuring of mythical themes from the first literary evidence up to Late Antiquity, with the emergence of the so called \u201cmythographers\u201d.<\/p>\n\n\n\n<p>Among the different institutional and mythical aspects, priority has been given to the study of written sources regarding a) Land as source of vital resources for human communities; b) Territory understood as a pre-politically and\/or politically delimited land; and c) Population groups shaping a certain community, along with their mobility. Ancient Greek sources on the relations between land, territory and population cover a wide time span stretching from the first testimonies of the II Millennium up to Late Antiquity. Within this thematic frame, contributions addressing topics such as the ones detailed below will be most welcome:<\/p>\n\n\n\n<p>1)&nbsp;&nbsp;&nbsp;&nbsp;&nbsp; Population relationships in the II and I Millenium BC.<br>2)&nbsp;&nbsp;&nbsp;&nbsp;&nbsp; Legal regulation of foreign relations. The condition of \u2018foreigner\u2019.<br>3)&nbsp;&nbsp;&nbsp;&nbsp;&nbsp; Cultural and commercial ties.<br>4)&nbsp;&nbsp;&nbsp;&nbsp;&nbsp; Land occupation and production: Colonization, foundation of cities and land distribution. Different degrees of access to land tenure.<br>5)&nbsp;&nbsp;&nbsp;&nbsp;&nbsp; Migration movements.<br>6)&nbsp;&nbsp;&nbsp;&nbsp;&nbsp; Relations between sanctuaries and their topographic setting.<\/p>\n\n\n\n<p>Lectures will be held by Deborah Boedeker (Brown University), Esteban Calder\u00f3n (Universidad de Murcia), Madalina Dana (Universit\u00e9 de Paris I Panth\u00e9on-Sorbonne), Marc Domingo (Princeton University), Marie-Louise Nosch (University of Copenhagen), Julien Zurbach (\u00c9cole Normale Sup\u00e9rieure, Paris).<\/p>\n\n\n\n<p>Paper and panel contributions will be admitted in Catalan, Spanish, English, French, German and Italian. Deadline for submission of contributions: an abstract of 250 words must be submitted to any member of the Organization Committee before September 20th, 2013. Communications should not exceed 20 minutes. Instructions for the design of posters can be <a href=\"https:\/\/webs.uab.cat\/institucionsmites\/wp-content\/uploads\/sites\/58\/2016\/11\/Guidelines_Posters_Colloq_SGR.pdf\" data-type=\"attachment\" data-id=\"65\" target=\"_blank\" rel=\"noreferrer noopener\">downloaded here<\/a>.<\/p>\n\n\n\n<p><strong><a href=\"https:\/\/webs.uab.cat\/institucionsmites\/wp-content\/uploads\/sites\/58\/2016\/11\/Programa_Coll_SGR.pdf\" data-type=\"attachment\" data-id=\"69\" target=\"_blank\" rel=\"noreferrer noopener\"><span style=\"text-decoration: underline;\">PROGRAM OF THE SESSIONS<\/span><\/a><\/strong><\/p>\n\n\n\n<p><a href=\"http:\/\/www.reunionsciencia.eventszone.net\/myCongress5\/form.php?thisFormCongress=greciaantiga&amp;thisFormLanguage=en\" target=\"_blank\" rel=\"noopener\"><strong>ONLINE REGISTRATION<\/strong><\/a><\/p>\n\n\n\n<p>Organisation&#8217;s board: M. Oller (<a href=\"mailto:marta.oller@uab.cat\">marta.oller@uab.cat<\/a>), J.P\u00e0mias (<a href=\"mailto:jordi.pamias@uab.cat\">jordi.pamias@uab.cat<\/a>), C. Varias (<a href=\"mailto:carlos.varias@uab.cat\">carlos.varias@uab.cat<\/a>)<br>Scientific board: F. Aura, A. Bernab\u00e9, J. Cors, F. Cuartero, L. Dubois, J. L. Garc\u00eda Ram\u00f3n, J. L. Melena, M. Oller, J. P\u00e0mias, R. A. Santiago, C. Varias<\/p>\n\n\n\n<p>In search for <strong>accommodation<\/strong>? Rooms available at Hotel Campus, located within walking distance from the Conference Hall: <a href=\"https:\/\/webs.uab.cat\/institucionsmites\/wp-content\/uploads\/sites\/58\/2016\/11\/Accomodation-Guide.pdf\" data-type=\"attachment\" data-id=\"66\" target=\"_blank\" rel=\"noreferrer noopener\"><span style=\"text-decoration: underline;\"><strong>Guide for accommodation<\/strong><\/span><\/a> \/ <a href=\"https:\/\/webs.uab.cat\/institucionsmites\/wp-content\/uploads\/sites\/58\/2016\/11\/ACCOMMODATION-BOOKING-FORM_HOTEL-CAMPUS_CODES-2014.pdf\" data-type=\"attachment\" data-id=\"67\" target=\"_blank\" rel=\"noreferrer noopener\"><span style=\"text-decoration: underline;\"><strong>Booking Form<\/strong><\/span><\/a><\/p>\n","protected":false},"excerpt":{"rendered":"<p>&nbsp;Primera circular \/ Call for papers 1a circularTierra, territorio y poblaci\u00f3n en la Grecia antigua: aspectos institucionales y m\u00edticosColoquio InternacionalBellaterra (Barcelona), 23, 24 y 25 de octubre de 2013 &nbsp;Con este Coloquio culmina la labor investigadora llevada a cabo durante los \u00faltimos cinco a\u00f1os por el Grupo de Investigaci\u00f3n del \u00c1rea de Filolog\u00eda Griega del [&hellip;]<\/p>\n","protected":false},"author":20,"featured_media":0,"parent":0,"menu_order":0,"comment_status":"closed","ping_status":"closed","template":"","meta":{"footnotes":""},"class_list":["post-64","page","type-page","status-publish","hentry"],"_links":{"self":[{"href":"https:\/\/webs.uab.cat\/institucionsmites\/wp-json\/wp\/v2\/pages\/64","targetHints":{"allow":["GET"]}}],"collection":[{"href":"https:\/\/webs.uab.cat\/institucionsmites\/wp-json\/wp\/v2\/pages"}],"about":[{"href":"https:\/\/webs.uab.cat\/institucionsmites\/wp-json\/wp\/v2\/types\/page"}],"author":[{"embeddable":true,"href":"https:\/\/webs.uab.cat\/institucionsmites\/wp-json\/wp\/v2\/users\/20"}],"replies":[{"embeddable":true,"href":"https:\/\/webs.uab.cat\/institucionsmites\/wp-json\/wp\/v2\/comments?post=64"}],"version-history":[{"count":4,"href":"https:\/\/webs.uab.cat\/institucionsmites\/wp-json\/wp\/v2\/pages\/64\/revisions"}],"predecessor-version":[{"id":103,"href":"https:\/\/webs.uab.cat\/institucionsmites\/wp-json\/wp\/v2\/pages\/64\/revisions\/103"}],"wp:attachment":[{"href":"https:\/\/webs.uab.cat\/institucionsmites\/wp-json\/wp\/v2\/media?parent=64"}],"curies":[{"name":"wp","href":"https:\/\/api.w.org\/{rel}","templated":true}]}}