{"id":115,"date":"2017-02-20T10:55:39","date_gmt":"2017-02-20T08:55:39","guid":{"rendered":"https:\/\/webs.uab.cat\/interasia\/inici\/"},"modified":"2026-04-23T10:28:17","modified_gmt":"2026-04-23T08:28:17","slug":"inici","status":"publish","type":"page","link":"https:\/\/webs.uab.cat\/interasia\/en\/","title":{"rendered":"Home"},"content":{"rendered":"\n<h2 class=\"wp-block-heading\">Welcome<\/h2>\n\n\n\n<p>The current globalization is characterized by the speeding up and intensification of the flow of exchanges between different areas of the world.<\/p>\n\n\n\n<p>East Asia\u2019s presence is increasingly closer and evident in the global context. However, far from deepening mutual understanding, the dominant imaginary still emphasizes distance and remoteness.<\/p>\n\n\n\n<p>The processes and dynamics of exchange that developed from the encounter between people and social groups with their own cultural peculiarities need to be recognized in order to overcome the barriers and hierarchies that separate us.<\/p>\n\n\n\n<p>The aim of this website is to bring to light the cultural diversity present in East Asia, as well as the bidirectional cultural transfers between East Asia and the rest of the world.<\/p>\n\n\n\n<p>&nbsp;<\/p>\n\n\n\n<h2 class=\"wp-block-heading\">Activities<\/h2>\n\n\n\n<figure class=\"wp-block-image size-large\"><img loading=\"lazy\" decoding=\"async\" width=\"1024\" height=\"724\" src=\"https:\/\/webs.uab.cat\/interasia\/wp-content\/uploads\/sites\/224\/2026\/04\/Seminario-sociedad-civil-hor-1-1024x724.jpeg\" alt=\"\" class=\"wp-image-2333\" srcset=\"https:\/\/webs.uab.cat\/interasia\/wp-content\/uploads\/sites\/224\/2026\/04\/Seminario-sociedad-civil-hor-1-1024x724.jpeg 1024w, https:\/\/webs.uab.cat\/interasia\/wp-content\/uploads\/sites\/224\/2026\/04\/Seminario-sociedad-civil-hor-1-300x212.jpeg 300w, https:\/\/webs.uab.cat\/interasia\/wp-content\/uploads\/sites\/224\/2026\/04\/Seminario-sociedad-civil-hor-1-768x543.jpeg 768w, https:\/\/webs.uab.cat\/interasia\/wp-content\/uploads\/sites\/224\/2026\/04\/Seminario-sociedad-civil-hor-1-1536x1086.jpeg 1536w, https:\/\/webs.uab.cat\/interasia\/wp-content\/uploads\/sites\/224\/2026\/04\/Seminario-sociedad-civil-hor-1-2048x1448.jpeg 2048w, https:\/\/webs.uab.cat\/interasia\/wp-content\/uploads\/sites\/224\/2026\/04\/Seminario-sociedad-civil-hor-1-1200x848.jpeg 1200w, https:\/\/webs.uab.cat\/interasia\/wp-content\/uploads\/sites\/224\/2026\/04\/Seminario-sociedad-civil-hor-1-1980x1400.jpeg 1980w\" sizes=\"auto, (max-width: 1024px) 100vw, 1024px\" \/><\/figure>\n\n\n\n<figure class=\"wp-block-image size-large\"><img loading=\"lazy\" decoding=\"async\" width=\"1024\" height=\"724\" src=\"https:\/\/webs.uab.cat\/interasia\/wp-content\/uploads\/sites\/224\/2026\/04\/hor-1-1024x724.jpeg\" alt=\"\" class=\"wp-image-2330\" srcset=\"https:\/\/webs.uab.cat\/interasia\/wp-content\/uploads\/sites\/224\/2026\/04\/hor-1-1024x724.jpeg 1024w, https:\/\/webs.uab.cat\/interasia\/wp-content\/uploads\/sites\/224\/2026\/04\/hor-1-300x212.jpeg 300w, https:\/\/webs.uab.cat\/interasia\/wp-content\/uploads\/sites\/224\/2026\/04\/hor-1-768x543.jpeg 768w, https:\/\/webs.uab.cat\/interasia\/wp-content\/uploads\/sites\/224\/2026\/04\/hor-1-1536x1086.jpeg 1536w, https:\/\/webs.uab.cat\/interasia\/wp-content\/uploads\/sites\/224\/2026\/04\/hor-1-2048x1448.jpeg 2048w, https:\/\/webs.uab.cat\/interasia\/wp-content\/uploads\/sites\/224\/2026\/04\/hor-1-1200x848.jpeg 1200w, https:\/\/webs.uab.cat\/interasia\/wp-content\/uploads\/sites\/224\/2026\/04\/hor-1-1980x1400.jpeg 1980w\" sizes=\"auto, (max-width: 1024px) 100vw, 1024px\" \/><\/figure>\n\n\n\n<div class=\"wp-block-columns is-layout-flex wp-container-core-columns-is-layout-9d6595d7 wp-block-columns-is-layout-flex\">\n<div class=\"wp-block-column is-layout-flow wp-block-column-is-layout-flow\">\n<figure class=\"wp-block-gallery has-nested-images columns-default is-cropped wp-block-gallery-1 is-layout-flex wp-block-gallery-is-layout-flex\">\n<figure class=\"wp-block-image size-large\"><img loading=\"lazy\" decoding=\"async\" width=\"724\" height=\"1024\" data-id=\"2290\" src=\"https:\/\/webs.uab.cat\/interasia\/wp-content\/uploads\/sites\/224\/2025\/10\/cartell-retorn-a-liangshan-vertical-724x1024.jpeg\" alt=\"\" class=\"wp-image-2290\" srcset=\"https:\/\/webs.uab.cat\/interasia\/wp-content\/uploads\/sites\/224\/2025\/10\/cartell-retorn-a-liangshan-vertical-724x1024.jpeg 724w, https:\/\/webs.uab.cat\/interasia\/wp-content\/uploads\/sites\/224\/2025\/10\/cartell-retorn-a-liangshan-vertical-212x300.jpeg 212w, https:\/\/webs.uab.cat\/interasia\/wp-content\/uploads\/sites\/224\/2025\/10\/cartell-retorn-a-liangshan-vertical-768x1086.jpeg 768w, https:\/\/webs.uab.cat\/interasia\/wp-content\/uploads\/sites\/224\/2025\/10\/cartell-retorn-a-liangshan-vertical-1086x1536.jpeg 1086w, https:\/\/webs.uab.cat\/interasia\/wp-content\/uploads\/sites\/224\/2025\/10\/cartell-retorn-a-liangshan-vertical-1448x2048.jpeg 1448w, https:\/\/webs.uab.cat\/interasia\/wp-content\/uploads\/sites\/224\/2025\/10\/cartell-retorn-a-liangshan-vertical-1200x1697.jpeg 1200w, https:\/\/webs.uab.cat\/interasia\/wp-content\/uploads\/sites\/224\/2025\/10\/cartell-retorn-a-liangshan-vertical-1980x2800.jpeg 1980w, https:\/\/webs.uab.cat\/interasia\/wp-content\/uploads\/sites\/224\/2025\/10\/cartell-retorn-a-liangshan-vertical-scaled.jpeg 1811w\" sizes=\"auto, (max-width: 724px) 100vw, 724px\" \/><\/figure>\n<\/figure>\n<\/div>\n\n\n\n<div class=\"wp-block-column is-layout-flow wp-block-column-is-layout-flow\">\n<figure class=\"wp-block-gallery has-nested-images columns-default is-cropped wp-block-gallery-2 is-layout-flex wp-block-gallery-is-layout-flex\">\n<figure class=\"wp-block-image size-large\"><img loading=\"lazy\" decoding=\"async\" width=\"724\" height=\"1024\" data-id=\"2300\" src=\"https:\/\/webs.uab.cat\/interasia\/wp-content\/uploads\/sites\/224\/2025\/10\/Buhamo-text-1-724x1024.jpeg\" alt=\"\" class=\"wp-image-2300\" srcset=\"https:\/\/webs.uab.cat\/interasia\/wp-content\/uploads\/sites\/224\/2025\/10\/Buhamo-text-1-724x1024.jpeg 724w, https:\/\/webs.uab.cat\/interasia\/wp-content\/uploads\/sites\/224\/2025\/10\/Buhamo-text-1-212x300.jpeg 212w, https:\/\/webs.uab.cat\/interasia\/wp-content\/uploads\/sites\/224\/2025\/10\/Buhamo-text-1-768x1086.jpeg 768w, https:\/\/webs.uab.cat\/interasia\/wp-content\/uploads\/sites\/224\/2025\/10\/Buhamo-text-1-1086x1536.jpeg 1086w, https:\/\/webs.uab.cat\/interasia\/wp-content\/uploads\/sites\/224\/2025\/10\/Buhamo-text-1-1448x2048.jpeg 1448w, https:\/\/webs.uab.cat\/interasia\/wp-content\/uploads\/sites\/224\/2025\/10\/Buhamo-text-1-1200x1697.jpeg 1200w, https:\/\/webs.uab.cat\/interasia\/wp-content\/uploads\/sites\/224\/2025\/10\/Buhamo-text-1-1980x2800.jpeg 1980w, https:\/\/webs.uab.cat\/interasia\/wp-content\/uploads\/sites\/224\/2025\/10\/Buhamo-text-1-scaled.jpeg 1811w\" sizes=\"auto, (max-width: 724px) 100vw, 724px\" \/><\/figure>\n<\/figure>\n<\/div>\n<\/div>\n\n\n\n<div class=\"wp-block-columns alignfull is-layout-flex wp-container-core-columns-is-layout-9d6595d7 wp-block-columns-is-layout-flex\">\n<div class=\"wp-block-column is-layout-flow wp-block-column-is-layout-flow\">\n<figure class=\"wp-block-image size-large\"><img loading=\"lazy\" decoding=\"async\" width=\"1024\" height=\"724\" src=\"https:\/\/webs.uab.cat\/interasia\/wp-content\/uploads\/sites\/224\/2025\/10\/cartel-30-octubre-_-esp-1-1024x724.jpeg\" alt=\"\" class=\"wp-image-2249\" srcset=\"https:\/\/webs.uab.cat\/interasia\/wp-content\/uploads\/sites\/224\/2025\/10\/cartel-30-octubre-_-esp-1-1024x724.jpeg 1024w, https:\/\/webs.uab.cat\/interasia\/wp-content\/uploads\/sites\/224\/2025\/10\/cartel-30-octubre-_-esp-1-300x212.jpeg 300w, https:\/\/webs.uab.cat\/interasia\/wp-content\/uploads\/sites\/224\/2025\/10\/cartel-30-octubre-_-esp-1-768x543.jpeg 768w, https:\/\/webs.uab.cat\/interasia\/wp-content\/uploads\/sites\/224\/2025\/10\/cartel-30-octubre-_-esp-1-1536x1086.jpeg 1536w, https:\/\/webs.uab.cat\/interasia\/wp-content\/uploads\/sites\/224\/2025\/10\/cartel-30-octubre-_-esp-1-2048x1448.jpeg 2048w, https:\/\/webs.uab.cat\/interasia\/wp-content\/uploads\/sites\/224\/2025\/10\/cartel-30-octubre-_-esp-1-1200x849.jpeg 1200w, https:\/\/webs.uab.cat\/interasia\/wp-content\/uploads\/sites\/224\/2025\/10\/cartel-30-octubre-_-esp-1-1980x1400.jpeg 1980w\" sizes=\"auto, (max-width: 1024px) 100vw, 1024px\" \/><\/figure>\n<\/div>\n\n\n\n<div class=\"wp-block-column is-layout-flow wp-block-column-is-layout-flow\">\n<p><strong><em>II Chinacult.es Conference.<\/em> Artistic Production between China and Spain: A Conversation with Luc\u00eda Sun and Shishi zhu<\/strong><\/p>\n\n\n\n<p>Round table with Luc\u00eda Sun and Shishi Zhu, moderated by Irene Masdeu Torruella and Roberto Figliulo.<\/p>\n\n\n\n<p>Thursday, October 30, 2025, 11:00 AM<\/p>\n\n\n\n<p>Room 4 &#8211; Faculty of Translation and Interpreting, UAB.<\/p>\n\n\n\n<p><\/p>\n<\/div>\n<\/div>\n\n\n\n<div class=\"wp-block-columns alignfull is-layout-flex wp-container-core-columns-is-layout-9d6595d7 wp-block-columns-is-layout-flex\">\n<div class=\"wp-block-column is-vertically-aligned-center is-layout-flow wp-block-column-is-layout-flow\">\n<figure class=\"wp-block-image size-large\"><img loading=\"lazy\" decoding=\"async\" width=\"1024\" height=\"724\" src=\"https:\/\/webs.uab.cat\/interasia\/wp-content\/uploads\/sites\/224\/2025\/09\/cartel-I-Jornada-_-esp-3-1024x724.jpeg\" alt=\"\" class=\"wp-image-2217\" srcset=\"https:\/\/webs.uab.cat\/interasia\/wp-content\/uploads\/sites\/224\/2025\/09\/cartel-I-Jornada-_-esp-3-1024x724.jpeg 1024w, https:\/\/webs.uab.cat\/interasia\/wp-content\/uploads\/sites\/224\/2025\/09\/cartel-I-Jornada-_-esp-3-300x212.jpeg 300w, https:\/\/webs.uab.cat\/interasia\/wp-content\/uploads\/sites\/224\/2025\/09\/cartel-I-Jornada-_-esp-3-768x543.jpeg 768w, https:\/\/webs.uab.cat\/interasia\/wp-content\/uploads\/sites\/224\/2025\/09\/cartel-I-Jornada-_-esp-3-1536x1086.jpeg 1536w, https:\/\/webs.uab.cat\/interasia\/wp-content\/uploads\/sites\/224\/2025\/09\/cartel-I-Jornada-_-esp-3-2048x1448.jpeg 2048w, https:\/\/webs.uab.cat\/interasia\/wp-content\/uploads\/sites\/224\/2025\/09\/cartel-I-Jornada-_-esp-3-1200x849.jpeg 1200w, https:\/\/webs.uab.cat\/interasia\/wp-content\/uploads\/sites\/224\/2025\/09\/cartel-I-Jornada-_-esp-3-1980x1400.jpeg 1980w\" sizes=\"auto, (max-width: 1024px) 100vw, 1024px\" \/><\/figure>\n<\/div>\n\n\n\n<div class=\"wp-block-column is-layout-flow wp-block-column-is-layout-flow\">\n<p><strong><em>I Chinacult.es Conference.<\/em> Artistic Production between China and Spain: A Conversation with Paloma Chen and Minke Wang<\/strong><\/p>\n\n\n\n<p>Round table with Paloma Chen and Minke Wang, moderated by Irene Masdeu Torruella and Laia Manonelles.<\/p>\n\n\n\n<p><strong>Wednesday, October 8, 2025, 6:30 PM<\/strong><\/p>\n\n\n\n<p><strong>Fort Pienc Library \u2013 Ana Mar\u00eda Moix, Barcelona.<\/strong><\/p>\n\n\n\n<p>More info [<a href=\"https:\/\/webs.uab.cat\/interasia\/en\/conferences-chinacult-es\/\">here<\/a>].<\/p>\n<\/div>\n<\/div>\n\n\n\n<div class=\"wp-block-columns is-layout-flex wp-container-core-columns-is-layout-9d6595d7 wp-block-columns-is-layout-flex\">\n<div class=\"wp-block-column is-layout-flow wp-block-column-is-layout-flow\">\n<figure class=\"wp-block-image size-large\"><img loading=\"lazy\" decoding=\"async\" width=\"724\" height=\"1024\" src=\"https:\/\/webs.uab.cat\/interasia\/wp-content\/uploads\/sites\/224\/2024\/12\/Cartel-Seminario-InterAsia-2024-10-12-3-724x1024.jpg\" alt=\"\" class=\"wp-image-1969\" srcset=\"https:\/\/webs.uab.cat\/interasia\/wp-content\/uploads\/sites\/224\/2024\/12\/Cartel-Seminario-InterAsia-2024-10-12-3-724x1024.jpg 724w, https:\/\/webs.uab.cat\/interasia\/wp-content\/uploads\/sites\/224\/2024\/12\/Cartel-Seminario-InterAsia-2024-10-12-3-212x300.jpg 212w, https:\/\/webs.uab.cat\/interasia\/wp-content\/uploads\/sites\/224\/2024\/12\/Cartel-Seminario-InterAsia-2024-10-12-3-768x1086.jpg 768w, https:\/\/webs.uab.cat\/interasia\/wp-content\/uploads\/sites\/224\/2024\/12\/Cartel-Seminario-InterAsia-2024-10-12-3-1086x1536.jpg 1086w, https:\/\/webs.uab.cat\/interasia\/wp-content\/uploads\/sites\/224\/2024\/12\/Cartel-Seminario-InterAsia-2024-10-12-3-1448x2048.jpg 1448w, https:\/\/webs.uab.cat\/interasia\/wp-content\/uploads\/sites\/224\/2024\/12\/Cartel-Seminario-InterAsia-2024-10-12-3-1200x1697.jpg 1200w, https:\/\/webs.uab.cat\/interasia\/wp-content\/uploads\/sites\/224\/2024\/12\/Cartel-Seminario-InterAsia-2024-10-12-3-1980x2800.jpg 1980w, https:\/\/webs.uab.cat\/interasia\/wp-content\/uploads\/sites\/224\/2024\/12\/Cartel-Seminario-InterAsia-2024-10-12-3-scaled.jpg 1810w\" sizes=\"auto, (max-width: 724px) 100vw, 724px\" \/><\/figure>\n<\/div>\n\n\n\n<div class=\"wp-block-column is-layout-flow wp-block-column-is-layout-flow\">\n<p>InterAsia Research Group Seminars 2024<\/p>\n\n\n\n<p>Book Presentation: <strong>Hagakure, Hidden under the Leaves (Vol. 1)<\/strong><\/p>\n\n\n\n<p>Conversation with the Translator<\/p>\n\n\n\n<p><strong>Gustavo Pita C\u00e9spedes, <\/strong>Professor of East Asian Studies, Universitat Aut\u00f2noma de Barcelona<\/p>\n\n\n\n<p><strong>December 10, 2024, 11:15-13:00<\/strong><\/p>\n\n\n\n<p><strong>Room L\/036. Library of Humanities building<\/strong><\/p>\n<\/div>\n<\/div>\n\n\n\n<div class=\"wp-block-columns is-layout-flex wp-container-core-columns-is-layout-9d6595d7 wp-block-columns-is-layout-flex\">\n<div class=\"wp-block-column is-layout-flow wp-block-column-is-layout-flow\">\n<figure class=\"wp-block-image size-large\"><img loading=\"lazy\" decoding=\"async\" width=\"724\" height=\"1024\" src=\"https:\/\/webs.uab.cat\/interasia\/wp-content\/uploads\/sites\/224\/2024\/11\/Cartel-Seminario-InterAsia-2024-Online-_-28-11-_-pt-2-724x1024.jpg\" alt=\"\" class=\"wp-image-1931\" srcset=\"https:\/\/webs.uab.cat\/interasia\/wp-content\/uploads\/sites\/224\/2024\/11\/Cartel-Seminario-InterAsia-2024-Online-_-28-11-_-pt-2-724x1024.jpg 724w, https:\/\/webs.uab.cat\/interasia\/wp-content\/uploads\/sites\/224\/2024\/11\/Cartel-Seminario-InterAsia-2024-Online-_-28-11-_-pt-2-212x300.jpg 212w, https:\/\/webs.uab.cat\/interasia\/wp-content\/uploads\/sites\/224\/2024\/11\/Cartel-Seminario-InterAsia-2024-Online-_-28-11-_-pt-2-768x1086.jpg 768w, https:\/\/webs.uab.cat\/interasia\/wp-content\/uploads\/sites\/224\/2024\/11\/Cartel-Seminario-InterAsia-2024-Online-_-28-11-_-pt-2-1086x1536.jpg 1086w, https:\/\/webs.uab.cat\/interasia\/wp-content\/uploads\/sites\/224\/2024\/11\/Cartel-Seminario-InterAsia-2024-Online-_-28-11-_-pt-2-1448x2048.jpg 1448w, https:\/\/webs.uab.cat\/interasia\/wp-content\/uploads\/sites\/224\/2024\/11\/Cartel-Seminario-InterAsia-2024-Online-_-28-11-_-pt-2-1200x1697.jpg 1200w, https:\/\/webs.uab.cat\/interasia\/wp-content\/uploads\/sites\/224\/2024\/11\/Cartel-Seminario-InterAsia-2024-Online-_-28-11-_-pt-2-1980x2800.jpg 1980w, https:\/\/webs.uab.cat\/interasia\/wp-content\/uploads\/sites\/224\/2024\/11\/Cartel-Seminario-InterAsia-2024-Online-_-28-11-_-pt-2-scaled.jpg 1810w\" sizes=\"auto, (max-width: 724px) 100vw, 724px\" \/><\/figure>\n<\/div>\n\n\n\n<div class=\"wp-block-column is-layout-flow wp-block-column-is-layout-flow\">\n<p><strong>InterAsia Research Group Seminars 2024 (online)<\/strong>:<br><strong><em>China, Taiwan, and the United States under the new Trump administration<\/em><\/strong><\/p>\n\n\n\n<ul class=\"wp-block-list\">\n<li><strong>Xulio R\u00edos<\/strong>, Honorary Advisor at the Observatory of Chinese Politics<\/li>\n\n\n\n<li><strong>Se\u00e1n Golden<\/strong>, Senior Associate Researcher at CIDOB and contributor to Reset DOC<\/li>\n\n\n\n<li><strong>Ferr\u00e1n P\u00e9rez Mena<\/strong>, Professor at Durham University, United Kingdom. Member of InterAsia<\/li>\n\n\n\n<li><strong>Andr\u00e9s Herrera-Feligreras<\/strong>, PhD in History and Managing Partner at HerreraZhang. Member of InterAsia<\/li>\n<\/ul>\n\n\n\n<p>Moderator: <strong>Joaqu\u00edn Beltr\u00e1n Antol\u00edn<\/strong>, Co-I.P. of InterAsia, Universitat Aut\u00f2noma de Barcelona<br><strong>November 28, 2024<\/strong><br><strong>17:00-19:00<\/strong><\/p>\n\n\n\n<p><a href=\"https:\/\/teams.microsoft.com\/l\/meetup-join\/19%3ameeting_MzU4ZWM1YjItNDYzMy00ZjNiLWFhZDEtZTJjYzY3MjExNTBj%40thread.v2\/0?context=%7b%22Tid%22%3a%226b514c29-2391-4831-b774-84f35c45bf01%22%2c%22Oid%22%3a%22c4da0471-3558-4ea4-b119-bb700bb76bdc%22%7d\">Link.<\/a><\/p>\n<\/div>\n<\/div>\n\n\n\n<div class=\"wp-block-columns is-layout-flex wp-container-core-columns-is-layout-9d6595d7 wp-block-columns-is-layout-flex\">\n<div class=\"wp-block-column is-layout-flow wp-block-column-is-layout-flow\" style=\"flex-basis:33.33%\">\n<p><\/p>\n<\/div>\n<\/div>\n\n\n\n<div class=\"wp-block-columns is-layout-flex wp-container-core-columns-is-layout-9d6595d7 wp-block-columns-is-layout-flex\">\n<div class=\"wp-block-column is-layout-flow wp-block-column-is-layout-flow\" style=\"flex-basis:66.66%\"><\/div>\n<\/div>\n\n\n\n<h2 class=\"wp-block-heading\">Promoting and Observing Institutions<\/h2>\n\n\n\n<figure class=\"wp-block-table\"><table><tbody><tr><td><img loading=\"lazy\" decoding=\"async\" width=\"1200\" height=\"630\" class=\"wp-image-1120\" style=\"width: 150px\" src=\"https:\/\/webs.uab.cat\/interasia\/wp-content\/uploads\/sites\/224\/2023\/02\/cidob.png\" alt=\"\" srcset=\"https:\/\/webs.uab.cat\/interasia\/wp-content\/uploads\/sites\/224\/2023\/02\/cidob.png 1200w, https:\/\/webs.uab.cat\/interasia\/wp-content\/uploads\/sites\/224\/2023\/02\/cidob-300x158.png 300w, https:\/\/webs.uab.cat\/interasia\/wp-content\/uploads\/sites\/224\/2023\/02\/cidob-1024x538.png 1024w, https:\/\/webs.uab.cat\/interasia\/wp-content\/uploads\/sites\/224\/2023\/02\/cidob-768x403.png 768w\" sizes=\"auto, (max-width: 1200px) 100vw, 1200px\" \/><a rel=\"noopener\" href=\"http:\/\/www.cidob.org\/en\/cidob\/presentation\" target=\"_blank\"><\/a><\/td><td><strong>Barcelona Center for International Affairs (CIDOB)<\/strong><\/td><\/tr><tr><td><img loading=\"lazy\" decoding=\"async\" width=\"961\" height=\"960\" class=\"wp-image-1126\" style=\"width: 100px\" src=\"https:\/\/webs.uab.cat\/interasia\/wp-content\/uploads\/sites\/224\/2023\/02\/CASAASIA_redDOT.png\" alt=\"\" srcset=\"https:\/\/webs.uab.cat\/interasia\/wp-content\/uploads\/sites\/224\/2023\/02\/CASAASIA_redDOT.png 961w, https:\/\/webs.uab.cat\/interasia\/wp-content\/uploads\/sites\/224\/2023\/02\/CASAASIA_redDOT-300x300.png 300w, https:\/\/webs.uab.cat\/interasia\/wp-content\/uploads\/sites\/224\/2023\/02\/CASAASIA_redDOT-150x150.png 150w, https:\/\/webs.uab.cat\/interasia\/wp-content\/uploads\/sites\/224\/2023\/02\/CASAASIA_redDOT-768x767.png 768w\" sizes=\"auto, (max-width: 961px) 100vw, 961px\" \/><a rel=\"noopener\" href=\"https:\/\/www.casaasia.eu\/?\" target=\"_blank\"><\/a><\/td><td>\n<p><strong>Casa Asia<\/strong><\/p>\n<\/td><\/tr><tr><td><img loading=\"lazy\" decoding=\"async\" width=\"900\" height=\"500\" class=\"wp-image-1129\" style=\"width: 150px\" src=\"https:\/\/webs.uab.cat\/interasia\/wp-content\/uploads\/sites\/224\/2023\/02\/japan-foundation-logo-vector.png\" alt=\"\" srcset=\"https:\/\/webs.uab.cat\/interasia\/wp-content\/uploads\/sites\/224\/2023\/02\/japan-foundation-logo-vector.png 900w, https:\/\/webs.uab.cat\/interasia\/wp-content\/uploads\/sites\/224\/2023\/02\/japan-foundation-logo-vector-300x167.png 300w, https:\/\/webs.uab.cat\/interasia\/wp-content\/uploads\/sites\/224\/2023\/02\/japan-foundation-logo-vector-768x427.png 768w\" sizes=\"auto, (max-width: 900px) 100vw, 900px\" \/><a rel=\"noopener\" href=\"http:\/\/www.jpf.go.jp\/e\/\" target=\"_blank\"><\/a><\/td><td>\n<p><strong>Japan Foundation<\/strong><\/p>\n<\/td><\/tr><tr><td><img loading=\"lazy\" decoding=\"async\" width=\"368\" height=\"165\" class=\"wp-image-1123\" style=\"width: 150px\" src=\"https:\/\/webs.uab.cat\/interasia\/wp-content\/uploads\/sites\/224\/2023\/02\/Confuci-logo.png\" alt=\"\" srcset=\"https:\/\/webs.uab.cat\/interasia\/wp-content\/uploads\/sites\/224\/2023\/02\/Confuci-logo.png 368w, https:\/\/webs.uab.cat\/interasia\/wp-content\/uploads\/sites\/224\/2023\/02\/Confuci-logo-300x135.png 300w\" sizes=\"auto, (max-width: 368px) 100vw, 368px\" \/><a rel=\"noopener\" href=\"http:\/\/www.confuciobarcelona.es\/\" target=\"_blank\"><\/a><\/td><td><strong>Confucius Institute Foundation Barcelona<\/strong><\/td><\/tr><\/tbody><\/table><\/figure>\n","protected":false},"excerpt":{"rendered":"<p>Welcome The current globalization is characterized by the speeding up and intensification of the flow of exchanges between different areas of the world. East Asia\u2019s presence is increasingly closer and evident in the global context. However, far from deepening mutual understanding, the dominant imaginary still emphasizes distance and remoteness. The processes and dynamics of exchange [&hellip;]<\/p>\n","protected":false},"author":20,"featured_media":0,"parent":0,"menu_order":0,"comment_status":"closed","ping_status":"closed","template":"","meta":{"footnotes":""},"class_list":["post-115","page","type-page","status-publish","hentry"],"_links":{"self":[{"href":"https:\/\/webs.uab.cat\/interasia\/en\/wp-json\/wp\/v2\/pages\/115","targetHints":{"allow":["GET"]}}],"collection":[{"href":"https:\/\/webs.uab.cat\/interasia\/en\/wp-json\/wp\/v2\/pages"}],"about":[{"href":"https:\/\/webs.uab.cat\/interasia\/en\/wp-json\/wp\/v2\/types\/page"}],"author":[{"embeddable":true,"href":"https:\/\/webs.uab.cat\/interasia\/en\/wp-json\/wp\/v2\/users\/20"}],"replies":[{"embeddable":true,"href":"https:\/\/webs.uab.cat\/interasia\/en\/wp-json\/wp\/v2\/comments?post=115"}],"version-history":[{"count":35,"href":"https:\/\/webs.uab.cat\/interasia\/en\/wp-json\/wp\/v2\/pages\/115\/revisions"}],"predecessor-version":[{"id":2336,"href":"https:\/\/webs.uab.cat\/interasia\/en\/wp-json\/wp\/v2\/pages\/115\/revisions\/2336"}],"wp:attachment":[{"href":"https:\/\/webs.uab.cat\/interasia\/en\/wp-json\/wp\/v2\/media?parent=115"}],"curies":[{"name":"wp","href":"https:\/\/api.w.org\/{rel}","templated":true}]}}