{"id":174,"date":"2017-02-22T11:01:55","date_gmt":"2017-02-22T09:01:55","guid":{"rendered":"https:\/\/webs.uab.cat\/interasia\/participation-others\/"},"modified":"2023-03-20T16:32:13","modified_gmt":"2023-03-20T14:32:13","slug":"participation-others","status":"publish","type":"page","link":"https:\/\/webs.uab.cat\/interasia\/en\/participation-others\/","title":{"rendered":"Participation in others projects"},"content":{"rendered":"\n<p>&nbsp;<\/p>\n\n\n\n<p>(2007-2010)&nbsp;<a href=\"http:\/\/esomi.es\/proyectos-migraciones\/el-impacto-de-la-inmigracion-en-el-desarrollo-genero-y-transnacionalismo\/gmx-niv17-con40.htm\" target=\"_blank\" rel=\"noopener\">El impacto de la inmigraci\u00f3n en el desarrollo: g\u00e9nero y transnacionalismo<\/a>.&nbsp;MEC&nbsp;I + D SEJ2007-63179\/SOCI.<\/p>\n\n\n\n<p>(2008)&nbsp;ASEM&nbsp;Education Hub Thematic Network: The Study of Regionalism in the&nbsp;ASEM&nbsp;Context (RASEM).<\/p>\n\n\n\n<p>(2007-2008) Las comunidades china, india y japonesa en Espa\u00f1a. Or\u00edgenes, asentamiento y heterogeneidad comunitaria. Ministerio de Trabajo y Asuntos Sociales. Observatorio Permanente de la Inmigraci\u00f3n (OPI).<\/p>\n\n\n\n<p>(2007)&nbsp;<a href=\"http:\/\/www.fti.uab.cat\/interasia\/documents\/(2007)%20ASEM%20Education%20Hub%20Thematic%20Network.pdf\" target=\"_blank\" rel=\"noopener\">ASEM&nbsp;Education Hub Thematic Network: The Study of Regionalism in the&nbsp;ASEM&nbsp;Context (RASEM)<\/a>.<\/p>\n\n\n\n<p>(2005-2007) Comunidades asi\u00e1ticas y econom\u00eda. Transnacionalismo y empresariado \u00e9tnico. Fundaci\u00f3n&nbsp;CIDOB.<\/p>\n\n\n\n<p>(2005-2006).&nbsp;<a href=\"http:\/\/www.fti.uab.cat\/interasia\/documents\/Saiz-Procesos%20de%20socializaci%F3n%20en%20los%20hijos%20e%20hijas%20de%20las%20familias%20de%20origen%20chino.pdf\" target=\"_blank\" rel=\"noopener\">Procesos de socializaci\u00f3n en los hijos e hijas de las familias de origen chino<\/a>. Fundaci\u00f3n Jaume Bofill-<a href=\"http:\/\/www.migracat.cat\/\" target=\"_blank\" rel=\"noopener\">Migracat<\/a>&nbsp;(Observatori de la inmigraci\u00f3 a Catalunya), Barcelona.<\/p>\n\n\n\n<p>(2004-2007)&nbsp;<a href=\"http:\/\/esomi.es\/proyectos-inmigraciones\/el-empresariado-etnico-como-estrategia-de-movilidad-social-para-las-mujeres-inmigrantes\/gmx-niv22-con46.htm\" target=\"_blank\" rel=\"noopener\">El empresariado \u00e9tnico como una estrategia de integraci\u00f3n social de los inmigrantes. Relaciones de g\u00e9nero y segunda generaci\u00f3n<\/a>.&nbsp;MEC&nbsp;I + D SEJ2004-07750.<\/p>\n\n\n\n<p>(2005) Las comunidades asi\u00e1ticas en Espa\u00f1a. Mapa de su asentamiento y asociacionismo. Ministerio de Trabajo y Asuntos Sociales. Observatorio Permanente de la Inmigraci\u00f3n (OPI).<\/p>\n","protected":false},"excerpt":{"rendered":"<p>&nbsp; (2007-2010)&nbsp;El impacto de la inmigraci\u00f3n en el desarrollo: g\u00e9nero y transnacionalismo.&nbsp;MEC&nbsp;I + D SEJ2007-63179\/SOCI. (2008)&nbsp;ASEM&nbsp;Education Hub Thematic Network: The Study of Regionalism in the&nbsp;ASEM&nbsp;Context (RASEM). (2007-2008) Las comunidades china, india y japonesa en Espa\u00f1a. Or\u00edgenes, asentamiento y heterogeneidad comunitaria. Ministerio de Trabajo y Asuntos Sociales. Observatorio Permanente de la Inmigraci\u00f3n (OPI). (2007)&nbsp;ASEM&nbsp;Education Hub Thematic [&hellip;]<\/p>\n","protected":false},"author":20,"featured_media":0,"parent":0,"menu_order":0,"comment_status":"closed","ping_status":"closed","template":"","meta":{"footnotes":""},"class_list":["post-174","page","type-page","status-publish","hentry"],"_links":{"self":[{"href":"https:\/\/webs.uab.cat\/interasia\/en\/wp-json\/wp\/v2\/pages\/174","targetHints":{"allow":["GET"]}}],"collection":[{"href":"https:\/\/webs.uab.cat\/interasia\/en\/wp-json\/wp\/v2\/pages"}],"about":[{"href":"https:\/\/webs.uab.cat\/interasia\/en\/wp-json\/wp\/v2\/types\/page"}],"author":[{"embeddable":true,"href":"https:\/\/webs.uab.cat\/interasia\/en\/wp-json\/wp\/v2\/users\/20"}],"replies":[{"embeddable":true,"href":"https:\/\/webs.uab.cat\/interasia\/en\/wp-json\/wp\/v2\/comments?post=174"}],"version-history":[{"count":1,"href":"https:\/\/webs.uab.cat\/interasia\/en\/wp-json\/wp\/v2\/pages\/174\/revisions"}],"predecessor-version":[{"id":1212,"href":"https:\/\/webs.uab.cat\/interasia\/en\/wp-json\/wp\/v2\/pages\/174\/revisions\/1212"}],"wp:attachment":[{"href":"https:\/\/webs.uab.cat\/interasia\/en\/wp-json\/wp\/v2\/media?parent=174"}],"curies":[{"name":"wp","href":"https:\/\/api.w.org\/{rel}","templated":true}]}}