{"id":2054,"date":"2025-07-03T20:54:44","date_gmt":"2025-07-03T18:54:44","guid":{"rendered":"https:\/\/webs.uab.cat\/interasia\/inter-asia-papers-2\/guidelines-for-authors\/"},"modified":"2025-07-04T00:55:19","modified_gmt":"2025-07-03T22:55:19","slug":"guidelines-for-authors","status":"publish","type":"page","link":"https:\/\/webs.uab.cat\/interasia\/en\/inter-asia-papers-2\/guidelines-for-authors\/","title":{"rendered":"Guidelines for Authors"},"content":{"rendered":"\n<p>1. Texts written in Spanish, Catalan and English are accepted.<\/p>\n\n\n\n<p>2. Works must be sent in Microsoft Word format (doc or docx).<\/p>\n\n\n\n<p>3. Texts must be between 8,000 and 10,000 words in length, including the bibliographical section.<\/p>\n\n\n\n<p>4. The title of the article must be in Spanish or Catalan, and in English.<\/p>\n\n\n\n<p>5. Articles must include an abstract in Spanish or Catalan and in English (maximum 100 words). The abstract must include a description of the objectives, method and main results or conclusions.<\/p>\n\n\n\n<p>6. Articles must include a minimum of three key words in Spanish or Catalan, and in English.<\/p>\n\n\n\n<p>7. The article file must include a first page with the following information:<\/p>\n\n\n\n<p>&#8211; Title of the article in Spanish or Catalan, and in English.<\/p>\n\n\n\n<p>&#8211; Name, affiliation and e-mail address of the author.<\/p>\n\n\n\n<p>8. Tables and graphs must be inserted in the appropriate place in the text. For images in JPG or GIF files.&nbsp; All tables and graphs must be accompanied by a title at the top and the source at the bottom.<\/p>\n\n\n\n<p>9. Style:<\/p>\n\n\n\n<p>&#8211; Article title: Times New Roman 18, bold, justified.<\/p>\n\n\n\n<p>&#8211; Section title: Times New Roman 12, bold,<\/p>\n\n\n\n<p>&#8211; Section subtitle: Times New Roman 12, bold, italic.<\/p>\n\n\n\n<p>&#8211; Body text: Times New Roman 12, 1.5 line spacing.<\/p>\n\n\n\n<p>&#8211; Footnotes: correlative. Times New Roman 10, single spaced.<\/p>\n\n\n\n<p>10. References (an adaptation of Harvard style):<\/p>\n\n\n\n<p>&#8211; Bibliographical references to authors in the text will have the following format: Arag\u00f3n S\u00e1nchez (1998); or (Arag\u00f3n S\u00e1nchez, 1998; Prieto, 2005).<\/p>\n\n\n\n<p>&#8211; Textual quotations are enclosed in inverted commas and it is compulsory to indicate the page or pages: Arag\u00f3n S\u00e1nchez (1998: 15-18).<\/p>\n\n\n\n<p>&#8211; Full bibliographical citations should be included in the final bibliographical section (not in the footnotes).<\/p>\n\n\n\n<p>11. Bibliographic references (an adaptation of Harvard style):<\/p>\n\n\n\n<p>&#8211; Books.<\/p>\n\n\n\n<p>Constable, Nicole (2003) <em>Romance on a Global Stage: Pen Pals, Virtual Ethnography, and \u2018Mail Order\u2019 Marriages<\/em>. Berkeley: University of California Press.<\/p>\n\n\n\n<p>Piper, Nicola, y Roces, Mina, eds. (2003) <em>Wife or Worker?: Asian Women and Migration<\/em>. Boulder: Rowman and Littlefield.<\/p>\n\n\n\n<p>Shukuya, Kyoko (1988) <em>Ajia kara kita hanayome: mukaerugawa no ronri<\/em> (Novias de Asia: La l\u00f3gica del receptor). Tokyo: Akashi Shoten.<\/p>\n\n\n\n<p>&#8211; Book chapters<\/p>\n\n\n\n<p>Edwards, Louise (2004) \u201cConstraining Women&#8217;s Political Work with \u2018Women&#8217;s-Work\u2019: The Chinese Communist Party and Women&#8217;s Participation in Politics\u201d, in Anne E. McLaren, ed., <em>Chinese Women: Living and Working<\/em>. Londres: RoutledgeCurzon, pp. 109-130.<\/p>\n\n\n\n<p>Johnson, Elizabeth (1984) \u201cHakka Women\u201d, in Mary Sheridan y Janet Salaff, eds., <em>Lives. Chinese Working Women<\/em>. Bloomington: Indiana University Press, pp. 76\u201391.<\/p>\n\n\n\n<p>&#8211; Journal articles<\/p>\n\n\n\n<p>Edwards, Louise (2000) \u201cWomen&#8217;s Suffrage in China: Challenging Scholarly Conventions\u201d. <em>Pacific Historical Review<\/em>, 69 (4), pp. 619\u2212638.<\/p>\n\n\n\n<p>Walker, Richard y Buck, Daniel (2007) \u201cLa v\u00eda china. Ciudades en transici\u00f3n al capitalismo\u201d. <em>New Left Review (en espa\u00f1ol)<\/em>, n.\u00ba 46, pp. 37-63.<\/p>\n\n\n\n<p>&#8211; Working Papers:<\/p>\n\n\n\n<p>Ooi, Can-Seng (2005) \u201cOrientalist Imaginations and Touristification of Museums: Experiences from Singapore\u201d. <em>Copenhagen Discussion Papers<\/em> 2005-1. Asia Research Centre, Copenhagen Business School.<\/p>\n\n\n\n<p>Rath, Jan (2007) \u201cThe Transformation of Ethnic Neighborhoods into Places of Leisure and Consumption\u201d. <em>Working Paper<\/em>, No. 144. The Center for Comparative Immigration Studies. University of California. San Diego.<\/p>\n\n\n\n<p>&#8211; Online materials<\/p>\n\n\n\n<p>Mao, Zedong (1976) \u201cSobre la dictadura democr\u00e1tica popular\u201d. <em>Obras escogidas de Mao Tse-tun<\/em>g. Beijing: Ediciones de Lenguas Extranjeras. URL: http:\/\/www.marxists.org\/espanol\/mao\/PDD49s.html [Consultado el 20 de mayo de 2007].<\/p>\n\n\n\n<p>&#8211; Newspaper articles:<\/p>\n\n\n\n<p>G\u00f3mez, Luis (2005, March 2), \u201cEl poder chino en Espa\u00f1a\u201d, <em>El Pa\u00eds<\/em>.<\/p>\n\n\n\n<p>\u201cLos bazares chinos cumplen las normas\u201d (2005, July 15) <em>La Voz de Galicia<\/em>.<\/p>\n\n\n\n<p>TABLES, IMAGES, ILLUSTRATIONS<\/p>\n\n\n\n<p>They shall be included in their corresponding place in a format compatible with their edition on the Internet (JPG, GIF, PNG), identifying them.<\/p>\n\n\n\n<p>12. Other questions of style:<\/p>\n\n\n\n<p>&#8211; No. (with full stop)<\/p>\n\n\n\n<p>&#8211; Chinese place names must be transcribed in pinyin (i.e. Beijing, Taiwan, etc.).<\/p>\n\n\n\n<p>&#8211; Post-impressionism, socio-political, etc. (with a hyphen).<\/p>\n\n\n\n<p>&#8211; The call for notes should follow punctuation marks.<\/p>\n\n\n\n<p>&#8211; When there are figures, the call should be in brackets, not between claudators: (fig. x).<\/p>\n\n\n\n<p>&#8211; In principle, the bibliography should be all together and not divided by type of reference.<\/p>\n","protected":false},"excerpt":{"rendered":"<p>1. Texts written in Spanish, Catalan and English are accepted. 2. Works must be sent in Microsoft Word format (doc or docx). 3. Texts must be between 8,000 and 10,000 words in length, including the bibliographical section. 4. The title of the article must be in Spanish or Catalan, and in English. 5. Articles must [&hellip;]<\/p>\n","protected":false},"author":304,"featured_media":0,"parent":179,"menu_order":0,"comment_status":"closed","ping_status":"closed","template":"","meta":{"footnotes":""},"class_list":["post-2054","page","type-page","status-publish","hentry"],"_links":{"self":[{"href":"https:\/\/webs.uab.cat\/interasia\/en\/wp-json\/wp\/v2\/pages\/2054","targetHints":{"allow":["GET"]}}],"collection":[{"href":"https:\/\/webs.uab.cat\/interasia\/en\/wp-json\/wp\/v2\/pages"}],"about":[{"href":"https:\/\/webs.uab.cat\/interasia\/en\/wp-json\/wp\/v2\/types\/page"}],"author":[{"embeddable":true,"href":"https:\/\/webs.uab.cat\/interasia\/en\/wp-json\/wp\/v2\/users\/304"}],"replies":[{"embeddable":true,"href":"https:\/\/webs.uab.cat\/interasia\/en\/wp-json\/wp\/v2\/comments?post=2054"}],"version-history":[{"count":1,"href":"https:\/\/webs.uab.cat\/interasia\/en\/wp-json\/wp\/v2\/pages\/2054\/revisions"}],"predecessor-version":[{"id":2068,"href":"https:\/\/webs.uab.cat\/interasia\/en\/wp-json\/wp\/v2\/pages\/2054\/revisions\/2068"}],"up":[{"embeddable":true,"href":"https:\/\/webs.uab.cat\/interasia\/en\/wp-json\/wp\/v2\/pages\/179"}],"wp:attachment":[{"href":"https:\/\/webs.uab.cat\/interasia\/en\/wp-json\/wp\/v2\/media?parent=2054"}],"curies":[{"name":"wp","href":"https:\/\/api.w.org\/{rel}","templated":true}]}}