{"id":219,"date":"2017-02-22T12:14:28","date_gmt":"2017-02-22T10:14:28","guid":{"rendered":"https:\/\/webs.uab.cat\/interasia\/film-screenings\/"},"modified":"2017-02-22T12:14:28","modified_gmt":"2017-02-22T10:14:28","slug":"film-screenings","status":"publish","type":"page","link":"https:\/\/webs.uab.cat\/interasia\/en\/film-screenings\/","title":{"rendered":"Film screenings"},"content":{"rendered":"<h2 class=\"rtejustify\">2017<\/h2>\n<h3 class=\"rtejustify\">11th to&nbsp;22nd&nbsp;of January<\/h3>\n<p class=\"rtejustify\">Film&nbsp;series:&nbsp;<a href=\"http:\/\/www.filmoteca.cat\/web\/programacio\/cicles\/identitats-creuades-xinesos-de-pellicula\" target=\"_blank\" rel=\"noopener\"><strong>\u201cIdentidades cruzadas: chinos de pel\u00edcula\u201d<\/strong><\/a>. There will be a presentation of the&nbsp;films and colloquium led by&nbsp;InterAsia researchers.<\/p>\n<ul>\n<li class=\"rtejustify\">11th of January at&nbsp;18:30:&nbsp;<strong>Zhao<\/strong>, Susana Gozalvo, 2008.&nbsp;Presentation of the series by&nbsp;Irene Masdeu. Presentation of the film and colloquium by the film&#8217;s author, Susana Gozalvo.<\/li>\n<li class=\"rtejustify\">12th of January at&nbsp;21:30:&nbsp;<strong>La Fuente Amarilla<\/strong>, Miguel Santesmases, 1999.<\/li>\n<li class=\"rtejustify\">18th of January at&nbsp;18:30:&nbsp;<strong>Huidas<\/strong>, Mercedes Gaspar, 2014.&nbsp;Presentation and&nbsp;colloquium by the film&#8217;s authors Mercedes Gaspar and&nbsp;Xavier Ortells.<\/li>\n<li class=\"rtejustify\">19th of January at&nbsp;21:30:&nbsp;<strong><a href=\"http:\/\/www.filmoteca.cat\/web\/programacio\/cicles\/identitats-creuades-xinesos-de-pellicula\/dame-un-poco-de-amooor\" target=\"_blank\" rel=\"noopener\">\u00a1Dame un poco de amooor&#8230;!<\/a><\/strong>&nbsp;Jos\u00e9 Mar\u00eda Forqu\u00e9,&nbsp;1968.<\/li>\n<\/ul>\n<h2>2016<\/h2>\n<h3>5th of&nbsp;May<\/h3>\n<p>Permanent Research Seminar&nbsp;&amp; East Asian Tribune:&nbsp;<strong><a href=\"http:\/\/grupsderecerca.uab.cat\/interasia\/sites\/grupsderecerca.uab.cat.interasia\/files\/tell_the_prime_minister.pdf\" target=\"_blank\" rel=\"noopener\">Tell the Prime Minister<\/a><\/strong>, documentary screening and debate with its director<strong> Eiji Oguma<\/strong>, Keio University, Japan.<\/p>\n<h2>2015<\/h2>\n<h3>28th of April to 19th of May<\/h3>\n<p>Series&nbsp;<strong><a href=\"http:\/\/grupsderecerca.uab.cat\/interasia\/sites\/grupsderecerca.uab.cat.interasia\/files\/conferencies_golferichs_215.pdf\" target=\"_blank\" rel=\"noopener\">&#8220;La Xina contempor\u00e0nia en la producci\u00f3 audiovisual realitzada a Catalunya&#8221;<\/a><\/strong>, screening and debate of the shorts and documentaries.<\/p>\n<ul>\n<li><strong><a href=\"http:\/\/www.lavanguardia.com\/agenda\/actividades\/27540_projecte-interseccions.html\" target=\"_blank\" rel=\"noopener\">Projecte interseccions<\/a><\/strong>&nbsp;(by<strong>&nbsp;Irene Masdeu&nbsp;<\/strong>and&nbsp;<strong>Ramon Oliveras<\/strong>),&nbsp;28th April, 19:00h.<\/li>\n<li><strong><a href=\"http:\/\/www.lavanguardia.com\/agenda\/actividades\/27552_em-dic-peng-se-lhan-quedat-els-xinesos.html\" target=\"_blank\" rel=\"noopener\">Em dic Peng \/ Se l&#8217;han quedat els xinesos<\/a><\/strong>&nbsp;(by&nbsp;<strong>Jahel Guerra<\/strong>,&nbsp;<strong>Victoria Molina<\/strong>,<strong>&nbsp;Laura Quinto<\/strong>&nbsp;and&nbsp;<strong>Jos\u00e9 Garc\u00eda<\/strong>),&nbsp;5th May, 19:00h.<\/li>\n<li><strong><a href=\"http:\/\/centrescivics.bcn.cat\/ca\/activitat\/la-xina-la-produccio-audiovisual-catalana\" target=\"_blank\" rel=\"noopener\">Obert 24 hores<\/a><\/strong>&nbsp;(by&nbsp;<strong>Xavier Campreci\u00f3s<\/strong>),&nbsp;12th May,19:00h.<\/li>\n<li><strong><a href=\"http:\/\/www.lavanguardia.com\/agenda\/actividades\/27554_el-lugar-que-nos-une-palabras-la-ciudad-de-gaofeng.html\" target=\"_blank\" rel=\"noopener\">El lugar que nos une \/ Palabras de la ciudad de Gaofeng<\/a><\/strong>&nbsp;(by&nbsp;<strong>Lin Yu<\/strong>&nbsp;and&nbsp;<strong>Oriol Mart\u00ednez),&nbsp;<\/strong>19th May, 19:00h.<\/li>\n<\/ul>\n<h2>2014<\/h2>\n<h3>11th of December<\/h3>\n<p>Permanent Research Seminar&nbsp;&amp; East Asian Tribune. Screening and debate with&nbsp;<a href=\"http:\/\/grupsderecerca.uab.cat\/interasia\/sites\/grupsderecerca.uab.cat.interasia\/files\/ishinomaki_rock_n_roll_city.pdf\" target=\"_blank\" rel=\"noopener\"><strong>Mart\u00edn Aletta<\/strong><\/a>&nbsp;(filmmaker and actor):<\/p>\n<ul>\n<li><strong><em>Ojos Abiertos&nbsp;<\/em><\/strong>(short, dir. Mart\u00edn Aletta, 2013)<\/li>\n<li><strong><em>Ishinomaki Rock &#8216;n Roll City<\/em><\/strong>&nbsp;(documentary short, dir. Federico Aletta, 2011).<\/li>\n<\/ul>\n<h3>15th and&nbsp;16th of October<\/h3>\n<p>Permanent Research Seminar&nbsp;&amp; East Asian Tribune. Conference and screenings by Chinese filmmaker&nbsp;<strong><a href=\"http:\/\/grupsderecerca.uab.cat\/interasia\/sites\/grupsderecerca.uab.cat.interasia\/files\/shu_haolun.pdf\" target=\"_blank\" rel=\"noopener\">Shu Haolun<\/a>.<\/strong><\/p>\n<ul>\n<li>15th October:&nbsp;<strong><em>Nostalgia<\/em>&nbsp;\u4e61\u6101<\/strong>&nbsp;(70 minutes, 2006).<\/li>\n<li>16th October:&nbsp;<strong><em>No. 89 Shimen Road<\/em>&nbsp;\u9ed1\u767d\u7167\u7247<\/strong>&nbsp;(85 minutes, 2010). Conference:&nbsp;<strong><em>Chinese Independent Cinema<\/em><\/strong>.<\/li>\n<\/ul>\n<h3>19th of March<\/h3>\n<p>Permanent Research Seminar&nbsp;&amp; East Asian Tribune. Screening of the documentary&nbsp;<strong><a href=\"http:\/\/grupsderecerca.uab.cat\/interasia\/sites\/grupsderecerca.uab.cat.interasia\/files\/ainu._caminos_a_la_memoria.pdf\" target=\"_blank\" rel=\"noopener\">Ainu. Caminos a la memoria<\/a>&nbsp;<\/strong>(2013) and debate with its producers: <strong>Marcos Centeno Mart\u00edn<\/strong> and <strong>Almudena Garc\u00eda Navarro<\/strong>.<\/p>\n","protected":false},"excerpt":{"rendered":"<p>2017 11th to&nbsp;22nd&nbsp;of January Film&nbsp;series:&nbsp;\u201cIdentidades cruzadas: chinos de pel\u00edcula\u201d. There will be a presentation of the&nbsp;films and colloquium led by&nbsp;InterAsia researchers. 11th of January at&nbsp;18:30:&nbsp;Zhao, Susana Gozalvo, 2008.&nbsp;Presentation of the series by&nbsp;Irene Masdeu. Presentation of the film and colloquium by the film&#8217;s author, Susana Gozalvo. 12th of January at&nbsp;21:30:&nbsp;La Fuente Amarilla, Miguel Santesmases, 1999. 18th [&hellip;]<\/p>\n","protected":false},"author":20,"featured_media":0,"parent":0,"menu_order":0,"comment_status":"closed","ping_status":"closed","template":"","meta":{"footnotes":""},"class_list":["post-219","page","type-page","status-publish","hentry"],"_links":{"self":[{"href":"https:\/\/webs.uab.cat\/interasia\/en\/wp-json\/wp\/v2\/pages\/219","targetHints":{"allow":["GET"]}}],"collection":[{"href":"https:\/\/webs.uab.cat\/interasia\/en\/wp-json\/wp\/v2\/pages"}],"about":[{"href":"https:\/\/webs.uab.cat\/interasia\/en\/wp-json\/wp\/v2\/types\/page"}],"author":[{"embeddable":true,"href":"https:\/\/webs.uab.cat\/interasia\/en\/wp-json\/wp\/v2\/users\/20"}],"replies":[{"embeddable":true,"href":"https:\/\/webs.uab.cat\/interasia\/en\/wp-json\/wp\/v2\/comments?post=219"}],"version-history":[{"count":0,"href":"https:\/\/webs.uab.cat\/interasia\/en\/wp-json\/wp\/v2\/pages\/219\/revisions"}],"wp:attachment":[{"href":"https:\/\/webs.uab.cat\/interasia\/en\/wp-json\/wp\/v2\/media?parent=219"}],"curies":[{"name":"wp","href":"https:\/\/api.w.org\/{rel}","templated":true}]}}