{"id":114,"date":"2017-02-20T10:55:39","date_gmt":"2017-02-20T08:55:39","guid":{"rendered":"https:\/\/webs.uab.cat\/interasia\/inici\/"},"modified":"2026-04-23T10:29:11","modified_gmt":"2026-04-23T08:29:11","slug":"inici","status":"publish","type":"page","link":"https:\/\/webs.uab.cat\/interasia\/es\/","title":{"rendered":"Inicio"},"content":{"rendered":"\n<h2 class=\"wp-block-heading\">Bienvenidos<\/h2>\n\n\n\n<p>La globalizaci\u00f3n actual se caracteriza por la aceleraci\u00f3n e intensificaci\u00f3n de los flujos de intercambio entre diferentes regiones del mundo.<\/p>\n\n\n\n<p>La presencia de Asia Oriental es cada vez m\u00e1s cercana y evidente en el contexto mundial. Sin embargo, el imaginario dominante, lejos de ahondar en la comprensi\u00f3n mutua, todav\u00eda acent\u00faa la distancia y la lejan\u00eda.<\/p>\n\n\n\n<p>Los procesos y din\u00e1micas de intercambio que se desarrollan a partir del encuentro entre personas y grupos sociales con sus propias peculiaridades culturales necesitan ser reconocidos con el objetivo de superar las barreras y jerarqu\u00edas que nos separan.<\/p>\n\n\n\n<p>La diversidad cultural presente en el interior de Asia Oriental, as\u00ed como las transferencias culturales bidireccionales entre Asia Oriental y el resto del mundo, es lo que pretende sacar a la luz este portal.<\/p>\n\n\n\n<h2 class=\"wp-block-heading\">Actividades<\/h2>\n\n\n\n<figure class=\"wp-block-image size-large\"><img loading=\"lazy\" decoding=\"async\" width=\"1024\" height=\"724\" src=\"https:\/\/webs.uab.cat\/interasia\/wp-content\/uploads\/sites\/224\/2026\/04\/Seminario-sociedad-civil-hor-2-1024x724.jpeg\" alt=\"\" class=\"wp-image-2337\" srcset=\"https:\/\/webs.uab.cat\/interasia\/wp-content\/uploads\/sites\/224\/2026\/04\/Seminario-sociedad-civil-hor-2-1024x724.jpeg 1024w, https:\/\/webs.uab.cat\/interasia\/wp-content\/uploads\/sites\/224\/2026\/04\/Seminario-sociedad-civil-hor-2-300x212.jpeg 300w, https:\/\/webs.uab.cat\/interasia\/wp-content\/uploads\/sites\/224\/2026\/04\/Seminario-sociedad-civil-hor-2-768x543.jpeg 768w, https:\/\/webs.uab.cat\/interasia\/wp-content\/uploads\/sites\/224\/2026\/04\/Seminario-sociedad-civil-hor-2-1536x1086.jpeg 1536w, https:\/\/webs.uab.cat\/interasia\/wp-content\/uploads\/sites\/224\/2026\/04\/Seminario-sociedad-civil-hor-2-2048x1448.jpeg 2048w, https:\/\/webs.uab.cat\/interasia\/wp-content\/uploads\/sites\/224\/2026\/04\/Seminario-sociedad-civil-hor-2-1200x848.jpeg 1200w, https:\/\/webs.uab.cat\/interasia\/wp-content\/uploads\/sites\/224\/2026\/04\/Seminario-sociedad-civil-hor-2-1980x1400.jpeg 1980w\" sizes=\"auto, (max-width: 1024px) 100vw, 1024px\" \/><\/figure>\n\n\n\n<figure class=\"wp-block-image size-large\"><img loading=\"lazy\" decoding=\"async\" width=\"1024\" height=\"724\" src=\"https:\/\/webs.uab.cat\/interasia\/wp-content\/uploads\/sites\/224\/2026\/04\/hor-2-1024x724.jpeg\" alt=\"\" class=\"wp-image-2340\" srcset=\"https:\/\/webs.uab.cat\/interasia\/wp-content\/uploads\/sites\/224\/2026\/04\/hor-2-1024x724.jpeg 1024w, https:\/\/webs.uab.cat\/interasia\/wp-content\/uploads\/sites\/224\/2026\/04\/hor-2-300x212.jpeg 300w, https:\/\/webs.uab.cat\/interasia\/wp-content\/uploads\/sites\/224\/2026\/04\/hor-2-768x543.jpeg 768w, https:\/\/webs.uab.cat\/interasia\/wp-content\/uploads\/sites\/224\/2026\/04\/hor-2-1536x1086.jpeg 1536w, https:\/\/webs.uab.cat\/interasia\/wp-content\/uploads\/sites\/224\/2026\/04\/hor-2-2048x1448.jpeg 2048w, https:\/\/webs.uab.cat\/interasia\/wp-content\/uploads\/sites\/224\/2026\/04\/hor-2-1200x848.jpeg 1200w, https:\/\/webs.uab.cat\/interasia\/wp-content\/uploads\/sites\/224\/2026\/04\/hor-2-1980x1400.jpeg 1980w\" sizes=\"auto, (max-width: 1024px) 100vw, 1024px\" \/><\/figure>\n\n\n\n<div class=\"wp-block-columns is-layout-flex wp-container-core-columns-is-layout-9d6595d7 wp-block-columns-is-layout-flex\">\n<div class=\"wp-block-column is-layout-flow wp-block-column-is-layout-flow\">\n<figure class=\"wp-block-gallery has-nested-images columns-default is-cropped wp-block-gallery-1 is-layout-flex wp-block-gallery-is-layout-flex\">\n<figure class=\"wp-block-image size-large\"><img loading=\"lazy\" decoding=\"async\" width=\"724\" height=\"1024\" data-id=\"2304\" src=\"https:\/\/webs.uab.cat\/interasia\/wp-content\/uploads\/sites\/224\/2025\/10\/cartell-retorn-a-liangshan-vertical-1-724x1024.jpeg\" alt=\"\" class=\"wp-image-2304\" srcset=\"https:\/\/webs.uab.cat\/interasia\/wp-content\/uploads\/sites\/224\/2025\/10\/cartell-retorn-a-liangshan-vertical-1-724x1024.jpeg 724w, https:\/\/webs.uab.cat\/interasia\/wp-content\/uploads\/sites\/224\/2025\/10\/cartell-retorn-a-liangshan-vertical-1-212x300.jpeg 212w, https:\/\/webs.uab.cat\/interasia\/wp-content\/uploads\/sites\/224\/2025\/10\/cartell-retorn-a-liangshan-vertical-1-768x1086.jpeg 768w, https:\/\/webs.uab.cat\/interasia\/wp-content\/uploads\/sites\/224\/2025\/10\/cartell-retorn-a-liangshan-vertical-1-1086x1536.jpeg 1086w, https:\/\/webs.uab.cat\/interasia\/wp-content\/uploads\/sites\/224\/2025\/10\/cartell-retorn-a-liangshan-vertical-1-1448x2048.jpeg 1448w, https:\/\/webs.uab.cat\/interasia\/wp-content\/uploads\/sites\/224\/2025\/10\/cartell-retorn-a-liangshan-vertical-1-1200x1697.jpeg 1200w, https:\/\/webs.uab.cat\/interasia\/wp-content\/uploads\/sites\/224\/2025\/10\/cartell-retorn-a-liangshan-vertical-1-1980x2800.jpeg 1980w, https:\/\/webs.uab.cat\/interasia\/wp-content\/uploads\/sites\/224\/2025\/10\/cartell-retorn-a-liangshan-vertical-1-scaled.jpeg 1811w\" sizes=\"auto, (max-width: 724px) 100vw, 724px\" \/><\/figure>\n<\/figure>\n<\/div>\n\n\n\n<div class=\"wp-block-column is-layout-flow wp-block-column-is-layout-flow\">\n<figure class=\"wp-block-gallery has-nested-images columns-default is-cropped wp-block-gallery-2 is-layout-flex wp-block-gallery-is-layout-flex\">\n<figure class=\"wp-block-image size-large\"><img loading=\"lazy\" decoding=\"async\" width=\"724\" height=\"1024\" data-id=\"2308\" src=\"https:\/\/webs.uab.cat\/interasia\/wp-content\/uploads\/sites\/224\/2025\/10\/texto-buhamo-724x1024.jpeg\" alt=\"\" class=\"wp-image-2308\" srcset=\"https:\/\/webs.uab.cat\/interasia\/wp-content\/uploads\/sites\/224\/2025\/10\/texto-buhamo-724x1024.jpeg 724w, https:\/\/webs.uab.cat\/interasia\/wp-content\/uploads\/sites\/224\/2025\/10\/texto-buhamo-212x300.jpeg 212w, https:\/\/webs.uab.cat\/interasia\/wp-content\/uploads\/sites\/224\/2025\/10\/texto-buhamo-768x1086.jpeg 768w, https:\/\/webs.uab.cat\/interasia\/wp-content\/uploads\/sites\/224\/2025\/10\/texto-buhamo-1086x1536.jpeg 1086w, https:\/\/webs.uab.cat\/interasia\/wp-content\/uploads\/sites\/224\/2025\/10\/texto-buhamo-1448x2048.jpeg 1448w, https:\/\/webs.uab.cat\/interasia\/wp-content\/uploads\/sites\/224\/2025\/10\/texto-buhamo-1200x1697.jpeg 1200w, https:\/\/webs.uab.cat\/interasia\/wp-content\/uploads\/sites\/224\/2025\/10\/texto-buhamo-1980x2800.jpeg 1980w, https:\/\/webs.uab.cat\/interasia\/wp-content\/uploads\/sites\/224\/2025\/10\/texto-buhamo-scaled.jpeg 1811w\" sizes=\"auto, (max-width: 724px) 100vw, 724px\" \/><\/figure>\n<\/figure>\n<\/div>\n<\/div>\n\n\n\n<div class=\"wp-block-columns alignfull is-layout-flex wp-container-core-columns-is-layout-9d6595d7 wp-block-columns-is-layout-flex\">\n<div class=\"wp-block-column is-layout-flow wp-block-column-is-layout-flow\">\n<figure class=\"wp-block-image size-large\"><img loading=\"lazy\" decoding=\"async\" width=\"1024\" height=\"724\" src=\"https:\/\/webs.uab.cat\/interasia\/wp-content\/uploads\/sites\/224\/2025\/10\/cartel-30-octubre-_-esp-3-1024x724.jpeg\" alt=\"\" class=\"wp-image-2259\" srcset=\"https:\/\/webs.uab.cat\/interasia\/wp-content\/uploads\/sites\/224\/2025\/10\/cartel-30-octubre-_-esp-3-1024x724.jpeg 1024w, https:\/\/webs.uab.cat\/interasia\/wp-content\/uploads\/sites\/224\/2025\/10\/cartel-30-octubre-_-esp-3-300x212.jpeg 300w, https:\/\/webs.uab.cat\/interasia\/wp-content\/uploads\/sites\/224\/2025\/10\/cartel-30-octubre-_-esp-3-768x543.jpeg 768w, https:\/\/webs.uab.cat\/interasia\/wp-content\/uploads\/sites\/224\/2025\/10\/cartel-30-octubre-_-esp-3-1536x1086.jpeg 1536w, https:\/\/webs.uab.cat\/interasia\/wp-content\/uploads\/sites\/224\/2025\/10\/cartel-30-octubre-_-esp-3-2048x1448.jpeg 2048w, https:\/\/webs.uab.cat\/interasia\/wp-content\/uploads\/sites\/224\/2025\/10\/cartel-30-octubre-_-esp-3-1200x849.jpeg 1200w, https:\/\/webs.uab.cat\/interasia\/wp-content\/uploads\/sites\/224\/2025\/10\/cartel-30-octubre-_-esp-3-1980x1400.jpeg 1980w\" sizes=\"auto, (max-width: 1024px) 100vw, 1024px\" \/><\/figure>\n<\/div>\n\n\n\n<div class=\"wp-block-column is-layout-flow wp-block-column-is-layout-flow\">\n<p><strong>II Jornada <em>Chinacult.es. Producci\u00f3n art\u00edstica entre China y Espa\u00f1a<\/em>: Conversaci\u00f3n con Luc\u00eda Sun y Shishi Zhu<\/strong><\/p>\n\n\n\n<p>Mesa redonda con Luc\u00eda Sun y Shishi Zhu, moderada por Irene Masdeu Torruella y Roberto Figliulo.<\/p>\n\n\n\n<p>Mi\u00e9rcoles 30 de octubre de 2025, 11:00h&nbsp;&nbsp;<\/p>\n\n\n\n<p>Aula 4 &#8211; Facultad de Traducci\u00f3n y de Interpretaci\u00f3n, UAB.<\/p>\n<\/div>\n<\/div>\n\n\n\n<div class=\"wp-block-columns alignfull is-layout-flex wp-container-core-columns-is-layout-9d6595d7 wp-block-columns-is-layout-flex\">\n<div class=\"wp-block-column is-vertically-aligned-center is-layout-flow wp-block-column-is-layout-flow\">\n<figure class=\"wp-block-image alignwide size-large\"><img loading=\"lazy\" decoding=\"async\" width=\"1024\" height=\"724\" src=\"https:\/\/webs.uab.cat\/interasia\/wp-content\/uploads\/sites\/224\/2025\/09\/cartel-I-Jornada-_-esp-2-1024x724.jpeg\" alt=\"\" class=\"wp-image-2212\" srcset=\"https:\/\/webs.uab.cat\/interasia\/wp-content\/uploads\/sites\/224\/2025\/09\/cartel-I-Jornada-_-esp-2-1024x724.jpeg 1024w, https:\/\/webs.uab.cat\/interasia\/wp-content\/uploads\/sites\/224\/2025\/09\/cartel-I-Jornada-_-esp-2-300x212.jpeg 300w, https:\/\/webs.uab.cat\/interasia\/wp-content\/uploads\/sites\/224\/2025\/09\/cartel-I-Jornada-_-esp-2-768x543.jpeg 768w, https:\/\/webs.uab.cat\/interasia\/wp-content\/uploads\/sites\/224\/2025\/09\/cartel-I-Jornada-_-esp-2-1536x1086.jpeg 1536w, https:\/\/webs.uab.cat\/interasia\/wp-content\/uploads\/sites\/224\/2025\/09\/cartel-I-Jornada-_-esp-2-2048x1448.jpeg 2048w, https:\/\/webs.uab.cat\/interasia\/wp-content\/uploads\/sites\/224\/2025\/09\/cartel-I-Jornada-_-esp-2-1200x849.jpeg 1200w, https:\/\/webs.uab.cat\/interasia\/wp-content\/uploads\/sites\/224\/2025\/09\/cartel-I-Jornada-_-esp-2-1980x1400.jpeg 1980w\" sizes=\"auto, (max-width: 1024px) 100vw, 1024px\" \/><\/figure>\n<\/div>\n\n\n\n<div class=\"wp-block-column is-layout-flow wp-block-column-is-layout-flow\">\n<p><strong>I Jornada <em>Chinacult.es. Producci\u00f3n art\u00edstica entre China y Espa\u00f1a<\/em>: Conversaci\u00f3n con Paloma Chen y Minke Wang<\/strong><\/p>\n\n\n\n<p>Mesa redonda con Paloma Chen y Minke Wang, moderada por Irene Masdeu Torruella y Laia Manonelles.<\/p>\n\n\n\n<p>Mi\u00e9rcoles 8 de octubre de 2025, 18:30h&nbsp;&nbsp;<\/p>\n\n\n\n<p>Biblioteca Fort Pienc \u2013 Ana Mar\u00eda Moix, Barcelona.<\/p>\n\n\n\n<p>M\u00e1s info <a href=\"https:\/\/webs.uab.cat\/interasia\/es\/jornadas-chinacult-es\/\">aqu\u00ed<\/a>.<\/p>\n<\/div>\n<\/div>\n\n\n\n<div class=\"wp-block-columns is-layout-flex wp-container-core-columns-is-layout-9d6595d7 wp-block-columns-is-layout-flex\">\n<div class=\"wp-block-column is-layout-flow wp-block-column-is-layout-flow\">\n<figure class=\"wp-block-image size-large\"><img loading=\"lazy\" decoding=\"async\" width=\"724\" height=\"1024\" src=\"https:\/\/webs.uab.cat\/interasia\/wp-content\/uploads\/sites\/224\/2024\/12\/Cartel-Seminario-InterAsia-2024-10-12-2-724x1024.jpg\" alt=\"\" class=\"wp-image-1965\" srcset=\"https:\/\/webs.uab.cat\/interasia\/wp-content\/uploads\/sites\/224\/2024\/12\/Cartel-Seminario-InterAsia-2024-10-12-2-724x1024.jpg 724w, https:\/\/webs.uab.cat\/interasia\/wp-content\/uploads\/sites\/224\/2024\/12\/Cartel-Seminario-InterAsia-2024-10-12-2-212x300.jpg 212w, https:\/\/webs.uab.cat\/interasia\/wp-content\/uploads\/sites\/224\/2024\/12\/Cartel-Seminario-InterAsia-2024-10-12-2-768x1086.jpg 768w, https:\/\/webs.uab.cat\/interasia\/wp-content\/uploads\/sites\/224\/2024\/12\/Cartel-Seminario-InterAsia-2024-10-12-2-1086x1536.jpg 1086w, https:\/\/webs.uab.cat\/interasia\/wp-content\/uploads\/sites\/224\/2024\/12\/Cartel-Seminario-InterAsia-2024-10-12-2-1448x2048.jpg 1448w, https:\/\/webs.uab.cat\/interasia\/wp-content\/uploads\/sites\/224\/2024\/12\/Cartel-Seminario-InterAsia-2024-10-12-2-1200x1697.jpg 1200w, https:\/\/webs.uab.cat\/interasia\/wp-content\/uploads\/sites\/224\/2024\/12\/Cartel-Seminario-InterAsia-2024-10-12-2-1980x2800.jpg 1980w, https:\/\/webs.uab.cat\/interasia\/wp-content\/uploads\/sites\/224\/2024\/12\/Cartel-Seminario-InterAsia-2024-10-12-2-scaled.jpg 1810w\" sizes=\"auto, (max-width: 724px) 100vw, 724px\" \/><\/figure>\n<\/div>\n\n\n\n<div class=\"wp-block-column is-layout-flow wp-block-column-is-layout-flow\">\n<p><strong>Seminarios del Grupo de Investigaci\u00f3n InterAsia 2024<\/strong><\/p>\n\n\n\n<p>Presentaci\u00f3n del libro: <strong>Hagakure, Oculto bajo las ojas &nbsp;(Vol. 1)<\/strong><\/p>\n\n\n\n<p>Conversaci\u00f3n con el traductor<\/p>\n\n\n\n<p><strong>Gustavo Pita C\u00e9spedes<\/strong>, profesor de Estudios de Asia Oriental, Universitat Aut\u00f2noma de Barcelona<\/p>\n\n\n\n<p>10 de diciembre de 2024, 11:15-13:00<\/p>\n\n\n\n<p>Aula L\/036, edificio de la Biblioteca de Humanidades<\/p>\n<\/div>\n<\/div>\n\n\n\n<div class=\"wp-block-columns is-layout-flex wp-container-core-columns-is-layout-9d6595d7 wp-block-columns-is-layout-flex\">\n<div class=\"wp-block-column is-layout-flow wp-block-column-is-layout-flow\">\n<figure class=\"wp-block-image size-large\"><img loading=\"lazy\" decoding=\"async\" width=\"724\" height=\"1024\" src=\"https:\/\/webs.uab.cat\/interasia\/wp-content\/uploads\/sites\/224\/2024\/11\/Cartel-Seminario-InterAsia-2024-Online-_-28-11-_-pt-3-724x1024.jpg\" alt=\"\" class=\"wp-image-1936\" srcset=\"https:\/\/webs.uab.cat\/interasia\/wp-content\/uploads\/sites\/224\/2024\/11\/Cartel-Seminario-InterAsia-2024-Online-_-28-11-_-pt-3-724x1024.jpg 724w, https:\/\/webs.uab.cat\/interasia\/wp-content\/uploads\/sites\/224\/2024\/11\/Cartel-Seminario-InterAsia-2024-Online-_-28-11-_-pt-3-212x300.jpg 212w, https:\/\/webs.uab.cat\/interasia\/wp-content\/uploads\/sites\/224\/2024\/11\/Cartel-Seminario-InterAsia-2024-Online-_-28-11-_-pt-3-768x1086.jpg 768w, https:\/\/webs.uab.cat\/interasia\/wp-content\/uploads\/sites\/224\/2024\/11\/Cartel-Seminario-InterAsia-2024-Online-_-28-11-_-pt-3-1086x1536.jpg 1086w, https:\/\/webs.uab.cat\/interasia\/wp-content\/uploads\/sites\/224\/2024\/11\/Cartel-Seminario-InterAsia-2024-Online-_-28-11-_-pt-3-1448x2048.jpg 1448w, https:\/\/webs.uab.cat\/interasia\/wp-content\/uploads\/sites\/224\/2024\/11\/Cartel-Seminario-InterAsia-2024-Online-_-28-11-_-pt-3-1200x1697.jpg 1200w, https:\/\/webs.uab.cat\/interasia\/wp-content\/uploads\/sites\/224\/2024\/11\/Cartel-Seminario-InterAsia-2024-Online-_-28-11-_-pt-3-1980x2800.jpg 1980w, https:\/\/webs.uab.cat\/interasia\/wp-content\/uploads\/sites\/224\/2024\/11\/Cartel-Seminario-InterAsia-2024-Online-_-28-11-_-pt-3-scaled.jpg 1810w\" sizes=\"auto, (max-width: 724px) 100vw, 724px\" \/><\/figure>\n<\/div>\n\n\n\n<div class=\"wp-block-column is-layout-flow wp-block-column-is-layout-flow\">\n<p><strong>Seminarios del Grupo de Investigaci\u00f3n InterAsia 2024 (online)<\/strong>:<\/p>\n\n\n\n<p><strong><em>China, Taiw\u00e1n y Estados Unidos ante la nueva administraci\u00f3n Trump<\/em><\/strong><\/p>\n\n\n\n<p><strong>Xulio R\u00edos<\/strong>, Asesor em\u00e9rito del Observatorio de la Pol\u00edtica China<\/p>\n\n\n\n<p><strong>Se\u00e1n Golden<\/strong>, Investigador Asociado Senior del CIDOB y colaborador de Reset DOC<\/p>\n\n\n\n<p><strong>Ferr\u00e1n P\u00e9rez Mena<\/strong>, Profesor de Durham University, Reino Unido. Miembro de InterAsia<\/p>\n\n\n\n<p><strong>Andr\u00e9s Herrera-Feligreras<\/strong>, Doctor en Historia y socio director de HerreraZhang. Miembro de InterAsia<\/p>\n\n\n\n<p>Moderado por <strong>Joaqu\u00edn Beltr\u00e1n Antol\u00edn,<\/strong> Co-I.P. de InterAsia, Universitat Aut\u00f2noma de Barcelona<\/p>\n\n\n\n<p><strong>28 de noviembre de 2024, 17:00-19:00<\/strong><\/p>\n\n\n\n<p><a href=\"https:\/\/teams.microsoft.com\/l\/meetup-join\/19%3ameeting_MzU4ZWM1YjItNDYzMy00ZjNiLWFhZDEtZTJjYzY3MjExNTBj%40thread.v2\/0?context=%7b%22Tid%22%3a%226b514c29-2391-4831-b774-84f35c45bf01%22%2c%22Oid%22%3a%22c4da0471-3558-4ea4-b119-bb700bb76bdc%22%7d\">Enlace<\/a><\/p>\n<\/div>\n<\/div>\n\n\n\n<h2 class=\"wp-block-heading\">Entidades Promotoras Observadoras<\/h2>\n\n\n\n<figure class=\"wp-block-table\"><table><tbody><tr><td><img loading=\"lazy\" decoding=\"async\" width=\"1200\" height=\"630\" class=\"wp-image-1119\" style=\"width: 150px\" src=\"https:\/\/webs.uab.cat\/interasia\/wp-content\/uploads\/sites\/224\/2023\/02\/cidob.png\" alt=\"\" srcset=\"https:\/\/webs.uab.cat\/interasia\/wp-content\/uploads\/sites\/224\/2023\/02\/cidob.png 1200w, https:\/\/webs.uab.cat\/interasia\/wp-content\/uploads\/sites\/224\/2023\/02\/cidob-300x158.png 300w, https:\/\/webs.uab.cat\/interasia\/wp-content\/uploads\/sites\/224\/2023\/02\/cidob-1024x538.png 1024w, https:\/\/webs.uab.cat\/interasia\/wp-content\/uploads\/sites\/224\/2023\/02\/cidob-768x403.png 768w\" sizes=\"auto, (max-width: 1200px) 100vw, 1200px\" \/><a rel=\"noopener\" href=\"http:\/\/www.cidob.org\/es\/cidob\" target=\"_blank\"><\/a><\/td><td><strong>Centro de Informaci\u00f3n y Documentaci\u00f3n Internacionales de Barcelona (CIDOB)<\/strong><\/td><\/tr><tr><td><img loading=\"lazy\" decoding=\"async\" width=\"961\" height=\"960\" class=\"wp-image-1125\" style=\"width: 100px\" src=\"https:\/\/webs.uab.cat\/interasia\/wp-content\/uploads\/sites\/224\/2023\/02\/CASAASIA_redDOT.png\" alt=\"\" srcset=\"https:\/\/webs.uab.cat\/interasia\/wp-content\/uploads\/sites\/224\/2023\/02\/CASAASIA_redDOT.png 961w, https:\/\/webs.uab.cat\/interasia\/wp-content\/uploads\/sites\/224\/2023\/02\/CASAASIA_redDOT-300x300.png 300w, https:\/\/webs.uab.cat\/interasia\/wp-content\/uploads\/sites\/224\/2023\/02\/CASAASIA_redDOT-150x150.png 150w, https:\/\/webs.uab.cat\/interasia\/wp-content\/uploads\/sites\/224\/2023\/02\/CASAASIA_redDOT-768x767.png 768w\" sizes=\"auto, (max-width: 961px) 100vw, 961px\" \/><a rel=\"noopener\" href=\"http:\/\/www.casaasia.es\/\" target=\"_blank\"><\/a><\/td><td>\n<p class=\"rtejustify\"><strong>Casa Asia<\/strong><\/p>\n<\/td><\/tr><tr><td><img loading=\"lazy\" decoding=\"async\" width=\"900\" height=\"500\" class=\"wp-image-1128\" style=\"width: 150px\" src=\"https:\/\/webs.uab.cat\/interasia\/wp-content\/uploads\/sites\/224\/2023\/02\/japan-foundation-logo-vector.png\" alt=\"\" srcset=\"https:\/\/webs.uab.cat\/interasia\/wp-content\/uploads\/sites\/224\/2023\/02\/japan-foundation-logo-vector.png 900w, https:\/\/webs.uab.cat\/interasia\/wp-content\/uploads\/sites\/224\/2023\/02\/japan-foundation-logo-vector-300x167.png 300w, https:\/\/webs.uab.cat\/interasia\/wp-content\/uploads\/sites\/224\/2023\/02\/japan-foundation-logo-vector-768x427.png 768w\" sizes=\"auto, (max-width: 900px) 100vw, 900px\" \/><a rel=\"noopener\" href=\"http:\/\/www.jpf.go.jp\/e\/\" target=\"_blank\"><\/a><\/td><td>\n<p class=\"rtejustify\"><strong>Japan Foundation<\/strong><\/p>\n<\/td><\/tr><tr><td><img loading=\"lazy\" decoding=\"async\" width=\"368\" height=\"165\" class=\"wp-image-1122\" style=\"width: 150px\" src=\"https:\/\/webs.uab.cat\/interasia\/wp-content\/uploads\/sites\/224\/2023\/02\/Confuci-logo.png\" alt=\"\" srcset=\"https:\/\/webs.uab.cat\/interasia\/wp-content\/uploads\/sites\/224\/2023\/02\/Confuci-logo.png 368w, https:\/\/webs.uab.cat\/interasia\/wp-content\/uploads\/sites\/224\/2023\/02\/Confuci-logo-300x135.png 300w\" sizes=\"auto, (max-width: 368px) 100vw, 368px\" \/><\/td><td><strong>Fundaci\u00f3n Instituto Confucio de Barcelona<\/strong><\/td><\/tr><\/tbody><\/table><\/figure>\n\n\n\n<h2 class=\"wp-block-heading\">&nbsp;<\/h2>\n","protected":false},"excerpt":{"rendered":"<p>Bienvenidos La globalizaci\u00f3n actual se caracteriza por la aceleraci\u00f3n e intensificaci\u00f3n de los flujos de intercambio entre diferentes regiones del mundo. La presencia de Asia Oriental es cada vez m\u00e1s cercana y evidente en el contexto mundial. Sin embargo, el imaginario dominante, lejos de ahondar en la comprensi\u00f3n mutua, todav\u00eda acent\u00faa la distancia y la [&hellip;]<\/p>\n","protected":false},"author":20,"featured_media":0,"parent":0,"menu_order":0,"comment_status":"closed","ping_status":"closed","template":"","meta":{"footnotes":""},"class_list":["post-114","page","type-page","status-publish","hentry"],"_links":{"self":[{"href":"https:\/\/webs.uab.cat\/interasia\/es\/wp-json\/wp\/v2\/pages\/114","targetHints":{"allow":["GET"]}}],"collection":[{"href":"https:\/\/webs.uab.cat\/interasia\/es\/wp-json\/wp\/v2\/pages"}],"about":[{"href":"https:\/\/webs.uab.cat\/interasia\/es\/wp-json\/wp\/v2\/types\/page"}],"author":[{"embeddable":true,"href":"https:\/\/webs.uab.cat\/interasia\/es\/wp-json\/wp\/v2\/users\/20"}],"replies":[{"embeddable":true,"href":"https:\/\/webs.uab.cat\/interasia\/es\/wp-json\/wp\/v2\/comments?post=114"}],"version-history":[{"count":32,"href":"https:\/\/webs.uab.cat\/interasia\/es\/wp-json\/wp\/v2\/pages\/114\/revisions"}],"predecessor-version":[{"id":2343,"href":"https:\/\/webs.uab.cat\/interasia\/es\/wp-json\/wp\/v2\/pages\/114\/revisions\/2343"}],"wp:attachment":[{"href":"https:\/\/webs.uab.cat\/interasia\/es\/wp-json\/wp\/v2\/media?parent=114"}],"curies":[{"name":"wp","href":"https:\/\/api.w.org\/{rel}","templated":true}]}}