{"id":133,"date":"2017-02-20T13:07:51","date_gmt":"2017-02-20T11:07:51","guid":{"rendered":"https:\/\/webs.uab.cat\/interasia\/actividades\/"},"modified":"2023-03-21T14:02:20","modified_gmt":"2023-03-21T12:02:20","slug":"actividades","status":"publish","type":"page","link":"https:\/\/webs.uab.cat\/interasia\/es\/actividades\/","title":{"rendered":"Actividades"},"content":{"rendered":"<p class=\"rtejustify\">\n<p class=\"rtejustify\">El Grupo de Investigaci\u00f3n Inter Asia\u00a0desde su creaci\u00f3n ha organizado y participado de forma directa en diversos congresos, conferencias y seminarios relacionados con las l\u00edneas de investigaci\u00f3n del grupo. Tambi\u00e9n ha colaborado con instituciones nacionales e internacionales.<\/p>\n<ul>\n<li><a title=\"\" href=\"http:\/\/grupsderecerca.uab.cat\/interasia\/es\/content\/seminario-permanente-de-investigacion-y-doctorado\">Seminario Permanente de Investigaci\u00f3n y Doctorado<\/a><\/li>\n<li><a href=\"http:\/\/grupsderecerca.uab.cat\/interasia\/es\/content\/escuela-de-verano-de-doctorado\">Escuela de Verano de Doctorado<\/a><\/li>\n<li><a href=\"https:\/\/webs.uab.cat\/interasia\/es\/conferencias\/\">Conferencias<\/a><\/li>\n<li><a href=\"https:\/\/webs.uab.cat\/interasia\/es\/traducciones\/\">Traducciones<\/a><\/li>\n<li><a title=\"\" href=\"http:\/\/grupsderecerca.uab.cat\/interasia\/es\/content\/ciclos-de-cine\">Ciclos de cine<\/a><\/li>\n<li><a title=\"\" href=\"http:\/\/grupsderecerca.uab.cat\/interasia\/es\/content\/comisariado-de-exposiciones\">Comisariado de exposiciones<\/a><\/li>\n<li><a href=\"https:\/\/webs.uab.cat\/interasia\/es\/presentaciones\/\">Presentaciones<\/a><\/li>\n<li><a href=\"http:\/\/grupsderecerca.uab.cat\/interasia\/es\/content\/otros-1\">Otros<\/a><\/li>\n<\/ul>\n<p class=\"rtejustify\">\n<p class=\"rtejustify\">\n<p class=\"rtejustify\">\n","protected":false},"excerpt":{"rendered":"<p>El Grupo de Investigaci\u00f3n Inter Asia\u00a0desde su creaci\u00f3n ha organizado y participado de forma directa en diversos congresos, conferencias y seminarios relacionados con las l\u00edneas de investigaci\u00f3n del grupo. Tambi\u00e9n ha colaborado con instituciones nacionales e internacionales. Seminario Permanente de Investigaci\u00f3n y Doctorado Escuela de Verano de Doctorado Conferencias Traducciones Ciclos de cine Comisariado de [&hellip;]<\/p>\n","protected":false},"author":20,"featured_media":0,"parent":0,"menu_order":0,"comment_status":"closed","ping_status":"closed","template":"","meta":{"footnotes":""},"class_list":["post-133","page","type-page","status-publish","hentry"],"_links":{"self":[{"href":"https:\/\/webs.uab.cat\/interasia\/es\/wp-json\/wp\/v2\/pages\/133","targetHints":{"allow":["GET"]}}],"collection":[{"href":"https:\/\/webs.uab.cat\/interasia\/es\/wp-json\/wp\/v2\/pages"}],"about":[{"href":"https:\/\/webs.uab.cat\/interasia\/es\/wp-json\/wp\/v2\/types\/page"}],"author":[{"embeddable":true,"href":"https:\/\/webs.uab.cat\/interasia\/es\/wp-json\/wp\/v2\/users\/20"}],"replies":[{"embeddable":true,"href":"https:\/\/webs.uab.cat\/interasia\/es\/wp-json\/wp\/v2\/comments?post=133"}],"version-history":[{"count":4,"href":"https:\/\/webs.uab.cat\/interasia\/es\/wp-json\/wp\/v2\/pages\/133\/revisions"}],"predecessor-version":[{"id":1367,"href":"https:\/\/webs.uab.cat\/interasia\/es\/wp-json\/wp\/v2\/pages\/133\/revisions\/1367"}],"wp:attachment":[{"href":"https:\/\/webs.uab.cat\/interasia\/es\/wp-json\/wp\/v2\/media?parent=133"}],"curies":[{"name":"wp","href":"https:\/\/api.w.org\/{rel}","templated":true}]}}