{"id":205,"date":"2017-02-22T11:54:04","date_gmt":"2017-02-22T09:54:04","guid":{"rendered":"https:\/\/webs.uab.cat\/interasia\/tesis-doctorales-en-curso\/"},"modified":"2025-02-28T20:05:33","modified_gmt":"2025-02-28T18:05:33","slug":"tesis-doctorales-en-curso","status":"publish","type":"page","link":"https:\/\/webs.uab.cat\/interasia\/es\/tesis-doctorales-en-curso\/","title":{"rendered":"Tesis doctorales en curso"},"content":{"rendered":"<p class=\"rtejustify\">Los\u00a0<strong>miembros de Inter Asia<\/strong>\u00a0dirigen tesis doctorales desde el a\u00f1o 2005 contribuyendo de esta manera a que la Universitat Aut\u00f2noma de Barcelona sea uno de los centros de educaci\u00f3n superior de Espa\u00f1a donde se han defendido m\u00e1s tesis doctorales relacionadas con Asia Oriental.<\/p>\n<p class=\"rtejustify\">Puede consultarse la relaci\u00f3n de\u00a0<a href=\"http:\/\/grupsderecerca.uab.cat\/interasia\/es\/content\/tesis-doctorales-defendidas\"><strong>Tesis doctorales defendidas<\/strong><\/a> tuteladas por los miembros de Inter Asia.<\/p>\n<p><strong>Ll\u00e0cer, Irene<\/strong>. La memoria como respuesta en la creaci\u00f3n contempor\u00e1nea. Una aproximaci\u00f3n desde el g\u00e9nero. Direcci\u00f3n:\u00a0<strong>Laia Manonelles<\/strong>. Fecha prevista de lectura: 2022.<\/p>\n<p><strong>Binghui Zheng<\/strong>. El arte experimental despu\u00e9s de 1985 en Guangzhou. El colectivo \u201cBig Tail Elepant\u201d como caso de estudio. Direcci\u00f3n:\u00a0<strong>Laia Manonelles<\/strong>. Fecha prevista de lectura: 2022.<\/p>\n<p><strong>Minerva Terrades<\/strong>. Romance in Japanese TV Dramas. An analysis of Fuji TV Getsuku Dramas of the 1990s. Direcci\u00f3:\u00a0<strong>Artur Lozano M\u00e9ndez<\/strong>.<\/p>\n<p><strong>Ivette Abul\u00ed Federico<\/strong>. M\u00e9s que bona esposa i mare s\u00e0via. Una aproximaci\u00f3 als feminismes japonesos des dels estudis culturals. Direcci\u00f3:\u00a0<strong>Artur Lozano y Amelia S\u00e1iz<\/strong>.<\/p>\n<p><strong>Oscar Garc\u00eda Aranda<\/strong>. La transformaci\u00f3n art\u00edstica del manga en la evoluci\u00f3n est\u00e9tica de su dise\u00f1o de personajes: el caso de One Piece. Direcci\u00f3:\u00a0<strong>Artur Lozano y Joaqu\u00edn Beltr\u00e1n<\/strong>.<\/p>\n<p><strong>Apodaca Ibarguren, Maialen<\/strong>. Estudio contrastivo sobre la psicolog\u00eda oriental y la psicolog\u00eda occidental: el origen y desarrollo de la psicolog\u00eda en Jap\u00f3n y la aplicaci\u00f3n de la Terapia Morita y la Terapia Naikan en Occidente. Direcci\u00f3:\u00a0<strong>Artur Lozano<\/strong>.<\/p>\n<p><strong>Raquel Navarro Caparros<\/strong>. Historical revisionism in Japanese cultural products: A study on The Grave of Fireflies and The Wind Rises. Direcci\u00f3:\u00a0<strong>Artur Lozano<\/strong>.<\/p>\n<p><strong>\u00c0ngela Altisent Altisent<\/strong>, Arte religioso en China: producci\u00f3n y distribuci\u00f3n contempor\u00e1nea del arte chino cristiano en la China continental. Dra. <strong>Amelia S\u00e1iz L\u00f3pez<\/strong>, UAB.<\/p>\n<p><strong>Oriol Mir Villegas<\/strong>, Statu quo socio-legal del hentai manga en Jap\u00f3n y en Espa\u00f1a. Dirs: <strong>Amelia S\u00e1iz L\u00f3pez<\/strong> and <strong>Artur Lozano M\u00e9ndez<\/strong>, UAB<\/p>\n<p><strong>Yang Zhao, <\/strong>The Impact of Socioeconomic Factors on Home Care Pattens in Palliative Care: A Mixed Research based on t<strong>wo Regions of Chinese Mainland. Dirs. Amelia S\u00e1iz L\u00f3pez<\/strong> y <strong>Laura Lamas Abraira<\/strong><\/p>\n<p><strong>Jianing Zhang<\/strong>, Subt\u00edtulos m\u00e1s visibles, un estudio sobre el uso de los subt\u00edtulos en China: pr\u00e1cticas intraling\u00fc\u00edsticas y de traducci\u00f3n. Dirs: <strong>Artur Lozano<\/strong> y<strong>\u00a0Ayumi Shimoyoshi<\/strong><\/p>\n<p><strong>Sun Xuewei<\/strong>. Nacionalismo y consumo en China. Dir:\u00a0<strong>Joaqu\u00edn Beltr\u00e1n y Amelia S\u00e1iz L\u00f3pez<\/strong>.<\/p>\n<p><strong>Rafael Flores Paz<\/strong>. El proyecto formativo del Han Kitab: t\u00e9cnicas, m\u00e9todos y objetivos Dir:\u00a0<strong>Joaqu\u00edn Beltr\u00e1n<\/strong>. Beca Joint Research PhD Fellowship del Confucius China Studies Program<\/p>\n<p><strong>Zhang Qi<\/strong>. China\u2019s Trade Agreements with the European Union and with Latin American and the Caribbean in the 21st Century: A Comparative Analysis. Dir:\u00a0<strong>Joaqu\u00edn Beltr\u00e1n<\/strong>.<\/p>\n<p><strong>Budi Buhamo<\/strong>. Ethnic Tourism and Ethnic Entrepreneurship: A Case Study of the Yi (Nuosu) in Southwest China. Dirs. <strong>Joaqu\u00edn Beltr\u00e1n<\/strong> y Francesc Romagosa, UAB.<\/p>\n<p><strong>Martin Te-Chi Chih<\/strong>, La cultura en la negociaci\u00f3n comercial entre personas chinas e hispanohablantes. Dir. <strong>Joaqu\u00edn Beltr\u00e1n Antol\u00edn<\/strong> y <strong>Andr\u00e9s Herrera-Feligreras<\/strong>. UAB<\/p>\n<p><strong>Julia Fern\u00e1ndez Garc\u00eda<\/strong>, Labour Market, Migration and Identity in the Special Administrative Region of Hong Kong, 1997-2023. Dir. <strong>Joaqu\u00edn Beltr\u00e1n<\/strong> y <strong>D\u00eddac Cubeiro.<\/strong>\u00a0UAB<\/p>\n<p><strong>Gizem Tu\u011fba \u00d6zkut<\/strong>. Normalization of the exception. Evolution of the Emergency Rule in Turkey (1980-2018). Dir.:\u00a0<strong>Laura Feliu<\/strong>.<\/p>\n<p><strong>Melania Brito Clavijo<\/strong>. Counter-terrorism handling in Egypt and Morocco. Dir.:\u00a0<strong>Laura Feliu<\/strong>.<\/p>\n<p class=\"rtejustify\">\n","protected":false},"excerpt":{"rendered":"<p>Los\u00a0miembros de Inter Asia\u00a0dirigen tesis doctorales desde el a\u00f1o 2005 contribuyendo de esta manera a que la Universitat Aut\u00f2noma de Barcelona sea uno de los centros de educaci\u00f3n superior de Espa\u00f1a donde se han defendido m\u00e1s tesis doctorales relacionadas con Asia Oriental. Puede consultarse la relaci\u00f3n de\u00a0Tesis doctorales defendidas tuteladas por los miembros de Inter [&hellip;]<\/p>\n","protected":false},"author":20,"featured_media":0,"parent":0,"menu_order":0,"comment_status":"closed","ping_status":"closed","template":"","meta":{"footnotes":""},"class_list":["post-205","page","type-page","status-publish","hentry"],"_links":{"self":[{"href":"https:\/\/webs.uab.cat\/interasia\/es\/wp-json\/wp\/v2\/pages\/205","targetHints":{"allow":["GET"]}}],"collection":[{"href":"https:\/\/webs.uab.cat\/interasia\/es\/wp-json\/wp\/v2\/pages"}],"about":[{"href":"https:\/\/webs.uab.cat\/interasia\/es\/wp-json\/wp\/v2\/types\/page"}],"author":[{"embeddable":true,"href":"https:\/\/webs.uab.cat\/interasia\/es\/wp-json\/wp\/v2\/users\/20"}],"replies":[{"embeddable":true,"href":"https:\/\/webs.uab.cat\/interasia\/es\/wp-json\/wp\/v2\/comments?post=205"}],"version-history":[{"count":4,"href":"https:\/\/webs.uab.cat\/interasia\/es\/wp-json\/wp\/v2\/pages\/205\/revisions"}],"predecessor-version":[{"id":2018,"href":"https:\/\/webs.uab.cat\/interasia\/es\/wp-json\/wp\/v2\/pages\/205\/revisions\/2018"}],"wp:attachment":[{"href":"https:\/\/webs.uab.cat\/interasia\/es\/wp-json\/wp\/v2\/media?parent=205"}],"curies":[{"name":"wp","href":"https:\/\/api.w.org\/{rel}","templated":true}]}}