{"id":2079,"date":"2025-07-04T11:48:22","date_gmt":"2025-07-04T09:48:22","guid":{"rendered":"https:\/\/webs.uab.cat\/interasia\/?page_id=2079"},"modified":"2025-07-04T14:41:34","modified_gmt":"2025-07-04T12:41:34","slug":"avisos","status":"publish","type":"page","link":"https:\/\/webs.uab.cat\/interasia\/es\/avisos\/","title":{"rendered":"Avisos"},"content":{"rendered":"\n<h2 class=\"wp-block-heading\">2025<\/h2>\n\n\n\n<p><strong>InterAsia Papers. Invitaci\u00f3n para enviar art\u00edculos<\/strong><\/p>\n\n\n\n<p>La revista acad\u00e9mica en abierto <strong>InterAsia Papers<\/strong> comenz\u00f3 a publicarse en 2008 como iniciativa del grupo de investigaci\u00f3n InterAsia del Departamento de Traducci\u00f3n e Interpretaci\u00f3n y de Estudios de Asia Oriental de la Universidad Aut\u00f3noma de Barcelona. Es una revista interdisciplinar de Humanidades y Ciencias Sociales sobre Asia Oriental (China, Jap\u00f3n, Corea del Norte, Corea del Sur, Mongolia, Taiwan, Hong Kong, Macao) que incluye tambi\u00e9n el \u00e1mbito de sus relaciones, impacto, influencia y presencia en el resto del mundo.<\/p>\n\n\n\n<p>&#8211; Los art\u00edculos in\u00e9ditos recibidos se enviar\u00e1n a revisi\u00f3n por pares tras su recepci\u00f3n.<\/p>\n\n\n\n<p>&#8211; Extensi\u00f3n: de 8.000 a 10.000 palabras.<\/p>\n\n\n\n<p>&#8211; Se aceptan art\u00edculos escritos en espa\u00f1ol, catal\u00e1n e ingl\u00e9s.<\/p>\n\n\n\n<p>&#8211; La fecha l\u00edmite para la recepci\u00f3n de art\u00edculos es el <strong>31 de octubre de 2025<\/strong>.<\/p>\n\n\n\n<p>Los art\u00edculos finalmente aceptados tras el proceso de revisi\u00f3n se publicar\u00e1n en el volumen correspondiente a 2025.<\/p>\n\n\n\n<p>La informaci\u00f3n sobre formato y estilo se encuentra aqu\u00ed: <a href=\"https:\/\/webs.uab.cat\/interasia\/inter-asia-papers\/directrius-per-a-lautor-a\/\">https:\/\/webs.uab.cat\/interasia\/inter-asia-papers\/directrius-per-a-lautor-a\/<\/a><\/p>\n\n\n\n<p>Los art\u00edculos tienen que ser enviados directamente a: <a href=\"mailto:gr.interasia@uab.cat\">gr.interasia@uab.cat<\/a><\/p>\n","protected":false},"excerpt":{"rendered":"<p>2025 InterAsia Papers. Invitaci\u00f3n para enviar art\u00edculos La revista acad\u00e9mica en abierto InterAsia Papers comenz\u00f3 a publicarse en 2008 como iniciativa del grupo de investigaci\u00f3n InterAsia del Departamento de Traducci\u00f3n e Interpretaci\u00f3n y de Estudios de Asia Oriental de la Universidad Aut\u00f3noma de Barcelona. Es una revista interdisciplinar de Humanidades y Ciencias Sociales sobre Asia [&hellip;]<\/p>\n","protected":false},"author":304,"featured_media":0,"parent":0,"menu_order":0,"comment_status":"closed","ping_status":"closed","template":"","meta":{"footnotes":""},"class_list":["post-2079","page","type-page","status-publish","hentry"],"_links":{"self":[{"href":"https:\/\/webs.uab.cat\/interasia\/es\/wp-json\/wp\/v2\/pages\/2079","targetHints":{"allow":["GET"]}}],"collection":[{"href":"https:\/\/webs.uab.cat\/interasia\/es\/wp-json\/wp\/v2\/pages"}],"about":[{"href":"https:\/\/webs.uab.cat\/interasia\/es\/wp-json\/wp\/v2\/types\/page"}],"author":[{"embeddable":true,"href":"https:\/\/webs.uab.cat\/interasia\/es\/wp-json\/wp\/v2\/users\/304"}],"replies":[{"embeddable":true,"href":"https:\/\/webs.uab.cat\/interasia\/es\/wp-json\/wp\/v2\/comments?post=2079"}],"version-history":[{"count":6,"href":"https:\/\/webs.uab.cat\/interasia\/es\/wp-json\/wp\/v2\/pages\/2079\/revisions"}],"predecessor-version":[{"id":2097,"href":"https:\/\/webs.uab.cat\/interasia\/es\/wp-json\/wp\/v2\/pages\/2079\/revisions\/2097"}],"wp:attachment":[{"href":"https:\/\/webs.uab.cat\/interasia\/es\/wp-json\/wp\/v2\/media?parent=2079"}],"curies":[{"name":"wp","href":"https:\/\/api.w.org\/{rel}","templated":true}]}}