{"id":214,"date":"2017-02-22T12:10:27","date_gmt":"2017-02-22T10:10:27","guid":{"rendered":"https:\/\/webs.uab.cat\/interasia\/comisariado-de-exposiciones\/"},"modified":"2017-02-22T12:10:27","modified_gmt":"2017-02-22T10:10:27","slug":"comisariado-de-exposiciones","status":"publish","type":"page","link":"https:\/\/webs.uab.cat\/interasia\/es\/comisariado-de-exposiciones\/","title":{"rendered":"Comisariado de exposiciones"},"content":{"rendered":"<h2 class=\"rtejustify\">2015<\/h2>\n<h3 class=\"rtejustify\">27 al 30 de&nbsp;abril<\/h3>\n<p class=\"rtejustify\">Exposici\u00f3n fotogr\u00e1fica a cargo de<strong>&nbsp;Xiqi Yuwang<\/strong>:&nbsp;<a href=\"http:\/\/grupsderecerca.uab.cat\/interasia\/sites\/grupsderecerca.uab.cat.interasia\/files\/2015_expo_magnoliablanca.pdf\" target=\"_blank\" rel=\"noopener\"><strong>Magn\u00f2lia blanca<\/strong><\/a>.<\/p>\n<h2 class=\"rtejustify\">2013<\/h2>\n<h3 class=\"rtejustify\">8 al&nbsp;31 de mayo<\/h3>\n<p class=\"rtejustify\">Exposici\u00f3n fotogr\u00e1fica colectiva:&nbsp;<strong><a href=\"http:\/\/grupsderecerca.uab.cat\/interasia\/sites\/grupsderecerca.uab.cat.interasia\/files\/2013_miradesiperspectives.jpg\" target=\"_blank\" rel=\"noopener\">Mirades i perspectives. La Xina des d&#8217;Espanya<\/a><\/strong>.&nbsp;<br \/>\nOrganitzadores: Fundaci\u00f3n Instituto&nbsp;Confucio&nbsp;de Barcelona y&nbsp;Grupo de Investigaci\u00f3n InterAsia.<\/p>\n","protected":false},"excerpt":{"rendered":"<p>2015 27 al 30 de&nbsp;abril Exposici\u00f3n fotogr\u00e1fica a cargo de&nbsp;Xiqi Yuwang:&nbsp;Magn\u00f2lia blanca. 2013 8 al&nbsp;31 de mayo Exposici\u00f3n fotogr\u00e1fica colectiva:&nbsp;Mirades i perspectives. La Xina des d&#8217;Espanya.&nbsp; Organitzadores: Fundaci\u00f3n Instituto&nbsp;Confucio&nbsp;de Barcelona y&nbsp;Grupo de Investigaci\u00f3n InterAsia.<\/p>\n","protected":false},"author":20,"featured_media":0,"parent":0,"menu_order":0,"comment_status":"closed","ping_status":"closed","template":"","meta":{"footnotes":""},"class_list":["post-214","page","type-page","status-publish","hentry"],"_links":{"self":[{"href":"https:\/\/webs.uab.cat\/interasia\/es\/wp-json\/wp\/v2\/pages\/214","targetHints":{"allow":["GET"]}}],"collection":[{"href":"https:\/\/webs.uab.cat\/interasia\/es\/wp-json\/wp\/v2\/pages"}],"about":[{"href":"https:\/\/webs.uab.cat\/interasia\/es\/wp-json\/wp\/v2\/types\/page"}],"author":[{"embeddable":true,"href":"https:\/\/webs.uab.cat\/interasia\/es\/wp-json\/wp\/v2\/users\/20"}],"replies":[{"embeddable":true,"href":"https:\/\/webs.uab.cat\/interasia\/es\/wp-json\/wp\/v2\/comments?post=214"}],"version-history":[{"count":0,"href":"https:\/\/webs.uab.cat\/interasia\/es\/wp-json\/wp\/v2\/pages\/214\/revisions"}],"wp:attachment":[{"href":"https:\/\/webs.uab.cat\/interasia\/es\/wp-json\/wp\/v2\/media?parent=214"}],"curies":[{"name":"wp","href":"https:\/\/api.w.org\/{rel}","templated":true}]}}