{"id":217,"date":"2017-02-22T12:13:42","date_gmt":"2017-02-22T10:13:42","guid":{"rendered":"https:\/\/webs.uab.cat\/interasia\/ciclos-de-cine\/"},"modified":"2017-02-22T12:13:42","modified_gmt":"2017-02-22T10:13:42","slug":"ciclos-de-cine","status":"publish","type":"page","link":"https:\/\/webs.uab.cat\/interasia\/es\/ciclos-de-cine\/","title":{"rendered":"Ciclos de cine"},"content":{"rendered":"<h2 class=\"rtejustify\">2017<\/h2>\n<h3 class=\"rtejustify\">11 al 22 de enero<\/h3>\n<p class=\"rtejustify\">Ciclo de cine&nbsp;<a href=\"http:\/\/www.filmoteca.cat\/web\/programacio\/cicles\/identitats-creuades-xinesos-de-pellicula\" target=\"_blank\" rel=\"noopener\"><strong>\u201cIdentidades cruzadas: chinos de pel\u00edcula\u201d<\/strong><\/a>. Las pel\u00edculas cuentan con la presentaci\u00f3n y coloquio a cargo de investigadores de InterAsia.<\/p>\n<ul>\n<li class=\"rtejustify\">11 de enero a las 18:30.&nbsp;&nbsp;<strong>Zhao<\/strong>, Susana Gozalvo, 2008.&nbsp;Presentaci\u00f3n del ciclo a cargo de Irene Masdeu. Presentaci\u00f3n de la pel\u00edcula y coloquio a cargo de la autora del film, Susana Gozalvo.<\/li>\n<li class=\"rtejustify\">12 de gener a les 21:30&nbsp;<strong>La Fuente Amarilla<\/strong>, Miguel Santesmases, 1999.<\/li>\n<li class=\"rtejustify\">18 de gener a les 18:30&nbsp;<strong>Huidas<\/strong>, Mercedes Gaspar, 2014.&nbsp;Presentaci\u00f3n y coloquio a cargo de la autora del film Mercedes Gaspar y Xavier Ortells.<\/li>\n<li class=\"rtejustify\">19 de gener a les 21:30.&nbsp;<strong><a href=\"http:\/\/www.filmoteca.cat\/web\/programacio\/cicles\/identitats-creuades-xinesos-de-pellicula\/dame-un-poco-de-amooor\" target=\"_blank\" rel=\"noopener\">\u00a1Dame un poco de amooor&#8230;!<\/a><\/strong>&nbsp;&nbsp;Jos\u00e9 Mar\u00eda Forqu\u00e9,&nbsp;1968.<\/li>\n<\/ul>\n<h2 class=\"rtejustify\">2016<\/h2>\n<h3 class=\"rtejustify\">5 de mayo<\/h3>\n<p class=\"rtejustify\">Seminario Permanente de&nbsp;Investigaci\u00f3n y Doctorado&nbsp;&#8211;&nbsp;Tribuna de&nbsp;Asia Oriental:&nbsp;<strong><a href=\"http:\/\/grupsderecerca.uab.cat\/interasia\/sites\/grupsderecerca.uab.cat.interasia\/files\/tell_the_prime_minister.pdf\" target=\"_blank\" rel=\"noopener\">Tell the Prime Minister<\/a><\/strong>, proyecci\u00f3n del documental y&nbsp;debate con su director&nbsp;<strong>Eiji Oguma<\/strong>, Keio University, Jap\u00f3n.<\/p>\n<h2 class=\"rtejustify\">2015<\/h2>\n<h3 class=\"rtejustify\">28 de&nbsp;abril al 19 de mayo<\/h3>\n<p class=\"rtejustify\">Ciclo&nbsp;<strong><a href=\"http:\/\/grupsderecerca.uab.cat\/interasia\/sites\/grupsderecerca.uab.cat.interasia\/files\/conferencies_golferichs_215.pdf\" target=\"_blank\" rel=\"noopener\">\u00abLa Xina contempor\u00e0nia en la producci\u00f3 audiovisual realitzada a Catalunya\u00bb<\/a><\/strong>, proyecci\u00f3n y debate de cortos y documentales.<\/p>\n<ul>\n<li class=\"rtejustify\"><strong><a href=\"http:\/\/www.lavanguardia.com\/agenda\/actividades\/27540_projecte-interseccions.html\" target=\"_blank\" rel=\"noopener\">Projecte interseccions<\/a><\/strong>&nbsp;(a cargo&nbsp;de<strong>&nbsp;Irene Masdeu <\/strong>y&nbsp;<strong>Ramon Oliveras<\/strong>),&nbsp;28 de abril, 19:00h.<\/li>\n<li class=\"rtejustify\"><strong><a href=\"http:\/\/www.lavanguardia.com\/agenda\/actividades\/27552_em-dic-peng-se-lhan-quedat-els-xinesos.html\" target=\"_blank\" rel=\"noopener\">Em dic Peng \/ Se l&#8217;han quedat els xinesos<\/a><\/strong>&nbsp;(a cargo de&nbsp;<strong>Jahel Guerra<\/strong>,&nbsp;<strong>Victoria Molina<\/strong>,<strong>&nbsp;Laura Quinto <\/strong>y&nbsp;<strong>Jos\u00e9 Garc\u00eda<\/strong>),&nbsp;5 de mayo, 19:00h.<\/li>\n<li class=\"rtejustify\"><strong><a href=\"http:\/\/centrescivics.bcn.cat\/ca\/activitat\/la-xina-la-produccio-audiovisual-catalana\" target=\"_blank\" rel=\"noopener\">Obert 24 hores<\/a><\/strong>&nbsp;(a cargo de&nbsp;<strong>Xavier Campreci\u00f3s<\/strong>),&nbsp;12 de mayo,19:00h.<\/li>\n<li class=\"rtejustify\"><strong><a href=\"http:\/\/www.lavanguardia.com\/agenda\/actividades\/27554_el-lugar-que-nos-une-palabras-la-ciudad-de-gaofeng.html\" target=\"_blank\" rel=\"noopener\">El lugar que nos une \/ Palabras de la ciudad de Gaofeng<\/a><\/strong>&nbsp;(a cargo de&nbsp;<strong>Lin Yu<\/strong>&nbsp;y&nbsp;<strong>Oriol Mart\u00ednez),&nbsp;<\/strong>19 de mayo, 19:00h.<\/li>\n<\/ul>\n<h2 class=\"rtejustify\">2014<\/h2>\n<h3 class=\"rtejustify\">11 de diciembre<\/h3>\n<p class=\"rtejustify\">Seminario Permanente de&nbsp;Investigaci\u00f3n y Doctorado&nbsp;&#8211;&nbsp;Tribuna de&nbsp;Asia Oriental. Proyecci\u00f3n y debate con&nbsp;<a href=\"http:\/\/grupsderecerca.uab.cat\/interasia\/sites\/grupsderecerca.uab.cat.interasia\/files\/ishinomaki_rock_n_roll_city.pdf\" target=\"_blank\" rel=\"noopener\"><strong>Mart\u00edn Aletta<\/strong><\/a>&nbsp;(cineasta y&nbsp;actor):<\/p>\n<ul>\n<li class=\"rtejustify\"><strong><em>Ojos Abiertos&nbsp;<\/em><\/strong>(cortometraje, dir. Mart\u00edn Aletta, 2013)<\/li>\n<li class=\"rtejustify\"><strong><em>Ishinomaki Rock &#8216;n Roll City<\/em><\/strong>&nbsp;(cortometraje documental, dir. Federico Aletta, 2011).<\/li>\n<\/ul>\n<h3 class=\"rtejustify\">15 y&nbsp;16 de&nbsp;octubre<\/h3>\n<p class=\"rtejustify\">Seminario Permanente de&nbsp;Investigaci\u00f3n y Doctorado&nbsp;&#8211;&nbsp;Tribuna de&nbsp;Asia Oriental. Conferencia y proyecciones a cargo del&nbsp;cineasta chino&nbsp;<strong><a href=\"http:\/\/grupsderecerca.uab.cat\/interasia\/sites\/grupsderecerca.uab.cat.interasia\/files\/shu_haolun.pdf\" target=\"_blank\" rel=\"noopener\">Shu Haolun<\/a>.<\/strong><\/p>\n<ul>\n<li class=\"rtejustify\">15 de octubre:&nbsp;<strong><em>Nostalgia<\/em>&nbsp;\u4e61\u6101<\/strong>&nbsp;(70 minutos, 2006).<\/li>\n<li class=\"rtejustify\">16 de octubre:&nbsp;<strong><em>No. 89 Shimen Road<\/em>&nbsp;\u9ed1\u767d\u7167\u7247<\/strong>&nbsp;(85 minutos, 2010). Conferencia:&nbsp;<strong><em>Chinese Independent Cinema<\/em><\/strong>.<\/li>\n<\/ul>\n<h3 class=\"rtejustify\">19 de marzo<\/h3>\n<p class=\"rtejustify\">Seminario Permanente de&nbsp;Investigaci\u00f3n y Doctorado&nbsp;&#8211;&nbsp;Tribuna de&nbsp;Asia Oriental.&nbsp;Proyecci\u00f3n del documental&nbsp;<a href=\"http:\/\/grupsderecerca.uab.cat\/interasia\/sites\/grupsderecerca.uab.cat.interasia\/files\/ainu._caminos_a_la_memoria.pdf\" target=\"_blank\" rel=\"noopener\"><strong>Ainu. Caminos a la memoria&nbsp;<\/strong><\/a>(2013) y debate&nbsp;posterior con sus realizadores: <strong>Marcos Centeno Mart\u00edn<\/strong> y&nbsp;<strong>Almudena Garc\u00eda Navarro<\/strong>.<\/p>\n","protected":false},"excerpt":{"rendered":"<p>2017 11 al 22 de enero Ciclo de cine&nbsp;\u201cIdentidades cruzadas: chinos de pel\u00edcula\u201d. Las pel\u00edculas cuentan con la presentaci\u00f3n y coloquio a cargo de investigadores de InterAsia. 11 de enero a las 18:30.&nbsp;&nbsp;Zhao, Susana Gozalvo, 2008.&nbsp;Presentaci\u00f3n del ciclo a cargo de Irene Masdeu. Presentaci\u00f3n de la pel\u00edcula y coloquio a cargo de la autora del [&hellip;]<\/p>\n","protected":false},"author":20,"featured_media":0,"parent":0,"menu_order":0,"comment_status":"closed","ping_status":"closed","template":"","meta":{"footnotes":""},"class_list":["post-217","page","type-page","status-publish","hentry"],"_links":{"self":[{"href":"https:\/\/webs.uab.cat\/interasia\/es\/wp-json\/wp\/v2\/pages\/217","targetHints":{"allow":["GET"]}}],"collection":[{"href":"https:\/\/webs.uab.cat\/interasia\/es\/wp-json\/wp\/v2\/pages"}],"about":[{"href":"https:\/\/webs.uab.cat\/interasia\/es\/wp-json\/wp\/v2\/types\/page"}],"author":[{"embeddable":true,"href":"https:\/\/webs.uab.cat\/interasia\/es\/wp-json\/wp\/v2\/users\/20"}],"replies":[{"embeddable":true,"href":"https:\/\/webs.uab.cat\/interasia\/es\/wp-json\/wp\/v2\/comments?post=217"}],"version-history":[{"count":0,"href":"https:\/\/webs.uab.cat\/interasia\/es\/wp-json\/wp\/v2\/pages\/217\/revisions"}],"wp:attachment":[{"href":"https:\/\/webs.uab.cat\/interasia\/es\/wp-json\/wp\/v2\/media?parent=217"}],"curies":[{"name":"wp","href":"https:\/\/api.w.org\/{rel}","templated":true}]}}