{"id":2201,"date":"2025-09-15T17:22:40","date_gmt":"2025-09-15T15:22:40","guid":{"rendered":"https:\/\/webs.uab.cat\/interasia\/jornadas-chinacult-es\/"},"modified":"2025-10-15T12:23:53","modified_gmt":"2025-10-15T10:23:53","slug":"jornadas-chinacult-es","status":"publish","type":"page","link":"https:\/\/webs.uab.cat\/interasia\/es\/jornadas-chinacult-es\/","title":{"rendered":"Jornadas ChinaCult.es"},"content":{"rendered":"\n<h2 class=\"wp-block-heading\">II Jornada &#8211; 30 de octubre 2025<\/h2>\n\n\n\n<p><strong><em><em>II Jornada Chinacult.es. Producci\u00f3n art\u00edstica entre China y Espa\u00f1a<\/em>: Conversaci\u00f3n con Luc\u00eda Sun y Shishi Zhu<\/em><\/strong>.<\/p>\n\n\n\n<figure class=\"wp-block-image size-large\"><img loading=\"lazy\" decoding=\"async\" width=\"1024\" height=\"724\" src=\"https:\/\/webs.uab.cat\/interasia\/wp-content\/uploads\/sites\/224\/2025\/10\/cartel-30-octubre-_-esp-4-1024x724.jpeg\" alt=\"\" class=\"wp-image-2269\" srcset=\"https:\/\/webs.uab.cat\/interasia\/wp-content\/uploads\/sites\/224\/2025\/10\/cartel-30-octubre-_-esp-4-1024x724.jpeg 1024w, https:\/\/webs.uab.cat\/interasia\/wp-content\/uploads\/sites\/224\/2025\/10\/cartel-30-octubre-_-esp-4-300x212.jpeg 300w, https:\/\/webs.uab.cat\/interasia\/wp-content\/uploads\/sites\/224\/2025\/10\/cartel-30-octubre-_-esp-4-768x543.jpeg 768w, https:\/\/webs.uab.cat\/interasia\/wp-content\/uploads\/sites\/224\/2025\/10\/cartel-30-octubre-_-esp-4-1536x1086.jpeg 1536w, https:\/\/webs.uab.cat\/interasia\/wp-content\/uploads\/sites\/224\/2025\/10\/cartel-30-octubre-_-esp-4-2048x1448.jpeg 2048w, https:\/\/webs.uab.cat\/interasia\/wp-content\/uploads\/sites\/224\/2025\/10\/cartel-30-octubre-_-esp-4-1200x849.jpeg 1200w, https:\/\/webs.uab.cat\/interasia\/wp-content\/uploads\/sites\/224\/2025\/10\/cartel-30-octubre-_-esp-4-1980x1400.jpeg 1980w\" sizes=\"auto, (max-width: 1024px) 100vw, 1024px\" \/><\/figure>\n\n\n\n<p>En esta segunda sesi\u00f3n contaremos con la presencia de las artistas visuales Luc\u00eda Sun y Shishi Zhu. Ambas desarrollan su discurso art\u00edstico en el contexto espa\u00f1ol, sin olvidar sus or\u00edgenes chinos.<\/p>\n\n\n\n<p>Luc\u00eda Sun alterna su trabajo como fot\u00f3grafa de moda con proyectos de car\u00e1cter muy personal, en los que desarrolla una mirada \u00fanica sobre la identidad de las personas de origen chino que viven en Espa\u00f1a.<\/p>\n\n\n\n<p>Shishi Zhu, por su parte, es miembro del colectivo art\u00edstico Cangrejo Pro, formado por mujeres artistas chinas j\u00f3venes. Paralelamente, ha desarrollado su obra analizando cuestiones identitarias desde la perspectiva de la migraci\u00f3n china.<\/p>\n\n\n\n<p>La conversaci\u00f3n estar\u00e1 moderada por Irene Masdeu Torruella y Roberto Figliulo.<\/p>\n\n\n\n<p>Las <em>Jornadas Chinacult.es: Producci\u00f3n art\u00edstica entre China y Espa\u00f1a<\/em> est\u00e1n basadas en la base de datos digital <em>Chinacult.es <\/em>(UAB) y tienen como objetivocrear un espacio abierto de di\u00e1logo y encuentro entre artistas, creadores, gestores culturales, p\u00fablico general, estudiantes y acad\u00e9micos interesados en las sinergias, movilidades e intercambios culturales entre China y Espa\u00f1a.<\/p>\n\n\n\n<p><strong>Datos de la actividad&nbsp;<\/strong><\/p>\n\n\n\n<p><a>Jueves 30 de octubre de 2025, 11:00h<\/a><\/p>\n\n\n\n<p>Aula 004 de la Facultad de Traducci\u00f3n e Interpretaci\u00f3n de la Universitat Aut\u00f2noma de Barcelona<\/p>\n\n\n\n<p><strong>Actividad coorganizada por<\/strong>:<\/p>\n\n\n\n<p>Fundaci\u00f3n Instituto Confucio de Barcelona<\/p>\n\n\n\n<p>Grupo de Investigaci\u00f3n Interasia (UAB), Fundaci\u00f3n Instituto Confucio de Barcelona<a><\/a><\/p>\n\n\n\n<p>Departament de Traducci\u00f3 i Interpretaci\u00f3 i Estudis de l\u2019\u00c0sia Oriental (UAB).&nbsp;&nbsp;<\/p>\n\n\n\n<p>Coordinaci\u00f3n: Irene Masdeu i Roberto Figliulo del Grup de recerca Interasia de la UAB<\/p>\n\n\n\n<p><strong>Sobre las ponentes<\/strong><\/p>\n\n\n\n<p><strong>Luc\u00eda&nbsp;Sun<\/strong>&nbsp;es fot\u00f3grafa especializada en moda y proyectos narrativos. De ascendencia china y criada en Galicia, su trabajo se centra en contar historias a trav\u00e9s de im\u00e1genes, explorando identidad y pertenencia cultural. Ha colaborado con marcas como Springfield, Showroompriv\u00e9 o Tiwi, y publicado en revistas como&nbsp;<em>Marie Claire<\/em>,&nbsp;<em>Icon El Pa\u00eds<\/em>,&nbsp;<em>Metal Magazine<\/em>&nbsp;o Tapas Magazine. Su obra personal aborda temas raciales en proyectos como&nbsp;<em>I\u2019m Not a Virus<\/em>&nbsp;o&nbsp;<em>Techo de Bamb\u00fa<\/em>, expuestos en espacios como la Sala Arte Joven, Matadero o el Museo Antropol\u00f3gico de Madrid. Con m\u00e1s de una d\u00e9cada de experiencia, combina direcci\u00f3n art\u00edstica, composici\u00f3n cuidada y sensibilidad narrativa.<\/p>\n\n\n\n<p><strong>Shishi Zhu <\/strong>(Wenzhou, 1995). Es una artista multidisciplinaria que fusiona y explora los lenguajes culturales y art\u00edsticos de Oriente y Occidente. Tambi\u00e9n es doctoranda en Bellas Artes por la Universidad Complutense de Madrid (UCM), donde su investigaci\u00f3n se centra en la creaci\u00f3n dial\u00f3gica y performativa, tanto desde lo colectivo como desde lo individual.<\/p>\n\n\n\n<p>Como mediadora cultural, ha colaborado en diversos proyectos comunitarios orientados a la integraci\u00f3n de la comunidad china en Espa\u00f1a.<\/p>\n\n\n\n<p>Es miembro de la colectiva Cangrejo Pro, donde utiliza la performance para explorar la identidad compartida y la experiencia comunitaria. En su obra individual, la experiencia, la memoria y las historias contadas son elementos fundamentales que enriquecen su pr\u00e1ctica art\u00edstica, generando un v\u00ednculo entre la creaci\u00f3n visual y la escritura creativa que la acompa\u00f1a.<\/p>\n\n\n\n<p><strong>Irene Masdeu Torruella<\/strong> es profesora lectora en el Departamento de Traducci\u00f3n, Interpretaci\u00f3n y Estudios de Asia Oriental de la Universitat Aut\u00f2noma de Barcelona (UAb). Es antrop\u00f3loga y doctora en Estudios Interculturales, con una tesis doctoral sobre movilidad, retorno y v\u00ednculos transnacionales en el contexto de la migraci\u00f3n china. Ha participado en numerosos proyectos de investigaci\u00f3n sobre migraci\u00f3n china, incluyendo trabajo de campo etnogr\u00e1fico tanto en China como en Espa\u00f1a. Actualmente, investiga la producci\u00f3n art\u00edstica y cultural en el contexto de la migraci\u00f3n china y coordina el archivo digital Chinacult.es (UAB). \u202fEntre las publicaciones recientes cabe el cap\u00edtulo escrito con Wang Simeng (2024) \u00abEntrepreneurial and Transnational Socialisation among Descendants of Chinese Migrants: A Cross-country Study on New Transnational Mobilities Between Europe and China\u00bb. In M. Thun\u00f8, S. Wang, E. Tran Sautede, &amp; Y. Tseng (Eds.), Handbook on Chinese Migration to Europe (1 ed., pp. 526-552). (Brill Handbooks of Chinese Overseas; Vol. 1).&nbsp;<\/p>\n\n\n\n<p><strong>Roberto Figliulo <\/strong>es profesor lector en la Universidad Aut\u00f3noma de Barcelona, donde imparte cursos sobre arte y cultura visual en el Grado en Estudios de Asia Oriental y en el M\u00e1ster en Estudios Globales de Asia Oriental. Anteriormente ha sido profesor asociado en la Universidad Pompeu Fabra, donde obtuvo su doctorado con una tesis sobre la fotograf\u00eda contempor\u00e1nea en China. Su investigaci\u00f3n se centra en la producci\u00f3n fotogr\u00e1fica y art\u00edstica en el mundo sin\u00f3fono. Ha publicado los resultados de sus estudios en revistas internacionales de renombre, como <em>Yishu \u2013 Journal of Contemporary Chinese Art <\/em>o <em>Estudios de Asia y Africa<\/em>. Actualmente, es miembro del Grupo de Investigaci\u00f3n InterAsia de la Universidad Aut\u00f3noma de Barcelona.<\/p>\n\n\n\n<h2 class=\"wp-block-heading\">I Jornada &#8211; 8 de octubre 2025<\/h2>\n\n\n\n<p><strong><em>I Jornada Chinacult.es. Producci\u00f3n art\u00edstica entre China y Espa\u00f1a: Conversaci\u00f3n con Paloma Chen y Minke Wang<\/em><\/strong><\/p>\n\n\n\n<figure class=\"wp-block-image size-large\"><img loading=\"lazy\" decoding=\"async\" width=\"1024\" height=\"724\" src=\"https:\/\/webs.uab.cat\/interasia\/wp-content\/uploads\/sites\/224\/2025\/09\/cartel-I-Jornada-_-esp-1-1024x724.jpeg\" alt=\"\" class=\"wp-image-2197\" srcset=\"https:\/\/webs.uab.cat\/interasia\/wp-content\/uploads\/sites\/224\/2025\/09\/cartel-I-Jornada-_-esp-1-1024x724.jpeg 1024w, https:\/\/webs.uab.cat\/interasia\/wp-content\/uploads\/sites\/224\/2025\/09\/cartel-I-Jornada-_-esp-1-300x212.jpeg 300w, https:\/\/webs.uab.cat\/interasia\/wp-content\/uploads\/sites\/224\/2025\/09\/cartel-I-Jornada-_-esp-1-768x543.jpeg 768w, https:\/\/webs.uab.cat\/interasia\/wp-content\/uploads\/sites\/224\/2025\/09\/cartel-I-Jornada-_-esp-1-1536x1086.jpeg 1536w, https:\/\/webs.uab.cat\/interasia\/wp-content\/uploads\/sites\/224\/2025\/09\/cartel-I-Jornada-_-esp-1-2048x1448.jpeg 2048w, https:\/\/webs.uab.cat\/interasia\/wp-content\/uploads\/sites\/224\/2025\/09\/cartel-I-Jornada-_-esp-1-1200x849.jpeg 1200w, https:\/\/webs.uab.cat\/interasia\/wp-content\/uploads\/sites\/224\/2025\/09\/cartel-I-Jornada-_-esp-1-1980x1400.jpeg 1980w\" sizes=\"auto, (max-width: 1024px) 100vw, 1024px\" \/><\/figure>\n\n\n\n<p>Esta actividad tiene como objetivo inaugurar las <strong>\u201cJornadas Chinacult.es. Producci\u00f3n art\u00edstica entre China y Espa\u00f1a\u201d<\/strong> que nacen con una vocaci\u00f3n de crear un espacio abierto de di\u00e1logo y encuentro entre artistas, creadores, gestores culturales, p\u00fablico general, estudiantes y acad\u00e9micos interesados en las sinergias, movilidades e intercambios culturales entre China y Espa\u00f1a. Las jornadas est\u00e1n centradas en la base de datos digital<strong> Chinacult.es<\/strong> (Grupo de Investigaci\u00f3n Interasia, UAB).<\/p>\n\n\n\n<p>En esta primera sesi\u00f3n contaremos con la presencia de la poeta, escritora y periodista <strong>Paloma Chen<\/strong> y del autor de teatro, poes\u00eda y narrativa <strong>Minke Wang<\/strong>, ambos descendientes de migrantes chinos con diferentes trayectorias vitales que ilustran los cambios hist\u00f3ricos y generacionales de la di\u00e1spora china en Espa\u00f1a. Tomando sus obras como punto de partida y referencia, hablaremos de c\u00f3mo los dos artistas han tomado la palabra, de las dificultades que han tenido que afrontar, de identidades, de fricciones, de representaciones, de posicionamientos y de las relaciones de poder en el contexto de las industrias culturales.<\/p>\n\n\n\n<p>La conversaci\u00f3n estar\u00e1 moderada por <strong>Irene Masdeu Torruella y Laia Manonelles<\/strong>.<\/p>\n\n\n\n<p><\/p>\n\n\n\n<p><strong>Dimecres 8 de octubre del 2025, 18:30h<\/strong><\/p>\n\n\n\n<p><strong>Biblioteca Fort Pienc \u2013 Ana Mar\u00eda Moix<\/strong><\/p>\n\n\n\n<p>Actividad organizada por <strong>Irene Masdeu Torruella<\/strong> y <strong>Roberto Figliulo<\/strong> del Grupo de Investigaci\u00f3n Interasia de la UAB.<\/p>\n\n\n\n<p>Con la colaboraci\u00f3n de: <em>Fundaci\u00f3n Instituto Confucio de Barcelona, Biblioteca Biblioteca Fort Pienc \u2013 Ana Mar\u00eda Moix i Departament de Traducci\u00f3 i Interpretaci\u00f3 i Estudis de l\u2019\u00c0sia Oriental (UAB).<\/em><\/p>\n\n\n\n<p><strong>Sobre las ponentes:<\/strong><\/p>\n\n\n\n<p><strong>Minke Wang<\/strong> (Wenzhou, China, 1978) es autor de teatro, poes\u00eda y narrativa y traductor del chino. Llegado a Espa\u00f1a a los diez a\u00f1os de edad, su trayectoria incluye el libro de poes\u00eda <em>m\u00f2h<\/em> (2015); el estreno de Un idioma propio (2018) en el Teatro Mar\u00eda Guerrero; y la publicaci\u00f3n de <em>Op\u00e9ra du trois t\u00eates dans la pavillon du silence<\/em>, traducci\u00f3n al franc\u00e9s de la partitura gr\u00e1fica <em>Tres figuras al pie \u00bfde?<\/em> Ha sido becario de escritura en el Centro Dram\u00e1tico Nacional, el Th\u00e9\u00e2tre de la Ville-Paris, la Fundaci\u00f3n Sgae, ETC-la Cuarta Pared, el Ministerio de Cultura y Deporte, y la Fundaci\u00f3n BBVA. En 2025 ha sido el ganador del V Premio de No Ficci\u00f3n Libros del Asteroide.<\/p>\n\n\n\n<p><strong>Paloma Chen<\/strong> es poeta, escriptora, periodista y gestora cultural. Colabora en medios como El Salto y Pikara Magazine. Es autora del reportaje documental <em>Crecer en &#8216;un chino&#8217;<\/em> (2019), del poemario en papel <em>Invocaci\u00f3n a las mayor\u00edas silenciosas <\/em>(Letraversal, 2022, finalista del Premio Mandarache) y del poemario-app <em>Shanshui Pixel Scenes <\/em>(2023). Gan\u00f3 el Premio Nacional de Poes\u00eda Viva &#8216;L de L\u00edrica&#8217; en 2020. Sus poemas han sido incluidos en antolog\u00edas como <em>Matria po\u00e9tica: una antolog\u00eda de poetas migrantes<\/em> (La Imprenta, 2023) o <em>\u00daltima poes\u00eda cr\u00edtica. J\u00f3venes poetas en tiempos de colapso<\/em> (Lastura, 2023).<\/p>\n\n\n\n<p><strong>Irene Masdeu Torruella<\/strong> es antrop\u00f3loga y profesora del Departamento de Traducci\u00f3n, Interpretaci\u00f3n y Estudios de Asia Oriental de la Universitat Aut\u00f2noma de Barcelona (UAB). Ha desarrollado numerosos proyectos de investigaci\u00f3n sobre migraci\u00f3n china, retorno y v\u00ednculos transnacionales incluyendo trabajo de campo etnogr\u00e1fico tanto en China (Qingtian y Shanghai) como en Espa\u00f1a. Actualmente, investiga la producci\u00f3n art\u00edstica en el contexto de la di\u00e1spora china y coordina el archivo digital Chinacult.es (UAB). Entre las publicaciones recientes cabe destacar el cap\u00edtulo escrito con Wang Simeng (2024) \u00abEntrepreneurial and Transnational Socialisation among Descendants of Chinese Migrants: A Cross-country Study on New Transnational Mobilities Between Europe and China\u00bb (Brill Handbooks of Chinese Overseas; Vol. 1).<\/p>\n\n\n\n<p><strong>Laia Manonelles Moner<\/strong>, historiadora del arte. Profesora del Departamento de Historia del Arte de la Universidad de Barcelona. Centra su investigaci\u00f3n en las est\u00e9ticas migratorias, el arte experimental en China y su recepci\u00f3n en el marco euroamericano. Ha comisariado la exposici\u00f3n <em>Construyendo la China: visiones de una transformaci\u00f3n<\/em> (2010) en el Instituto de Estudios Ilerdenses en Lleida, y tambi\u00e9n ha co-comisariado la exposici\u00f3n<em> Politizaciones del malestar<\/em> (2017) en el Centro de Arte Santa M\u00f3nica en Barcelona. Ha realizado una serie de entrevistas \u2013Ha realitzat una s\u00e8rie d&#8217;entrevistes \u2013documentades en v\u00eddeo\u2013 a artistes xinesos que s&#8217;han mostrat al Museu Artium de Vit\u00f2ria i al Museu Reina Sof\u00eda de Madrid. Es autora de los libros <em>Arte experimental en China, conversaciones con artistas<\/em> (Edicions Bellaterra, 2011) y <em>La construcci\u00f3n de la(s) historia(s) del arte contempor\u00e1neo en China<\/em> (Edicions Bellaterra, 2017). Ha coeditat, juntament amb Joaqu\u00edn Beltr\u00e1n, el llibre <em>Xina en l&#8217;art i la producci\u00f3 cultural contempor\u00e0nia global<\/em> (Edicions Bellaterra, 2024).<\/p>\n","protected":false},"excerpt":{"rendered":"<p>II Jornada &#8211; 30 de octubre 2025 II Jornada Chinacult.es. Producci\u00f3n art\u00edstica entre China y Espa\u00f1a: Conversaci\u00f3n con Luc\u00eda Sun y Shishi Zhu. En esta segunda sesi\u00f3n contaremos con la presencia de las artistas visuales Luc\u00eda Sun y Shishi Zhu. Ambas desarrollan su discurso art\u00edstico en el contexto espa\u00f1ol, sin olvidar sus or\u00edgenes chinos. Luc\u00eda [&hellip;]<\/p>\n","protected":false},"author":304,"featured_media":0,"parent":0,"menu_order":0,"comment_status":"closed","ping_status":"closed","template":"","meta":{"footnotes":""},"class_list":["post-2201","page","type-page","status-publish","hentry"],"_links":{"self":[{"href":"https:\/\/webs.uab.cat\/interasia\/es\/wp-json\/wp\/v2\/pages\/2201","targetHints":{"allow":["GET"]}}],"collection":[{"href":"https:\/\/webs.uab.cat\/interasia\/es\/wp-json\/wp\/v2\/pages"}],"about":[{"href":"https:\/\/webs.uab.cat\/interasia\/es\/wp-json\/wp\/v2\/types\/page"}],"author":[{"embeddable":true,"href":"https:\/\/webs.uab.cat\/interasia\/es\/wp-json\/wp\/v2\/users\/304"}],"replies":[{"embeddable":true,"href":"https:\/\/webs.uab.cat\/interasia\/es\/wp-json\/wp\/v2\/comments?post=2201"}],"version-history":[{"count":6,"href":"https:\/\/webs.uab.cat\/interasia\/es\/wp-json\/wp\/v2\/pages\/2201\/revisions"}],"predecessor-version":[{"id":2279,"href":"https:\/\/webs.uab.cat\/interasia\/es\/wp-json\/wp\/v2\/pages\/2201\/revisions\/2279"}],"wp:attachment":[{"href":"https:\/\/webs.uab.cat\/interasia\/es\/wp-json\/wp\/v2\/media?parent=2201"}],"curies":[{"name":"wp","href":"https:\/\/api.w.org\/{rel}","templated":true}]}}