{"id":108,"date":"2016-04-26T13:51:57","date_gmt":"2016-04-26T11:51:57","guid":{"rendered":"https:\/\/webs.uab.cat\/interasia\/projectes-de-recerca\/"},"modified":"2022-09-27T13:30:37","modified_gmt":"2022-09-27T11:30:37","slug":"projectes-de-recerca","status":"publish","type":"page","link":"https:\/\/webs.uab.cat\/interasia\/projectes-de-recerca\/","title":{"rendered":"Projectes de recerca"},"content":{"rendered":"\n<h2 class=\"wp-block-heading\">El grup i els seus objectius<\/h2>\n\n\n\n<p>Aquest grup neix de la inquietud de professors d&#8217; Estudis d\u2019\u00c0sia Oriental del Departament de Traducci\u00f3, Interpretaci\u00f3 i Estudis de l&#8217;\u00c0sia Oriental de la UAB per tractar des d\u2019una perspectiva interdisciplin\u00e0ria la problem\u00e0tica de la interculturalitat vigent a l\u2019\u00c0sia Oriental, tant en el seu interior com en les seves relacions amb la resta del m\u00f3n. El proc\u00e9s de globalitzaci\u00f3 actual, amb l\u2019augment del volum i la rapidesa dels fluxos de persones, capitals, b\u00e9ns i informaci\u00f3 que se\u2019n deriven, situa en un primer terme el contacte i els intercanvis entre cultures allunyades. Els moviments no s\u00f3n unidireccionals, sin\u00f3 que se&#8217;n constata la multidireccionalitat, la fragmentaci\u00f3 i les aportacions d\u2019all\u00f2 que \u00e9s local i particular a all\u00f2 que \u00e9s global.<\/p>\n\n\n\n<p>L\u2019\u00c0sia Oriental constitueix un espai privilegiat per observar la din\u00e0mica d\u2019aquests fluxos i dels processos interculturals que comporten. Per a aprofundir-ne la comprensi\u00f3, en primer lloc analitzarem les diverses teories ja existents amb l\u2019objectiu d\u2019elaborar un marc te\u00f2ric adequat a l\u2019objecte d\u2019estudi. Tot seguit, mitjan\u00e7ant l\u2019estudi de casos concrets, tractarem tot un seguit d\u2019aspectes ling\u00fc\u00edstics, literaris, socials i pol\u00edtics, bo i aplicant-hi les reflexions te\u00f2riques anteriors i tractant temes relacionats amb la modernitzaci\u00f3, la producci\u00f3, la circulaci\u00f3 i el consum de significants culturals, de situacions pluriling\u00fces, d\u2019identitat cultural, de di\u00e0spora i de relacions internacionals.<\/p>\n\n\n\n<p>Finalment, durem a terme la comparaci\u00f3 dels resultats dels casos concrets per identificar els imperatius culturals que entren en joc en les relacions interculturals.<\/p>\n\n\n\n<p>Aix\u00ed podrem avaluar l\u2019estat de la q\u00fcesti\u00f3 de la interculturalitat en el context de l\u2019\u00c0sia Oriental i proposarem tant estrat\u00e8gies d\u2019implicaci\u00f3 nacionals a la zona com estrat\u00e8gies de gesti\u00f3 de la pres\u00e8ncia asi\u00e0tica (econ\u00f2mica, cultural i pol\u00edtica) aqu\u00ed.<\/p>\n\n\n\n<p>En definitiva, es tracta de realitzar una aportaci\u00f3 al foment de la conviv\u00e8ncia i la comprensi\u00f3 entre cultures i lleng\u00fces en contextos multiculturals i pluriling\u00fces (concretament, pel que fa a l\u2019\u00c0sia Oriental).<\/p>\n\n\n\n<h2 class=\"wp-block-heading\">L\u00ednies de recerca<\/h2>\n\n\n\n<p>Seguint els objectius tra\u00e7ats pel grup i tenint en compte els perfils dels membres de l\u2019equip investigador, hem articulat la nostra recerca partint de tres grans l\u00ednies de treball:<\/p>\n\n\n\n<p>1. La construcci\u00f3 del discurs de la (post)modernitat a l\u2019\u00c0sia Oriental com a manifestaci\u00f3 de processos d\u2019interculturalitat.<\/p>\n\n\n\n<p>2. El paper dels productes culturals de l\u2019\u00c0sia Oriental a Occident i viceversa: processos d\u2019adaptaci\u00f3, incorporaci\u00f3, reelaboraci\u00f3 i supressi\u00f3.<\/p>\n\n\n\n<p>3. L\u2019etnicitat i la diversitat cultural de l\u2019\u00c0sia Oriental: din\u00e0miques de contacte ling\u00fc\u00edstic, construcci\u00f3 d\u2019identitats, di\u00e0spores i relacions internacionals.<\/p>\n\n\n\n<h2 class=\"wp-block-heading\">Projectes<\/h2>\n\n\n\n<ul class=\"wp-block-list\"><li><a href=\"https:\/\/webs.uab.cat\/interasia\/finalitzats\/\" data-type=\"page\" data-id=\"169\">Projectes finalitzats<\/a><\/li><li><a href=\"https:\/\/webs.uab.cat\/interasia\/en-curs\/\" data-type=\"page\" data-id=\"166\">Projectes en curs<\/a><\/li><li><a href=\"https:\/\/webs.uab.cat\/interasia\/participacio-en-altres-projectes\/\" data-type=\"page\" data-id=\"173\">Participaci\u00f3 en altres<\/a><\/li><\/ul>\n","protected":false},"excerpt":{"rendered":"<p>El grup i els seus objectius Aquest grup neix de la inquietud de professors d&#8217; Estudis d\u2019\u00c0sia Oriental del Departament de Traducci\u00f3, Interpretaci\u00f3 i Estudis de l&#8217;\u00c0sia Oriental de la UAB per tractar des d\u2019una perspectiva interdisciplin\u00e0ria la problem\u00e0tica de la interculturalitat vigent a l\u2019\u00c0sia Oriental, tant en el seu interior com en les seves [&hellip;]<\/p>\n","protected":false},"author":20,"featured_media":0,"parent":0,"menu_order":0,"comment_status":"closed","ping_status":"closed","template":"","meta":{"footnotes":""},"class_list":["post-108","page","type-page","status-publish","hentry"],"_links":{"self":[{"href":"https:\/\/webs.uab.cat\/interasia\/wp-json\/wp\/v2\/pages\/108","targetHints":{"allow":["GET"]}}],"collection":[{"href":"https:\/\/webs.uab.cat\/interasia\/wp-json\/wp\/v2\/pages"}],"about":[{"href":"https:\/\/webs.uab.cat\/interasia\/wp-json\/wp\/v2\/types\/page"}],"author":[{"embeddable":true,"href":"https:\/\/webs.uab.cat\/interasia\/wp-json\/wp\/v2\/users\/20"}],"replies":[{"embeddable":true,"href":"https:\/\/webs.uab.cat\/interasia\/wp-json\/wp\/v2\/comments?post=108"}],"version-history":[{"count":1,"href":"https:\/\/webs.uab.cat\/interasia\/wp-json\/wp\/v2\/pages\/108\/revisions"}],"predecessor-version":[{"id":434,"href":"https:\/\/webs.uab.cat\/interasia\/wp-json\/wp\/v2\/pages\/108\/revisions\/434"}],"wp:attachment":[{"href":"https:\/\/webs.uab.cat\/interasia\/wp-json\/wp\/v2\/media?parent=108"}],"curies":[{"name":"wp","href":"https:\/\/api.w.org\/{rel}","templated":true}]}}