{"id":116,"date":"2017-02-20T10:55:39","date_gmt":"2017-02-20T08:55:39","guid":{"rendered":"https:\/\/webs.uab.cat\/interasia\/inici\/"},"modified":"2025-10-28T17:29:55","modified_gmt":"2025-10-28T15:29:55","slug":"inici","status":"publish","type":"page","link":"https:\/\/webs.uab.cat\/interasia\/","title":{"rendered":"Inici"},"content":{"rendered":"\n<h2 class=\"wp-block-heading\">Benvinguts<\/h2>\n\n\n\n<p>La globalitzaci\u00f3 actual es caracteriza per l&#8217;acceleraci\u00f3 i la intensificaci\u00f3 dels fluxos d&#8217;intercanvi entre diferents regions del m\u00f3n.<\/p>\n\n\n\n<p>La pres\u00e8ncia de l&#8217;\u00c0sia Oriental \u00e9s cada cop m\u00e9s propera i evident dins el context mundial. Aix\u00f2 no obstant, l&#8217;imaginari dominant, en comptes d&#8217;aprofundir la comprensi\u00f3 m\u00fatua, encara n&#8217;accentua la dist\u00e0ncia i la llunyania.<\/p>\n\n\n\n<p>Els processos i din\u00e0miques d&#8217;intercanvi que es desenvolupen arran de l&#8217;encontre entre persones i grups socials amb unes caracter\u00edstiques culturals pr\u00f2pies necessiten ser reconeguts per poder superar les barreres i jerarquies que ens separen.<\/p>\n\n\n\n<p>La diversitat cultural present dins l&#8217;\u00c0sia Oriental, aix\u00ed com les transfer\u00e8ncies culturals bidireccionals entre l&#8217;\u00c0sia Oriental i la resta del m\u00f3n, \u00e9s el que pret\u00e9n treure a la llum&nbsp;aquesta p\u00e0gina.<\/p>\n\n\n\n<h2 class=\"wp-block-heading\">Activitats<\/h2>\n\n\n\n<div class=\"wp-block-columns is-layout-flex wp-container-core-columns-is-layout-9d6595d7 wp-block-columns-is-layout-flex\">\n<div class=\"wp-block-column is-layout-flow wp-block-column-is-layout-flow\">\n<figure class=\"wp-block-gallery has-nested-images columns-default is-cropped wp-block-gallery-1 is-layout-flex wp-block-gallery-is-layout-flex\">\n<figure class=\"wp-block-image size-large\"><img loading=\"lazy\" decoding=\"async\" width=\"724\" height=\"1024\" data-id=\"2282\" src=\"https:\/\/webs.uab.cat\/interasia\/wp-content\/uploads\/sites\/224\/2025\/10\/cartell-retorn-a-liangshan-724x1024.jpeg\" alt=\"\" class=\"wp-image-2282\" srcset=\"https:\/\/webs.uab.cat\/interasia\/wp-content\/uploads\/sites\/224\/2025\/10\/cartell-retorn-a-liangshan-724x1024.jpeg 724w, https:\/\/webs.uab.cat\/interasia\/wp-content\/uploads\/sites\/224\/2025\/10\/cartell-retorn-a-liangshan-212x300.jpeg 212w, https:\/\/webs.uab.cat\/interasia\/wp-content\/uploads\/sites\/224\/2025\/10\/cartell-retorn-a-liangshan-768x1086.jpeg 768w, https:\/\/webs.uab.cat\/interasia\/wp-content\/uploads\/sites\/224\/2025\/10\/cartell-retorn-a-liangshan-1086x1536.jpeg 1086w, https:\/\/webs.uab.cat\/interasia\/wp-content\/uploads\/sites\/224\/2025\/10\/cartell-retorn-a-liangshan-1448x2048.jpeg 1448w, https:\/\/webs.uab.cat\/interasia\/wp-content\/uploads\/sites\/224\/2025\/10\/cartell-retorn-a-liangshan-1200x1697.jpeg 1200w, https:\/\/webs.uab.cat\/interasia\/wp-content\/uploads\/sites\/224\/2025\/10\/cartell-retorn-a-liangshan-1980x2800.jpeg 1980w, https:\/\/webs.uab.cat\/interasia\/wp-content\/uploads\/sites\/224\/2025\/10\/cartell-retorn-a-liangshan-scaled.jpeg 1811w\" sizes=\"auto, (max-width: 724px) 100vw, 724px\" \/><\/figure>\n<\/figure>\n<\/div>\n\n\n\n<div class=\"wp-block-column is-layout-flow wp-block-column-is-layout-flow\">\n<figure class=\"wp-block-gallery has-nested-images columns-default is-cropped wp-block-gallery-2 is-layout-flex wp-block-gallery-is-layout-flex\">\n<figure class=\"wp-block-image size-large\"><img loading=\"lazy\" decoding=\"async\" width=\"724\" height=\"1024\" data-id=\"2285\" src=\"https:\/\/webs.uab.cat\/interasia\/wp-content\/uploads\/sites\/224\/2025\/10\/text-buhamo-724x1024.jpeg\" alt=\"\" class=\"wp-image-2285\" srcset=\"https:\/\/webs.uab.cat\/interasia\/wp-content\/uploads\/sites\/224\/2025\/10\/text-buhamo-724x1024.jpeg 724w, https:\/\/webs.uab.cat\/interasia\/wp-content\/uploads\/sites\/224\/2025\/10\/text-buhamo-212x300.jpeg 212w, https:\/\/webs.uab.cat\/interasia\/wp-content\/uploads\/sites\/224\/2025\/10\/text-buhamo-768x1086.jpeg 768w, https:\/\/webs.uab.cat\/interasia\/wp-content\/uploads\/sites\/224\/2025\/10\/text-buhamo-1086x1536.jpeg 1086w, https:\/\/webs.uab.cat\/interasia\/wp-content\/uploads\/sites\/224\/2025\/10\/text-buhamo-1448x2048.jpeg 1448w, https:\/\/webs.uab.cat\/interasia\/wp-content\/uploads\/sites\/224\/2025\/10\/text-buhamo-1200x1697.jpeg 1200w, https:\/\/webs.uab.cat\/interasia\/wp-content\/uploads\/sites\/224\/2025\/10\/text-buhamo-1980x2800.jpeg 1980w, https:\/\/webs.uab.cat\/interasia\/wp-content\/uploads\/sites\/224\/2025\/10\/text-buhamo-scaled.jpeg 1811w\" sizes=\"auto, (max-width: 724px) 100vw, 724px\" \/><\/figure>\n<\/figure>\n<\/div>\n<\/div>\n\n\n\n<div class=\"wp-block-columns alignfull is-layout-flex wp-container-core-columns-is-layout-9d6595d7 wp-block-columns-is-layout-flex\">\n<div class=\"wp-block-column is-layout-flow wp-block-column-is-layout-flow\">\n<figure class=\"wp-block-image alignfull size-large\"><img loading=\"lazy\" decoding=\"async\" width=\"1024\" height=\"724\" src=\"https:\/\/webs.uab.cat\/interasia\/wp-content\/uploads\/sites\/224\/2025\/10\/cartell-30-doctubre-_-cat-1024x724.jpeg\" alt=\"\" class=\"wp-image-2238\" srcset=\"https:\/\/webs.uab.cat\/interasia\/wp-content\/uploads\/sites\/224\/2025\/10\/cartell-30-doctubre-_-cat-1024x724.jpeg 1024w, https:\/\/webs.uab.cat\/interasia\/wp-content\/uploads\/sites\/224\/2025\/10\/cartell-30-doctubre-_-cat-300x212.jpeg 300w, https:\/\/webs.uab.cat\/interasia\/wp-content\/uploads\/sites\/224\/2025\/10\/cartell-30-doctubre-_-cat-768x543.jpeg 768w, https:\/\/webs.uab.cat\/interasia\/wp-content\/uploads\/sites\/224\/2025\/10\/cartell-30-doctubre-_-cat-1536x1086.jpeg 1536w, https:\/\/webs.uab.cat\/interasia\/wp-content\/uploads\/sites\/224\/2025\/10\/cartell-30-doctubre-_-cat-2048x1448.jpeg 2048w, https:\/\/webs.uab.cat\/interasia\/wp-content\/uploads\/sites\/224\/2025\/10\/cartell-30-doctubre-_-cat-1200x849.jpeg 1200w, https:\/\/webs.uab.cat\/interasia\/wp-content\/uploads\/sites\/224\/2025\/10\/cartell-30-doctubre-_-cat-1980x1400.jpeg 1980w\" sizes=\"auto, (max-width: 1024px) 100vw, 1024px\" \/><\/figure>\n<\/div>\n\n\n\n<div class=\"wp-block-column is-layout-flow wp-block-column-is-layout-flow\">\n<p><strong>II Jornada<em> Chinacult.es. Producci\u00f3 art\u00edstica entre Xina i Espanya<\/em>: Conversa amb Luc\u00eda Sun i Shishi Zhu.&nbsp;<\/strong><\/p>\n\n\n\n<p>Taula rodona amb Luc\u00eda Sun i Shishi Zhu, moderada per Irene Masdeu i Roberto Figliulo.<\/p>\n\n\n\n<p>Dijous 30 d&#8217;octubre del 2025, 11:00<\/p>\n\n\n\n<p>Aula 4 &#8211; Facultat Traducci\u00f3 i d&#8217;Interpretaci\u00f3 UAB<\/p>\n<\/div>\n<\/div>\n\n\n\n<p><\/p>\n\n\n\n<div class=\"wp-block-columns alignfull is-layout-flex wp-container-core-columns-is-layout-9d6595d7 wp-block-columns-is-layout-flex\">\n<div class=\"wp-block-column is-vertically-aligned-center is-layout-flow wp-block-column-is-layout-flow\">\n<figure class=\"wp-block-image size-large\"><img loading=\"lazy\" decoding=\"async\" width=\"1024\" height=\"724\" src=\"https:\/\/webs.uab.cat\/interasia\/wp-content\/uploads\/sites\/224\/2025\/09\/cartell-I-Jornada-1024x724.jpeg\" alt=\"\" class=\"wp-image-2206\" srcset=\"https:\/\/webs.uab.cat\/interasia\/wp-content\/uploads\/sites\/224\/2025\/09\/cartell-I-Jornada-1024x724.jpeg 1024w, https:\/\/webs.uab.cat\/interasia\/wp-content\/uploads\/sites\/224\/2025\/09\/cartell-I-Jornada-300x212.jpeg 300w, https:\/\/webs.uab.cat\/interasia\/wp-content\/uploads\/sites\/224\/2025\/09\/cartell-I-Jornada-768x543.jpeg 768w, https:\/\/webs.uab.cat\/interasia\/wp-content\/uploads\/sites\/224\/2025\/09\/cartell-I-Jornada-1536x1086.jpeg 1536w, https:\/\/webs.uab.cat\/interasia\/wp-content\/uploads\/sites\/224\/2025\/09\/cartell-I-Jornada-2048x1448.jpeg 2048w, https:\/\/webs.uab.cat\/interasia\/wp-content\/uploads\/sites\/224\/2025\/09\/cartell-I-Jornada-1200x849.jpeg 1200w, https:\/\/webs.uab.cat\/interasia\/wp-content\/uploads\/sites\/224\/2025\/09\/cartell-I-Jornada-1980x1400.jpeg 1980w\" sizes=\"auto, (max-width: 1024px) 100vw, 1024px\" \/><\/figure>\n<\/div>\n\n\n\n<div class=\"wp-block-column is-layout-flow wp-block-column-is-layout-flow\">\n<p><strong>I Jornada<em> Chinacult.es. Producci\u00f3 art\u00edstica entre Xina i Espanya<\/em>: Conversa amb Paloma Chen i Minke Wang<\/strong><\/p>\n\n\n\n<p>Taula rodona amb Paloma Chen i Minke Wang, moderada per Irene Masdeu Torruella i Laia Manonelles.<\/p>\n\n\n\n<p>Dimecres 8 d\u2019octubre del 2025, 18:30h&nbsp;&nbsp;<\/p>\n\n\n\n<p>Biblioteca Fort Pienc \u2013 Ana Mar\u00eda Moix, Barcelona<\/p>\n\n\n\n<p>M\u00e9s info <a href=\"https:\/\/webs.uab.cat\/interasia\/jornades-chinacult-es\/\">aqu\u00ed<\/a>.<\/p>\n<\/div>\n<\/div>\n\n\n\n<div class=\"wp-block-columns is-layout-flex wp-container-core-columns-is-layout-9d6595d7 wp-block-columns-is-layout-flex\">\n<div class=\"wp-block-column is-layout-flow wp-block-column-is-layout-flow\">\n<figure class=\"wp-block-image size-large\"><img loading=\"lazy\" decoding=\"async\" width=\"724\" height=\"1024\" src=\"https:\/\/webs.uab.cat\/interasia\/wp-content\/uploads\/sites\/224\/2024\/12\/Cartel-Seminario-InterAsia-2024-10-12-1-724x1024.jpg\" alt=\"\" class=\"wp-image-1959\" srcset=\"https:\/\/webs.uab.cat\/interasia\/wp-content\/uploads\/sites\/224\/2024\/12\/Cartel-Seminario-InterAsia-2024-10-12-1-724x1024.jpg 724w, https:\/\/webs.uab.cat\/interasia\/wp-content\/uploads\/sites\/224\/2024\/12\/Cartel-Seminario-InterAsia-2024-10-12-1-212x300.jpg 212w, https:\/\/webs.uab.cat\/interasia\/wp-content\/uploads\/sites\/224\/2024\/12\/Cartel-Seminario-InterAsia-2024-10-12-1-768x1086.jpg 768w, https:\/\/webs.uab.cat\/interasia\/wp-content\/uploads\/sites\/224\/2024\/12\/Cartel-Seminario-InterAsia-2024-10-12-1-1086x1536.jpg 1086w, https:\/\/webs.uab.cat\/interasia\/wp-content\/uploads\/sites\/224\/2024\/12\/Cartel-Seminario-InterAsia-2024-10-12-1-1448x2048.jpg 1448w, https:\/\/webs.uab.cat\/interasia\/wp-content\/uploads\/sites\/224\/2024\/12\/Cartel-Seminario-InterAsia-2024-10-12-1-1200x1697.jpg 1200w, https:\/\/webs.uab.cat\/interasia\/wp-content\/uploads\/sites\/224\/2024\/12\/Cartel-Seminario-InterAsia-2024-10-12-1-1980x2800.jpg 1980w, https:\/\/webs.uab.cat\/interasia\/wp-content\/uploads\/sites\/224\/2024\/12\/Cartel-Seminario-InterAsia-2024-10-12-1-scaled.jpg 1810w\" sizes=\"auto, (max-width: 724px) 100vw, 724px\" \/><\/figure>\n<\/div>\n\n\n\n<div class=\"wp-block-column is-layout-flow wp-block-column-is-layout-flow\">\n<p><strong>Seminaris del Grup de Recerca InterAsia 2024<\/strong><\/p>\n\n\n\n<p>Presentaci\u00f3 del llibre:<strong> Hagakure, Ocult sota les fulles (Vol. 1)<\/strong><\/p>\n\n\n\n<p>Conversaci\u00f3 amb el traductor<\/p>\n\n\n\n<p><strong>Gustavo Pita C\u00e9spedes,<\/strong> professor d&#8217;Estudis de l&#8217;\u00c0sia Oriental, Universitat Aut\u00f2noma de Barcelona<\/p>\n\n\n\n<p><strong>10 de desembre de 2024, 11:15-13:00<\/strong><\/p>\n\n\n\n<p><strong>Aula L\/036. Edifici de la Biblioteca d&#8217;Humanitats.<\/strong><\/p>\n<\/div>\n<\/div>\n\n\n\n<div class=\"wp-block-columns is-layout-flex wp-container-core-columns-is-layout-9d6595d7 wp-block-columns-is-layout-flex\">\n<div class=\"wp-block-column is-layout-flow wp-block-column-is-layout-flow\">\n<figure class=\"wp-block-image size-large\"><img loading=\"lazy\" decoding=\"async\" width=\"724\" height=\"1024\" src=\"https:\/\/webs.uab.cat\/interasia\/wp-content\/uploads\/sites\/224\/2024\/11\/Cartel-Seminario-InterAsia-2024-Online-_-28-11-_-pt-1-724x1024.jpg\" alt=\"\" class=\"wp-image-1924\" srcset=\"https:\/\/webs.uab.cat\/interasia\/wp-content\/uploads\/sites\/224\/2024\/11\/Cartel-Seminario-InterAsia-2024-Online-_-28-11-_-pt-1-724x1024.jpg 724w, https:\/\/webs.uab.cat\/interasia\/wp-content\/uploads\/sites\/224\/2024\/11\/Cartel-Seminario-InterAsia-2024-Online-_-28-11-_-pt-1-212x300.jpg 212w, https:\/\/webs.uab.cat\/interasia\/wp-content\/uploads\/sites\/224\/2024\/11\/Cartel-Seminario-InterAsia-2024-Online-_-28-11-_-pt-1-768x1086.jpg 768w, https:\/\/webs.uab.cat\/interasia\/wp-content\/uploads\/sites\/224\/2024\/11\/Cartel-Seminario-InterAsia-2024-Online-_-28-11-_-pt-1-1086x1536.jpg 1086w, https:\/\/webs.uab.cat\/interasia\/wp-content\/uploads\/sites\/224\/2024\/11\/Cartel-Seminario-InterAsia-2024-Online-_-28-11-_-pt-1-1448x2048.jpg 1448w, https:\/\/webs.uab.cat\/interasia\/wp-content\/uploads\/sites\/224\/2024\/11\/Cartel-Seminario-InterAsia-2024-Online-_-28-11-_-pt-1-1200x1697.jpg 1200w, https:\/\/webs.uab.cat\/interasia\/wp-content\/uploads\/sites\/224\/2024\/11\/Cartel-Seminario-InterAsia-2024-Online-_-28-11-_-pt-1-1980x2800.jpg 1980w, https:\/\/webs.uab.cat\/interasia\/wp-content\/uploads\/sites\/224\/2024\/11\/Cartel-Seminario-InterAsia-2024-Online-_-28-11-_-pt-1-scaled.jpg 1810w\" sizes=\"auto, (max-width: 724px) 100vw, 724px\" \/><\/figure>\n<\/div>\n\n\n\n<div class=\"wp-block-column is-layout-flow wp-block-column-is-layout-flow\">\n<div class=\"wp-block-group\"><div class=\"wp-block-group__inner-container is-layout-constrained wp-block-group-is-layout-constrained\">\n<p><strong>Seminaris del Grup de Recerca InterAsia 2024 (en l\u00ednia)<\/strong>:<br><strong><em>Xina, Taiwan i els Estats Units davant la nova administraci\u00f3 Trump<\/em><\/strong><\/p>\n\n\n\n<ul class=\"wp-block-list\">\n<li><strong>Xulio R\u00edos<\/strong>, Assessor em\u00e8rit de l\u2019Observatori de la Pol\u00edtica Xinesa<\/li>\n\n\n\n<li><strong>Se\u00e1n Golden<\/strong>, Investigador Associat S\u00e8nior del CIDOB i col\u00b7laborador de Reset DOC<\/li>\n\n\n\n<li><strong>Ferr\u00e1n P\u00e9rez Mena<\/strong>, Professor de la Durham University, Regne Unit. Membre d\u2019InterAsia<\/li>\n\n\n\n<li><strong>Andr\u00e9s Herrera-Feligreras<\/strong>, Doctor en Hist\u00f2ria i soci director d\u2019HerreraZhang. Membre d\u2019InterAsia<\/li>\n<\/ul>\n\n\n\n<p>Moderador: <strong>Joaqu\u00edn Beltr\u00e1n Antol\u00edn<\/strong>, Co-I.P. d\u2019InterAsia, Universitat Aut\u00f2noma de Barcelona<br><strong>28 de novembre de 2024<\/strong><br><strong>17:00-19:00<\/strong><\/p>\n\n\n\n<p><a href=\"https:\/\/teams.microsoft.com\/l\/meetup-join\/19%3ameeting_MzU4ZWM1YjItNDYzMy00ZjNiLWFhZDEtZTJjYzY3MjExNTBj%40thread.v2\/0?context=%7b%22Tid%22%3a%226b514c29-2391-4831-b774-84f35c45bf01%22%2c%22Oid%22%3a%22c4da0471-3558-4ea4-b119-bb700bb76bdc%22%7d\">Enlla\u00e7.<\/a><\/p>\n<\/div><\/div>\n<\/div>\n<\/div>\n\n\n\n<div class=\"wp-block-columns is-layout-flex wp-container-core-columns-is-layout-9d6595d7 wp-block-columns-is-layout-flex\">\n<div class=\"wp-block-column is-layout-flow wp-block-column-is-layout-flow\">\n<figure class=\"wp-block-image size-large\"><img loading=\"lazy\" decoding=\"async\" width=\"724\" height=\"1024\" src=\"https:\/\/webs.uab.cat\/interasia\/wp-content\/uploads\/sites\/224\/2023\/04\/Cartel-I-Ciclo-seminarios-InterAsia-_-vertical-724x1024.jpg\" alt=\"\" class=\"wp-image-1584\" srcset=\"https:\/\/webs.uab.cat\/interasia\/wp-content\/uploads\/sites\/224\/2023\/04\/Cartel-I-Ciclo-seminarios-InterAsia-_-vertical-724x1024.jpg 724w, https:\/\/webs.uab.cat\/interasia\/wp-content\/uploads\/sites\/224\/2023\/04\/Cartel-I-Ciclo-seminarios-InterAsia-_-vertical-212x300.jpg 212w, https:\/\/webs.uab.cat\/interasia\/wp-content\/uploads\/sites\/224\/2023\/04\/Cartel-I-Ciclo-seminarios-InterAsia-_-vertical-768x1086.jpg 768w, https:\/\/webs.uab.cat\/interasia\/wp-content\/uploads\/sites\/224\/2023\/04\/Cartel-I-Ciclo-seminarios-InterAsia-_-vertical-1086x1536.jpg 1086w, https:\/\/webs.uab.cat\/interasia\/wp-content\/uploads\/sites\/224\/2023\/04\/Cartel-I-Ciclo-seminarios-InterAsia-_-vertical-1448x2048.jpg 1448w, https:\/\/webs.uab.cat\/interasia\/wp-content\/uploads\/sites\/224\/2023\/04\/Cartel-I-Ciclo-seminarios-InterAsia-_-vertical-1200x1697.jpg 1200w, https:\/\/webs.uab.cat\/interasia\/wp-content\/uploads\/sites\/224\/2023\/04\/Cartel-I-Ciclo-seminarios-InterAsia-_-vertical-1980x2801.jpg 1980w, https:\/\/webs.uab.cat\/interasia\/wp-content\/uploads\/sites\/224\/2023\/04\/Cartel-I-Ciclo-seminarios-InterAsia-_-vertical-scaled.jpg 1810w\" sizes=\"auto, (max-width: 724px) 100vw, 724px\" \/><\/figure>\n<\/div>\n\n\n\n<div class=\"wp-block-column is-layout-flow wp-block-column-is-layout-flow\">\n<figure class=\"wp-block-image size-large\"><img loading=\"lazy\" decoding=\"async\" width=\"724\" height=\"1024\" src=\"https:\/\/webs.uab.cat\/interasia\/wp-content\/uploads\/sites\/224\/2023\/09\/Cartel-programa-I-Ciclo-Seminarios-InterAsia-_-vertical-3-724x1024.jpg\" alt=\"\" class=\"wp-image-1781\" srcset=\"https:\/\/webs.uab.cat\/interasia\/wp-content\/uploads\/sites\/224\/2023\/09\/Cartel-programa-I-Ciclo-Seminarios-InterAsia-_-vertical-3-724x1024.jpg 724w, https:\/\/webs.uab.cat\/interasia\/wp-content\/uploads\/sites\/224\/2023\/09\/Cartel-programa-I-Ciclo-Seminarios-InterAsia-_-vertical-3-212x300.jpg 212w, https:\/\/webs.uab.cat\/interasia\/wp-content\/uploads\/sites\/224\/2023\/09\/Cartel-programa-I-Ciclo-Seminarios-InterAsia-_-vertical-3-768x1086.jpg 768w, https:\/\/webs.uab.cat\/interasia\/wp-content\/uploads\/sites\/224\/2023\/09\/Cartel-programa-I-Ciclo-Seminarios-InterAsia-_-vertical-3-1086x1536.jpg 1086w, https:\/\/webs.uab.cat\/interasia\/wp-content\/uploads\/sites\/224\/2023\/09\/Cartel-programa-I-Ciclo-Seminarios-InterAsia-_-vertical-3-1448x2048.jpg 1448w, https:\/\/webs.uab.cat\/interasia\/wp-content\/uploads\/sites\/224\/2023\/09\/Cartel-programa-I-Ciclo-Seminarios-InterAsia-_-vertical-3-1200x1697.jpg 1200w, https:\/\/webs.uab.cat\/interasia\/wp-content\/uploads\/sites\/224\/2023\/09\/Cartel-programa-I-Ciclo-Seminarios-InterAsia-_-vertical-3-1980x2801.jpg 1980w, https:\/\/webs.uab.cat\/interasia\/wp-content\/uploads\/sites\/224\/2023\/09\/Cartel-programa-I-Ciclo-Seminarios-InterAsia-_-vertical-3-scaled.jpg 1810w\" sizes=\"auto, (max-width: 724px) 100vw, 724px\" \/><\/figure>\n<\/div>\n<\/div>\n\n\n\n<div class=\"wp-block-columns is-layout-flex wp-container-core-columns-is-layout-9d6595d7 wp-block-columns-is-layout-flex\">\n<div class=\"wp-block-column is-layout-flow wp-block-column-is-layout-flow\" style=\"flex-basis:33.33%\"><\/div>\n\n\n\n<div class=\"wp-block-column is-layout-flow wp-block-column-is-layout-flow\" style=\"flex-basis:66.66%\">\n<p><\/p>\n<\/div>\n<\/div>\n\n\n\n<h2 class=\"wp-block-heading\">Entitats Promotores Observadores<\/h2>\n\n\n\n<figure class=\"wp-block-table\"><table><tbody><tr><td><img loading=\"lazy\" decoding=\"async\" width=\"1200\" height=\"630\" class=\"wp-image-1119\" style=\"width: 150px\" src=\"https:\/\/webs.uab.cat\/interasia\/wp-content\/uploads\/sites\/224\/2023\/02\/cidob.png\" alt=\"\" srcset=\"https:\/\/webs.uab.cat\/interasia\/wp-content\/uploads\/sites\/224\/2023\/02\/cidob.png 1200w, https:\/\/webs.uab.cat\/interasia\/wp-content\/uploads\/sites\/224\/2023\/02\/cidob-300x158.png 300w, https:\/\/webs.uab.cat\/interasia\/wp-content\/uploads\/sites\/224\/2023\/02\/cidob-1024x538.png 1024w, https:\/\/webs.uab.cat\/interasia\/wp-content\/uploads\/sites\/224\/2023\/02\/cidob-768x403.png 768w\" sizes=\"auto, (max-width: 1200px) 100vw, 1200px\" \/><\/td><td><strong>Centre d&#8217;Informaci\u00f3 i Documentaci\u00f3 Internacionals a Barcelona (CIDOB)<\/strong><\/td><\/tr><tr><td><img loading=\"lazy\" decoding=\"async\" width=\"368\" height=\"165\" class=\"wp-image-1122\" style=\"width: 150px\" src=\"https:\/\/webs.uab.cat\/interasia\/wp-content\/uploads\/sites\/224\/2023\/02\/Confuci-logo.png\" alt=\"\" srcset=\"https:\/\/webs.uab.cat\/interasia\/wp-content\/uploads\/sites\/224\/2023\/02\/Confuci-logo.png 368w, https:\/\/webs.uab.cat\/interasia\/wp-content\/uploads\/sites\/224\/2023\/02\/Confuci-logo-300x135.png 300w\" sizes=\"auto, (max-width: 368px) 100vw, 368px\" \/><\/td><td><strong>Fundaci\u00f3 Institut Confuci de Barcelona<\/strong><\/td><\/tr><tr><td><img loading=\"lazy\" decoding=\"async\" width=\"961\" height=\"960\" class=\"wp-image-1125\" style=\"width: 100px\" src=\"https:\/\/webs.uab.cat\/interasia\/wp-content\/uploads\/sites\/224\/2023\/02\/CASAASIA_redDOT.png\" alt=\"\" srcset=\"https:\/\/webs.uab.cat\/interasia\/wp-content\/uploads\/sites\/224\/2023\/02\/CASAASIA_redDOT.png 961w, https:\/\/webs.uab.cat\/interasia\/wp-content\/uploads\/sites\/224\/2023\/02\/CASAASIA_redDOT-300x300.png 300w, https:\/\/webs.uab.cat\/interasia\/wp-content\/uploads\/sites\/224\/2023\/02\/CASAASIA_redDOT-150x150.png 150w, https:\/\/webs.uab.cat\/interasia\/wp-content\/uploads\/sites\/224\/2023\/02\/CASAASIA_redDOT-768x767.png 768w\" sizes=\"auto, (max-width: 961px) 100vw, 961px\" \/><\/td><td><strong>Casa \u00c0sia<\/strong><\/td><\/tr><tr><td><img loading=\"lazy\" decoding=\"async\" width=\"900\" height=\"500\" class=\"wp-image-1128\" style=\"width: 150px\" src=\"https:\/\/webs.uab.cat\/interasia\/wp-content\/uploads\/sites\/224\/2023\/02\/japan-foundation-logo-vector.png\" alt=\"\" srcset=\"https:\/\/webs.uab.cat\/interasia\/wp-content\/uploads\/sites\/224\/2023\/02\/japan-foundation-logo-vector.png 900w, https:\/\/webs.uab.cat\/interasia\/wp-content\/uploads\/sites\/224\/2023\/02\/japan-foundation-logo-vector-300x167.png 300w, https:\/\/webs.uab.cat\/interasia\/wp-content\/uploads\/sites\/224\/2023\/02\/japan-foundation-logo-vector-768x427.png 768w\" sizes=\"auto, (max-width: 900px) 100vw, 900px\" \/><\/td><td><strong>Japan Foundation<\/strong><\/td><\/tr><\/tbody><\/table><\/figure>\n\n\n\n<p><\/p>\n","protected":false},"excerpt":{"rendered":"<p>Benvinguts La globalitzaci\u00f3 actual es caracteriza per l&#8217;acceleraci\u00f3 i la intensificaci\u00f3 dels fluxos d&#8217;intercanvi entre diferents regions del m\u00f3n. La pres\u00e8ncia de l&#8217;\u00c0sia Oriental \u00e9s cada cop m\u00e9s propera i evident dins el context mundial. Aix\u00f2 no obstant, l&#8217;imaginari dominant, en comptes d&#8217;aprofundir la comprensi\u00f3 m\u00fatua, encara n&#8217;accentua la dist\u00e0ncia i la llunyania. Els processos [&hellip;]<\/p>\n","protected":false},"author":20,"featured_media":0,"parent":0,"menu_order":0,"comment_status":"closed","ping_status":"closed","template":"","meta":{"footnotes":""},"class_list":["post-116","page","type-page","status-publish","hentry"],"_links":{"self":[{"href":"https:\/\/webs.uab.cat\/interasia\/wp-json\/wp\/v2\/pages\/116","targetHints":{"allow":["GET"]}}],"collection":[{"href":"https:\/\/webs.uab.cat\/interasia\/wp-json\/wp\/v2\/pages"}],"about":[{"href":"https:\/\/webs.uab.cat\/interasia\/wp-json\/wp\/v2\/types\/page"}],"author":[{"embeddable":true,"href":"https:\/\/webs.uab.cat\/interasia\/wp-json\/wp\/v2\/users\/20"}],"replies":[{"embeddable":true,"href":"https:\/\/webs.uab.cat\/interasia\/wp-json\/wp\/v2\/comments?post=116"}],"version-history":[{"count":32,"href":"https:\/\/webs.uab.cat\/interasia\/wp-json\/wp\/v2\/pages\/116\/revisions"}],"predecessor-version":[{"id":2289,"href":"https:\/\/webs.uab.cat\/interasia\/wp-json\/wp\/v2\/pages\/116\/revisions\/2289"}],"wp:attachment":[{"href":"https:\/\/webs.uab.cat\/interasia\/wp-json\/wp\/v2\/media?parent=116"}],"curies":[{"name":"wp","href":"https:\/\/api.w.org\/{rel}","templated":true}]}}