{"id":135,"date":"2017-02-20T13:07:51","date_gmt":"2017-02-20T11:07:51","guid":{"rendered":"https:\/\/webs.uab.cat\/interasia\/activitats\/"},"modified":"2023-03-21T14:00:18","modified_gmt":"2023-03-21T12:00:18","slug":"activitats","status":"publish","type":"page","link":"https:\/\/webs.uab.cat\/interasia\/activitats\/","title":{"rendered":"Activitats"},"content":{"rendered":"\n<p>&nbsp;<\/p>\n\n\n\n<p>El&nbsp;Grup de Recerca Inter Asia&nbsp;ha dut a terme l&#8217;organitzaci\u00f3 i ha participat de manera directa en diferents congressos, confer\u00e8ncies i seminaris relacionats amb les seves l\u00ednies de recerca, alhora que ha col\u00b7laborat amb institucions nacionals i internacionals.<\/p>\n\n\n\n<ul class=\"wp-block-list\"><li><a href=\"https:\/\/webs.uab.cat\/interasia\/seminari-permanent-dinvestigacio-i-doctorat\/\" data-type=\"page\" data-id=\"232\">Seminari Permanent d&#8217;Investigaci\u00f3 i Doctorat<\/a><\/li><li><a href=\"https:\/\/webs.uab.cat\/interasia\/escola-destiu-de-doctorat\/\" data-type=\"page\" data-id=\"234\">Escola d\u2019Estiu de Doctorat<\/a><\/li><li><a href=\"https:\/\/webs.uab.cat\/interasia\/conferencies\/\">Confer\u00e8ncies<\/a><\/li><li><a href=\"https:\/\/webs.uab.cat\/interasia\/traduccions\/\">Traduccions<\/a><\/li><li><a href=\"https:\/\/webs.uab.cat\/interasia\/cicles-cinema\/\" data-type=\"page\" data-id=\"218\">Cicles de cinema<\/a><\/li><li><a href=\"https:\/\/webs.uab.cat\/interasia\/comissariat-exposicions\/\" data-type=\"page\" data-id=\"215\">Comissariat d&#8217;exposicions<\/a><\/li><li><a href=\"https:\/\/webs.uab.cat\/interasia\/presentacions\/\">Presentacions<\/a><\/li><li><a href=\"https:\/\/webs.uab.cat\/interasia\/altres-1\/\" data-type=\"page\" data-id=\"239\">Altres<\/a><\/li><\/ul>\n\n\n\n<p>&nbsp;<\/p>\n","protected":false},"excerpt":{"rendered":"<p>&nbsp; El&nbsp;Grup de Recerca Inter Asia&nbsp;ha dut a terme l&#8217;organitzaci\u00f3 i ha participat de manera directa en diferents congressos, confer\u00e8ncies i seminaris relacionats amb les seves l\u00ednies de recerca, alhora que ha col\u00b7laborat amb institucions nacionals i internacionals. Seminari Permanent d&#8217;Investigaci\u00f3 i Doctorat Escola d\u2019Estiu de Doctorat Confer\u00e8ncies Traduccions Cicles de cinema Comissariat d&#8217;exposicions Presentacions [&hellip;]<\/p>\n","protected":false},"author":20,"featured_media":0,"parent":0,"menu_order":0,"comment_status":"closed","ping_status":"closed","template":"","meta":{"footnotes":""},"class_list":["post-135","page","type-page","status-publish","hentry"],"_links":{"self":[{"href":"https:\/\/webs.uab.cat\/interasia\/wp-json\/wp\/v2\/pages\/135","targetHints":{"allow":["GET"]}}],"collection":[{"href":"https:\/\/webs.uab.cat\/interasia\/wp-json\/wp\/v2\/pages"}],"about":[{"href":"https:\/\/webs.uab.cat\/interasia\/wp-json\/wp\/v2\/types\/page"}],"author":[{"embeddable":true,"href":"https:\/\/webs.uab.cat\/interasia\/wp-json\/wp\/v2\/users\/20"}],"replies":[{"embeddable":true,"href":"https:\/\/webs.uab.cat\/interasia\/wp-json\/wp\/v2\/comments?post=135"}],"version-history":[{"count":6,"href":"https:\/\/webs.uab.cat\/interasia\/wp-json\/wp\/v2\/pages\/135\/revisions"}],"predecessor-version":[{"id":1362,"href":"https:\/\/webs.uab.cat\/interasia\/wp-json\/wp\/v2\/pages\/135\/revisions\/1362"}],"wp:attachment":[{"href":"https:\/\/webs.uab.cat\/interasia\/wp-json\/wp\/v2\/media?parent=135"}],"curies":[{"name":"wp","href":"https:\/\/api.w.org\/{rel}","templated":true}]}}