{"id":166,"date":"2017-02-22T10:21:30","date_gmt":"2017-02-22T08:21:30","guid":{"rendered":"https:\/\/webs.uab.cat\/interasia\/en-curs\/"},"modified":"2023-03-20T16:08:13","modified_gmt":"2023-03-20T14:08:13","slug":"en-curs","status":"publish","type":"page","link":"https:\/\/webs.uab.cat\/interasia\/en-curs\/","title":{"rendered":"Projectes en curs"},"content":{"rendered":"\n<p><\/p>\n\n\n\n<figure class=\"wp-block-table\"><table><tbody><tr><td><img loading=\"lazy\" decoding=\"async\" width=\"405\" height=\"124\" class=\"wp-image-1064\" style=\"width: 1000px\" src=\"https:\/\/webs.uab.cat\/interasia\/wp-content\/uploads\/sites\/224\/2023\/02\/ministerio-ciencia.png\" alt=\"\" srcset=\"https:\/\/webs.uab.cat\/interasia\/wp-content\/uploads\/sites\/224\/2023\/02\/ministerio-ciencia.png 405w, https:\/\/webs.uab.cat\/interasia\/wp-content\/uploads\/sites\/224\/2023\/02\/ministerio-ciencia-300x92.png 300w\" sizes=\"auto, (max-width: 405px) 100vw, 405px\" \/><br><img loading=\"lazy\" decoding=\"async\" width=\"524\" height=\"727\" class=\"wp-image-1067\" style=\"width: 50px\" src=\"https:\/\/webs.uab.cat\/interasia\/wp-content\/uploads\/sites\/224\/2023\/02\/agencia-estatal-de-investigacion.jpg\" alt=\"\" srcset=\"https:\/\/webs.uab.cat\/interasia\/wp-content\/uploads\/sites\/224\/2023\/02\/agencia-estatal-de-investigacion.jpg 524w, https:\/\/webs.uab.cat\/interasia\/wp-content\/uploads\/sites\/224\/2023\/02\/agencia-estatal-de-investigacion-216x300.jpg 216w\" sizes=\"auto, (max-width: 524px) 100vw, 524px\" \/><\/td><td>PID2019-107861GB-I00 <strong>New socio-cultural, political and economic developments in East Asia in the global context<\/strong>. I.P. Joaquin Beltr\u00e1n Antol\u00edn y Amelia S\u00e1iz L\u00f3pez. I + D Ministerio (2020-2023)<br><br>Web del projecte: <a href=\"https:\/\/webs.uab.cat\/nuevosdesarrollosao\/\">https:\/\/webs.uab.cat\/nuevosdesarrollosao\/&nbsp;<\/a><\/td><\/tr><tr><td><img loading=\"lazy\" decoding=\"async\" width=\"763\" height=\"250\" class=\"wp-image-1079\" style=\"width: 250px\" src=\"https:\/\/webs.uab.cat\/interasia\/wp-content\/uploads\/sites\/224\/2023\/02\/GeneralitatCat-dep.-recerca.png\" alt=\"\" srcset=\"https:\/\/webs.uab.cat\/interasia\/wp-content\/uploads\/sites\/224\/2023\/02\/GeneralitatCat-dep.-recerca.png 763w, https:\/\/webs.uab.cat\/interasia\/wp-content\/uploads\/sites\/224\/2023\/02\/GeneralitatCat-dep.-recerca-300x98.png 300w\" sizes=\"auto, (max-width: 763px) 100vw, 763px\" \/><br><img loading=\"lazy\" decoding=\"async\" width=\"642\" height=\"284\" class=\"wp-image-1167\" style=\"width: 150px\" src=\"https:\/\/webs.uab.cat\/interasia\/wp-content\/uploads\/sites\/224\/2023\/03\/agaur_sgr2.png\" alt=\"\" srcset=\"https:\/\/webs.uab.cat\/interasia\/wp-content\/uploads\/sites\/224\/2023\/03\/agaur_sgr2.png 642w, https:\/\/webs.uab.cat\/interasia\/wp-content\/uploads\/sites\/224\/2023\/03\/agaur_sgr2-300x133.png 300w\" sizes=\"auto, (max-width: 642px) 100vw, 642px\" \/><\/td><td>&#8220;<strong>Inter\u00c0sia i el nou sistema internacional: Societat, pol\u00edtica i cultura<\/strong>&#8220;, Grup de Recerca de la Generalitat de Catalunya amb n\u00famero d&#8217;expedient 2021 SGR 01028 coordinat pel Doctor Joaqu\u00edn Beltr\u00e1n Antol\u00edn<\/td><\/tr><tr><td><\/td><td><\/td><\/tr><tr><td><\/td><td><\/td><\/tr><\/tbody><\/table><\/figure>\n","protected":false},"excerpt":{"rendered":"<p>PID2019-107861GB-I00 New socio-cultural, political and economic developments in East Asia in the global context. I.P. Joaquin Beltr\u00e1n Antol\u00edn y Amelia S\u00e1iz L\u00f3pez. I + D Ministerio (2020-2023) Web del projecte: https:\/\/webs.uab.cat\/nuevosdesarrollosao\/&nbsp; &#8220;Inter\u00c0sia i el nou sistema internacional: Societat, pol\u00edtica i cultura&#8220;, Grup de Recerca de la Generalitat de Catalunya amb n\u00famero d&#8217;expedient 2021 SGR 01028 [&hellip;]<\/p>\n","protected":false},"author":20,"featured_media":0,"parent":0,"menu_order":0,"comment_status":"closed","ping_status":"closed","template":"","meta":{"footnotes":""},"class_list":["post-166","page","type-page","status-publish","hentry"],"_links":{"self":[{"href":"https:\/\/webs.uab.cat\/interasia\/wp-json\/wp\/v2\/pages\/166","targetHints":{"allow":["GET"]}}],"collection":[{"href":"https:\/\/webs.uab.cat\/interasia\/wp-json\/wp\/v2\/pages"}],"about":[{"href":"https:\/\/webs.uab.cat\/interasia\/wp-json\/wp\/v2\/types\/page"}],"author":[{"embeddable":true,"href":"https:\/\/webs.uab.cat\/interasia\/wp-json\/wp\/v2\/users\/20"}],"replies":[{"embeddable":true,"href":"https:\/\/webs.uab.cat\/interasia\/wp-json\/wp\/v2\/comments?post=166"}],"version-history":[{"count":6,"href":"https:\/\/webs.uab.cat\/interasia\/wp-json\/wp\/v2\/pages\/166\/revisions"}],"predecessor-version":[{"id":1192,"href":"https:\/\/webs.uab.cat\/interasia\/wp-json\/wp\/v2\/pages\/166\/revisions\/1192"}],"wp:attachment":[{"href":"https:\/\/webs.uab.cat\/interasia\/wp-json\/wp\/v2\/media?parent=166"}],"curies":[{"name":"wp","href":"https:\/\/api.w.org\/{rel}","templated":true}]}}