{"id":169,"date":"2017-02-22T10:54:43","date_gmt":"2017-02-22T08:54:43","guid":{"rendered":"https:\/\/webs.uab.cat\/interasia\/finalitzats\/"},"modified":"2023-03-20T16:26:17","modified_gmt":"2023-03-20T14:26:17","slug":"finalitzats","status":"publish","type":"page","link":"https:\/\/webs.uab.cat\/interasia\/finalitzats\/","title":{"rendered":"Projectes finalitzats"},"content":{"rendered":"\n<p><\/p>\n\n\n\n<figure class=\"wp-block-table\"><table><tbody><tr><td class=\"has-text-align-center\" data-align=\"center\"><img loading=\"lazy\" decoding=\"async\" width=\"333\" height=\"151\" class=\"wp-image-1082\" style=\"width: 150px\" src=\"https:\/\/webs.uab.cat\/interasia\/wp-content\/uploads\/sites\/224\/2023\/02\/logo-Agaur_0.png\" alt=\"\" srcset=\"https:\/\/webs.uab.cat\/interasia\/wp-content\/uploads\/sites\/224\/2023\/02\/logo-Agaur_0.png 333w, https:\/\/webs.uab.cat\/interasia\/wp-content\/uploads\/sites\/224\/2023\/02\/logo-Agaur_0-300x136.png 300w\" sizes=\"auto, (max-width: 333px) 100vw, 333px\" \/><\/td><td>(2017-2021)\u00a0<strong>Inter\u00c0sia i el nou sistema internacional: Societat, pol\u00edtica i cultura<\/strong>\u00a0(2017 SGR 1284). Grup de Recerca Consolidat (GRC) de la Generalitat de Catalunya. AGAUR, Departament d\u2019Innovaci\u00f3, Universitats i Empresa, Generalitat de Catalunya.<\/td><\/tr><tr><td class=\"has-text-align-center\" data-align=\"center\"> <img loading=\"lazy\" decoding=\"async\" width=\"333\" height=\"151\" class=\"wp-image-1082\" style=\"width: 150px\" src=\"https:\/\/webs.uab.cat\/interasia\/wp-content\/uploads\/sites\/224\/2023\/02\/logo-Agaur_0.png\" alt=\"\" srcset=\"https:\/\/webs.uab.cat\/interasia\/wp-content\/uploads\/sites\/224\/2023\/02\/logo-Agaur_0.png 333w, https:\/\/webs.uab.cat\/interasia\/wp-content\/uploads\/sites\/224\/2023\/02\/logo-Agaur_0-300x136.png 300w\" sizes=\"auto, (max-width: 333px) 100vw, 333px\" \/><figure><a rel=\"noopener\" href=\"http:\/\/agaur.gencat.net\/\" target=\"_blank\"><\/a><\/figure><p style=\"text-align: center\"><\/p><\/td><td>(2014-2016)&nbsp;<strong>Inter\u00c0sia i el nou sistema internacional: Societat, pol\u00edtica i cultura<\/strong>&nbsp;(2014 SGR 1402). Grup de Recerca Consolidat (GRC) de la Generalitat de Catalunya. AGAUR, Departament d\u2019Innovaci\u00f3, Universitats i Empresa, Generalitat de Catalunya.<\/td><\/tr><tr><td class=\"has-text-align-center\" data-align=\"center\"> <img loading=\"lazy\" decoding=\"async\" width=\"405\" height=\"124\" class=\"wp-image-1064\" style=\"width: 150px\" src=\"https:\/\/webs.uab.cat\/interasia\/wp-content\/uploads\/sites\/224\/2023\/02\/ministerio-ciencia.png\" alt=\"\" srcset=\"https:\/\/webs.uab.cat\/interasia\/wp-content\/uploads\/sites\/224\/2023\/02\/ministerio-ciencia.png 405w, https:\/\/webs.uab.cat\/interasia\/wp-content\/uploads\/sites\/224\/2023\/02\/ministerio-ciencia-300x92.png 300w\" sizes=\"auto, (max-width: 405px) 100vw, 405px\" \/> <\/td><td>(2016-2019)&nbsp;<strong>Asia Oriental: paradigmas emergentes, politica(s), dinamicas socioculturales y sus consecuencias<\/strong>&nbsp;(FFI2015-70513-P). Proyecto I + D Excelencia. Convocatoria 2015, MINECO.<\/td><\/tr><tr><td class=\"has-text-align-center\" data-align=\"center\"> <img loading=\"lazy\" decoding=\"async\" width=\"405\" height=\"124\" class=\"wp-image-1064\" style=\"width: 150px\" src=\"https:\/\/webs.uab.cat\/interasia\/wp-content\/uploads\/sites\/224\/2023\/02\/ministerio-ciencia.png\" alt=\"\" srcset=\"https:\/\/webs.uab.cat\/interasia\/wp-content\/uploads\/sites\/224\/2023\/02\/ministerio-ciencia.png 405w, https:\/\/webs.uab.cat\/interasia\/wp-content\/uploads\/sites\/224\/2023\/02\/ministerio-ciencia-300x92.png 300w\" sizes=\"auto, (max-width: 405px) 100vw, 405px\" \/> <\/td><td>(2012-2015)&nbsp;<strong>El impacto de Asia Oriental en el contexto espa\u00f1ol: producci\u00f3n cultural, pol\u00edtica(s) y sociedad<\/strong>.&nbsp;MCI&nbsp;I + D FFI2011-29090.<\/td><\/tr><tr><td class=\"has-text-align-center\" data-align=\"center\"> <img loading=\"lazy\" decoding=\"async\" width=\"333\" height=\"151\" class=\"wp-image-1082\" style=\"width: 150px\" src=\"https:\/\/webs.uab.cat\/interasia\/wp-content\/uploads\/sites\/224\/2023\/02\/logo-Agaur_0.png\" alt=\"\" srcset=\"https:\/\/webs.uab.cat\/interasia\/wp-content\/uploads\/sites\/224\/2023\/02\/logo-Agaur_0.png 333w, https:\/\/webs.uab.cat\/interasia\/wp-content\/uploads\/sites\/224\/2023\/02\/logo-Agaur_0-300x136.png 300w\" sizes=\"auto, (max-width: 333px) 100vw, 333px\" \/> <\/td><td>\n<p class=\"rtejustify\">(2009-2013)<strong>&nbsp;Inter-Asia. Grupo de investigaci\u00f3n Interdisciplinario de Estudios de Asia Oriental<\/strong>. Grupo de Investigaci\u00f3n de la Generalitat de Catalunya Reconocido y Financiado.&nbsp;<a href=\"http:\/\/agaur.gencat.net\/\" target=\"_blank\" rel=\"noopener\">Agencia de Gesti\u00f3 d\u2019Ajuts Universitaris i de Recerca (AGAUR)<\/a>. Generalitat de Catalunya. 2009 SGR-GRC 1103.<\/p>\n<\/td><\/tr><tr><td class=\"has-text-align-center\" data-align=\"center\"> <img loading=\"lazy\" decoding=\"async\" width=\"405\" height=\"124\" class=\"wp-image-1064\" style=\"width: 150px\" src=\"https:\/\/webs.uab.cat\/interasia\/wp-content\/uploads\/sites\/224\/2023\/02\/ministerio-ciencia.png\" alt=\"\" srcset=\"https:\/\/webs.uab.cat\/interasia\/wp-content\/uploads\/sites\/224\/2023\/02\/ministerio-ciencia.png 405w, https:\/\/webs.uab.cat\/interasia\/wp-content\/uploads\/sites\/224\/2023\/02\/ministerio-ciencia-300x92.png 300w\" sizes=\"auto, (max-width: 405px) 100vw, 405px\" \/> <\/td><td>(2008-2011)&nbsp;<strong>Procesos interculturales de Asia Oriental en la sociedad internacional de la informaci\u00f3n: ciudadan\u00eda, g\u00e9nero y producci\u00f3n cultural<\/strong>.&nbsp;MCI&nbsp;I + D FFI2008-05911\/FISO.<\/td><\/tr><tr><td class=\"has-text-align-center\" data-align=\"center\"> <img loading=\"lazy\" decoding=\"async\" width=\"405\" height=\"124\" class=\"wp-image-1064\" style=\"width: 150px\" src=\"https:\/\/webs.uab.cat\/interasia\/wp-content\/uploads\/sites\/224\/2023\/02\/ministerio-ciencia.png\" alt=\"\" srcset=\"https:\/\/webs.uab.cat\/interasia\/wp-content\/uploads\/sites\/224\/2023\/02\/ministerio-ciencia.png 405w, https:\/\/webs.uab.cat\/interasia\/wp-content\/uploads\/sites\/224\/2023\/02\/ministerio-ciencia-300x92.png 300w\" sizes=\"auto, (max-width: 405px) 100vw, 405px\" \/> <\/td><td>(2005-2008)&nbsp;<strong>Interculturalidad de Asia Oriental en la era de la globalizaci\u00f3n. Aspectos ling\u00fc\u00edstico-literarios y socio-pol\u00edticos<\/strong>.&nbsp;MEC&nbsp;I + D HUM2005-08151\/FILO.<\/td><\/tr><tr><td class=\"has-text-align-center\" data-align=\"center\"> <img loading=\"lazy\" decoding=\"async\" width=\"584\" height=\"436\" class=\"wp-image-1198\" style=\"width: 700px\" src=\"https:\/\/webs.uab.cat\/interasia\/wp-content\/uploads\/sites\/224\/2023\/03\/logotip_logo5_x2.png\" alt=\"\" srcset=\"https:\/\/webs.uab.cat\/interasia\/wp-content\/uploads\/sites\/224\/2023\/03\/logotip_logo5_x2.png 584w, https:\/\/webs.uab.cat\/interasia\/wp-content\/uploads\/sites\/224\/2023\/03\/logotip_logo5_x2-300x224.png 300w\" sizes=\"auto, (max-width: 584px) 100vw, 584px\" \/><p style=\"text-align: center\"> <\/td><td>(2006)&nbsp;<strong>Grup de Recerca Interculturalitat a l&#8217;Asia Oriental<\/strong>&nbsp;\u2013 INTER\u00c0SIA. Grup de Recerca reconegut per la Comisi\u00f3 de Recerca de la Universitat Aut\u00f2noma de Barcelona (02\/03\/2006).<\/td><\/tr><\/tbody><\/table><\/figure>\n","protected":false},"excerpt":{"rendered":"<p>(2017-2021)\u00a0Inter\u00c0sia i el nou sistema internacional: Societat, pol\u00edtica i cultura\u00a0(2017 SGR 1284). Grup de Recerca Consolidat (GRC) de la Generalitat de Catalunya. AGAUR, Departament d\u2019Innovaci\u00f3, Universitats i Empresa, Generalitat de Catalunya. (2014-2016)&nbsp;Inter\u00c0sia i el nou sistema internacional: Societat, pol\u00edtica i cultura&nbsp;(2014 SGR 1402). Grup de Recerca Consolidat (GRC) de la Generalitat de Catalunya. AGAUR, Departament [&hellip;]<\/p>\n","protected":false},"author":20,"featured_media":0,"parent":0,"menu_order":0,"comment_status":"closed","ping_status":"closed","template":"","meta":{"footnotes":""},"class_list":["post-169","page","type-page","status-publish","hentry"],"_links":{"self":[{"href":"https:\/\/webs.uab.cat\/interasia\/wp-json\/wp\/v2\/pages\/169","targetHints":{"allow":["GET"]}}],"collection":[{"href":"https:\/\/webs.uab.cat\/interasia\/wp-json\/wp\/v2\/pages"}],"about":[{"href":"https:\/\/webs.uab.cat\/interasia\/wp-json\/wp\/v2\/types\/page"}],"author":[{"embeddable":true,"href":"https:\/\/webs.uab.cat\/interasia\/wp-json\/wp\/v2\/users\/20"}],"replies":[{"embeddable":true,"href":"https:\/\/webs.uab.cat\/interasia\/wp-json\/wp\/v2\/comments?post=169"}],"version-history":[{"count":4,"href":"https:\/\/webs.uab.cat\/interasia\/wp-json\/wp\/v2\/pages\/169\/revisions"}],"predecessor-version":[{"id":2026,"href":"https:\/\/webs.uab.cat\/interasia\/wp-json\/wp\/v2\/pages\/169\/revisions\/2026"}],"wp:attachment":[{"href":"https:\/\/webs.uab.cat\/interasia\/wp-json\/wp\/v2\/media?parent=169"}],"curies":[{"name":"wp","href":"https:\/\/api.w.org\/{rel}","templated":true}]}}