{"id":178,"date":"2017-02-22T11:06:40","date_gmt":"2017-02-22T09:06:40","guid":{"rendered":"https:\/\/webs.uab.cat\/interasia\/inter-asia-papers\/"},"modified":"2025-07-03T20:26:18","modified_gmt":"2025-07-03T18:26:18","slug":"inter-asia-papers","status":"publish","type":"page","link":"https:\/\/webs.uab.cat\/interasia\/inter-asia-papers\/","title":{"rendered":"Inter Asia Papers"},"content":{"rendered":"<p class=\"rtejustify\"><strong>Inter Asia Papers<\/strong> \u00e9s una publicaci\u00f3 conjunta del Departament de Traducci\u00f3 i Interpretaci\u00f3 i d&#8217;Estudis de l&#8217;\u00c0sia Oriental, el\u00a0 <a href=\"https:\/\/cerao.uab.cat\/\">Centre d&#8217;Estudis i Recerca sobre \u00c0sia Oriental<\/a>\u00a0i el Grup de Recerca Inter Asia de la Universitat Aut\u00f2noma de Barcelona.<\/p>\n<h2 class=\"rtejustify\">N\u00fameros publicats<\/h2>\n<h3>2024<\/h3>\n<p><strong>Mir Villegas, Marina<\/strong>. La otredad china en Slavoj \u017di\u017eek.<br \/>\n<a href=\"https:\/\/ddd.uab.cat\/search?cc=intasipap&amp;f=issue&amp;p=intasipap_a2024n82&amp;rg=100&amp;sf=fpage&amp;so=a&amp;ln=ca\">n\u00ba82\/2024<\/a><\/p>\n<p><strong>Sun Xuewei<\/strong>. La expresi\u00f3n nacionalista de los consumidores chinos: Una nueva etapa hacia la unificaci\u00f3n de la emoci\u00f3n y la acci\u00f3n.<br \/>\n<a href=\"https:\/\/ddd.uab.cat\/search?cc=intasipap&amp;f=issue&amp;p=intasipap_a2024n81&amp;rg=100&amp;sf=fpage&amp;so=a&amp;ln=ca\">n\u00ba81\/2024<\/a><\/p>\n<p><strong>Sales Vald\u00e9s, Celia<\/strong>. Jap\u00f3n y Okinawa: grietas en la comunidad imaginada.<br \/>\n<a href=\"https:\/\/ddd.uab.cat\/search?cc=intasipap&amp;f=issue&amp;p=intasipap_a2024n80&amp;rg=100&amp;sf=fpage&amp;so=a&amp;ln=ca\">n\u00ba80\/2024<\/a><\/p>\n<h3>2023<\/h3>\n<p><strong>De Oya Thams, Lola<\/strong>. <em>Kawaii<\/em> y <em>kawais\u014d<\/em>: La representaci\u00f3n de trastornos psicol\u00f3gicos en la cultura popular japonesa.<br \/>\n<a href=\"https:\/\/ddd.uab.cat\/search?cc=intasipap&amp;f=issue&amp;p=intasipap_a2023n79&amp;rg=100&amp;sf=fpage&amp;so=a&amp;ln=ca\">n\u00ba79\/2023<\/a><\/p>\n<p><strong>Gargallo Pla, Aurora<\/strong>. Un \u201centreacte\u201d de fronteres transcendibles: G\u00e8nere i sexualitat al teatre Takarazuka.<br \/>\n<a href=\"https:\/\/ddd.uab.cat\/search?cc=intasipap&amp;f=issue&amp;p=intasipap_a2023n78&amp;rg=100&amp;sf=fpage&amp;so=a&amp;ln=ca\">n\u00ba78\/2023<\/a><\/p>\n<p><strong>Cubeiro, D\u00eddac<\/strong>. El cambio de modelo econ\u00f3mico chino.<br \/>\n<a href=\"https:\/\/ddd.uab.cat\/search?cc=intasipap&amp;f=issue&amp;p=intasipap_a2023n77&amp;rg=100&amp;sf=fpage&amp;so=a&amp;ln=ca\">n\u00ba77\/2023<\/a><\/p>\n<h3>2022<\/h3>\n<p><strong>S\u00e1iz L\u00f3pez, Amelia<\/strong>. Activismo feminista chino en el siglo XXI.<br \/>\n<a href=\"https:\/\/ddd.uab.cat\/search?cc=intasipap&amp;f=issue&amp;p=intasipap_a2022n76&amp;rg=100&amp;sf=fpage&amp;so=a&amp;ln=ca\">n\u00ba76\/2022<\/a><\/p>\n<p><strong>S\u00e1nchez-Romera, Alfonso<\/strong>. Attracting Chinese wealth to Spain: Golden visa, lifestyle migration and international student mobility.<br \/>\n<a href=\"https:\/\/ddd.uab.cat\/search?cc=intasipap&amp;f=issue&amp;p=intasipap_a2022n75&amp;rg=100&amp;sf=fpage&amp;so=a&amp;ln=ca\">n\u00ba75\/2022<\/a><\/p>\n<p><strong>Altisent Altisent, \u00c0ngela<\/strong>. Chinese Christian Art: Christian faith and sacred art in China during the evangelizing missions (16th to 20th centuries).<br \/>\n<a href=\"https:\/\/ddd.uab.cat\/search?cc=intasipap&amp;f=issue&amp;p=intasipap_a2022n74&amp;rg=100&amp;sf=fpage&amp;so=a&amp;ln=ca\">n\u00ba74\/2022<\/a><\/p>\n<h3>2021<\/h3>\n<p><strong>Masdeu Torruella, Irene<\/strong>. Embodied mobilities: Transnational houses in Qingtian.<br \/>\n<a href=\"https:\/\/ddd.uab.cat\/search?cc=intasipap&amp;f=issue&amp;p=intasipap_a2021n73&amp;rg=100&amp;sf=fpage&amp;so=a&amp;ln=ca\">n\u00ba73\/2021<\/a><\/p>\n<p><strong>Navarro Caparr\u00f3s, Raquel<\/strong>. L\u2019eugen\u00e8sia al Jap\u00f3 Imperial: La condici\u00f3 biol\u00f2gica i espiritual com a criteri definitori de la persona.<br \/>\n<a href=\"https:\/\/ddd.uab.cat\/search?cc=intasipap&amp;f=issue&amp;p=intasipap_a2021n72&amp;rg=100&amp;sf=fpage&amp;so=a&amp;ln=ca\">n\u00ba72\/2021<\/a><\/p>\n<p><strong>Santcrist\u00f2fol Soria, Josep<\/strong>. Heridas en el espacio\/tiempo: La corporeizaci\u00f3n del espacio en el cine chino contempor\u00e1neo.<br \/>\n<a href=\"https:\/\/ddd.uab.cat\/search?cc=intasipap&amp;f=issue&amp;p=intasipap_a2021n71&amp;rg=100&amp;sf=fpage&amp;so=a&amp;ln=ca\">n\u00ba71\/2021<\/a><\/p>\n<h3>2020<\/h3>\n<p><strong>Paoliello-Palermo, Antonio<\/strong>. La literatura sino-malasia del siglo XX: una introducci\u00f3n hist\u00f3rica y algunas consideraciones.<br \/>\n<a href=\"https:\/\/ddd.uab.cat\/search?cc=intasipap&amp;f=issue&amp;p=intasipap_a2020n70&amp;rg=100&amp;sf=fpage&amp;so=a&amp;ln=ca\">n\u00ba70\/2020<\/a><\/p>\n<p><strong>Lozano M\u00e9ndez, Artur<\/strong>. Reproduction of identities in the Hispanic Studies on Japan: discourse, textual attitude and pedagogical materials.<br \/>\n<a href=\"https:\/\/ddd.uab.cat\/search?cc=intasipap&amp;f=issue&amp;p=intasipap_a2020n69&amp;rg=100&amp;sf=fpage&amp;so=a&amp;ln=ca\">n\u00ba69\/2020<\/a><\/p>\n<p><strong>Figliulo, Roberto.<\/strong> The Question of Truth and Humanism in Contemporary Photography from China during the Eighties.<br \/>\n<a href=\"https:\/\/ddd.uab.cat\/search?cc=intasipap&amp;f=issue&amp;p=intasipap_a2020n68&amp;rg=100&amp;sf=fpage&amp;so=a&amp;ln=ca\">n\u00ba68\/2020<\/a><\/p>\n<h3>2019<\/h3>\n<p><strong>Kim, Yeon-Soo<\/strong>. Authenticity, Identification, and Feminist Values in Intercultural Reality: The Representation of Chinese Communities in Contemporary Spanish Films.<br \/>\n<a href=\"https:\/\/ddd.uab.cat\/search?cc=intasipap&amp;f=issue&amp;p=intasipap_a2019n67&amp;rg=100&amp;sf=fpage&amp;so=a&amp;ln=ca\">n\u00ba67\/2019<\/a><\/p>\n<p><strong>Hendry, Joy<\/strong>. Japan&#8217;s Interculturality in a Global Context: Is This Really so New?.<br \/>\n<a href=\"https:\/\/ddd.uab.cat\/search?cc=intasipap&amp;f=issue&amp;p=intasipap_a2019n66&amp;rg=100&amp;sf=fpage&amp;so=a&amp;ln=ca\">n\u00ba66\/2019<\/a><\/p>\n<p><strong>Saussy, Haun.<\/strong> Buddhist Modernism.<br \/>\n<a href=\"https:\/\/ddd.uab.cat\/search?cc=intasipap&amp;f=issue&amp;p=intasipap_a2019n65&amp;rg=100&amp;sf=fpage&amp;so=a&amp;ln=ca\">n\u00ba65\/2019<\/a><\/p>\n<p><strong>Cubeiro, D\u00eddac<\/strong>. Consecuencias de la guerra comercial Estados Unidos-China y nuevos marcos de cooperaci\u00f3n econ\u00f3mica en la regi\u00f3n.<br \/>\n<a href=\"https:\/\/ddd.uab.cat\/search?cc=intasipap&amp;f=issue&amp;p=intasipap_a2019n64&amp;rg=100&amp;sf=fpage&amp;so=a&amp;ln=ca\">n\u00ba64\/2019<\/a><\/p>\n<h3 class=\"rtejustify\"><strong>2018<\/strong><\/h3>\n<p><strong>Caudevilla,\u00a0Oriol.\u00a0<\/strong>Analysis of Hong Kong\u2019s real estate prices in 2018.<br \/>\n<a href=\"https:\/\/ddd.uab.cat\/record\/213134?ln=ca\" target=\"_blank\" rel=\"noopener\">n\u00ba64\/2018<\/a><\/p>\n<p><strong>Ram\u00edrez Mart\u00ednez,\u00a0Estel\u00b7la.<\/strong>\u00a0Influencia del <em>soft power<\/em> en las relaciones entre Corea del Sur y Jap\u00f3n.<br \/>\n<a href=\"https:\/\/ddd.uab.cat\/record\/213133?ln=ca\" target=\"_blank\" rel=\"noopener\">n\u00ba62\/2018<\/a><\/p>\n<p><strong>Helena Casas-Tost y\u00a0Sara Rovira-Esteva. <\/strong>La adaptaci\u00f3n del chino al MCER en Espa\u00f1a: un an\u00e1lisis cr\u00edtico.<br \/>\n<a href=\"https:\/\/ddd.uab.cat\/record\/212832?ln=ca\" target=\"_blank\" rel=\"noopener\">n\u00ba61\/2018<\/a><\/p>\n<p><strong>S\u00e1iz L\u00f3pez, Amelia. <\/strong>Interculturalidad e investigaci\u00f3n social. Una reflexi\u00f3n profesional sobre la(s) cultura(s).<br \/>\n<a href=\"https:\/\/ddd.uab.cat\/record\/213132?ln=ca\" target=\"_blank\" rel=\"noopener\">n\u00ba60\/2018<\/a><\/p>\n<p><strong>Beltr\u00e1n Antol\u00edn. Joaqu\u00edn. <\/strong>\u00bfPeligro amarillo? El imaginario de China en Occidente entre la geopol\u00edtica y la globalizaci\u00f3n.<br \/>\n<a href=\"https:\/\/ddd.uab.cat\/record\/213131?ln=ca\" target=\"_blank\" rel=\"noopener\">n\u00ba59\/2018<\/a><\/p>\n<h3 class=\"rtejustify\"><strong>2017<\/strong><\/h3>\n<p><strong>Mas L\u00f3pez\u200b , Jordi. <\/strong>Cuerpo ef\u00edmero sobre paisaje <em>pop up<\/em>: Deseo e identidad en la producci\u00f3n de Tujiko Noriko.<br \/>\n<a href=\"https:\/\/ddd.uab.cat\/record\/213130?ln=ca\" target=\"_blank\" rel=\"noopener\">n\u00ba58\/2017<\/a><\/p>\n<p><strong>Makiko, Fukuda\u200b. <\/strong>Japoneses en Catalu\u00f1a: lengua, integraci\u00f3n y globalizaci\u00f3n.<br \/>\n<a href=\"https:\/\/ddd.uab.cat\/record\/213129?ln=ca\" target=\"_blank\" rel=\"noopener\">n\u00ba57\/2017<\/a><\/p>\n<p><strong>Rodr\u00edguez Navarro, Teresa\u200b. <\/strong>Interculturalidad, traducci\u00f3n y mediaci\u00f3n cultural en la Era Meiji: Okakura Kakuz\u00f4 y <em>El Libro del T\u00e9.\u00a0<\/em><br \/>\n<a href=\"https:\/\/ddd.uab.cat\/record\/213128?ln=ca\" target=\"_blank\" rel=\"noopener\">n\u00ba56\/2017<\/a><\/p>\n<p class=\"rtejustify\"><strong>Pita C\u00e9spedes, Gustavo. <\/strong>La asimilaci\u00f3n de <em>Hagakure<\/em> por la contemporaneidad.<br \/>\n<a href=\"https:\/\/ddd.uab.cat\/record\/213127?ln=ca\" target=\"_blank\" rel=\"noopener\">n\u00ba55\/2017<\/a><\/p>\n<p class=\"rtejustify\"><strong>Beltr\u00e1n Antol\u00edn, Joaqu\u00edn<\/strong>. La ley del turismo de la Rep\u00fablica Popular China. Protecci\u00f3n y control.<br \/>\n<a href=\"https:\/\/ddd.uab.cat\/record\/213126?ln=ca\" target=\"_blank\" rel=\"noopener\">n\u00ba54\/2017<\/a><\/p>\n<h3 class=\"rtejustify\"><strong>2016<\/strong><\/h3>\n<p class=\"rtejustify\"><strong>Picciau, Simona<\/strong>. The Cultural Relation Between the European Union and China.<br \/>\n<a href=\"https:\/\/ddd.uab.cat\/record\/174159?ln=ca\" target=\"_blank\" rel=\"noopener\">n\u00ba53\/2016<\/a><\/p>\n<p class=\"rtejustify\"><strong>Caudevilla, Oriol<\/strong>. The System of Landholding in Hong Kong.<br \/>\n<a href=\"https:\/\/ddd.uab.cat\/record\/174158?ln=ca\" target=\"_blank\" rel=\"noopener\">n\u00ba52\/2016<\/a><\/p>\n<p class=\"rtejustify\"><strong>Golden, Sean<\/strong>. W.B. Yeats on &#8216;Asia (and &#8216;Ireland&#8217;): An idiogrammic approach.<br \/>\n<a href=\"https:\/\/ddd.uab.cat\/record\/169330?ln=ca\" target=\"_blank\" rel=\"noopener\">n\u00ba51\/2016<\/a><\/p>\n<p class=\"rtejustify\"><strong>Grau de Pablos, Tom\u00e1s<\/strong>. Games design and cultural dynamics: An approach to the cultural role of Japanese video games through procedural rhetoric.<br \/>\n<a href=\"https:\/\/ddd.uab.cat\/record\/136968?ln=ca\" target=\"_blank\" rel=\"noopener\">n\u00ba50\/2016<\/a>.<\/p>\n<p class=\"rtejustify\"><strong>Ortells-Nicolau, Xavier<\/strong>. La sociedad civil china en la teor\u00eda angl\u00f3fona de los a\u00f1os noventa.<br \/>\n<a href=\"https:\/\/ddd.uab.cat\/record\/136967?ln=ca\" target=\"_blank\" rel=\"noopener\">n\u00ba49\/2016<\/a>.<\/p>\n<h3 class=\"rtejustify\"><\/h3>\n<h3 class=\"rtejustify\"><strong>2015<\/strong><\/h3>\n<p class=\"rtejustify\"><strong>Beltr\u00e1n Antol\u00edn, Joaqu\u00edn<\/strong>. Fuera de China. Autoorganizaci\u00f3n de las comunidades chinas en el extranjero y transnacionalismo.<br \/>\n<a href=\"https:\/\/ddd.uab.cat\/record\/136966?ln=ca\" target=\"_blank\" rel=\"noopener\">n\u00ba48\/2015<\/a>.<\/p>\n<p class=\"rtejustify\"><strong>S\u00e1iz L\u00f3pez, Amelia<\/strong>. Mujeres y sociedad civil en la di\u00e1spora china. El caso espa\u00f1ol.<br \/>\n<a href=\"https:\/\/ddd.uab.cat\/record\/136965?ln=ca\" target=\"_blank\" rel=\"noopener\">n\u00ba47\/2015<\/a>.<\/p>\n<p class=\"rtejustify\"><strong>Martins, Dora<\/strong>. La influencia de la sociedad civil internacional en China.<br \/>\n<a href=\"https:\/\/ddd.uab.cat\/record\/136964?ln=ca\" target=\"_blank\" rel=\"noopener\">n\u00ba46\/2015<\/a>.<\/p>\n<p class=\"rtejustify\"><strong>Froissart, Chlo\u00e9<\/strong>. Ayudando al PCC a encontrar su camino hacia la modernidad: El caso de las ONG que apoyan a los trabajadores migrantes en China.<br \/>\n<a href=\"https:\/\/ddd.uab.cat\/record\/136963?ln=ca\" target=\"_blank\" rel=\"noopener\">n\u00ba45\/2015<\/a>.<\/p>\n<p class=\"rtejustify\"><strong>Lu, Yiyi<\/strong>. Litigaci\u00f3n de inter\u00e9s p\u00fablico en China.<br \/>\n<a href=\"https:\/\/ddd.uab.cat\/record\/136962?ln=ca\" target=\"_blank\" rel=\"noopener\">n\u00ba44\/2015<\/a>.<\/p>\n<p class=\"rtejustify\"><strong>B\u00e9ja, Jean-Philippe<\/strong>. Intelectuales y sociedad civil en el per\u00edodo de la Reforma.<br \/>\n<a href=\"https:\/\/ddd.uab.cat\/record\/136961?ln=ca\" target=\"_blank\" rel=\"noopener\">n\u00ba43\/2015<\/a>.<\/p>\n<h3 class=\"rtejustify\"><strong>2014<\/strong><\/h3>\n<p class=\"rtejustify\"><strong>Dai, Jinhua<\/strong>. Sociedad civil (\u6c11\u95f4\u793e\u4f1a minjian shehui) china: Ambig\u00fcedad en los t\u00e9rminos y la pr\u00e1ctica .<br \/>\n<a href=\"https:\/\/ddd.uab.cat\/record\/136960?ln=ca\" target=\"_blank\" rel=\"noopener\">n\u00ba42\/2014<\/a>.<\/p>\n<p class=\"rtejustify\"><strong>Ma, Qiusha<\/strong>. Las organizaciones de base en China: Definiciones, categor\u00edas e importancia en la aparici\u00f3n de la sociedad civil.<br \/>\n<a href=\"https:\/\/ddd.uab.cat\/record\/136959?ln=ca\" target=\"_blank\" rel=\"noopener\">n\u00ba41\/2014<\/a>.<\/p>\n<p class=\"rtejustify\"><strong>Fewsmith, Joseph<\/strong>. El problema de la gobernanza en China.<br \/>\n<a href=\"https:\/\/ddd.uab.cat\/record\/136958?ln=ca\" target=\"_blank\" rel=\"noopener\">n\u00ba40\/2014<\/a>.<\/p>\n<p class=\"rtejustify\"><strong>Beltr\u00e1n Antol\u00edn, Joaqu\u00edn<\/strong>. Out of China: Auto-organization of Chinese communities abroad and transnationalism.<br \/>\n<a href=\"https:\/\/ddd.uab.cat\/record\/136957?ln=ca\" target=\"_blank\" rel=\"noopener\">n\u00ba39\/2014<\/a>.<\/p>\n<p class=\"rtejustify\"><strong>S\u00e1iz L\u00f3pez, Amelia<\/strong>. Women and civil society in the Chinese diaspora: The Spanish case.<br \/>\n<a href=\"https:\/\/ddd.uab.cat\/record\/136956?ln=ca\" target=\"_blank\" rel=\"noopener\">n\u00ba38\/2014<\/a>.<\/p>\n<p class=\"rtejustify\"><strong>Martins, Dora<\/strong>. The influence of international civil society in China.<br \/>\n<a href=\"https:\/\/ddd.uab.cat\/record\/136955?ln=ca\" target=\"_blank\" rel=\"noopener\">n\u00ba37\/2014<\/a>.<\/p>\n<h3 class=\"rtejustify\"><strong>2013<\/strong><\/h3>\n<p class=\"rtejustify\"><strong>Froissart, Chlo\u00e9<\/strong>. Helping the CCP to find its own way toward modernity: The case of NGOs providing support to migrant workers in China.<br \/>\n<a href=\"https:\/\/ddd.uab.cat\/record\/137472?ln=ca\" target=\"_blank\" rel=\"noopener\">n\u00ba36\/2013<\/a>.<\/p>\n<p class=\"rtejustify\"><strong>Lu, Yiyi<\/strong>. Public interest litigation in China.<br \/>\n<a href=\"https:\/\/ddd.uab.cat\/record\/137471?ln=ca\" target=\"_blank\" rel=\"noopener\">n\u00ba35\/2013<\/a>.<\/p>\n<p class=\"rtejustify\"><strong>B\u00e9ja, Jean-Philippe<\/strong>. Intellectuals and civil society in the Reform Period.<br \/>\n<a href=\"https:\/\/ddd.uab.cat\/record\/137470?ln=ca\" target=\"_blank\" rel=\"noopener\">n\u00ba34\/2013<\/a>.<\/p>\n<p class=\"rtejustify\"><strong>Dai, Jinhua<\/strong>. \u4e2d\u56fd\u6c11\u95f4\u793e\u4f1a\uff08civil society\uff09\uff1a \u8bed\u8bcd\u4e0e\u5b9e\u8df5\u7684\u6b67\u4e49.<br \/>\n<a href=\"https:\/\/ddd.uab.cat\/record\/137469?ln=ca\" target=\"_blank\" rel=\"noopener\">n\u00ba33\/2013<\/a>.<\/p>\n<p class=\"rtejustify\"><strong>Ma, Qiusha<\/strong>. Grassroots Organizations in China: Definitions, categories and significance in the emergence of civil society.<br \/>\n<a href=\"https:\/\/ddd.uab.cat\/record\/137468?ln=ca\" target=\"_blank\" rel=\"noopener\">n\u00ba32\/2013<\/a>.<\/p>\n<p class=\"rtejustify\"><strong>Fewsmith, Joseph<\/strong>. The problem of governance in China.<br \/>\n<a href=\"https:\/\/ddd.uab.cat\/record\/137467?ln=ca\" target=\"_blank\" rel=\"noopener\">n\u00ba31\/2013<\/a>.<\/p>\n<h3 class=\"rtejustify\"><strong>2012<\/strong><\/h3>\n<p class=\"rtejustify\"><strong>Prokopljevi\u0107, Jelena<\/strong>. Fronteras permeables de la arquitectura de Corea del Norte.<br \/>\n<a href=\"https:\/\/ddd.uab.cat\/record\/111907?ln=ca\" target=\"_blank\" rel=\"noopener\">n.30\/2012<\/a>.<\/p>\n<p class=\"rtejustify\"><strong>Caro Repetto, Rafael<\/strong>\u00a0(Music Technology Group, Universitat Pompeu Fabra). Transformando lo inmutable. Acciones de reforma y salvaguarda en la \u00f3pera de Beijing durante el siglo XX y primera d\u00e9cada del siglo XXI.<br \/>\n<a href=\"https:\/\/ddd.uab.cat\/record\/111905?ln=ca\" target=\"_blank\" rel=\"noopener\">n.29\/2012<\/a>.<\/p>\n<p class=\"rtejustify\"><strong>Maria Ant\u00f2nia Mart\u00ed Escayol<\/strong>\u00a0(Universitat Aut\u00f2noma de Barcelona). Lo natural y lo humano en la obra de Osamu Tezuka. La creaci\u00f3n de territorios literarios alternativos a la naturaleza perdida.<br \/>\n<a href=\"https:\/\/ddd.uab.cat\/record\/104191?ln=ca\" target=\"_blank\" rel=\"noopener\">n. 28\/2012<\/a>.<\/p>\n<p class=\"rtejustify\"><strong>Jes\u00fas Sayols<\/strong>\u00a0(Universitat Aut\u00f2noma de Barcelona). Di\u00e0leg intercultural en la modernitat xinesa de principis del segle XX.<br \/>\n<a href=\"https:\/\/ddd.uab.cat\/record\/104188?ln=ca\" target=\"_blank\" rel=\"noopener\">n. 27\/2012<\/a>.<\/p>\n<p class=\"rtejustify\"><strong>Benito El\u00edas Garc\u00eda Valero<\/strong>\u00a0(Universidad de Alicante). Realismo m\u00e1gico, f\u00edsica cu\u00e1ntica y Jap\u00f3n.<br \/>\n<a href=\"https:\/\/ddd.uab.cat\/record\/104186?ln=ca\" target=\"_blank\" rel=\"noopener\">n. 26\/2012<\/a>.<\/p>\n<p class=\"rtejustify\"><strong>Daniel M\u00e9ndez Mor\u00e1n<\/strong>\u00a0(ZaiChina). Internet en China: cambios en el panorama informativo del pa\u00eds.<br \/>\n<a href=\"https:\/\/ddd.uab.cat\/record\/104185?ln=ca\" target=\"_blank\" rel=\"noopener\">n. 25\/2012<\/a>.<\/p>\n<h3 class=\"rtejustify\"><strong>2011<\/strong><\/h3>\n<p class=\"rtejustify\"><strong>Francisco Javier Haro Navejas<\/strong>\u00a0(Universidad Aut\u00f3noma Metropolitana Iztapalapa). Religi\u00f3n y ciencia en las relaciones internacionales: el discurso en los intercambios gubernamentales sino-mexicanos.<br \/>\n<a href=\"https:\/\/ddd.uab.cat\/record\/90898?ln=ca\" target=\"_blank\" rel=\"noopener\">n. 24\/2011<\/a>.<\/p>\n<p class=\"rtejustify\"><strong>Youna Kim<\/strong>\u00a0(The American University of Paris, France). Gender and Asia: why study media culture?<br \/>\n<a href=\"https:\/\/ddd.uab.cat\/record\/90897?ln=ca\" target=\"_blank\" rel=\"noopener\">n. 23\/2011<\/a>.<\/p>\n<p class=\"rtejustify\"><strong>Anjhara G\u00f3mez Arag\u00f3n<\/strong>\u00a0(GEISA (Grupo para el Estudio de las Identidades Socioculturales en Andaluc\u00eda), Universidad de Sevilla). El turismo japon\u00e9s en Espa\u00f1a: empresa, itinerarios e im\u00e1genes construidas.<br \/>\n<a href=\"https:\/\/ddd.uab.cat\/record\/90896?ln=ca\" target=\"_blank\" rel=\"noopener\">n. 22\/2011<\/a>.<\/p>\n<p class=\"rtejustify\"><strong>Blai Guarn\u00e9<\/strong>\u00a0(Universitat Aut\u00f2noma de Barcelona).\u00a0<em>Akarui mirai<\/em>\u00a0(futuro brillante): representaci\u00f3n urbana y fantasmagor\u00eda del pasado en el Jap\u00f3n contempor\u00e1neo.<br \/>\n<a href=\"https:\/\/ddd.uab.cat\/record\/85197?ln=ca\" target=\"_blank\" rel=\"noopener\">n. 21\/2011<\/a>.<\/p>\n<p class=\"rtejustify\"><strong>Calvin Chen<\/strong>\u00a0(Mount Holyoke College). Made in Italy (by the Chinese): Economic Restructuring and the Politics of Migration.<br \/>\n<a href=\"https:\/\/ddd.uab.cat\/record\/85196?ln=ca\" target=\"_blank\" rel=\"noopener\">n. 20\/2011<\/a>.<\/p>\n<p class=\"rtejustify\"><strong>Roger Casas<\/strong>\u00a0(Chiang Mai University, Thailand). Linguistic Policy and \u201cMinority\u201d Languages in the People\u2019s Republic of China: The Case of the Tai Lue of Sipsong Panna.<br \/>\n<a href=\"https:\/\/ddd.uab.cat\/record\/85195?ln=ca\" target=\"_blank\" rel=\"noopener\">n. 19\/2011<\/a>.<\/p>\n<h3 class=\"rtejustify\"><strong>2010<\/strong><\/h3>\n<p class=\"rtejustify\"><strong>Fernando Cid Lucas<\/strong>\u00a0(AEO, Universidad Aut\u00f3noma de Madrid). El teatro tradicional japon\u00e9s bajo la mirada del\u00a0<em>gaijin<\/em>: de Francisco Javier a nuestros d\u00edas.<br \/>\n<a href=\"https:\/\/ddd.uab.cat\/record\/65261?ln=ca\" target=\"_blank\" rel=\"noopener\">n. 18\/2010<\/a>.<\/p>\n<p class=\"rtejustify\"><strong>Hugo C\u00f3rdova Quero<\/strong>\u00a0(Sophia University). Fe y vida cotidiana de los inmigrantes japoneses brasile\u00f1os en Jap\u00f3n.<br \/>\n<a href=\"https:\/\/ddd.uab.cat\/record\/65231?ln=ca\" target=\"_blank\" rel=\"noopener\">n. 17\/2010<\/a>.<\/p>\n<p class=\"rtejustify\"><strong>Laura Claver\u00eda Garc\u00eda<\/strong>\u00a0(Universidad de Zaragoza). Artistas japoneses contempor\u00e1neos en Espa\u00f1a: una aproximaci\u00f3n al caso de Catalu\u00f1a.<br \/>\n<a href=\"https:\/\/ddd.uab.cat\/record\/65229?ln=ca\" target=\"_blank\" rel=\"noopener\">n. 16\/2010<\/a>.<\/p>\n<p class=\"rtejustify\"><strong>Alberto K. Fonseca Sakai<\/strong>\u00a0(Waseda University). Comunidades latinoamericanas en Jap\u00f3n. Nuevas identidades en formaci\u00f3n.<br \/>\n<a href=\"https:\/\/ddd.uab.cat\/record\/65227?ln=ca\" target=\"_blank\" rel=\"noopener\">n. 15\/2010<\/a>.<\/p>\n<p class=\"rtejustify\"><strong>Carlos Hugo Sierra<\/strong>\u00a0(Keele University). Reinventando el imaginario m\u00e9dico japon\u00e9s: la experiencia occidentalizadora durante el periodo Meiji.<br \/>\n<a href=\"https:\/\/ddd.uab.cat\/record\/65226?ln=ca\" target=\"_blank\" rel=\"noopener\">n. 14\/2010<\/a>.<\/p>\n<p class=\"rtejustify\"><strong>Jordi Mas L\u00f3pez<\/strong>\u00a0(Universitat Aut\u00f2noma de Barcelona). The Significance of Haiku in the Poetry of Joan Salvat-Papasseit.<br \/>\n<a href=\"https:\/\/ddd.uab.cat\/record\/65224?ln=ca\" target=\"_blank\" rel=\"noopener\">n. 13\/2010<\/a>.<\/p>\n<h3 class=\"rtejustify\"><strong>2009<\/strong><\/h3>\n<p class=\"rtejustify\"><strong>Se\u00e1n Golden<\/strong>\u00a0(Universitat Aut\u00f2noma de Barcelona). Orientalisms in East Asia. A theoretical model.<br \/>\n<a href=\"https:\/\/ddd.uab.cat\/record\/53236?ln=ca\" target=\"_blank\" rel=\"noopener\">n. 12\/2009<\/a>.<\/p>\n<p class=\"rtejustify\"><strong>Gustavo Pita C\u00e9spedes<\/strong>\u00a0(Universitat Aut\u00f2noma de Barcelona). Aproximaciones al estudio de la interculturalidad en el mundo del samurai.<br \/>\n<a href=\"https:\/\/ddd.uab.cat\/record\/53235?ln=ca\" target=\"_blank\" rel=\"noopener\">n. 11\/2009<\/a>.<\/p>\n<p class=\"rtejustify\"><strong>Jordi Cod\u00f3 Mart\u00ednez<\/strong>\u00a0(Universitat Ramon Llull). Llegada y consumo de cines asi\u00e1ticos en Occidente.<br \/>\n<a href=\"https:\/\/ddd.uab.cat\/record\/53234?ln=ca\" target=\"_blank\" rel=\"noopener\">n. 10\/2009<\/a>.<\/p>\n<p class=\"rtejustify\"><strong>Laia Manonelles Moner<\/strong>\u00a0(Universitat de Barcelona). El arte de acci\u00f3n en China: la producci\u00f3n art\u00edstica como compromiso.<br \/>\n<a href=\"https:\/\/ddd.uab.cat\/record\/53233?ln=ca\" target=\"_blank\" rel=\"noopener\">n. 9\/2009<\/a>.<\/p>\n<p class=\"rtejustify\"><strong>Artur Lozano M\u00e9ndez<\/strong>\u00a0(Universitat Aut\u00f2noma de Barcelona). Corrientes contempor\u00e1neas y diversificaci\u00f3n del Tecno-Orientalismo.<br \/>\n<a href=\"https:\/\/ddd.uab.cat\/record\/40084?ln=ca\" target=\"_blank\" rel=\"noopener\">n. 8\/2009<\/a>.<\/p>\n<p class=\"rtejustify\"><strong>Artur Lozano M\u00e9ndez<\/strong>\u00a0(Universitat Aut\u00f2noma de Barcelona). Genealog\u00eda del Tecno-Orientalismo.<br \/>\n<a href=\"https:\/\/ddd.uab.cat\/record\/40083?ln=ca\" target=\"_blank\" rel=\"noopener\">n. 7\/2009<\/a>.<\/p>\n<h3 class=\"rtejustify\"><strong>2008<\/strong><\/h3>\n<p class=\"rtejustify\"><strong>Esther Torres Sim\u00f3n<\/strong>\u00a0(Universitat Rovira i Virgili). El lector de manga: \u00bfUn lector orientalista?<br \/>\n<a href=\"https:\/\/ddd.uab.cat\/record\/40082?ln=ca\" target=\"_blank\" rel=\"noopener\">n. 6\/2008<\/a>.<\/p>\n<p class=\"rtejustify\"><strong>M\u00aa Teresa Rodr\u00edguez Navarro\u00a0<\/strong>(Universidad de Granada). El discurso orientalista en la traducci\u00f3n francesa (1927) del Bushido de Nitobe.<br \/>\n<a href=\"https:\/\/ddd.uab.cat\/record\/40081?ln=ca\" target=\"_blank\" rel=\"noopener\">n. 5\/2008<\/a>.<\/p>\n<p class=\"rtejustify\"><strong>Carles Prado-Fonts\u00a0<\/strong>(Universitat Aut\u00f2noma de Barcelona). Orientalismo a su pesar: Gao Xingjian y las paradojas del sistema literario global.<br \/>\n<a href=\"https:\/\/ddd.uab.cat\/record\/40080?ln=ca\" target=\"_blank\" rel=\"noopener\">n. 4\/2008<\/a>.<\/p>\n<p class=\"rtejustify\"><strong>Makiko Fukuda\u00a0<\/strong>(Universitat Aut\u00f2noma de Barcelona). Colonias japonesas en el extranjero: miniaturas de la sociedad japonesa.<br \/>\n<a href=\"https:\/\/ddd.uab.cat\/record\/40079?ln=ca\" target=\"_blank\" rel=\"noopener\">n. 3\/2008<\/a>.<\/p>\n<p class=\"rtejustify\"><strong>Helena Casas-Tost<\/strong>\u00a0y\u00a0<strong>Sara Rovira-Esteva<\/strong>\u00a0(Universitat Aut\u00f2noma de Barcelona). Orientalismo y occidentalismo: dos fuerzas subyacentes en la imagen y la construcci\u00f3n de la lengua china.<br \/>\n<a href=\"https:\/\/ddd.uab.cat\/record\/40078?ln=ca\" target=\"_blank\" rel=\"noopener\">n. 2\/2008<\/a>.<\/p>\n<p class=\"rtejustify\"><strong>Jordi Mas L\u00f3pez<\/strong>\u00a0(Universitat Aut\u00f2noma de Barcelona). Las referencias asi\u00e1ticas en la producci\u00f3n de Bj\u00f6rk.<br \/>\n<a href=\"https:\/\/ddd.uab.cat\/record\/40077?ln=ca\" target=\"_blank\" rel=\"noopener\">n. 1\/2008<\/a>.<\/p>\n<p class=\"rtejustify\">\n","protected":false},"excerpt":{"rendered":"<p>Inter Asia Papers \u00e9s una publicaci\u00f3 conjunta del Departament de Traducci\u00f3 i Interpretaci\u00f3 i d&#8217;Estudis de l&#8217;\u00c0sia Oriental, el\u00a0 Centre d&#8217;Estudis i Recerca sobre \u00c0sia Oriental\u00a0i el Grup de Recerca Inter Asia de la Universitat Aut\u00f2noma de Barcelona. N\u00fameros publicats 2024 Mir Villegas, Marina. La otredad china en Slavoj \u017di\u017eek. n\u00ba82\/2024 Sun Xuewei. La expresi\u00f3n [&hellip;]<\/p>\n","protected":false},"author":20,"featured_media":0,"parent":0,"menu_order":0,"comment_status":"closed","ping_status":"closed","template":"","meta":{"footnotes":""},"class_list":["post-178","page","type-page","status-publish","hentry"],"_links":{"self":[{"href":"https:\/\/webs.uab.cat\/interasia\/wp-json\/wp\/v2\/pages\/178","targetHints":{"allow":["GET"]}}],"collection":[{"href":"https:\/\/webs.uab.cat\/interasia\/wp-json\/wp\/v2\/pages"}],"about":[{"href":"https:\/\/webs.uab.cat\/interasia\/wp-json\/wp\/v2\/types\/page"}],"author":[{"embeddable":true,"href":"https:\/\/webs.uab.cat\/interasia\/wp-json\/wp\/v2\/users\/20"}],"replies":[{"embeddable":true,"href":"https:\/\/webs.uab.cat\/interasia\/wp-json\/wp\/v2\/comments?post=178"}],"version-history":[{"count":24,"href":"https:\/\/webs.uab.cat\/interasia\/wp-json\/wp\/v2\/pages\/178\/revisions"}],"predecessor-version":[{"id":2048,"href":"https:\/\/webs.uab.cat\/interasia\/wp-json\/wp\/v2\/pages\/178\/revisions\/2048"}],"wp:attachment":[{"href":"https:\/\/webs.uab.cat\/interasia\/wp-json\/wp\/v2\/media?parent=178"}],"curies":[{"name":"wp","href":"https:\/\/api.w.org\/{rel}","templated":true}]}}