{"id":197,"date":"2017-02-22T11:39:32","date_gmt":"2017-02-22T09:39:32","guid":{"rendered":"https:\/\/webs.uab.cat\/interasia\/presentacions\/"},"modified":"2017-02-22T11:39:32","modified_gmt":"2017-02-22T09:39:32","slug":"presentacions","status":"publish","type":"page","link":"https:\/\/webs.uab.cat\/interasia\/presentacions\/","title":{"rendered":"Presentacions"},"content":{"rendered":"<h2 class=\"rtejustify\">2014<\/h2>\n<p class=\"rtejustify\"><strong>Pita C\u00e9spedes, Gustavo<\/strong>.&nbsp;Presentaci\u00f3n del libro&nbsp;<em>Genealog\u00eda y transformaci\u00f3n de la cultura bushi en Jap\u00f3n<\/em>, Museo del ABC de Madrid, 16 de septiembre de 2014.<\/p>\n","protected":false},"excerpt":{"rendered":"<p>2014 Pita C\u00e9spedes, Gustavo.&nbsp;Presentaci\u00f3n del libro&nbsp;Genealog\u00eda y transformaci\u00f3n de la cultura bushi en Jap\u00f3n, Museo del ABC de Madrid, 16 de septiembre de 2014.<\/p>\n","protected":false},"author":20,"featured_media":0,"parent":0,"menu_order":0,"comment_status":"closed","ping_status":"closed","template":"","meta":{"footnotes":""},"class_list":["post-197","page","type-page","status-publish","hentry"],"_links":{"self":[{"href":"https:\/\/webs.uab.cat\/interasia\/wp-json\/wp\/v2\/pages\/197","targetHints":{"allow":["GET"]}}],"collection":[{"href":"https:\/\/webs.uab.cat\/interasia\/wp-json\/wp\/v2\/pages"}],"about":[{"href":"https:\/\/webs.uab.cat\/interasia\/wp-json\/wp\/v2\/types\/page"}],"author":[{"embeddable":true,"href":"https:\/\/webs.uab.cat\/interasia\/wp-json\/wp\/v2\/users\/20"}],"replies":[{"embeddable":true,"href":"https:\/\/webs.uab.cat\/interasia\/wp-json\/wp\/v2\/comments?post=197"}],"version-history":[{"count":0,"href":"https:\/\/webs.uab.cat\/interasia\/wp-json\/wp\/v2\/pages\/197\/revisions"}],"wp:attachment":[{"href":"https:\/\/webs.uab.cat\/interasia\/wp-json\/wp\/v2\/media?parent=197"}],"curies":[{"name":"wp","href":"https:\/\/api.w.org\/{rel}","templated":true}]}}