{"id":206,"date":"2017-02-22T11:54:04","date_gmt":"2017-02-22T09:54:04","guid":{"rendered":"https:\/\/webs.uab.cat\/interasia\/tesis-doctorals-en-curs\/"},"modified":"2025-07-17T13:45:29","modified_gmt":"2025-07-17T11:45:29","slug":"tesis-doctorals-en-curs","status":"publish","type":"page","link":"https:\/\/webs.uab.cat\/interasia\/tesis-doctorals-en-curs\/","title":{"rendered":"Tesis doctorals en curs"},"content":{"rendered":"\n<p>&nbsp;<\/p>\n\n\n\n<p>Els&nbsp;<strong>membres d&#8217;Inter Asia<\/strong>&nbsp;dirigeixen tesis doctorals des de l&#8217;any 2005 contribuint d&#8217;aquesta manera a que la Universitat Aut\u00f2noma de Barcelona sigui un dels centres d&#8217;educaci\u00f3 superior d&#8217;Espanya en qu\u00e8 s&#8217;ha defensat i s&#8217;est\u00e0 duent a terme el major nombre de tesis relacionades amb \u00c0sia Oriental.<\/p>\n\n\n\n<p>Es poden&nbsp;consultar tamb\u00e9 les llistes de&nbsp;<a href=\"https:\/\/webs.uab.cat\/interasia\/tesis-doctorals-defensades\/\" data-type=\"page\" data-id=\"202\"><strong>Tesis doctorals defensades<\/strong><\/a>&nbsp;que s&#8217;han realitzat&nbsp;sota la tutela dels membres d&#8217;Inter Asia.<\/p>\n\n\n\n<p><strong>Irene Ll\u00e0cer<\/strong>. La memoria como respuesta en la creaci\u00f3n contempor\u00e1nea. Una aproximaci\u00f3n desde el g\u00e9nero. Direcci\u00f3n: <strong>Laia Manonelles<\/strong>. <\/p>\n\n\n\n<p><strong>Binghui Zheng<\/strong>. El arte experimental despu\u00e9s de 1985 en Guangzhou. El colectivo \u201cBig Tail Elepant\u201d como caso de estudio. Direcci\u00f3n: <strong>Laia Manonelles<\/strong>. <\/p>\n\n\n\n<p><strong>Wei Xin<\/strong>. La investigaci\u00f3n sobre c\u00f3mo las im\u00e1genes de las pinturas chinas de exportaci\u00f3n construyen la imagen de China en el mundo occidental. Direcci\u00f3n: <strong>Laia Manonelles<\/strong><\/p>\n\n\n\n<p><strong>Jiayi Liu<\/strong>. Desde la espiritualidad tradicional- La recepci\u00f3n de las exposiciones de Cai-Guoqiang en Espa\u00f1a. Direcci\u00f3n: <strong>Laia Manonelles<\/strong><\/p>\n\n\n\n<p><strong>Sergio Rodr\u00edguez<\/strong>. Cr\u00f3nica y geograf\u00eda de la red de cooperaci\u00f3n alrededor de los conceptualismos en Espa\u00f1a (1964 1983): espacios alternativos, distribuci\u00f3n galer\u00edstica y avance institucional. Direcci\u00f3n: <strong>Laia Manonelles<\/strong><\/p>\n\n\n\n<p><strong>Minerva Terrades<\/strong>. Romance in Japanese TV Dramas. An analysis of Fuji TV Getsuku Dramas of the 1990s. Direcci\u00f3: <strong>Artur Lozano M\u00e9ndez<\/strong>. <\/p>\n\n\n\n<p><strong>Ivette Abul\u00ed Federico<\/strong>. M\u00e9s que bona esposa i mare s\u00e0via. Una aproximaci\u00f3 als feminismes japonesos des dels estudis culturals. Direcci\u00f3: <strong>Artur Lozano y Amelia S\u00e1iz<\/strong>.<\/p>\n\n\n\n<p><strong>Oscar Garc\u00eda Aranda<\/strong>. La transformaci\u00f3n art\u00edstica del manga en la evoluci\u00f3n est\u00e9tica de su dise\u00f1o de personajes: el caso de One Piece. Direcci\u00f3: <strong>Artur Lozano y Joaqu\u00edn Beltr\u00e1n<\/strong>.<\/p>\n\n\n\n<p><strong>Apodaca Ibarguren, Maialen<\/strong>. Estudio contrastivo sobre la psicolog\u00eda oriental y la psicolog\u00eda occidental: el origen y desarrollo de la psicolog\u00eda en Jap\u00f3n y la aplicaci\u00f3n de la Terapia Morita y la Terapia Naikan en Occidente. Direcci\u00f3: <strong>Artur Lozano<\/strong>.<\/p>\n\n\n\n<p><strong>Raquel Navarro Caparros<\/strong>. Historical revisionism in Japanese cultural products: A study on The Grave of Fireflies and The Wind Rises. Direcci\u00f3: <strong>Artur Lozano<\/strong>.<\/p>\n\n\n\n<p><strong>\u00c0ngela Altisent Altisent<\/strong>, Arte religioso en China: producci\u00f3n y distribuci\u00f3n contempor\u00e1nea del arte chino cristiano en la China continental. Dra.&nbsp;<strong>Amelia S\u00e1iz L\u00f3pez<\/strong>, UAB.<\/p>\n\n\n\n<p><strong>Oriol Mir Villegas<\/strong>, Statu quo socio-legal del hentai manga en Jap\u00f3n y en Espa\u00f1a. Dirs:&nbsp;<strong>Amelia S\u00e1iz L\u00f3pez<\/strong>&nbsp;and&nbsp;<strong>Artur Lozano M\u00e9ndez<\/strong>, UAB<\/p>\n\n\n\n<p><strong>Jianing Zhang<\/strong>, Subt\u00edtulos m\u00e1s visibles, un estudio sobre el uso de los subt\u00edtulos en China: pr\u00e1cticas intraling\u00fc\u00edsticas y de traducci\u00f3n. Dirs:&nbsp;<strong>Artur Lozano<\/strong>&nbsp;y<strong>&nbsp;Ayumi Shimoyoshi<\/strong><\/p>\n\n\n\n<p><strong>Sun Xuewei<\/strong>. Nacionalismo y consumo en China. Dir: <strong>Joaqu\u00edn Beltr\u00e1n y Amelia S\u00e1iz L\u00f3pez<\/strong>. <\/p>\n\n\n\n<p><strong>Rafael Flores Paz<\/strong>. El proyecto formativo del Han Kitab: t\u00e9cnicas, m\u00e9todos y objetivos Dir: <strong>Joaqu\u00edn Beltr\u00e1n<\/strong>. Beca Joint Research PhD Fellowship del Confucius China Studies Program<\/p>\n\n\n\n<p><strong>Zhang Qi<\/strong>. China\u2019s Trade Agreements with the European Union and with Latin American and the Caribbean in the 21st Century: A Comparative Analysis. Dir: <strong>Joaqu\u00edn Beltr\u00e1n<\/strong>.<\/p>\n\n\n\n<p><strong>Budi Buhamo<\/strong>. Ethnic Tourism and Ethnic Entrepreneurship: A Case Study of the Yi (Nuosu) in Southwest China. Dirs.&nbsp;<strong>Joaqu\u00edn Beltr\u00e1n<\/strong>&nbsp;y Francesc Romagosa, UAB.<\/p>\n\n\n\n<p><strong>Martin Te-Chi Chih<\/strong>, La cultura en la negociaci\u00f3n comercial entre personas chinas e hispanohablantes. Dir.&nbsp;<strong>Joaqu\u00edn Beltr\u00e1n Antol\u00edn<\/strong>&nbsp;y&nbsp;<strong>Andr\u00e9s Herrera-Feligreras<\/strong>. UAB<\/p>\n\n\n\n<p><strong>Julia Fern\u00e1ndez Garc\u00eda<\/strong>, Labour Market, Migration and Identity in the Special Administrative Region of Hong Kong, 1997-2023. Dir.&nbsp;<strong>Joaqu\u00edn Beltr\u00e1n<\/strong>&nbsp;y&nbsp;<strong>D\u00eddac Cubeiro.<\/strong>&nbsp;UAB<\/p>\n\n\n\n<p><strong>Miguel Moss Ferrer<\/strong>, En el principio era el \u00bf: tres siglos de traducciones \u00f3licas del Evangelio de Juan al chino. Direcci\u00f3: <strong>Minkang Zhou<\/strong> <\/p>\n\n\n\n<p><strong>Gizem Tu\u011fba \u00d6zkut<\/strong>. Normalization of the exception. Evolution of the Emergency Rule in Turkey (1980-2018). Dir.: <strong>Laura Feliu<\/strong>.<\/p>\n\n\n\n<p><strong>Melania Brito Clavijo<\/strong>. Counter-terrorism handling in Egypt and Morocco. Dir.: <strong>Laura Feliu<\/strong>.<\/p>\n\n\n\n<p><\/p>\n","protected":false},"excerpt":{"rendered":"<p>&nbsp; Els&nbsp;membres d&#8217;Inter Asia&nbsp;dirigeixen tesis doctorals des de l&#8217;any 2005 contribuint d&#8217;aquesta manera a que la Universitat Aut\u00f2noma de Barcelona sigui un dels centres d&#8217;educaci\u00f3 superior d&#8217;Espanya en qu\u00e8 s&#8217;ha defensat i s&#8217;est\u00e0 duent a terme el major nombre de tesis relacionades amb \u00c0sia Oriental. Es poden&nbsp;consultar tamb\u00e9 les llistes de&nbsp;Tesis doctorals defensades&nbsp;que s&#8217;han realitzat&nbsp;sota [&hellip;]<\/p>\n","protected":false},"author":20,"featured_media":0,"parent":0,"menu_order":0,"comment_status":"closed","ping_status":"closed","template":"","meta":{"footnotes":""},"class_list":["post-206","page","type-page","status-publish","hentry"],"_links":{"self":[{"href":"https:\/\/webs.uab.cat\/interasia\/wp-json\/wp\/v2\/pages\/206","targetHints":{"allow":["GET"]}}],"collection":[{"href":"https:\/\/webs.uab.cat\/interasia\/wp-json\/wp\/v2\/pages"}],"about":[{"href":"https:\/\/webs.uab.cat\/interasia\/wp-json\/wp\/v2\/types\/page"}],"author":[{"embeddable":true,"href":"https:\/\/webs.uab.cat\/interasia\/wp-json\/wp\/v2\/users\/20"}],"replies":[{"embeddable":true,"href":"https:\/\/webs.uab.cat\/interasia\/wp-json\/wp\/v2\/comments?post=206"}],"version-history":[{"count":7,"href":"https:\/\/webs.uab.cat\/interasia\/wp-json\/wp\/v2\/pages\/206\/revisions"}],"predecessor-version":[{"id":2148,"href":"https:\/\/webs.uab.cat\/interasia\/wp-json\/wp\/v2\/pages\/206\/revisions\/2148"}],"wp:attachment":[{"href":"https:\/\/webs.uab.cat\/interasia\/wp-json\/wp\/v2\/media?parent=206"}],"curies":[{"name":"wp","href":"https:\/\/api.w.org\/{rel}","templated":true}]}}