{"id":2092,"date":"2025-07-04T11:48:22","date_gmt":"2025-07-04T09:48:22","guid":{"rendered":"https:\/\/webs.uab.cat\/interasia\/avisos\/"},"modified":"2025-07-04T14:42:40","modified_gmt":"2025-07-04T12:42:40","slug":"avisos","status":"publish","type":"page","link":"https:\/\/webs.uab.cat\/interasia\/avisos\/","title":{"rendered":"Avisos"},"content":{"rendered":"\n<h2 class=\"wp-block-heading\">2025<\/h2>\n\n\n\n<p><strong>InterAsia Papers. Invitaci\u00f3 per a enviar articles<\/strong><\/p>\n\n\n\n<p>La revista acad\u00e8mica en acc\u00e9s obert <strong>InterAsia Papers<\/strong> va comen\u00e7ar a publicar-se en 2008 com a iniciativa del grup de recerca InterAsia del Departament de Traducci\u00f3 i Interpretaci\u00f3 i d&#8217;Estudis d&#8217;\u00c0sia Oriental de la Universitat Aut\u00f2noma de Barcelona. \u00c9s una revista interdisciplin\u00e0ria d&#8217;Humanitats i Ci\u00e8ncies Socials sobre \u00c0sia Oriental (la Xina, el Jap\u00f3, Corea del Nord, Corea del Sud, Mong\u00f2lia, Taiwan, Hong Kong, Macau) que inclou tamb\u00e9 l&#8217;\u00e0mbit de les seves relacions, impacte, influ\u00e8ncia i pres\u00e8ncia en la resta del m\u00f3n.<\/p>\n\n\n\n<p>&#8211; Els articles in\u00e8dits rebuts s&#8217;enviaran a revisi\u00f3 per experts\/ertes despr\u00e9s de la seva recepci\u00f3.<\/p>\n\n\n\n<p>&#8211; Extensi\u00f3: de 8.000 a 10.000 paraules.<\/p>\n\n\n\n<p>&#8211; S&#8217;accepten articles escrits en espanyol, catal\u00e0 i angl\u00e8s.<\/p>\n\n\n\n<p>&#8211; La data l\u00edmit per a la recepci\u00f3 d&#8217;articles \u00e9s el 31 d&#8217;octubre de 2025.<\/p>\n\n\n\n<p>Els articles finalment acceptats despr\u00e9s del proc\u00e9s de revisi\u00f3 es publicaran en el volum corresponent a 2025.<\/p>\n\n\n\n<p>La informaci\u00f3 sobre format i estil es troba aqu\u00ed: <a href=\"https:\/\/webs.uab.cat\/interasia\/inter-asia-papers\/directrius-per-a-lautor-a\/\">https:\/\/webs.uab.cat\/interasia\/es\/inter-asia-papers-2\/directrices-para-autores-as\/<\/a><\/p>\n\n\n\n<p>Els articles han de ser enviat directament a: <a href=\"mailto:gr.interasia@uab.cat\">gr.interasia@uab.cat<\/a><\/p>\n","protected":false},"excerpt":{"rendered":"<p>2025 InterAsia Papers. Invitaci\u00f3 per a enviar articles La revista acad\u00e8mica en acc\u00e9s obert InterAsia Papers va comen\u00e7ar a publicar-se en 2008 com a iniciativa del grup de recerca InterAsia del Departament de Traducci\u00f3 i Interpretaci\u00f3 i d&#8217;Estudis d&#8217;\u00c0sia Oriental de la Universitat Aut\u00f2noma de Barcelona. \u00c9s una revista interdisciplin\u00e0ria d&#8217;Humanitats i Ci\u00e8ncies Socials sobre [&hellip;]<\/p>\n","protected":false},"author":304,"featured_media":0,"parent":0,"menu_order":0,"comment_status":"closed","ping_status":"closed","template":"","meta":{"footnotes":""},"class_list":["post-2092","page","type-page","status-publish","hentry"],"_links":{"self":[{"href":"https:\/\/webs.uab.cat\/interasia\/wp-json\/wp\/v2\/pages\/2092","targetHints":{"allow":["GET"]}}],"collection":[{"href":"https:\/\/webs.uab.cat\/interasia\/wp-json\/wp\/v2\/pages"}],"about":[{"href":"https:\/\/webs.uab.cat\/interasia\/wp-json\/wp\/v2\/types\/page"}],"author":[{"embeddable":true,"href":"https:\/\/webs.uab.cat\/interasia\/wp-json\/wp\/v2\/users\/304"}],"replies":[{"embeddable":true,"href":"https:\/\/webs.uab.cat\/interasia\/wp-json\/wp\/v2\/comments?post=2092"}],"version-history":[{"count":3,"href":"https:\/\/webs.uab.cat\/interasia\/wp-json\/wp\/v2\/pages\/2092\/revisions"}],"predecessor-version":[{"id":2099,"href":"https:\/\/webs.uab.cat\/interasia\/wp-json\/wp\/v2\/pages\/2092\/revisions\/2099"}],"wp:attachment":[{"href":"https:\/\/webs.uab.cat\/interasia\/wp-json\/wp\/v2\/media?parent=2092"}],"curies":[{"name":"wp","href":"https:\/\/api.w.org\/{rel}","templated":true}]}}