{"id":215,"date":"2017-02-22T12:10:27","date_gmt":"2017-02-22T10:10:27","guid":{"rendered":"https:\/\/webs.uab.cat\/interasia\/comissariat-exposicions\/"},"modified":"2017-02-22T12:11:09","modified_gmt":"2017-02-22T10:11:09","slug":"comissariat-exposicions","status":"publish","type":"page","link":"https:\/\/webs.uab.cat\/interasia\/comissariat-exposicions\/","title":{"rendered":"Comissariat exposicions"},"content":{"rendered":"<h2>2015<\/h2>\n<h3>27 al 30 d&#8217;abril<\/h3>\n<p>Exposici\u00f3 fotogr\u00e0fica a c\u00e0rrec de<strong>&nbsp;Xiqi Yuwang<\/strong>:&nbsp;<a href=\"http:\/\/grupsderecerca.uab.cat\/interasia\/sites\/grupsderecerca.uab.cat.interasia\/files\/2015_expo_magnoliablanca.pdf\" target=\"_blank\" rel=\"noopener\"><strong>Magn\u00f2lia blanca<\/strong><\/a>.<\/p>\n<h2>2013<\/h2>\n<h3>8 al&nbsp;31 de maig<\/h3>\n<p>Exposici\u00f3 fotogr\u00e0fica col\u00b7lectiva:&nbsp;<strong><a href=\"http:\/\/grupsderecerca.uab.cat\/interasia\/sites\/grupsderecerca.uab.cat.interasia\/files\/2013_miradesiperspectives.jpg\" target=\"_blank\" rel=\"noopener\">Mirades i perspectives. La Xina des d&#8217;Espanya<\/a><\/strong>.&nbsp;<br \/>\nOrganitzadors: Fundaci\u00f3 Institut Confuci de Barcelona i Grup de Recerca InterAsia.<\/p>\n","protected":false},"excerpt":{"rendered":"<p>2015 27 al 30 d&#8217;abril Exposici\u00f3 fotogr\u00e0fica a c\u00e0rrec de&nbsp;Xiqi Yuwang:&nbsp;Magn\u00f2lia blanca. 2013 8 al&nbsp;31 de maig Exposici\u00f3 fotogr\u00e0fica col\u00b7lectiva:&nbsp;Mirades i perspectives. La Xina des d&#8217;Espanya.&nbsp; Organitzadors: Fundaci\u00f3 Institut Confuci de Barcelona i Grup de Recerca InterAsia.<\/p>\n","protected":false},"author":20,"featured_media":0,"parent":0,"menu_order":0,"comment_status":"closed","ping_status":"closed","template":"","meta":{"footnotes":""},"class_list":["post-215","page","type-page","status-publish","hentry"],"_links":{"self":[{"href":"https:\/\/webs.uab.cat\/interasia\/wp-json\/wp\/v2\/pages\/215","targetHints":{"allow":["GET"]}}],"collection":[{"href":"https:\/\/webs.uab.cat\/interasia\/wp-json\/wp\/v2\/pages"}],"about":[{"href":"https:\/\/webs.uab.cat\/interasia\/wp-json\/wp\/v2\/types\/page"}],"author":[{"embeddable":true,"href":"https:\/\/webs.uab.cat\/interasia\/wp-json\/wp\/v2\/users\/20"}],"replies":[{"embeddable":true,"href":"https:\/\/webs.uab.cat\/interasia\/wp-json\/wp\/v2\/comments?post=215"}],"version-history":[{"count":0,"href":"https:\/\/webs.uab.cat\/interasia\/wp-json\/wp\/v2\/pages\/215\/revisions"}],"wp:attachment":[{"href":"https:\/\/webs.uab.cat\/interasia\/wp-json\/wp\/v2\/media?parent=215"}],"curies":[{"name":"wp","href":"https:\/\/api.w.org\/{rel}","templated":true}]}}