{"id":218,"date":"2017-02-22T12:14:05","date_gmt":"2017-02-22T10:14:05","guid":{"rendered":"https:\/\/webs.uab.cat\/interasia\/cicles-cinema\/"},"modified":"2017-02-22T12:14:05","modified_gmt":"2017-02-22T10:14:05","slug":"cicles-cinema","status":"publish","type":"page","link":"https:\/\/webs.uab.cat\/interasia\/cicles-cinema\/","title":{"rendered":"Cicles cinema"},"content":{"rendered":"<h2 class=\"rtejustify\">2017<\/h2>\n<h3 class=\"rtejustify\">11 al 22 de gener<\/h3>\n<p class=\"rtejustify\">Cicle&nbsp;de cine&nbsp;<a href=\"http:\/\/www.filmoteca.cat\/web\/programacio\/cicles\/identitats-creuades-xinesos-de-pellicula\" target=\"_blank\" rel=\"noopener\"><strong>\u201cIdentidades cruzadas: chinos de pel\u00edcula\u201d<\/strong><\/a>. Les pel\u00b7l\u00edcules compten amb la presentaci\u00f3 i col\u00b7loqui a c\u00e0rrec d&#8217;investigadors d&#8217;InterAsia.<\/p>\n<ul>\n<li class=\"rtejustify\">11 de gener a las 18:30.&nbsp;&nbsp;<strong>Zhao<\/strong>, Susana Gozalvo, 2008.&nbsp;Presentaci\u00f3&nbsp;del cicle&nbsp;a c\u00e0rrec d&#8217;Irene Masdeu. Presentaci\u00f3&nbsp;de la pel\u00b7l\u00edcula&nbsp;i col\u00b7loqui a c\u00e0rrec de&nbsp;l&#8217;autora del film, Susana Gozalvo.<\/li>\n<li class=\"rtejustify\">12 de gener a les 21:30&nbsp;<strong>La Fuente Amarilla<\/strong>, Miguel Santesmases, 1999.<\/li>\n<li class=\"rtejustify\">18 de gener a les 18:30&nbsp;<strong>Huidas<\/strong>, Mercedes Gaspar, 2014.&nbsp;Presentaci\u00f3 i col\u00b7loqui&nbsp;a c\u00e0rrec de l&#8217;autora del film Mercedes Gaspar i&nbsp;Xavier Ortells.<\/li>\n<li class=\"rtejustify\">19 de gener a les 21:30.&nbsp;<strong><a href=\"http:\/\/www.filmoteca.cat\/web\/programacio\/cicles\/identitats-creuades-xinesos-de-pellicula\/dame-un-poco-de-amooor\" target=\"_blank\" rel=\"noopener\">\u00a1Dame un poco de amooor&#8230;!<\/a><\/strong>&nbsp;&nbsp;Jos\u00e9 Mar\u00eda Forqu\u00e9,&nbsp;1968.<\/li>\n<\/ul>\n<h2 class=\"rtejustify\">2016<\/h2>\n<h3 class=\"rtejustify\">5 de maig<\/h3>\n<p class=\"rtejustify\">Seminari Permanent d&#8217;Investigaci\u00f3 i Doctorat &#8211;&nbsp;Tribuna d&#8217; \u00c0sia Oriental:&nbsp;<strong><a href=\"http:\/\/grupsderecerca.uab.cat\/interasia\/sites\/grupsderecerca.uab.cat.interasia\/files\/tell_the_prime_minister.pdf\" target=\"_blank\" rel=\"noopener\">Tell the Prime Minister<\/a><\/strong>, projecci\u00f3 del documental i debat amb el seu director&nbsp;<strong>Eiji Oguma<\/strong>, Keio University, Jap\u00f3.<\/p>\n<h2 class=\"rtejustify\">2015<\/h2>\n<h3 class=\"rtejustify\">28 d&#8217;abril al 19 de maig<\/h3>\n<p class=\"rtejustify\">Cicle&nbsp;<strong><a href=\"http:\/\/grupsderecerca.uab.cat\/interasia\/sites\/grupsderecerca.uab.cat.interasia\/files\/conferencies_golferichs_215.pdf\" target=\"_blank\" rel=\"noopener\">&#8220;La Xina contempor\u00e0nia en la producci\u00f3 audiovisual realitzada a Catalunya&#8221;<\/a><\/strong>, projecci\u00f3 i debat de curts i documentals.<\/p>\n<ul>\n<li class=\"rtejustify\"><strong><a href=\"http:\/\/www.lavanguardia.com\/agenda\/actividades\/27540_projecte-interseccions.html\" target=\"_blank\" rel=\"noopener\">Projecte interseccions<\/a><\/strong>&nbsp;(a c\u00e0rrec de<strong>&nbsp;Irene Masdeu&nbsp;<\/strong>i&nbsp;<strong>Ramon Oliveras<\/strong>),&nbsp;28 d&#8217;abril, 19:00h.<\/li>\n<li class=\"rtejustify\"><strong><a href=\"http:\/\/www.lavanguardia.com\/agenda\/actividades\/27552_em-dic-peng-se-lhan-quedat-els-xinesos.html\" target=\"_blank\" rel=\"noopener\">Em dic Peng \/ Se l&#8217;han quedat els xinesos<\/a><\/strong>&nbsp;(a c\u00e0rrec de&nbsp;<strong>Jahel Guerra<\/strong>,&nbsp;<strong>Victoria Molina<\/strong>,<strong>&nbsp;Laura Quinto<\/strong>&nbsp;i&nbsp;<strong>Jos\u00e9 Garc\u00eda<\/strong>),&nbsp;5 de maig, 19:00h.<\/li>\n<li class=\"rtejustify\"><strong><a href=\"http:\/\/centrescivics.bcn.cat\/ca\/activitat\/la-xina-la-produccio-audiovisual-catalana\" target=\"_blank\" rel=\"noopener\">Obert 24 hores<\/a><\/strong>&nbsp;(a c\u00e0rrec de&nbsp;<strong>Xavier Campreci\u00f3s<\/strong>),&nbsp;12 de maig,19:00h.<\/li>\n<li class=\"rtejustify\"><strong><a href=\"http:\/\/www.lavanguardia.com\/agenda\/actividades\/27554_el-lugar-que-nos-une-palabras-la-ciudad-de-gaofeng.html\" target=\"_blank\" rel=\"noopener\">El lugar que nos une \/ Palabras de la ciudad de Gaofeng<\/a><\/strong>&nbsp;(a c\u00e0rrec de&nbsp;<strong>Lin Yu<\/strong>&nbsp;i&nbsp;<strong>Oriol Mart\u00ednez),&nbsp;<\/strong>19 de maig, 19:00h.<\/li>\n<\/ul>\n<h2 class=\"rtejustify\">2014<\/h2>\n<h3 class=\"rtejustify\">11 de desembre<\/h3>\n<p class=\"rtejustify\">Tribuna d&#8217;\u00c0sia Oriental &#8211;&nbsp;Seminari Permanent de Recerca i Doctorat. Projecci\u00f3 i debat amb la pres\u00e8ncia de&nbsp;<a href=\"http:\/\/grupsderecerca.uab.cat\/interasia\/sites\/grupsderecerca.uab.cat.interasia\/files\/ishinomaki_rock_n_roll_city.pdf\" target=\"_blank\" rel=\"noopener\"><strong>Mart\u00edn Aletta<\/strong><\/a>&nbsp;(cineasta i actor):<\/p>\n<ul>\n<li class=\"rtejustify\"><strong><em>Ojos Abiertos&nbsp;<\/em><\/strong>(curtmetratge, dir. Mart\u00edn Aletta, 2013)<\/li>\n<li class=\"rtejustify\"><strong><em>Ishinomaki Rock &#8216;n Roll City<\/em><\/strong>&nbsp;(curtmetratge documental, dir. Federico Aletta, 2011).<\/li>\n<\/ul>\n<h3 class=\"rtejustify\">15 i 16 d&#8217;octubre<\/h3>\n<p class=\"rtejustify\">Tribuna d&#8217;\u00c0sia Oriental &#8211;&nbsp;Seminari Permanent de Recerca i Doctorat: Confer\u00e8ncia i projeccions a c\u00e0rrec del cineasta xin\u00e8s&nbsp;<strong><a href=\"http:\/\/grupsderecerca.uab.cat\/interasia\/sites\/grupsderecerca.uab.cat.interasia\/files\/shu_haolun.pdf\" target=\"_blank\" rel=\"noopener\">Shu Haolun<\/a>.<\/strong><\/p>\n<ul>\n<li class=\"rtejustify\">15 d\u2019octubre:&nbsp;<strong><em>Nostalgia<\/em>&nbsp;\u4e61\u6101<\/strong>&nbsp;(70 minuts, 2006).<\/li>\n<li class=\"rtejustify\">16 d&#8217;octubre:&nbsp;<strong><em>No. 89 Shimen Road<\/em>&nbsp;\u9ed1\u767d\u7167\u7247<\/strong>&nbsp;(85 minuts, 2010). Confer\u00e8ncia:&nbsp;<strong><em>Chinese Independent Cinema<\/em><\/strong>.<\/li>\n<\/ul>\n<h3 class=\"rtejustify\">19 de mar\u00e7<\/h3>\n<p class=\"rtejustify\">Seminari Permanent d&#8217;Investigaci\u00f3 i Doctorat &#8211; Tribuna d&#8217;\u00c0sia Oriental: Projecci\u00f3 del documental&nbsp;<a href=\"http:\/\/grupsderecerca.uab.cat\/interasia\/sites\/grupsderecerca.uab.cat.interasia\/files\/ainu._caminos_a_la_memoria.pdf\" target=\"_blank\" rel=\"noopener\"><strong>Ainu. Caminos a la memoria&nbsp;<\/strong><\/a>(2013) i debat posterior amb els seus realitzadors: <strong>Marcos Centeno Mart\u00edn<\/strong> i <strong>Almudena Garc\u00eda Navarro<\/strong>.<\/p>\n","protected":false},"excerpt":{"rendered":"<p>2017 11 al 22 de gener Cicle&nbsp;de cine&nbsp;\u201cIdentidades cruzadas: chinos de pel\u00edcula\u201d. Les pel\u00b7l\u00edcules compten amb la presentaci\u00f3 i col\u00b7loqui a c\u00e0rrec d&#8217;investigadors d&#8217;InterAsia. 11 de gener a las 18:30.&nbsp;&nbsp;Zhao, Susana Gozalvo, 2008.&nbsp;Presentaci\u00f3&nbsp;del cicle&nbsp;a c\u00e0rrec d&#8217;Irene Masdeu. Presentaci\u00f3&nbsp;de la pel\u00b7l\u00edcula&nbsp;i col\u00b7loqui a c\u00e0rrec de&nbsp;l&#8217;autora del film, Susana Gozalvo. 12 de gener a les 21:30&nbsp;La Fuente [&hellip;]<\/p>\n","protected":false},"author":20,"featured_media":0,"parent":0,"menu_order":0,"comment_status":"closed","ping_status":"closed","template":"","meta":{"footnotes":""},"class_list":["post-218","page","type-page","status-publish","hentry"],"_links":{"self":[{"href":"https:\/\/webs.uab.cat\/interasia\/wp-json\/wp\/v2\/pages\/218","targetHints":{"allow":["GET"]}}],"collection":[{"href":"https:\/\/webs.uab.cat\/interasia\/wp-json\/wp\/v2\/pages"}],"about":[{"href":"https:\/\/webs.uab.cat\/interasia\/wp-json\/wp\/v2\/types\/page"}],"author":[{"embeddable":true,"href":"https:\/\/webs.uab.cat\/interasia\/wp-json\/wp\/v2\/users\/20"}],"replies":[{"embeddable":true,"href":"https:\/\/webs.uab.cat\/interasia\/wp-json\/wp\/v2\/comments?post=218"}],"version-history":[{"count":0,"href":"https:\/\/webs.uab.cat\/interasia\/wp-json\/wp\/v2\/pages\/218\/revisions"}],"wp:attachment":[{"href":"https:\/\/webs.uab.cat\/interasia\/wp-json\/wp\/v2\/media?parent=218"}],"curies":[{"name":"wp","href":"https:\/\/api.w.org\/{rel}","templated":true}]}}