{"id":444,"date":"2016-07-19T12:15:59","date_gmt":"2016-07-19T12:15:59","guid":{"rendered":"http:\/\/geografia.uab.cat\/interfase1\/?page_id=444"},"modified":"2025-06-12T16:02:44","modified_gmt":"2025-06-12T14:02:44","slug":"phd-theses","status":"publish","type":"page","link":"https:\/\/webs.uab.cat\/interfase\/phd-theses\/","title":{"rendered":"PhD Theses"},"content":{"rendered":"\n<h2 class=\"wp-block-heading alignwide has-text-align-left has-verd-tropic-color has-text-color has-link-color has-larger-font-size wp-elements-ba7009d66568eca2d5e1b2bdac510b79\" style=\"font-style:normal;font-weight:800;text-transform:uppercase\">2024<\/h2>\n\n\n\n<div class=\"wp-block-columns alignwide is-layout-flex wp-container-core-columns-is-layout-9d6595d7 wp-block-columns-is-layout-flex\">\n<div class=\"wp-block-column has-gris-pubilla-background-color has-background is-layout-flow wp-block-column-is-layout-flow\">\n<p class=\"has-text-align-center has-large-font-size\"><strong>Jade Zoghbi <\/strong><\/p>\n\n\n\n<ul class=\"wp-block-list\">\n<li><strong>T\u00edtol:<\/strong> <em><a href=\"https:\/\/www.tesisenred.net\/handle\/10803\/692778\">A Systems Approach in Ocean Governance: Values; Visions for Marine Planning &#8211; Case Studies in the Arctic and Mediterranean<\/a><\/em><\/li>\n\n\n\n<li><strong>Director: <\/strong>Eduard Ariza<\/li>\n\n\n\n<li><strong>Defensa:<\/strong> 12\/10\/2024<\/li>\n<\/ul>\n<\/div>\n\n\n\n<div class=\"wp-block-column is-layout-flow wp-block-column-is-layout-flow\"><\/div>\n\n\n\n<div class=\"wp-block-column is-layout-flow wp-block-column-is-layout-flow\"><\/div>\n<\/div>\n\n\n\n<h2 class=\"wp-block-heading alignwide has-text-align-left has-verd-tropic-color has-text-color has-link-color has-larger-font-size wp-elements-d102dafc9332b7ae6a84483b0b42bc80\" style=\"font-style:normal;font-weight:800;text-transform:uppercase\">2023<\/h2>\n\n\n\n<div class=\"wp-block-columns alignwide is-layout-flex wp-container-core-columns-is-layout-9d6595d7 wp-block-columns-is-layout-flex\">\n<div class=\"wp-block-column has-gris-pubilla-background-color has-background is-layout-flow wp-block-column-is-layout-flow\">\n<p class=\"has-text-align-center has-large-font-size\"><strong>Gino Bailey<\/strong><\/p>\n\n\n\n<ul class=\"wp-block-list\">\n<li><strong>T\u00edtol:<\/strong> <em><a href=\"https:\/\/www.tesisenred.net\/handle\/10803\/691152\">Evoluci\u00f3n y pervivencia de comunidades pesqueras artesanales: Desde una zona de sacrificio a los valores de la subsistencia<\/a><\/em><\/li>\n\n\n\n<li><strong>Director\/a: <\/strong>Ant\u00f2nia Casellas, Eduard Ariza<\/li>\n\n\n\n<li><strong>Defensa:<\/strong> 09\/11\/2023<\/li>\n<\/ul>\n<\/div>\n\n\n\n<div class=\"wp-block-column has-gris-pubilla-background-color has-background is-layout-flow wp-block-column-is-layout-flow\">\n<p class=\"has-text-align-center has-large-font-size\"><strong>Anna Mar\u00edn<\/strong><\/p>\n\n\n\n<ul class=\"wp-block-list\">\n<li><strong>T\u00edtol:<\/strong> <em><a href=\"https:\/\/www.tesisenred.net\/handle\/10803\/691311\">Climate change adaptation in Llobregat Delta: local response-ability<\/a><\/em><\/li>\n\n\n\n<li><strong>Director\/a: <\/strong>Eduard Ariza, Ant\u00f2nia Casellas<\/li>\n\n\n\n<li><strong>Defensa:<\/strong> 22\/12\/2023<\/li>\n<\/ul>\n<\/div>\n\n\n\n<div class=\"wp-block-column is-layout-flow wp-block-column-is-layout-flow\"><\/div>\n<\/div>\n\n\n\n<h2 class=\"wp-block-heading alignwide has-text-align-left has-verd-tropic-color has-text-color has-link-color has-larger-font-size wp-elements-4fcc2e60eb377c5ed2f03c3243a604b1\" style=\"font-style:normal;font-weight:800;text-transform:uppercase\">2022<\/h2>\n\n\n\n<div class=\"wp-block-columns alignwide is-layout-flex wp-container-core-columns-is-layout-9d6595d7 wp-block-columns-is-layout-flex\">\n<div class=\"wp-block-column has-gris-pubilla-background-color has-background is-layout-flow wp-block-column-is-layout-flow\">\n<p class=\"has-text-align-center has-large-font-size\"><strong>Sandra P. Santos<\/strong><\/p>\n\n\n\n<ul class=\"wp-block-list\">\n<li><strong>T\u00edtol:<\/strong> <em><a href=\"https:\/\/www.tesisenred.net\/handle\/10803\/675886#page=1\">Propuestas para una legislaci\u00f3n minera que permita afrontar los retos del sector a trav\u00e9s de una visi\u00f3n comparada<\/a><\/em><\/li>\n\n\n\n<li><strong>Director:<\/strong> Ferran Pons<\/li>\n\n\n\n<li><strong>Defensa:<\/strong> 12\/05\/2022<\/li>\n<\/ul>\n<\/div>\n\n\n\n<div class=\"wp-block-column is-layout-flow wp-block-column-is-layout-flow\"><\/div>\n\n\n\n<div class=\"wp-block-column is-layout-flow wp-block-column-is-layout-flow\"><\/div>\n<\/div>\n\n\n\n<h2 class=\"wp-block-heading alignwide has-text-align-left has-verd-tropic-color has-text-color has-link-color has-larger-font-size wp-elements-4c1a697257c7d98a02cc3f3ee138a6ab\" style=\"font-style:normal;font-weight:800;text-transform:uppercase\">2019<\/h2>\n\n\n\n<div class=\"wp-block-columns alignwide is-layout-flex wp-container-core-columns-is-layout-9d6595d7 wp-block-columns-is-layout-flex\">\n<div class=\"wp-block-column has-gris-pubilla-background-color has-background is-layout-flow wp-block-column-is-layout-flow\">\n<p class=\"has-text-align-center has-large-font-size\"><strong>Briana A. Bombana<\/strong><\/p>\n\n\n\n<ul class=\"wp-block-list\">\n<li><strong>T\u00edtol:<\/strong> <em><a href=\"https:\/\/www.tesisenred.net\/handle\/10803\/669364#page=1\">Co-production of indexes of beach management in the Catalan coast: A double-loop process of learning<\/a><\/em><\/li>\n\n\n\n<li><strong>Director: <\/strong>Eduard Ariza<\/li>\n\n\n\n<li><strong>Defensa:<\/strong> 07\/11\/2019<\/li>\n<\/ul>\n<\/div>\n\n\n\n<div class=\"wp-block-column has-gris-pubilla-background-color has-background is-layout-flow wp-block-column-is-layout-flow\">\n<p class=\"has-text-align-center has-large-font-size\"><strong>Liliana Sol\u00e9<\/strong><\/p>\n\n\n\n<ul class=\"wp-block-list\">\n<li><strong>T\u00edtol:<\/strong> <em><a href=\"https:\/\/www.tesisenred.net\/handle\/10803\/669646#page=1\">An analysis of Ecosystem Services coproduction and access in the case of Barcelona\u2019s cruise ship tourism<\/a><\/em><\/li>\n\n\n\n<li><strong>Director: <\/strong>Eduard Ariza<\/li>\n\n\n\n<li><strong>Defensa:<\/strong> 25\/10\/2019<\/li>\n<\/ul>\n<\/div>\n\n\n\n<div class=\"wp-block-column is-layout-flow wp-block-column-is-layout-flow\"><\/div>\n<\/div>\n\n\n\n<h2 class=\"wp-block-heading alignwide has-text-align-left has-verd-tropic-color has-text-color has-link-color has-larger-font-size wp-elements-9969634ede3ec2aa8cb86a50b609cedd\" style=\"font-style:normal;font-weight:800;text-transform:uppercase\">2018<\/h2>\n\n\n\n<div class=\"wp-block-columns alignwide is-layout-flex wp-container-core-columns-is-layout-9d6595d7 wp-block-columns-is-layout-flex\">\n<div class=\"wp-block-column has-gris-pubilla-background-color has-background is-layout-flow wp-block-column-is-layout-flow\">\n<p class=\"has-text-align-center has-large-font-size\"><strong>Eduard Sala<\/strong><\/p>\n\n\n\n<ul class=\"wp-block-list\">\n<li><strong>T\u00edtol:<\/strong> <em><a href=\"https:\/\/www.tesisenred.net\/handle\/10803\/665807#page=1\">La crisis de la vivienda: implicaciones territoriales y estrategias de empoderamiento<\/a><\/em><\/li>\n\n\n\n<li><strong>Directores: <\/strong>Ant\u00f2nia Casellas, Miranda J. Lubbers<\/li>\n\n\n\n<li><strong>Defensa:<\/strong> 19\/11\/2018<\/li>\n<\/ul>\n<\/div>\n\n\n\n<div class=\"wp-block-column has-gris-pubilla-background-color has-background is-layout-flow wp-block-column-is-layout-flow\">\n<p class=\"has-text-align-center has-large-font-size\"><strong>Aldenilson Santos<\/strong><\/p>\n\n\n\n<ul class=\"wp-block-list\">\n<li><strong>T\u00edtol:<\/strong> <em><a href=\"https:\/\/www.tesisenred.net\/handle\/10803\/482140#page=1\">Tecnologia e desenvolvimento local na cidade de pira\u00ed (brasil): pol\u00edtica p\u00fablica, inova\u00e7\u00e3o e vida cotidiana<\/a><\/em><\/li>\n\n\n\n<li><strong>Directores: <\/strong>Ant\u00f2nia Casellas, Tamara T. Cohen<\/li>\n\n\n\n<li><strong>Defensa:<\/strong> 26\/03\/2018<\/li>\n<\/ul>\n<\/div>\n\n\n\n<div class=\"wp-block-column is-layout-flow wp-block-column-is-layout-flow\"><\/div>\n<\/div>\n\n\n\n<h2 class=\"wp-block-heading alignwide has-text-align-left has-verd-tropic-color has-text-color has-link-color has-larger-font-size wp-elements-9941fd91f3fab76226502c76de4016cb\" style=\"font-style:normal;font-weight:800;text-transform:uppercase\">2017<\/h2>\n\n\n\n<div class=\"wp-block-columns alignwide is-layout-flex wp-container-core-columns-is-layout-9d6595d7 wp-block-columns-is-layout-flex\">\n<div class=\"wp-block-column has-gris-pubilla-background-color has-background is-layout-flow wp-block-column-is-layout-flow\">\n<p class=\"has-text-align-center has-large-font-size\"><strong>Andreu Marfull<\/strong><\/p>\n\n\n\n<ul class=\"wp-block-list\">\n<li><strong>T\u00edtol:<\/strong> <em><a href=\"https:\/\/www.tesisenred.net\/handle\/10803\/403767#page=1\">La llei de la plusv\u00e0lua urbanitzadora i la urbanitzaci\u00f3 marginal a Sant Andreu de Palomar (Barcelona)<\/a><\/em><\/li>\n\n\n\n<li><strong>Directora:<\/strong> Ant\u00f2nia Casellas<\/li>\n\n\n\n<li><strong>Defensa:<\/strong> 31\/03\/2017<\/li>\n<\/ul>\n<\/div>\n\n\n\n<div class=\"wp-block-column is-layout-flow wp-block-column-is-layout-flow\"><\/div>\n\n\n\n<div class=\"wp-block-column is-layout-flow wp-block-column-is-layout-flow\"><\/div>\n<\/div>\n\n\n\n<h2 class=\"wp-block-heading alignwide has-text-align-left has-verd-tropic-color has-text-color has-link-color has-larger-font-size wp-elements-401efdf202077ed8a215c5e0ec4ed70a\" style=\"font-style:normal;font-weight:800;text-transform:uppercase\">2015<\/h2>\n\n\n\n<div class=\"wp-block-columns alignwide is-layout-flex wp-container-core-columns-is-layout-9d6595d7 wp-block-columns-is-layout-flex\">\n<div class=\"wp-block-column has-gris-pubilla-background-color has-background is-layout-flow wp-block-column-is-layout-flow\">\n<p class=\"has-text-align-center has-large-font-size\"><strong>Carolina Pe\u00f1a<\/strong><\/p>\n\n\n\n<ul class=\"wp-block-list\">\n<li><strong>T\u00edtol:<\/strong> <em>Dise\u00f1o y aplicaci\u00f3n de indicadores de vulnerabilidad y calidad para playas y dunas de Canarias: una propuesta metodol\u00f3gica<\/em><\/li>\n\n\n\n<li><strong>Directors\/a:<\/strong> Eduard Ariza, Luis Hern\u00e1ndez, Emma P\u00e9rez-Chac\u00f3n<\/li>\n\n\n\n<li><strong>Defensa:<\/strong> 11\/12\/2015<\/li>\n<\/ul>\n<\/div>\n\n\n\n<div class=\"wp-block-column is-layout-flow wp-block-column-is-layout-flow\"><\/div>\n\n\n\n<div class=\"wp-block-column is-layout-flow wp-block-column-is-layout-flow\"><\/div>\n<\/div>\n\n\n\n<h2 class=\"wp-block-heading alignwide has-text-align-left has-verd-tropic-color has-text-color has-link-color has-larger-font-size wp-elements-b0ce9c2208c628adb7c5cc7c94f1e732\" style=\"font-style:normal;font-weight:800;text-transform:uppercase\">2009<\/h2>\n\n\n\n<div class=\"wp-block-columns alignwide is-layout-flex wp-container-core-columns-is-layout-9d6595d7 wp-block-columns-is-layout-flex\">\n<div class=\"wp-block-column has-gris-pubilla-background-color has-background is-layout-flow wp-block-column-is-layout-flow\">\n<p class=\"has-text-align-center has-large-font-size\"><strong>Esteve Dot<\/strong><\/p>\n\n\n\n<ul class=\"wp-block-list\">\n<li><strong>T\u00edtol:<\/strong> <em>La ciutat emprenedora en el context de crisi urbana: la capacitat d apataci\u00f3 del projecte 22@Barelona (2000-2013)<\/em><\/li>\n\n\n\n<li><strong>Directores:<\/strong> Ant\u00f2nia Casellas, Montserrat Pallares-Barbera<\/li>\n\n\n\n<li><strong>Defensa:<\/strong> 26\/03\/2009<\/li>\n<\/ul>\n<\/div>\n\n\n\n<div class=\"wp-block-column is-layout-flow wp-block-column-is-layout-flow\"><\/div>\n\n\n\n<div class=\"wp-block-column is-layout-flow wp-block-column-is-layout-flow\"><\/div>\n<\/div>\n","protected":false},"excerpt":{"rendered":"<p>2024 Jade Zoghbi 2023 Gino Bailey Anna Mar\u00edn 2022 Sandra P. Santos 2019 Briana A. Bombana Liliana Sol\u00e9 2018 Eduard Sala Aldenilson Santos 2017 Andreu Marfull 2015 Carolina Pe\u00f1a 2009 Esteve Dot<\/p>\n","protected":false},"author":2826,"featured_media":0,"parent":0,"menu_order":0,"comment_status":"closed","ping_status":"closed","template":"","meta":{"footnotes":""},"class_list":["post-444","page","type-page","status-publish","hentry"],"_links":{"self":[{"href":"https:\/\/webs.uab.cat\/interfase\/wp-json\/wp\/v2\/pages\/444","targetHints":{"allow":["GET"]}}],"collection":[{"href":"https:\/\/webs.uab.cat\/interfase\/wp-json\/wp\/v2\/pages"}],"about":[{"href":"https:\/\/webs.uab.cat\/interfase\/wp-json\/wp\/v2\/types\/page"}],"author":[{"embeddable":true,"href":"https:\/\/webs.uab.cat\/interfase\/wp-json\/wp\/v2\/users\/2826"}],"replies":[{"embeddable":true,"href":"https:\/\/webs.uab.cat\/interfase\/wp-json\/wp\/v2\/comments?post=444"}],"version-history":[{"count":3,"href":"https:\/\/webs.uab.cat\/interfase\/wp-json\/wp\/v2\/pages\/444\/revisions"}],"predecessor-version":[{"id":1831,"href":"https:\/\/webs.uab.cat\/interfase\/wp-json\/wp\/v2\/pages\/444\/revisions\/1831"}],"wp:attachment":[{"href":"https:\/\/webs.uab.cat\/interfase\/wp-json\/wp\/v2\/media?parent=444"}],"curies":[{"name":"wp","href":"https:\/\/api.w.org\/{rel}","templated":true}]}}