{"id":27,"date":"2019-05-27T12:31:20","date_gmt":"2019-05-27T10:31:20","guid":{"rendered":"https:\/\/blogs.uab.cat\/investinginchildren\/?page_id=27"},"modified":"2023-02-07T13:14:31","modified_gmt":"2023-02-07T11:14:31","slug":"transfer-of-knowledge","status":"publish","type":"page","link":"https:\/\/webs.uab.cat\/investinginchildren\/transfer-of-knowledge\/","title":{"rendered":"Transfer of Knowledge"},"content":{"rendered":"\n<ul class=\"has-small-font-size wp-block-list\"><li><a rel=\"noreferrer noopener\" href=\"https:\/\/feps-europe.eu\/wp-content\/uploads\/2023\/01\/Delivering-on-the-child-guarantee-PS.pdf\" target=\"_blank\">Delivering on the child guarantee: an assessment of the national plans\u2019 responses towards fighting inequalities in access to childcare:\u00a0Spain, Italy, Belgium and Finland.\u00a0January 2023.<\/a><\/li><li><p>Research Contract Agreement with ERC funded Project \u2018CAPABLE\u2019 \u2013 Enhancing Capabilities? Rethinking Work-life Policies and their Impact from a New Perspective, PI: Mara Yerkes. 2019-2023.<\/p><\/li><li>Report for the \u201cPlataforma por la Infancia\u201d entitled: \u201cLa conciliaci\u00f3n trabajo y familia en Espa\u00f1a. Una perspectiva desde el mercado laboral\u201d, December 2019. Elaborated by Manuel Alvari\u00f1o, and Margarita Le\u00f3n.<\/li><li>Course: \u201c<a rel=\"noreferrer noopener\" href=\"https:\/\/www.unavarra.es\/catedraunesco\/actividades\/cursos-y-conferencias?contentId=246339\" target=\"_blank\">Jornadas sobre desigualdad y promoci\u00f3n de la infancia: El Trabajo en Red comunitario como marco de sostenimiento de las familias<\/a>\u201d C\u00e1tedra Unesco, Universidad P\u00fablica de Navarra, 16th of September 2019. Organized and managed by: Luc\u00eda Mart\u00ednez Virto.<\/li><li>Research Contract with Save the Children for report entitled &#8220;<a rel=\"noopener\" href=\"https:\/\/www.savethechildren.es\/actualidad\/la-situacion-de-la-educacion-infantil-de-0-3-anos\" target=\"_blank\">Estudio datos y an\u00e1lisis de Pol\u00edticas para la extensi\u00f3n equitativa de la educaci\u00f3n infantil 0-3 en Espa\u00f1a<\/a>&#8220;, July 2019. Team members: Zyab Ib\u00e1\u00f1ez, Margarita Le\u00f3n, Lara Maestripieri, Lara Navarro, David Palomera and Alejandra Pe\u00f1a.<\/li><li>Course: \u201c<a href=\"https:\/\/www.unavarra.es\/catedraunesco\/actividades\/cursos-y-conferencias?opcion=2018&amp;contentId=240073\">Inclusi\u00f3n en el espacio educativo: estrategias socioeducativas de intervenci\u00f3n social<\/a>\u201d. C\u00e1tedra Unesco, Universidad P\u00fablica de Navarra, 17th of September 2018. Organized and managed by:\u00a0Luc\u00eda Mart\u00ednez Virto and Bego\u00f1a P\u00e9rez Eransus.<\/li><\/ul>\n\n\n\n<hr class=\"wp-block-separator has-alpha-channel-opacity\" \/>\n\n\n\n<h3 class=\"wp-block-heading\"><strong>Articles in press \/ blogs:<\/strong><\/h3>\n\n\n\n<p class=\"has-small-font-size\">Catalunya Plural, <a href=\"https:\/\/catalunyaplural.cat\/es\/la-politica-por-venir-el-derecho-al-cuidado-y-la-proteccion-a-la-infancia\/\">Opini\u00f3n Pol\u00edtica<\/a>, Alvari\u00f1o Vasquez M., and Palomera D., 07\/02\/2022.<\/p>\n\n\n\n<p class=\"has-small-font-size\">El Pa\u00eds, <a href=\"https:\/\/elpais.com\/opinion\/2020-06-08\/el-futbol-los-bares-la-escuela.html\">Tribuna de opini\u00f3n<\/a>, Le\u00f3n M., 09\/06\/20.<\/p>\n\n\n\n<p class=\"has-small-font-size\">El Pa\u00eds, <a href=\"https:\/\/elpais.com\/elpais\/2020\/04\/07\/opinion\/1586278325_512203.html\">Tribuna de opini\u00f3n<\/a>, Le\u00f3n M., 08\/04\/2020.<\/p>\n\n\n\n<p class=\"has-small-font-size\">El Pa\u00eds, <a href=\"https:\/\/agendapublica.elpais.com\/noticia\/15767\/escolarizar-dos-anos\">Agenda P\u00fablica<\/a>, Le\u00f3n M., 19\/10\/2918.<\/p>\n\n\n\n<p class=\"has-small-font-size\">El Pa\u00eds, <a href=\"https:\/\/agendapublica.elpais.com\/educacion-0-3-no-alimentemos-mas-burbujas\/\">Agenda P\u00fablica<\/a>, Le\u00f3n M., 19\/10\/2918.<\/p>\n\n\n\n<p class=\"has-small-font-size\">El Diari de l\u2019Educaci\u00f3, <a href=\"https:\/\/diarieducacio.cat\/educaciolocal\/2021\/05\/13\/desigualtats-en-lacces-a-escoles-bressols-municipals-un-problema-estructural-amb-solucions-conegudes\/\">An\u00e0lisi<\/a>, Palomera D., 13\/05\/2021.<\/p>\n","protected":false},"excerpt":{"rendered":"<p>Delivering on the child guarantee: an assessment of the national plans\u2019 responses towards fighting inequalities in access to childcare:\u00a0Spain, Italy, Belgium and Finland.\u00a0January 2023. Research Contract Agreement with ERC funded Project \u2018CAPABLE\u2019 \u2013 Enhancing Capabilities? Rethinking Work-life Policies and their Impact from a New Perspective, PI: Mara Yerkes. 2019-2023. Report for the \u201cPlataforma por la [&hellip;]<\/p>\n","protected":false},"author":34,"featured_media":0,"parent":0,"menu_order":0,"comment_status":"closed","ping_status":"closed","template":"","meta":{"footnotes":""},"class_list":["post-27","page","type-page","status-publish","hentry"],"_links":{"self":[{"href":"https:\/\/webs.uab.cat\/investinginchildren\/wp-json\/wp\/v2\/pages\/27","targetHints":{"allow":["GET"]}}],"collection":[{"href":"https:\/\/webs.uab.cat\/investinginchildren\/wp-json\/wp\/v2\/pages"}],"about":[{"href":"https:\/\/webs.uab.cat\/investinginchildren\/wp-json\/wp\/v2\/types\/page"}],"author":[{"embeddable":true,"href":"https:\/\/webs.uab.cat\/investinginchildren\/wp-json\/wp\/v2\/users\/34"}],"replies":[{"embeddable":true,"href":"https:\/\/webs.uab.cat\/investinginchildren\/wp-json\/wp\/v2\/comments?post=27"}],"version-history":[{"count":7,"href":"https:\/\/webs.uab.cat\/investinginchildren\/wp-json\/wp\/v2\/pages\/27\/revisions"}],"predecessor-version":[{"id":146,"href":"https:\/\/webs.uab.cat\/investinginchildren\/wp-json\/wp\/v2\/pages\/27\/revisions\/146"}],"wp:attachment":[{"href":"https:\/\/webs.uab.cat\/investinginchildren\/wp-json\/wp\/v2\/media?parent=27"}],"curies":[{"name":"wp","href":"https:\/\/api.w.org\/{rel}","templated":true}]}}