{"id":35,"date":"2019-05-29T14:23:46","date_gmt":"2019-05-29T12:23:46","guid":{"rendered":"https:\/\/blogs.uab.cat\/investinginchildren\/?page_id=35"},"modified":"2019-05-29T14:23:46","modified_gmt":"2019-05-29T12:23:46","slug":"project","status":"publish","type":"page","link":"https:\/\/webs.uab.cat\/investinginchildren\/project\/","title":{"rendered":"Project"},"content":{"rendered":"<p><a href=\"#versioncastellano\">(Ir a versi\u00f3n en castellano)<\/a><\/p>\n<p>Research and policy intervention on Early Childhood Education and Care (ECEC from now on) has flourished in recent years. Strong socio-economic and demographic trends underpin discourse and policy innovation in this field, putting the question of who looks after the children at the centre of public debate and scholars\u2019 attention.<\/p>\n<p>ECEC has especially come to the forefront of policy discourse and action as part of a wider attempt to reformulate welfare state intervention through a Social Investment (SI) strategy, an approach to social policy that emphasises equalising life opportunities rather than life outcomes with the underlying goal of \u2018preparing rather than reparing\u2019. However, this simultaneous change in the paradigm governing childcare and common trajectory in the transformation of ECEC in Europe and around the globe is taking place departing from very different starting points in the different countries. The common set of ideas, benchmarks and policy prescriptions regarding ECEC at EU and OECD levels does not seem to lead to a shared trajectory of policy change.<\/p>\n<p>Developments have not been uniform as for what regards both the pace of transformation and the specific path taken. Hence, we seem to be facing a shift in paradigm at the level of problem definition but we cannot conclude that a third order change has or is taking place. There are bound to be tensions and tradeoffs between interpretation at the level of discourse, the precise problem definition, the mechanisms put in place to tackle such problem and the outcomes they produce. Our starting premise is that the degree to which an increase in childcare spending can truly be interpreted as moving in a Social Investment direction will depend on a number of pre-conditions. These can be grouped in two main linked concepts that are central to the Social Investment logic: Equality in representation and access and Quality of provision.<\/p>\n<p>On the one hand, we need to understand if all social groups benefit equally from ECEC interventions or if, as the \u2018Matthew Effect\u2019 suggests, these are biased towards the middle classes, benefiting those who are least disadvantaged but that hold greater political visibility. On the other hand, we need to know if the urge to expand services (given greater demand) comes at the price of quality, in which case the argument that ECEC expansion is part of a wider Social Investment strategy can hardly be made.<\/p>\n<p>To study how equality and quality interact with ECEC expansion we propose an analytical focus organized around three main streams (1) Politics, (2) Policies, and (3) Outcomes. These three integrated parts will look at the political conditions under which the development of the investing in children paradigm takes places unveiling tensions and contradictions among different actors and mobilization capacity of different social groups and public opinion support; investigate the realization of the investing in children paradigm by looking at policy designs and implementation mechanisms at national, subnational and municipal levels into the early years; and study the outcomes of these policies by looking at conditions of accessibility for groups of different socio-economic background.<\/p>\n<p>The research will focus on Spain with several sub-national cases and we will undertake specific comparative analyses at given points in time of the research project.<\/p>\n<p>&nbsp;<\/p>\n<h2 id=\"versioncastellano\">EL PROYECTO<\/h2>\n<p>La investigaci\u00f3n y la intervenci\u00f3n pol\u00edtica sobre la Educaci\u00f3n y Atenci\u00f3n de la Primera Infancia forma parte de un intento m\u00e1s amplio de reformular los Estados de Bienestar hacia una estrategia de Inversi\u00f3n Social (SI), un enfoque de la pol\u00edtica social que enfatiza la igualdad de oportunidades de vida con el objetivo subyacente de &#8216;preparar en lugar de reparar&#8217;. Fuertes tendencias socioecon\u00f3micas y demogr\u00e1ficas sustentan la innovaci\u00f3n en este campo, poniendo la cuesti\u00f3n de los cuidados en temprana infancia en el centro del debate p\u00fablico y la atenci\u00f3n acad\u00e9mica. Los desarrollos han sido diferentes en los distintos pa\u00edses, tanto respecto al ritmo de transformaci\u00f3n como al camino espec\u00edfico tomado, generando, probablemente, tensiones y compensaciones entre la interpretaci\u00f3n a nivel del discurso, la definici\u00f3n del problema, los mecanismos establecidos para abordarlo y los resultados obtenidos.<\/p>\n<p>Nuestra premisa de partida es que el aumento del gasto p\u00fablico en este \u00e1mbito puede interpretarse como Inversi\u00f3n Social solo si verifican una serie de condiciones previas que se pueden agrupar en dos grandes conceptos rec\u00edprocamente conectados y cruciales: Igualdad de oportunidades en el acceso al servicio y la calidad del mismo.\u00a0 En este sentido, resulta necesario, entender, por un lado, si todos los grupos sociales se benefician igualitariamente de las inversiones en pol\u00edtica infantil o si, como sugiere el &#8216;Efecto Mateo&#8217;, estas est\u00e1n sesgadas hacia las clases medias, beneficiando a los menos desfavorecidos. Por el otro, es importante determinar si la necesidad de expansi\u00f3n de los servicios (dada una mayor demanda) damnifica la calidad, en cuyo caso dif\u00edcilmente se puede argumentar que la expansi\u00f3n de estas pol\u00edticas sea parte de una estrategia de Inversi\u00f3n Social m\u00e1s amplia.<\/p>\n<p>Proponemos entonces un enfoque anal\u00edtico organizado alrededor de tres puntos principales (1) Pol\u00edtica, (2) Pol\u00edticas y (3) Resultados. A partir de estas se analizar\u00e1n: las condiciones pol\u00edticas bajo las cuales se desarrolla el paradigma de inversi\u00f3n\u00a0 en la temprana infancia, revelando las tensiones y contradicciones entre los diferentes actores, la capacidad de movilizaci\u00f3n de los diferentes grupos sociales y el apoyo entre la opini\u00f3n p\u00fablica; Cu\u00e1les son los mecanismos de implementaci\u00f3n a nivel estatal, subestatal y municipal; los resultados de estas pol\u00edticas mediante la observaci\u00f3n de las condiciones de accesibilidad para grupos diferenciados.<\/p>\n","protected":false},"excerpt":{"rendered":"<p>(Ir a versi\u00f3n en castellano) Research and policy intervention on Early Childhood Education and Care (ECEC from now on) has flourished in recent years. Strong socio-economic and demographic trends underpin discourse and policy innovation in this field, putting the question of who looks after the children at the centre of public debate and scholars\u2019 attention. [&hellip;]<\/p>\n","protected":false},"author":34,"featured_media":0,"parent":0,"menu_order":0,"comment_status":"closed","ping_status":"closed","template":"","meta":{"footnotes":""},"class_list":["post-35","page","type-page","status-publish","hentry"],"_links":{"self":[{"href":"https:\/\/webs.uab.cat\/investinginchildren\/wp-json\/wp\/v2\/pages\/35","targetHints":{"allow":["GET"]}}],"collection":[{"href":"https:\/\/webs.uab.cat\/investinginchildren\/wp-json\/wp\/v2\/pages"}],"about":[{"href":"https:\/\/webs.uab.cat\/investinginchildren\/wp-json\/wp\/v2\/types\/page"}],"author":[{"embeddable":true,"href":"https:\/\/webs.uab.cat\/investinginchildren\/wp-json\/wp\/v2\/users\/34"}],"replies":[{"embeddable":true,"href":"https:\/\/webs.uab.cat\/investinginchildren\/wp-json\/wp\/v2\/comments?post=35"}],"version-history":[{"count":1,"href":"https:\/\/webs.uab.cat\/investinginchildren\/wp-json\/wp\/v2\/pages\/35\/revisions"}],"predecessor-version":[{"id":125,"href":"https:\/\/webs.uab.cat\/investinginchildren\/wp-json\/wp\/v2\/pages\/35\/revisions\/125"}],"wp:attachment":[{"href":"https:\/\/webs.uab.cat\/investinginchildren\/wp-json\/wp\/v2\/media?parent=35"}],"curies":[{"name":"wp","href":"https:\/\/api.w.org\/{rel}","templated":true}]}}