{"id":9,"date":"2019-05-27T12:11:06","date_gmt":"2019-05-27T10:11:06","guid":{"rendered":"https:\/\/blogs.uab.cat\/investinginchildren\/?page_id=9"},"modified":"2022-07-19T11:44:49","modified_gmt":"2022-07-19T09:44:49","slug":"team","status":"publish","type":"page","link":"https:\/\/webs.uab.cat\/investinginchildren\/team\/","title":{"rendered":"Team"},"content":{"rendered":"<p><strong>Margarita Le\u00f3n<\/strong> <strong>(IP)<\/strong> (<em>URL at Academia.edu<\/em>: <a href=\"https:\/\/uab.academia.edu\/MargaritaLeon\" target=\"_blank\" rel=\"noopener\">https:\/\/uab.academia.edu\/MargaritaLeon)<\/a> is Associate Professor in the politics department and a senior Research fellow at the Institute of Government and Public Policies (IGOP) of the Universitat Aut\u00f2noma Barcelona. From 2003 until 2010 she was a lecturer in European social policy (SSPSSR, University of Kent). She has been a Marie Curie Post-doctoral\u00a0fellow at the RSCAS, European University Institute in Florence, Italy. She holds a PhD from the London School of Economics (2000) and a MA in Sociological Research from the University of Essex (1995). She has co-edited with A.M. Guill\u00e9n <em>The Spanish Welfare State in European Context<\/em> (2011 Ashgate) and edited <em>The Transformation of Care in European Societies <\/em>(2014, Palgrave).\u00a0 She has published in international peer reviewed journals such as <em>Journal of European Social Policy<\/em>, <em>Comparative European Politics, South European Society and Politics, and<\/em><strong>\u00a0<\/strong><em>European Journal of Women Studies<\/em>. She received the ICREA ACADEMIA award for research excellence (2018).<\/p>\n<p><strong>Daniel Gabald\u00f3n<\/strong> is Assistant Professor at the Department of Sociology and Social Anthropology, Universitat de Valencia. Previously (2004-2011) has been Doctoral Researcher at the Institute for Innovation and Knowledge Management (INGENIO), joint Institute of the Spanish Council for Scientific Research and the Polytechnic University of Valencia. Prior to that he was researcher (2002-2003), at the Department of Applied Economics, Faculty of Economics, University of Valencia. He is member of the International Sociological Association and of the Spanish Association of Sociology of Education (ASE). His research interests are early childhood education and care, and in the area of innovation and sustainability the characterization of innovation system with a special focus on energy.<\/p>\n<p><strong>Zyab Ib\u00e1\u00f1ez<\/strong> is a senior researcher at the UAB. He holds a PhD in Political and Social Sciences from the European University Institute, Florence 2007, and an MSc in Environmental Assessment from the London School of Economics. His research combines cross-national institutional analyses and organizational case-studies to explore how different institutional regimes shape the design and implementation of public policies in the areas of employment and migration. He is currently involved (as PI of partner institution) of two European projects: PROMISE (promoting youth involvement and social engagement: opportunities and challenges for \u2018conflicted\u2019 young people across Europe). EC H2020 2016-2019 (project n. 693221) and MATES Multi-Agency Training Exit Strategies for Radicalised youth (Directorate General Migration and Home Affairs\/International Security Fund Police).<\/p>\n<p><strong>Lara Maestripieri<\/strong> holds a Ph.D. in Sociology and Social Research, granted by the University of Trento (2011). She is a distinguished researcher \u201cRamon y Cajal\u201d in the Department of Political Science at the Universitat Aut\u00f2noma de Barcelona. She is also a member of the Research group Analysis, Management and Evaluation of Public Policies (AGAPP), through her affiliation to the IGOP (Institute of Government and Public Policies). She is the current Secretary\/Treasurer of ISA RC52 \u201cSociology of Professional Groups\u201d board. Her main interests of research concern social change in post-industrial society and in particular: marginalised groups in labour markets (women and young people), social innovation and emerging professions.<\/p>\n<p><strong>Luc\u00eda Mart\u00ednez Virto<\/strong> holds a PhD by the Universidad de Navarra (2013) and a Social Work degree. She holds also a specialization in Social Welfare. She is adjunt Professor at the Universidad de Navarra at the Social Work and Services Department. Her research lines are: social inclusion and social services, social intervention on families and vulnerable groups. She has been involved in the following research projects<em> Sistema de Garant\u00eda de Ingresos M\u00ednimos en Espa\u00f1a desde la perspectiva de la efectividad<\/em>&#8221; (2015-2016), &#8220;<em>Pol\u00edticas de inclusi\u00f3n en las CCAA. Ubicaci\u00f3n en el contexto europeo y respuesta a las nuevas situaciones<\/em>&#8221; (2015-2017), &#8220;<em>Cuidados en el \u00e1mbito comunitario. Experiencias en Espa\u00f1a y Latinoam\u00e9rica<\/em>&#8221; (2016-2019) y &#8220;<em>Geograf\u00edas del trabajo de cuidados<\/em>&#8221; (2012-2015), projects financed \u00a0by the \u201cPlan Nacional de Investigaci\u00f3n Cient\u00edfica\u201d, among others.<\/p>\n<p><strong>Joan Mir\u00f3<\/strong> is PhD candidate at the Institute of Governance and Public Policies of the Autonomous University of Barcelona. His research interests include discourse analysis, the political economy of the European integration process and populism. His most recent publication is \u2018Beyond populism and institutionalism: anti-populism and the management of austerity in Spain\u2019 in <em>Constellations: An International Journal of Critical and Democratic Theory<\/em> (forthcoming).<\/p>\n<p><strong>Lara Navarro Varas <\/strong>holds a PhD in sociology (Universitat Aut\u00f2noma de Barcelona, 2019), and a MSc in Labour and Social Policy (Universitat Aut\u00f2noma de Barcelona, 2012). She is a specialist in Applied Social Research and Data Analysis (Centro de Investigaciones Sociol\u00f3gicas, 2007) and BA in Sociology (Universitat Aut\u00f2noma de Barcelona, 2003). Since 2008, she has been part of the Institut d\u2019Estudis Regionals i Metropolitans de Barcelona (IERMB) conducting academic and applied research projects on poverty, inequality, and social stratification, as well as on local welfare policies. Her PhD thesis named \u2018Early childhood care. Social and territorial inequalities in the Barcelona metropolis\u2019, focus on the analysis of childcare in Spain over the last decade and its rescaling to the local level. The main aim of this dissertation was to contrast the different use of diverse childcare resources for children under 3 years old as well as to examine the public role in the reproduction and the increase of this differential use.<\/p>\n<p><strong>Adriana Offredi Rodriguez<\/strong> collaborates as junior support researcher at the Institut de Govern i Pol\u00edtiques P\u00fabliques (IGOP) of the Universitat Aut\u00f2noma de Barcelona (UAB). She holds a Master\u2019s in Social Policies and Community Action and her research interests include migration policies, social inclusion strategies and their relationship with local territories and their changes. She has previously worked as an International Aid worker in Poland and Thailand and as a local coordinator on EU and AICS (Italian Agency for Development Cooperation) funded projects for the European Network Migrantour.<\/p>\n<p><strong>David Palom<\/strong><strong>era <\/strong>is PhD candidate in Politics, Policies, and International Relations at Institut de Govern i Pol\u00edtiques P\u00fabliques of the Universitat Aut\u00f2noma de Barcelona (UAB). His research analyzes recent developments in the organization and outcomes of public care provision in the Welfare State in Spain from the perspective of institutions and the political economy. MSc in Economic Development and Growth by Warwick University and Lund University, grant holder under the Erasmus Mundus programme. Economist by Universitat Pompeu Fabra. He also has developed various consultancies and reports for public and private institutions on care organization and community participation.<\/p>\n<p><strong>Alejandra Pe\u00f1a L\u00f3pez <\/strong>is PhD candidate at the Institute of Governance and Public Policies of the Autonomous University of Barcelona, holds a MSc in Social Policies and Community Action (UAB), a MSc in Social Sciences in FLACSO Ecuador and a degree in Economics (PUCE Ecuador). She is member of the \u201cAnalysis, Management and Assessment of Public Policies\u201d at the Autonomous University of Barcelona. She has experience in applied research in social and care policies area. Her research interests include institutional change, social policies, public healthcare, early childhood education, inequalities and welfare regimes studies in Latin America and South Europe.<\/p>\n<p><strong>Olga Salido<\/strong> is Associate professor in Social Stratification and\u00a0 Gender Inequality at the Department of Sociology III, University Complutense of Madrid (Spain). She is author of the book Women\u2019s occupational mobility in Spain, (Siglo XXI-CIS, 2001), and of several articles and book chapters on different issues related to family policy and gender stratification, as well as on the reform of the Welfare State in Spain and its impact on poverty and inequality. She has been a visiting scholar at the Universities of UC Berkeley, Essex, Harvard and Stanford, and she has participated in different research projects devoted to the study of women&#8217;s employment and changing patterns of inequality. <a href=\"https:\/\/ucm.academia.edu\/OlgaSalido\">https:\/\/ucm.academia.edu\/OlgaSalido<\/a><\/p>\n<p><strong>Sebasti\u00e0 Sarasa<\/strong> is Associate professor at the Dept. Political and Social Sciences, Universitat Pompeu Fabra. He has been President of the Catalan Association of Sociology and member of the Executive Committee of the Spanish Federation of Sociology.\u00a0 Doctorate of Economic Sciences (specialising in Sociology and Political Science) at the University of Barcelona. His research lines are Inequalities and comparative social policy, Poverty and Social Exclusion, Intergenerational solidarity and elderly care.<\/p>\n<h4><strong>International <\/strong><strong>members<\/strong><strong>:<\/strong><\/h4>\n<p><strong>Mary Daly <\/strong>\u00a0is Professor of Sociology and Social Policy and within the department is the course director for the Master\u2019s programmes in Comparative Social Policy at the Oxford Institute of Social Policy, University of Oxford. Her research interests and expertise are international in scope, focused on the analysis of social policy with a particular interest in family, gender, care\/social care and poverty. Most of her work is comparative, in a European and international context, and interdisciplinary. In July 2017 Professor Daly was elected as fellow to the British Academy. She is also a member of the Social Policy, Social Work and Criminology sub-panel for REF2021. She is an editor of the journal Social Politics and an advisory board member of a number of other journals including Social Policy &amp; Administration and European Societies. She is the founder of the Care Initiative at Green Templeton College. Mary Daly\u2019s latest book, published in February 2015 by Policy Press and co-authored with Grace Kelly, is entitled: Families and Poverty: Everyday Life on a Low Income. Her previous books include: Welfare (Polity Press, 2011); Gender and the Welfare State (Polity Press 2003); The Gender Division of Welfare (Cambridge University Press 2000). She has many published articles in top journals such as Journal of European Social Policy, Journal of Social Policy, Sociology, Theory and Society, British Journal of Sociology, Social Policy and Society, European Societies, Policy and Politics, Journal of Common Market Studies, Social Politics. Social Policy &amp; Administration. She has also published in numerous edited volumes, and completed policy reports for a wide range of governmental and non-governmental organisations.<\/p>\n<p><strong>Christian Morabito<\/strong> is an international consultant on inequality and social policies with more than 10 years of experience in the field of inequalities, social policies, early childhood education, development cooperation, policy-oriented research, advisory support and policy making. Educated in social welfare policies and development, he holds a Ph.D in equality of opportunity and human development at the Department of Social Work and Social Welfare, Ghent University. During the course of his professional path, he worked with the United Nations (UNDP and UNESCO) and the World Bank in managing poverty reduction and educational programmes in Sub-Saharan Africa. One of his recent commitments was as lead researcher for the international NGO Save the Children on developing indicators to measure multidimensional child poverty and educational poverty and inequality in Italy and Europe.<\/p>\n<p><strong>Emmanuele Pavolini<\/strong> is Full Professor of Economic Sociology at the University of Macerata. He is co-editor of <em>Journal of European Social Policy<\/em>. He has focused his research interests on: comparative welfare state studies, with a special focus on the Italian welfare state in comparative perspective; Southern European welfare states; specific social policies (family policies, elderly care \/ LTC, child care, social care and health care and, more recently, education); inequalities in the access to welfare state provision; occupational welfare; welfare mix and third sector organizations. He co-edited in 2016 with U. Ascoli a volume on <em>The Italian Welfare State in European Perspective: A Comparative Analysis <\/em>(Bristol, Policy Press). He has published several articles in <em>Journal of European Social Policy, Social Policy and Administration, Journal of European Public Policy, Sociology of Health &amp; Illness, International and Comparative Social Policy, Health Policy,<\/em> <em>Work, employment and society, Comparative European Politics, European Journal of Social Security<\/em>.<\/p>\n<p><strong>Costanzo Ranci <\/strong>is a full professor of Economic Sociology at the Polytechnic of Milan, Faculty of Architecture and Society. Prof. Dr. Ranci is one of Italy\u2019s internationally known experts on welfare policy. He is the scientific director of the Master program \u201cSocial planning. Design, management and evaluation of Social Policies\u201d, promoted by Polytechnic of Milan, in cooperation with the Institute for Social Research. Since 2005 he is a member of the ASP Board, Alta Scuola Politecnica (Master of Science in Engineering and Architecture) founded by Polytechnic of Milano and Polytechnic of Torino. He has published numerous articles and books on social policy and the welfare state, the third sector and voluntary organizations, social exclusion and social risks, as well as social movements. These include Dilemmas of the Welfare Mix: The New Structure of Welfare in an Era of Privatization (2002); Italy: Observatory for the Development of Social Services (2003); E. Pavolini, C. Ranci (2008), Restructuring the welfare state: reforms in log-term care in Western European countries, Journal of European Social Policy, vol. 3; p. 246-259.<\/p>\n","protected":false},"excerpt":{"rendered":"<p>Margarita Le\u00f3n (IP) (URL at Academia.edu: https:\/\/uab.academia.edu\/MargaritaLeon) is Associate Professor in the politics department and a senior Research fellow at the Institute of Government and Public Policies (IGOP) of the Universitat Aut\u00f2noma Barcelona. From 2003 until 2010 she was a lecturer in European social policy (SSPSSR, University of Kent). She has been a Marie Curie [&hellip;]<\/p>\n","protected":false},"author":34,"featured_media":0,"parent":0,"menu_order":0,"comment_status":"closed","ping_status":"closed","template":"","meta":{"footnotes":""},"class_list":["post-9","page","type-page","status-publish","hentry"],"_links":{"self":[{"href":"https:\/\/webs.uab.cat\/investinginchildren\/wp-json\/wp\/v2\/pages\/9","targetHints":{"allow":["GET"]}}],"collection":[{"href":"https:\/\/webs.uab.cat\/investinginchildren\/wp-json\/wp\/v2\/pages"}],"about":[{"href":"https:\/\/webs.uab.cat\/investinginchildren\/wp-json\/wp\/v2\/types\/page"}],"author":[{"embeddable":true,"href":"https:\/\/webs.uab.cat\/investinginchildren\/wp-json\/wp\/v2\/users\/34"}],"replies":[{"embeddable":true,"href":"https:\/\/webs.uab.cat\/investinginchildren\/wp-json\/wp\/v2\/comments?post=9"}],"version-history":[{"count":2,"href":"https:\/\/webs.uab.cat\/investinginchildren\/wp-json\/wp\/v2\/pages\/9\/revisions"}],"predecessor-version":[{"id":121,"href":"https:\/\/webs.uab.cat\/investinginchildren\/wp-json\/wp\/v2\/pages\/9\/revisions\/121"}],"wp:attachment":[{"href":"https:\/\/webs.uab.cat\/investinginchildren\/wp-json\/wp\/v2\/media?parent=9"}],"curies":[{"name":"wp","href":"https:\/\/api.w.org\/{rel}","templated":true}]}}