{"id":52,"date":"2010-06-22T15:30:20","date_gmt":"2010-06-22T13:30:20","guid":{"rendered":"https:\/\/webs.uab.cat\/irms\/sobre-el-laboratori\/"},"modified":"2010-06-22T15:30:20","modified_gmt":"2010-06-22T13:30:20","slug":"sobre-el-laboratori","status":"publish","type":"page","link":"https:\/\/webs.uab.cat\/irms\/sobre-el-laboratori\/","title":{"rendered":"Sobre el laboratori"},"content":{"rendered":"<p><strong>El laboratori fou aprovat en l&#8217;<a href=\"http:\/\/www.uab.cat\/doc\/BOUAB_83_Marc_2011\" target=\"_blank\" rel=\"noopener\">Acord 10\/2011 de 30 de mar\u00e7<\/a> (pag. 320)&nbsp;com a Laboratori de Prestacions de Serveis de la UAB.<\/strong><\/p>\n<p><strong>L&#8217;objectiu <\/strong>del laboratori \u00e9s donar principalment un servei als investigadors de la UAB i el seu campus, per a fer mesures de relacions isot\u00f2piques de carboni, nitrogen, hidrogen, oxigen i sofre en matrius i compostos org\u00e0nics, carbonats i aig\u00fces. El servei per\u00f2 tamb\u00e9 \u00e9s obert a qualsevol persona externa a la UAB.<\/p>\n<p>La <strong>gesti\u00f3 <\/strong>del servei \u00e9s duta a terme pel <strong>Dr Pau Comes<\/strong>, doctor en qu\u00edmica per l&#8217;IQS i la Universitat Ramon Llull, i amb experi\u00e8ncia a la ind\u00fastria i en centres de recerca p\u00fablics catalans i estrangers. Ell &nbsp;assessora cient\u00edficament, at\u00e9n les sol\u00b7licituds i forma els usuaris quan correspon; i mant\u00e9 el servei en funcionament. El Dr <a href=\"http:\/\/www.icrea.cat\/Web\/ScientificStaff\/Antoni-Rosell-i-Mele-132\">Antoni Rosell<\/a>, investigador ICREA, s&#8217;encarrega de la direcci\u00f3 cient\u00edfica i administrativa del servei.<\/p>\n<p>La validaci\u00f3 dels resultats es realitza anualment mitjan\u00e7ant la participaci\u00f3 en els exercicis d&#8217;intercalibraci\u00f3 d&#8217;an\u00e0lisi&nbsp;elemental org\u00e0nica coordinats per la&nbsp;Secci\u00f3&nbsp;de Qu\u00edmica Anal\u00edtica de la Universitat de Barcelona, el&nbsp;Laboratorio de Microan\u00e1lisis Elemental de los Centros de Apoyo a la Investigaci\u00f3n (CAI) de la Universidad Complutense de Madrid, i el&nbsp;Centro de Investigaciones Energ\u00e9ticas, Medioambientales y Tecnol\u00f3gicas (CIEMAT) de Madrid.<\/p>\n","protected":false},"excerpt":{"rendered":"<p>El laboratori fou aprovat en l&#8217;Acord 10\/2011 de 30 de mar\u00e7 (pag. 320)&nbsp;com a Laboratori de Prestacions de Serveis de la UAB. L&#8217;objectiu del laboratori \u00e9s donar principalment un servei als investigadors de la UAB i el seu campus, per a fer mesures de relacions isot\u00f2piques de carboni, nitrogen, hidrogen, oxigen i sofre en matrius [&hellip;]<\/p>\n","protected":false},"author":20,"featured_media":0,"parent":0,"menu_order":0,"comment_status":"closed","ping_status":"closed","template":"","meta":{"footnotes":""},"class_list":["post-52","page","type-page","status-publish","hentry"],"_links":{"self":[{"href":"https:\/\/webs.uab.cat\/irms\/wp-json\/wp\/v2\/pages\/52","targetHints":{"allow":["GET"]}}],"collection":[{"href":"https:\/\/webs.uab.cat\/irms\/wp-json\/wp\/v2\/pages"}],"about":[{"href":"https:\/\/webs.uab.cat\/irms\/wp-json\/wp\/v2\/types\/page"}],"author":[{"embeddable":true,"href":"https:\/\/webs.uab.cat\/irms\/wp-json\/wp\/v2\/users\/20"}],"replies":[{"embeddable":true,"href":"https:\/\/webs.uab.cat\/irms\/wp-json\/wp\/v2\/comments?post=52"}],"version-history":[{"count":0,"href":"https:\/\/webs.uab.cat\/irms\/wp-json\/wp\/v2\/pages\/52\/revisions"}],"wp:attachment":[{"href":"https:\/\/webs.uab.cat\/irms\/wp-json\/wp\/v2\/media?parent=52"}],"curies":[{"name":"wp","href":"https:\/\/api.w.org\/{rel}","templated":true}]}}