{"id":53,"date":"2010-06-22T15:31:18","date_gmt":"2010-06-22T13:31:18","guid":{"rendered":"https:\/\/webs.uab.cat\/irms\/equipaments\/"},"modified":"2023-03-27T09:58:40","modified_gmt":"2023-03-27T07:58:40","slug":"equipaments","status":"publish","type":"page","link":"https:\/\/webs.uab.cat\/irms\/equipaments\/","title":{"rendered":"Equipaments"},"content":{"rendered":"\n<p class=\"has-accent-background-color has-background\">El laboratori t\u00e9 dos espectr\u00f2metres de masses de relacions isot\u00f2piques (Thermo), que s&#8217;acoblen a diferents instruments en funci\u00f3 de les anal\u00edtiques a realitzar.<\/p>\n\n\n\n<h2 class=\"wp-block-heading\"><strong>Espectr\u00f2metre de Masses de Relacions Isot\u00f2piques DELTA V Advantage:<\/strong><\/h2>\n\n\n\n<ol class=\"wp-block-list\"><li>Acoblat a un analitzador elemental (<strong>Flash1112, Thermo<\/strong>) per a l&#8217;an\u00e0lisi de mostres completes (&#8220;Bulk analysis&#8221;) mitjan\u00e7ant una interf\u00edcie <strong>Conflo III<\/strong> per a la determinaci\u00f3 de d13C i d15N (combusti\u00f3) o dD i d18O (conversi\u00f3 a alta temperatura) .<\/li><li>Acoblat a un cromat\u00f2graf de gasos (<strong>Trace GC Ultra, Thermo<\/strong>) per a l&#8217;an\u00e0lisi de compostos org\u00e0nics espec\u00edfics (CSIA), mitjan\u00e7ant una interf\u00edcie Combustion GC-C III per a la determinaci\u00f3 de d13C (combusti\u00f3) o dD (conversi\u00f3 a alta temperatura).<\/li><\/ol>\n\n\n\n<h2 class=\"wp-block-heading\"><strong>Espectr\u00f2metre de Masses de Relacions Isot\u00f2piques&nbsp;MAT 253:<\/strong><\/h2>\n\n\n\n<ol class=\"wp-block-list\"><li>Acoblat a un dispositiu de tractament \u00e0cid <strong>Kiel Device IV<\/strong> (Thermo) per a la determinaci\u00f3 de d13C en carbonats.<\/li><li>Acoblat a un dispositiu d&#8217;introducci\u00f3 de mostres gasoses <strong>GasBench II<\/strong> (Thermo) per a la determinaci\u00f3 de d13C, dD i d18O en gasos provinents de mostres gasoses o l\u00edquides (aig\u00fces, etc).<\/li><\/ol>\n","protected":false},"excerpt":{"rendered":"<p>El laboratori t\u00e9 dos espectr\u00f2metres de masses de relacions isot\u00f2piques (Thermo), que s&#8217;acoblen a diferents instruments en funci\u00f3 de les anal\u00edtiques a realitzar. Espectr\u00f2metre de Masses de Relacions Isot\u00f2piques DELTA V Advantage: Acoblat a un analitzador elemental (Flash1112, Thermo) per a l&#8217;an\u00e0lisi de mostres completes (&#8220;Bulk analysis&#8221;) mitjan\u00e7ant una interf\u00edcie Conflo III per a la [&hellip;]<\/p>\n","protected":false},"author":20,"featured_media":0,"parent":0,"menu_order":0,"comment_status":"closed","ping_status":"closed","template":"","meta":{"footnotes":""},"class_list":["post-53","page","type-page","status-publish","hentry"],"_links":{"self":[{"href":"https:\/\/webs.uab.cat\/irms\/wp-json\/wp\/v2\/pages\/53","targetHints":{"allow":["GET"]}}],"collection":[{"href":"https:\/\/webs.uab.cat\/irms\/wp-json\/wp\/v2\/pages"}],"about":[{"href":"https:\/\/webs.uab.cat\/irms\/wp-json\/wp\/v2\/types\/page"}],"author":[{"embeddable":true,"href":"https:\/\/webs.uab.cat\/irms\/wp-json\/wp\/v2\/users\/20"}],"replies":[{"embeddable":true,"href":"https:\/\/webs.uab.cat\/irms\/wp-json\/wp\/v2\/comments?post=53"}],"version-history":[{"count":2,"href":"https:\/\/webs.uab.cat\/irms\/wp-json\/wp\/v2\/pages\/53\/revisions"}],"predecessor-version":[{"id":226,"href":"https:\/\/webs.uab.cat\/irms\/wp-json\/wp\/v2\/pages\/53\/revisions\/226"}],"wp:attachment":[{"href":"https:\/\/webs.uab.cat\/irms\/wp-json\/wp\/v2\/media?parent=53"}],"curies":[{"name":"wp","href":"https:\/\/api.w.org\/{rel}","templated":true}]}}