{"id":79,"date":"2010-06-22T17:02:10","date_gmt":"2010-06-22T15:02:10","guid":{"rendered":"https:\/\/webs.uab.cat\/irms\/inici\/"},"modified":"2023-03-28T13:05:33","modified_gmt":"2023-03-28T11:05:33","slug":"inici","status":"publish","type":"page","link":"https:\/\/webs.uab.cat\/irms\/","title":{"rendered":"Inici"},"content":{"rendered":"<p>El laboratori d&#8217;an\u00e0lisi d&#8217;is\u00f2tops estables (IRMS) est\u00e0 situat al campus de la Universitat Aut\u00f2noma de Barcelona, en les instal\u00b7lacions gestionades per l&#8217;Institut de Ci\u00e8ncia i Tecnologia Ambientals.<\/p>\n<p>Fem an\u00e0lisis de \u03b413C, d15N, dD, d18O i d34S en materials i compostos org\u00e0nics, aig\u00fces i carbonats.<\/p>\n<p>D\u00f3na un cop d&#8217;ull a la web, i no dubtis a contactar-nos si et cal m\u00e9s informaci\u00f3.<\/p>\n","protected":false},"excerpt":{"rendered":"<p>El laboratori d&#8217;an\u00e0lisi d&#8217;is\u00f2tops estables (IRMS) est\u00e0 situat al campus de la Universitat Aut\u00f2noma de Barcelona, en les instal\u00b7lacions gestionades per l&#8217;Institut de Ci\u00e8ncia i Tecnologia Ambientals. Fem an\u00e0lisis de \u03b413C, d15N, dD, d18O i d34S en materials i compostos org\u00e0nics, aig\u00fces i carbonats. D\u00f3na un cop d&#8217;ull a la web, i no dubtis a [&hellip;]<\/p>\n","protected":false},"author":20,"featured_media":0,"parent":0,"menu_order":0,"comment_status":"closed","ping_status":"closed","template":"","meta":{"footnotes":""},"class_list":["post-79","page","type-page","status-publish","hentry"],"_links":{"self":[{"href":"https:\/\/webs.uab.cat\/irms\/wp-json\/wp\/v2\/pages\/79","targetHints":{"allow":["GET"]}}],"collection":[{"href":"https:\/\/webs.uab.cat\/irms\/wp-json\/wp\/v2\/pages"}],"about":[{"href":"https:\/\/webs.uab.cat\/irms\/wp-json\/wp\/v2\/types\/page"}],"author":[{"embeddable":true,"href":"https:\/\/webs.uab.cat\/irms\/wp-json\/wp\/v2\/users\/20"}],"replies":[{"embeddable":true,"href":"https:\/\/webs.uab.cat\/irms\/wp-json\/wp\/v2\/comments?post=79"}],"version-history":[{"count":1,"href":"https:\/\/webs.uab.cat\/irms\/wp-json\/wp\/v2\/pages\/79\/revisions"}],"predecessor-version":[{"id":245,"href":"https:\/\/webs.uab.cat\/irms\/wp-json\/wp\/v2\/pages\/79\/revisions\/245"}],"wp:attachment":[{"href":"https:\/\/webs.uab.cat\/irms\/wp-json\/wp\/v2\/media?parent=79"}],"curies":[{"name":"wp","href":"https:\/\/api.w.org\/{rel}","templated":true}]}}