{"id":90,"date":"2010-07-06T11:44:40","date_gmt":"2010-07-06T09:44:40","guid":{"rendered":"https:\/\/webs.uab.cat\/irms\/apartat-21-2\/"},"modified":"2010-07-06T11:44:40","modified_gmt":"2010-07-06T09:44:40","slug":"apartat-21-2","status":"publish","type":"page","link":"https:\/\/webs.uab.cat\/irms\/apartat-21-2\/","title":{"rendered":"An\u00e0lisi elemental (bulk)"},"content":{"rendered":"<p><strong>Sistema per fer an\u00e0lisis elementals de d13C, d15N,d\/H, d18O i d34S:<\/strong><\/p>\n<p>&#8211; Analitzador Elemental Flash HT, amb un reactor simple per la determinaci\u00f3 simult\u00e0nia en l\u00ednia de d13C i d15N, i un segon reactor d&#8217;alta temperatura (1450 \u00baC) per la determinaci\u00f3 simult\u00e0nia en l\u00ednia de dH i d18O. Kit de conversi\u00f3 per S.&nbsp;<\/p>\n<p>Nota: tamb\u00e9 es poden calcular els %C i %N amb una precisi\u00f3 inferior a l&#8217;1% per a quantitats de mostra superiors a 150 micrograms de carboni.&nbsp;<\/p>\n<p>&#8211; Interf\u00edcie Finnigan ConFlo-III \u2013 Interf\u00edcie&nbsp;universal per connectar un Analitzador Elemental a un Espectr\u00f2metre de Masses d&#8217;Is\u00f2tops estables. La interf\u00edcie empra un sistema de diluci\u00f3 de gasos, que compensa les abund\u00e0ncies diferents de Carboni, Nitrogen, Oxigen i Hidrogen en una mostra org\u00e0nica. Facilita la mesura simult\u00e0nia de les relacions isot\u00f2piques de Carboni i Nitrogen, o d&#8217;Oxigen i Hidrogen en la mateixa mostra, sense reduir la precisi\u00f3. Un sistema doble d&#8217;injecci\u00f3 de gas de refer\u00e8ncia \u00e9s part de la interf\u00edcie. El ConFlo-III est\u00e0 equipat per aplicacions amb sofre.<\/p>\n","protected":false},"excerpt":{"rendered":"<p>Sistema per fer an\u00e0lisis elementals de d13C, d15N,d\/H, d18O i d34S: &#8211; Analitzador Elemental Flash HT, amb un reactor simple per la determinaci\u00f3 simult\u00e0nia en l\u00ednia de d13C i d15N, i un segon reactor d&#8217;alta temperatura (1450 \u00baC) per la determinaci\u00f3 simult\u00e0nia en l\u00ednia de dH i d18O. Kit de conversi\u00f3 per S.&nbsp; Nota: tamb\u00e9 [&hellip;]<\/p>\n","protected":false},"author":20,"featured_media":0,"parent":0,"menu_order":0,"comment_status":"closed","ping_status":"closed","template":"","meta":{"footnotes":""},"class_list":["post-90","page","type-page","status-publish","hentry"],"_links":{"self":[{"href":"https:\/\/webs.uab.cat\/irms\/wp-json\/wp\/v2\/pages\/90","targetHints":{"allow":["GET"]}}],"collection":[{"href":"https:\/\/webs.uab.cat\/irms\/wp-json\/wp\/v2\/pages"}],"about":[{"href":"https:\/\/webs.uab.cat\/irms\/wp-json\/wp\/v2\/types\/page"}],"author":[{"embeddable":true,"href":"https:\/\/webs.uab.cat\/irms\/wp-json\/wp\/v2\/users\/20"}],"replies":[{"embeddable":true,"href":"https:\/\/webs.uab.cat\/irms\/wp-json\/wp\/v2\/comments?post=90"}],"version-history":[{"count":0,"href":"https:\/\/webs.uab.cat\/irms\/wp-json\/wp\/v2\/pages\/90\/revisions"}],"wp:attachment":[{"href":"https:\/\/webs.uab.cat\/irms\/wp-json\/wp\/v2\/media?parent=90"}],"curies":[{"name":"wp","href":"https:\/\/api.w.org\/{rel}","templated":true}]}}