{"id":1241,"date":"2026-01-13T09:24:47","date_gmt":"2026-01-13T09:24:47","guid":{"rendered":"https:\/\/webs.uab.cat\/islamolatina\/?page_id=1241"},"modified":"2026-01-13T09:24:47","modified_gmt":"2026-01-13T09:24:47","slug":"1241-2","status":"publish","type":"page","link":"https:\/\/webs.uab.cat\/islamolatina\/1241-2\/","title":{"rendered":""},"content":{"rendered":"\n<div class=\"wp-block-media-text is-stacked-on-mobile\" style=\"grid-template-columns:36% auto\"><figure class=\"wp-block-media-text__media\"><img loading=\"lazy\" decoding=\"async\" width=\"1024\" height=\"1015\" src=\"https:\/\/webs.uab.cat\/islamolatina\/wp-content\/uploads\/sites\/382\/2024\/12\/PXL_20241202_110345550-1-1024x1015.jpg\" alt=\"\" class=\"wp-image-1173 size-full\" srcset=\"https:\/\/webs.uab.cat\/islamolatina\/wp-content\/uploads\/sites\/382\/2024\/12\/PXL_20241202_110345550-1-1024x1015.jpg 1024w, https:\/\/webs.uab.cat\/islamolatina\/wp-content\/uploads\/sites\/382\/2024\/12\/PXL_20241202_110345550-1-300x297.jpg 300w, https:\/\/webs.uab.cat\/islamolatina\/wp-content\/uploads\/sites\/382\/2024\/12\/PXL_20241202_110345550-1-150x150.jpg 150w, https:\/\/webs.uab.cat\/islamolatina\/wp-content\/uploads\/sites\/382\/2024\/12\/PXL_20241202_110345550-1-768x761.jpg 768w, https:\/\/webs.uab.cat\/islamolatina\/wp-content\/uploads\/sites\/382\/2024\/12\/PXL_20241202_110345550-1-1536x1523.jpg 1536w, https:\/\/webs.uab.cat\/islamolatina\/wp-content\/uploads\/sites\/382\/2024\/12\/PXL_20241202_110345550-1-2048x2030.jpg 2048w, https:\/\/webs.uab.cat\/islamolatina\/wp-content\/uploads\/sites\/382\/2024\/12\/PXL_20241202_110345550-1-1200x1190.jpg 1200w, https:\/\/webs.uab.cat\/islamolatina\/wp-content\/uploads\/sites\/382\/2024\/12\/PXL_20241202_110345550-1-1980x1963.jpg 1980w\" sizes=\"auto, (max-width: 1024px) 100vw, 1024px\" \/><\/figure><div class=\"wp-block-media-text__content\">\n<p>V\u00edctor Portella Pahissa<\/p>\n\n\n\n<p><strong>Doctorando<\/strong><\/p>\n\n\n\n<p>Universidad Aut\u00f3noma de Barcelona<br>Facultad de Filosof\u00eda y Letras &#8211; Ciencias de la Antig\u00fcedad y de la Edad Media<\/p>\n<\/div><\/div>\n\n\n\n<p>Actualmente realiza su proyecto de tesis doctoral, titulada <em>La antolog\u00eda de Theodor Bibliander (Basilea, 1543 y 1550): La percepci\u00f3n del Islam en el siglo XVI<\/em>, dirigida por C\u00e1ndida Ferrero y \u00d3scar de la Cruz.<\/p>\n\n\n\n<p><\/p>\n","protected":false},"excerpt":{"rendered":"<p>V\u00edctor Portella Pahissa Doctorando Universidad Aut\u00f3noma de BarcelonaFacultad de Filosof\u00eda y Letras &#8211; Ciencias de la Antig\u00fcedad y de la Edad Media Actualmente realiza su proyecto de tesis doctoral, titulada La antolog\u00eda de Theodor Bibliander (Basilea, 1543 y 1550): La percepci\u00f3n del Islam en el siglo XVI, dirigida por C\u00e1ndida Ferrero y \u00d3scar de la [&hellip;]<\/p>\n","protected":false},"author":2711,"featured_media":0,"parent":0,"menu_order":0,"comment_status":"closed","ping_status":"closed","template":"","meta":{"footnotes":""},"class_list":["post-1241","page","type-page","status-publish","hentry"],"_links":{"self":[{"href":"https:\/\/webs.uab.cat\/islamolatina\/wp-json\/wp\/v2\/pages\/1241","targetHints":{"allow":["GET"]}}],"collection":[{"href":"https:\/\/webs.uab.cat\/islamolatina\/wp-json\/wp\/v2\/pages"}],"about":[{"href":"https:\/\/webs.uab.cat\/islamolatina\/wp-json\/wp\/v2\/types\/page"}],"author":[{"embeddable":true,"href":"https:\/\/webs.uab.cat\/islamolatina\/wp-json\/wp\/v2\/users\/2711"}],"replies":[{"embeddable":true,"href":"https:\/\/webs.uab.cat\/islamolatina\/wp-json\/wp\/v2\/comments?post=1241"}],"version-history":[{"count":1,"href":"https:\/\/webs.uab.cat\/islamolatina\/wp-json\/wp\/v2\/pages\/1241\/revisions"}],"predecessor-version":[{"id":1242,"href":"https:\/\/webs.uab.cat\/islamolatina\/wp-json\/wp\/v2\/pages\/1241\/revisions\/1242"}],"wp:attachment":[{"href":"https:\/\/webs.uab.cat\/islamolatina\/wp-json\/wp\/v2\/media?parent=1241"}],"curies":[{"name":"wp","href":"https:\/\/api.w.org\/{rel}","templated":true}]}}