{"id":139,"date":"2013-02-25T16:15:29","date_gmt":"2013-02-25T16:15:29","guid":{"rendered":"https:\/\/webs.uab.cat\/islamolatina\/oscar-de-la-cruz-palma\/"},"modified":"2023-09-13T13:33:02","modified_gmt":"2023-09-13T13:33:02","slug":"oscar-de-la-cruz-palma","status":"publish","type":"page","link":"https:\/\/webs.uab.cat\/islamolatina\/oscar-de-la-cruz-palma\/","title":{"rendered":"\u00d3scar de la Cruz Palma"},"content":{"rendered":"\n<div class=\"wp-block-media-text is-stacked-on-mobile\" style=\"grid-template-columns:35% auto\"><figure class=\"wp-block-media-text__media\"><img loading=\"lazy\" decoding=\"async\" width=\"213\" height=\"269\" src=\"https:\/\/webs.uab.cat\/islamolatina\/wp-content\/uploads\/sites\/382\/2023\/07\/delacruz_oscar3.jpg\" alt=\"\" class=\"wp-image-837 size-full\" \/><\/figure><div class=\"wp-block-media-text__content\">\n<p><a href=\"mailto:Oscar.delacruz@uab.cat\">\u00d3scar de la Cruz Palma<\/a><\/p>\n\n\n\n<p><strong>Investigador<\/strong><br>Profesor Agregado\/Contratado doctor<br>Universidad Aut\u00f3noma de Barcelona<br>Facultad de Filosof\u00eda y Letras &#8211; Ciencias de la Antig\u00fcedad y Edad Media<br>Tel. 935814826<\/p>\n<\/div><\/div>\n\n\n\n<p>Ha participat en diversos projectes de recerca, que guarden una coher\u00e8ncia b\u00e0sica: l&#8217;edici\u00f3 de textos llatins medievals i human\u00edstics:<\/p>\n\n\n\n<p>1995-1996: projecte dirigit pel Dr. Pedro B\u00e1denas de la Pe\u00f1a (CSIC) &#8220;Estudios de autor\u00eda, composici\u00f3n y transmisi\u00f3n de la Historia de Barlaam y Josafat&#8221; (PB92-0777).<\/p>\n\n\n\n<p>1997-1999: projecte dirigit pel Dr. Pedro B\u00e1denas de la Pe\u00f1a (CSIC) &#8220;Proceso de continuidad y cambio en la identidad de sociedades ortodoxas en \u00e9pocas tardo-bizantina y post-bizantina&#8221; (PB95-0138).<\/p>\n\n\n\n<p>2000-2003: projecte dirigit pel Dr. Jos\u00e9 Mart\u00ednez G\u00e1zquez (UAB) &#8220;Percepci\u00f3n del Islam en la Europa cristiana&#8221; (BFF2000-1097-C02-02).<\/p>\n\n\n\n<p>2004-2007: projecte dirigit pel Dr. Jos\u00e9 Mart\u00ednez G\u00e1zquez (UAB) &#8220;Percepci\u00f3n del Islam en la Europa cristiana. Traducciones latinas del Cor\u00e1n y controversias islamocristianas&#8221; (HUM2004-03957-C02-02\/FILO).<\/p>\n\n\n\n<p>2005-2008: projecte de recerca consolidat, dirigit pel Dr. Jos\u00e9 Mart\u00ednez G\u00e1zquez, &#8220;La percepci\u00f3 de l\u00b4Islam en la societat cristiana. Traduccions llatines de l\u00b4Alcora i literatura de controv\u00e8rsia islamo-cristiana&#8221;. Generalitat &#8211; AGAUR[Ref. 2005SGR-00538]<\/p>\n\n\n\n<p>2008-2011:&nbsp; projecte de recerca dirigit pel Dr. Jos\u00e9 Mart\u00ednez G\u00e1zquez, &#8220;La percepci\u00f3n del Islam en la Europa cristiana. Traducciones latinas del Cor\u00e1n y controversias islamo-cristianas&#8221;, FFI2008-06919-C02-02\/FILO del SPGPI-MICINN<\/p>\n\n\n\n<p>2009-2012: projecte de recerca consolidada SG 00824 de la AGAUR-Generalitat de Catalunya.<\/p>\n\n\n\n<p>2008-2010: acci\u00f3 integrada entre Espanya-Alemanya, convocat\u00f2ria 2008, ref. HD2008-0076, titolada: &#8220;Discovering Religion as a Historical Phenomenon. Changes in the Perception of Judaism, Christianity and Islam&#8221;, Alexander Fidora-Matthias Tischler (dirs.), amb el centre de recerca de Frankfurt am Main, Philosophisch-Theologische Hochschule Sankt Georgen. Hugo-von-Sankt-Viktor-Institut.<\/p>\n\n\n\n<p>Actualment \u00e9s membre del projecte de recerca &#8220;La construcci\u00f3n de la identidad europea occidental: Textos, Contextos y Discursos de controversia frente al Islam y el Judaismo&#8221; FFI2011-29696-C02-02, de la DGIGPN-MIECIC, IP: C\u00e1ndida Ferrero Hern\u00e1ndez, coordinat amb el projecte &#8220;Desaf\u00edos de la autorrepresentaci\u00f3n: Estrategias discursivas para la construcci\u00f3n de identidades en la multiconfesionalidad del SE. Europeo&#8221; FFI2011-29696-C02-01, IP: Pedro B\u00e1denas de la Pe\u00f1a del CSIC.<\/p>\n\n\n\n<p>Investigador Principal (IP) del Grup de Recerca Reconegut per l&#8217; AGAUR (Generalitat de Catalunya). &#8220;Islamolatina. Les traduccions llatines de l&#8217;Alcor\u00e0 i la literatura de pol\u00e8mica amb l&#8217;islam i el judaisme&#8221;, 2014 SGR 53.<\/p>\n\n\n\n<p>Membre investigador del ERC Consolidator Grant 2013-Project &#8220;The Latin Talmud and its Influence on Jewish-Christian Polemic&#8221; (<a href=\"http:\/\/pagines.uab.cat\/lattal\/\" target=\"_blank\" rel=\"noopener\">LATTAL<\/a>), IP: Alexander Fidora.<\/p>\n\n\n\n<p>Fotografia:&nbsp;Josep Maria Padr\u00f3s.<\/p>\n","protected":false},"excerpt":{"rendered":"<p>\u00d3scar de la Cruz Palma InvestigadorProfesor Agregado\/Contratado doctorUniversidad Aut\u00f3noma de BarcelonaFacultad de Filosof\u00eda y Letras &#8211; Ciencias de la Antig\u00fcedad y Edad MediaTel. 935814826 Ha participat en diversos projectes de recerca, que guarden una coher\u00e8ncia b\u00e0sica: l&#8217;edici\u00f3 de textos llatins medievals i human\u00edstics: 1995-1996: projecte dirigit pel Dr. Pedro B\u00e1denas de la Pe\u00f1a (CSIC) &#8220;Estudios [&hellip;]<\/p>\n","protected":false},"author":14,"featured_media":0,"parent":0,"menu_order":0,"comment_status":"closed","ping_status":"closed","template":"","meta":{"footnotes":""},"class_list":["post-139","page","type-page","status-publish","hentry"],"_links":{"self":[{"href":"https:\/\/webs.uab.cat\/islamolatina\/wp-json\/wp\/v2\/pages\/139","targetHints":{"allow":["GET"]}}],"collection":[{"href":"https:\/\/webs.uab.cat\/islamolatina\/wp-json\/wp\/v2\/pages"}],"about":[{"href":"https:\/\/webs.uab.cat\/islamolatina\/wp-json\/wp\/v2\/types\/page"}],"author":[{"embeddable":true,"href":"https:\/\/webs.uab.cat\/islamolatina\/wp-json\/wp\/v2\/users\/14"}],"replies":[{"embeddable":true,"href":"https:\/\/webs.uab.cat\/islamolatina\/wp-json\/wp\/v2\/comments?post=139"}],"version-history":[{"count":4,"href":"https:\/\/webs.uab.cat\/islamolatina\/wp-json\/wp\/v2\/pages\/139\/revisions"}],"predecessor-version":[{"id":877,"href":"https:\/\/webs.uab.cat\/islamolatina\/wp-json\/wp\/v2\/pages\/139\/revisions\/877"}],"wp:attachment":[{"href":"https:\/\/webs.uab.cat\/islamolatina\/wp-json\/wp\/v2\/media?parent=139"}],"curies":[{"name":"wp","href":"https:\/\/api.w.org\/{rel}","templated":true}]}}