{"id":141,"date":"2013-02-25T16:21:54","date_gmt":"2013-02-25T16:21:54","guid":{"rendered":"https:\/\/webs.uab.cat\/islamolatina\/candida-ferrero-hernandez\/"},"modified":"2024-09-11T14:44:55","modified_gmt":"2024-09-11T14:44:55","slug":"candida-ferrero-hernandez","status":"publish","type":"page","link":"https:\/\/webs.uab.cat\/islamolatina\/candida-ferrero-hernandez\/","title":{"rendered":"C\u00e1ndida Ferrero Hern\u00e1ndez"},"content":{"rendered":"\n<div class=\"wp-block-media-text is-stacked-on-mobile\" style=\"grid-template-columns:35% auto\"><figure class=\"wp-block-media-text__media\"><img loading=\"lazy\" decoding=\"async\" width=\"245\" height=\"293\" src=\"https:\/\/webs.uab.cat\/islamolatina\/wp-content\/uploads\/sites\/382\/2019\/04\/ferrero_hernandezjpg.jpg\" alt=\"\" class=\"wp-image-424 size-full\" \/><\/figure><div class=\"wp-block-media-text__content\">\n<p><a href=\"mailto:Candida.Ferrero@uab.cat\">C\u00e1ndida Ferrero Hern\u00e1ndez<\/a><\/p>\n\n\n\n<p><strong>IP<\/strong><br>Catedr\u00e1tica de Filolog\u00eda Latina<br>Universidad Aut\u00f3noma de Barcelona<br>Facultad de Filosof\u00eda y Letras &#8211; Ciencias de la Antig\u00fcedad y Edad Media &#8211; Filolog\u00eda Latina<br>Tel. 935811822<\/p>\n<\/div><\/div>\n\n\n\n<p>C\u00e1ndida Ferrero Hern\u00e1ndez es Catedr\u00e1tica de Filolog\u00eda Latina de la UAB. Actualmente dirige el Grupo Islamolatina.<\/p>\n\n\n\n<h2 class=\"wp-block-heading\"><strong>Proyectos (2015-2019)<\/strong><\/h2>\n\n\n\n<p>&#8211; PGC2018-093472-B-C31. Fuentes medievales y modernas para el estudio de las relaciones transculturales en el Mediterr\u00e1neo: redacci\u00f3n y transmisi\u00f3n II. Ministerio de Ciencia, Innovaci\u00f3n y Universidades. Proyectos I+D 2018 de Generaci\u00f3n de Conocimiento correspondientes al Programa Estatal de Generaci\u00f3n de Conocimiento y Fortalecimiento Cient\u00edfico y Tecnol\u00f2gico.<\/p>\n\n\n\n<p>&#8211; 2017SGR1787. Islamolatina. Textos, traduccions i controv\u00e8rsies a la Mediterr\u00e0nia medieval i moderna. Ag\u00e8ncia de Gesti\u00f3 d&#8217;Ajuts Universitaris i de Recerca. Grupo consolidado con reconocimiento econ\u00f3mico.<\/p>\n\n\n\n<p>Adem\u00e1s es Investigadora del proyecto europeo H2020-810141-EuQu. The European Qur&#8217;an. Islamic Scripture in European Culture and Religion 1150-1850 (EuQu). Comissi\u00f3 Europea. ERC Synergy Grant 2018. IPs: Mercedes Garc\u00eda-Arenal (CSIC); John Tolan (U. Nantes); Roberto Tottoli (U. Orientale, N\u00e1poles); Jan Loop (Kent University).<\/p>\n\n\n\n<p>Forma parte del la Red de Excelencia FFI2017-90831-REDT. Europa Renascens: Biblioteca Digital de Humanismo y Tradici\u00f3n Cl\u00e1sica. II. Espa\u00f1a y Portugal. M.E.C. IP Jos\u00e9 Mar\u00eda Maestre Maestre (U. de C\u00e1diz).<\/p>\n","protected":false},"excerpt":{"rendered":"<p>C\u00e1ndida Ferrero Hern\u00e1ndez IPCatedr\u00e1tica de Filolog\u00eda LatinaUniversidad Aut\u00f3noma de BarcelonaFacultad de Filosof\u00eda y Letras &#8211; Ciencias de la Antig\u00fcedad y Edad Media &#8211; Filolog\u00eda LatinaTel. 935811822 C\u00e1ndida Ferrero Hern\u00e1ndez es Catedr\u00e1tica de Filolog\u00eda Latina de la UAB. Actualmente dirige el Grupo Islamolatina. Proyectos (2015-2019) &#8211; PGC2018-093472-B-C31. Fuentes medievales y modernas para el estudio de las [&hellip;]<\/p>\n","protected":false},"author":14,"featured_media":0,"parent":0,"menu_order":0,"comment_status":"closed","ping_status":"closed","template":"","meta":{"footnotes":""},"class_list":["post-141","page","type-page","status-publish","hentry"],"_links":{"self":[{"href":"https:\/\/webs.uab.cat\/islamolatina\/wp-json\/wp\/v2\/pages\/141","targetHints":{"allow":["GET"]}}],"collection":[{"href":"https:\/\/webs.uab.cat\/islamolatina\/wp-json\/wp\/v2\/pages"}],"about":[{"href":"https:\/\/webs.uab.cat\/islamolatina\/wp-json\/wp\/v2\/types\/page"}],"author":[{"embeddable":true,"href":"https:\/\/webs.uab.cat\/islamolatina\/wp-json\/wp\/v2\/users\/14"}],"replies":[{"embeddable":true,"href":"https:\/\/webs.uab.cat\/islamolatina\/wp-json\/wp\/v2\/comments?post=141"}],"version-history":[{"count":5,"href":"https:\/\/webs.uab.cat\/islamolatina\/wp-json\/wp\/v2\/pages\/141\/revisions"}],"predecessor-version":[{"id":1119,"href":"https:\/\/webs.uab.cat\/islamolatina\/wp-json\/wp\/v2\/pages\/141\/revisions\/1119"}],"wp:attachment":[{"href":"https:\/\/webs.uab.cat\/islamolatina\/wp-json\/wp\/v2\/media?parent=141"}],"curies":[{"name":"wp","href":"https:\/\/api.w.org\/{rel}","templated":true}]}}